{"id":9939,"date":"2021-04-30T12:06:20","date_gmt":"2021-04-30T12:06:20","guid":{"rendered":"https:\/\/blogsaverroes.juntadeandalucia.es\/ieshimilce\/?page_id=9939"},"modified":"2025-07-10T17:24:41","modified_gmt":"2025-07-10T17:24:41","slug":"oferta-formativa-2","status":"publish","type":"page","link":"https:\/\/blogsaverroes.juntadeandalucia.es\/ieshimilce\/oferta-formativa-2\/","title":{"rendered":"Oferta Educativa"},"content":{"rendered":"<p><img loading=\"lazy\" decoding=\"async\" class=\"aligncenter size-full wp-image-10356\" src=\"https:\/\/blogsaverroes.juntadeandalucia.es\/ieshimilce\/files\/2021\/06\/Oferta-eduactiva.png\" alt=\"\" width=\"1262\" height=\"304\" srcset=\"https:\/\/blogsaverroes.juntadeandalucia.es\/ieshimilce\/files\/2021\/06\/Oferta-eduactiva.png 1262w, https:\/\/blogsaverroes.juntadeandalucia.es\/ieshimilce\/files\/2021\/06\/Oferta-eduactiva-300x72.png 300w, https:\/\/blogsaverroes.juntadeandalucia.es\/ieshimilce\/files\/2021\/06\/Oferta-eduactiva-1024x247.png 1024w, https:\/\/blogsaverroes.juntadeandalucia.es\/ieshimilce\/files\/2021\/06\/Oferta-eduactiva-768x185.png 768w\" sizes=\"(max-width: 1262px) 100vw, 1262px\" \/><\/p>\n<p><a href=\"https:\/\/blogsaverroes.juntadeandalucia.es\/ieshimilce\/files\/2025\/07\/oferta-educativa.png\"><img loading=\"lazy\" decoding=\"async\" class=\"aligncenter size-full wp-image-14927\" src=\"https:\/\/blogsaverroes.juntadeandalucia.es\/ieshimilce\/files\/2025\/07\/oferta-educativa.png\" alt=\"\" width=\"1113\" height=\"1134\" srcset=\"https:\/\/blogsaverroes.juntadeandalucia.es\/ieshimilce\/files\/2025\/07\/oferta-educativa.png 1113w, https:\/\/blogsaverroes.juntadeandalucia.es\/ieshimilce\/files\/2025\/07\/oferta-educativa-294x300.png 294w, https:\/\/blogsaverroes.juntadeandalucia.es\/ieshimilce\/files\/2025\/07\/oferta-educativa-1005x1024.png 1005w, https:\/\/blogsaverroes.juntadeandalucia.es\/ieshimilce\/files\/2025\/07\/oferta-educativa-768x782.png 768w, https:\/\/blogsaverroes.juntadeandalucia.es\/ieshimilce\/files\/2025\/07\/oferta-educativa-750x764.png 750w\" sizes=\"(max-width: 1113px) 100vw, 1113px\" \/><\/a><\/p>\n<h4><strong><span style=\"font-size: 12pt;color: #993300\">EDUCACI\u00d3N SECUNDARIA<\/span><\/strong><\/h4>\n<ul>\n<li>\n<h4><span style=\"color: #000000\"><strong>1\u00ba, 2\u00ba, 3\u00ba y 4\u00ba ESO<\/strong><\/span><\/h4>\n<\/li>\n<\/ul>\n<h4><strong><span style=\"font-size: 12pt;color: #993300\">CICLOS FORMATIVOS DE FORMACI\u00d3N B\u00c1SICA<\/span><\/strong><\/h4>\n<ul>\n<li style=\"text-align: left\">\n<h4><strong><span style=\"font-size: 12pt\"><a href=\"https:\/\/blogsaverroes.juntadeandalucia.es\/ieshimilce\/fpb-de-peluqueria-y-estetica\/\" target=\"_blank\" rel=\"noopener noreferrer\">Peluquer\u00eda y Est\u00e9tica<\/a><\/span><\/strong><\/h4>\n<\/li>\n<li style=\"text-align: left\">\n<h4><strong><span style=\"font-size: 12pt\"><a href=\"https:\/\/blogsaverroes.juntadeandalucia.es\/ieshimilce\/fpb-de-actividades-domesticas-y-limpieza-de-edificios\/\" target=\"_blank\" rel=\"noopener noreferrer\">Programa espec\u00edfico de Actividades Dom\u00e9sticas y Limpieza de Edificios<\/a><\/span><\/strong><\/h4>\n<\/li>\n<li>\n<h4><a href=\"https:\/\/blogsaverroes.juntadeandalucia.es\/ieshimilce\/cfgb-de-instalaciones-eelectrotecnicas-y-mecanica\/\" target=\"_blank\" rel=\"noopener\"><strong>Instalaciones Electrot\u00e9cnicas y Mec\u00e1nica<\/strong><\/a><\/h4>\n<\/li>\n<\/ul>\n<h4><strong><span style=\"font-size: 12pt;color: #993300\">CICLOS FORMATIVOS DE GRADO MEDIO<\/span><\/strong><\/h4>\n<ul style=\"list-style-type: disc\">\n<li style=\"text-align: left\">\n<h4><strong><span style=\"font-size: 12pt\"><a href=\"https:\/\/blogsaverroes.juntadeandalucia.es\/ieshimilce\/estetica-y-belleza\/\" target=\"_blank\" rel=\"noopener noreferrer\">Est\u00e9tica y Belleza<\/a><\/span><\/strong><\/h4>\n<\/li>\n<li style=\"text-align: left\">\n<h4><strong><span style=\"font-size: 12pt\"><a href=\"https:\/\/blogsaverroes.juntadeandalucia.es\/ieshimilce\/peluqueria-y-estetica-capilar\/\" target=\"_blank\" rel=\"noopener noreferrer\">Peluquer\u00eda y Cosm\u00e9tica Capilar<\/a><\/span><\/strong><\/h4>\n<\/li>\n<li style=\"text-align: left\">\n<h4><strong><span style=\"font-size: 12pt\"><a href=\"https:\/\/blogsaverroes.juntadeandalucia.es\/ieshimilce\/cfgm-instalaciones-de-telecomunicaciones\/\" target=\"_blank\" rel=\"noopener noreferrer\">Instalaciones de Telecomunicaciones<\/a><\/span><\/strong><\/h4>\n<\/li>\n<li style=\"text-align: left\">\n<h4><strong><span style=\"font-size: 12pt\"><a href=\"https:\/\/blogsaverroes.juntadeandalucia.es\/ieshimilce\/cfgm-instalaciones-electricas-y-automaticas\/\" target=\"_blank\" rel=\"noopener noreferrer\">Instalaciones El\u00e9ctricas y Autom\u00e1ticas<\/a><\/span><\/strong><\/h4>\n<\/li>\n<li style=\"text-align: left\">\n<h4><strong><a href=\"https:\/\/blogsaverroes.juntadeandalucia.es\/ieshimilce\/cfgm-de-electromecanica-de-maquinaria\/\" target=\"_blank\" rel=\"noopener noreferrer\"><span style=\"font-size: 12pt\">Electromec\u00e1nica de Maquinaria<\/span><\/a><\/strong><\/h4>\n<\/li>\n<\/ul>\n<h4><strong><span style=\"font-size: 12pt;color: #993300\">CICLOS FORMATIVOS DE GRADO SUPERIOR<\/span><\/strong><\/h4>\n<ul style=\"list-style-type: disc\">\n<li style=\"text-align: left\">\n<h4><strong><span style=\"font-size: 12pt\"><a href=\"https:\/\/blogsaverroes.juntadeandalucia.es\/ieshimilce\/estilismo-y-direccion-de-peluqueria\/\" target=\"_blank\" rel=\"noopener noreferrer\">Estilismo y Direcci\u00f3n de Peluquer\u00eda<\/a><\/span><\/strong><\/h4>\n<\/li>\n<li style=\"text-align: left\">\n<h4><strong><span style=\"font-size: 12pt\"><a href=\"https:\/\/blogsaverroes.juntadeandalucia.es\/ieshimilce\/estetica-integral-y-bienestar\/\" target=\"_blank\" rel=\"noopener noreferrer\">Est\u00e9tica Integral y Bienestar<\/a><\/span><\/strong><\/h4>\n<\/li>\n<li style=\"text-align: left\">\n<h4><strong><span style=\"font-size: 12pt\"><a href=\"https:\/\/blogsaverroes.juntadeandalucia.es\/ieshimilce\/automatizacion-y-robotica-industrial\/\" target=\"_blank\" rel=\"noopener noreferrer\">Automatizaci\u00f3n y Rob\u00f3tica Industrial (Modalidad Biling\u00fce)<\/a><\/span><\/strong><\/h4>\n<\/li>\n<li style=\"text-align: left\">\n<h4><strong><span style=\"font-size: 12pt\"><a href=\"https:\/\/blogsaverroes.juntadeandalucia.es\/ieshimilce\/sist-electrotecnicos-y-automatizados\/\" target=\"_blank\" rel=\"noopener noreferrer\">Sistemas Electrot\u00e9cnicos y Automatizados<\/a><\/span><\/strong><\/h4>\n<\/li>\n<li>\n<h4><strong><span style=\"font-size: 12pt\"><a href=\"https:\/\/blogsaverroes.juntadeandalucia.es\/ieshimilce\/cfgs-de-energias-renovables\/\">Energ\u00edas renovables<\/a><\/span><\/strong><\/h4>\n<\/li>\n<\/ul>\n<h4><strong><span style=\"color: #993300\">CURSO DE ESPECIALIZACI\u00d3N (MASTER) DE FORMACI\u00d3N PROFESIONAL DE GRADO SUPERIOR<\/span><\/strong><\/h4>\n<ul>\n<li>\n<h4><span style=\"color: #000000\"><strong>Auditor\u00eda Energ\u00e9tica<\/strong><\/span><\/h4>\n<\/li>\n<\/ul>\n<h4><strong><span style=\"color: #993300\">CURSOS PARA LA OBTENCI\u00d3N DE CERTIFICADOS DE PROFESIONALIDAD (Curso acad\u00e9mico 2025-2026)<\/span><\/strong><\/h4>\n<ul>\n<li>\n<h4><strong><span style=\"color: #000000\">CDP ELES0208 &#8211; Nivel 1 &#8211; <a href=\"https:\/\/sede.sepe.gob.es\/es\/portaltrabaja\/resources\/pdf\/especialidades\/ELES0208.pdf\" target=\"_blank\" rel=\"noopener\">OPERACIONES AUXILIARES DE MONTAJE DE INSTALACIONES ELECTROT\u00c9CNICAS Y DE TELECOMUNICACIONES EN EDIFICIOS (380 HORAS).<\/a><\/span><\/strong><\/h4>\n<\/li>\n<li>\n<h4><strong><span style=\"color: #000000\">CDP ELES0209 &#8211; Nivel 2. <a href=\"https:\/\/sede.sepe.gob.es\/especialidadesformativas\/RXBuscadorEFRED\/DetalleEspecialidad.do?codEspecialidad=ELES0209\" target=\"_blank\" rel=\"noopener\">MONTAJE Y MANTENIMIENTO DE SISTEMAS DE TELEFON\u00cdA E INFRAESTRUCTURAS DE RELES DE DATOS (420 HORAS).<\/a><\/span><\/strong><\/h4>\n<\/li>\n<li>\n<h4><strong>CDP FMEE0108 &#8211; <a href=\"https:\/\/sede.sepe.gob.es\/es\/portaltrabaja\/resources\/pdf\/especialidades\/FMEE0108.pdf\" target=\"_blank\" rel=\"noopener\">NIVEL 1. OPERACIONES AUXILIARES DE FABRICACI\u00d3N MEC\u00c1NICA (440 HORAS).<\/a><\/strong><\/h4>\n<\/li>\n<li>\n<h4><strong>CDP IMPE0108 &#8211; NIVEL 1. <a href=\"https:\/\/sede.sepe.gob.es\/es\/portaltrabaja\/resources\/pdf\/especialidades\/IMPE0108.pdf\" target=\"_blank\" rel=\"noopener\">SERVICIOS AUXILIARES DE EST\u00c9TICA (360 HORAS).<\/a><\/strong><\/h4>\n<\/li>\n<\/ul>\n<hr>\n<h3>&nbsp;<\/h3>\n","protected":false},"excerpt":{"rendered":"<p>EDUCACI\u00d3N SECUNDARIA 1\u00ba, 2\u00ba, 3\u00ba y 4\u00ba ESO CICLOS FORMATIVOS DE FORMACI\u00d3N B\u00c1SICA Peluquer\u00eda y Est\u00e9tica Programa espec\u00edfico de Actividades Dom\u00e9sticas y Limpieza de Edificios Instalaciones Electrot\u00e9cnicas y Mec\u00e1nica CICLOS FORMATIVOS DE GRADO MEDIO Est\u00e9tica y Belleza Peluquer\u00eda y Cosm\u00e9tica Capilar Instalaciones de Telecomunicaciones Instalaciones El\u00e9ctricas y Autom\u00e1ticas Electromec\u00e1nica de Maquinaria CICLOS FORMATIVOS DE GRADO &hellip; <\/p>\n<p><a class=\"more-link btn\" href=\"https:\/\/blogsaverroes.juntadeandalucia.es\/ieshimilce\/oferta-formativa-2\/\">Seguir leyendo<\/a><\/p>\n","protected":false},"author":5100,"featured_media":0,"parent":0,"menu_order":0,"comment_status":"closed","ping_status":"closed","template":"","meta":{"ngg_post_thumbnail":0,"footnotes":"","_mc_calendar":[]},"aioseo_notices":[],"_links":{"self":[{"href":"https:\/\/blogsaverroes.juntadeandalucia.es\/ieshimilce\/wp-json\/wp\/v2\/pages\/9939"}],"collection":[{"href":"https:\/\/blogsaverroes.juntadeandalucia.es\/ieshimilce\/wp-json\/wp\/v2\/pages"}],"about":[{"href":"https:\/\/blogsaverroes.juntadeandalucia.es\/ieshimilce\/wp-json\/wp\/v2\/types\/page"}],"author":[{"embeddable":true,"href":"https:\/\/blogsaverroes.juntadeandalucia.es\/ieshimilce\/wp-json\/wp\/v2\/users\/5100"}],"replies":[{"embeddable":true,"href":"https:\/\/blogsaverroes.juntadeandalucia.es\/ieshimilce\/wp-json\/wp\/v2\/comments?post=9939"}],"version-history":[{"count":32,"href":"https:\/\/blogsaverroes.juntadeandalucia.es\/ieshimilce\/wp-json\/wp\/v2\/pages\/9939\/revisions"}],"predecessor-version":[{"id":9945,"href":"https:\/\/blogsaverroes.juntadeandalucia.es\/ieshimilce\/wp-json\/wp\/v2\/pages\/9939\/revisions\/9945"}],"wp:attachment":[{"href":"https:\/\/blogsaverroes.juntadeandalucia.es\/ieshimilce\/wp-json\/wp\/v2\/media?parent=9939"}],"curies":[{"name":"wp","href":"https:\/\/api.w.org\/{rel}","templated":true}]}}