{"id":355,"date":"2015-03-18T10:22:43","date_gmt":"2015-03-18T10:22:43","guid":{"rendered":"http:\/\/blogsaverroes.juntadeandalucia.es\/pre\/ceip\/?page_id=355"},"modified":"2015-06-17T09:15:33","modified_gmt":"2015-06-17T09:15:33","slug":"materiales-recursos","status":"publish","type":"page","link":"https:\/\/blogsaverroes.juntadeandalucia.es\/iesilipamagna\/filosofia-2\/materiales-recursos\/","title":{"rendered":"Materiales, recursos&#8230;"},"content":{"rendered":"<h4><a href=\"http:\/\/agrega.juntadeandalucia.es\/visualizar\/es\/es-an_2010092413_9114739\/true\" target=\"_blank\">El saber filos\u00f3fico: Mito y filosof\u00eda. El origen de la Filosof\u00eda<\/a><\/h4>\n<p style=\"text-align: left;\"><a href=\"http:\/\/agrega.juntadeandalucia.es\/visualizar\/es\/es-an_2010092413_9114739\/true\" target=\"_blank\"><img loading=\"lazy\" decoding=\"async\" class=\" size-medium wp-image-2072 alignleft\" src=\"http:\/\/blogsaverroes.juntadeandalucia.es\/temahuemanies\/files\/2015\/03\/filosofia01-226x300.jpg\" alt=\"filosofia01\" width=\"226\" height=\"300\" srcset=\"https:\/\/blogsaverroes.juntadeandalucia.es\/iesilipamagna\/files\/2015\/03\/filosofia01-226x300.jpg 226w, https:\/\/blogsaverroes.juntadeandalucia.es\/iesilipamagna\/files\/2015\/03\/filosofia01.jpg 300w\" sizes=\"(max-width: 226px) 100vw, 226px\" \/><\/a>\u00abAl ser humano le parece tan extra\u00f1o existir que las preguntas filos\u00f3ficas surgen por s\u00ed solas\u00bb. <i>Jostein Gaarder<\/i><\/p>\n<div align=\"justify\"><\/div>\n<div align=\"justify\">Seguro que desde muy peque\u00f1o has sentido asombro y a veces inquietud ante las cosas que te rodean; te habr\u00e1s planteado innumerables preguntas, casi siempre suponiendo que para ellas tendr\u00edan una respuesta certera aquellas personas que te rodeaban y te inspiraban seguridad: tus padres, tus hermanos mayores, los maestros. Ser\u00edan preguntas del tipo: \u00bfc\u00f3mo ha nacido el universo?, \u00bfpor qu\u00e9 amanece todos los d\u00edas?, \u00bfpor qu\u00e9 sentimos dolor?, \u00bfpor qu\u00e9 los seres vivos envejecen y mueren?, \u00bfhay vida despu\u00e9s de la muerte? Se trata de un proceso com\u00fan, esos mismos interrogantes y muchos m\u00e1s forman parte de la realidad del ser humano desde que \u00e9ste tiene capacidad para el pensamiento racional, y el g\u00e9nero humano, a falta de unos padres o maestros que supon\u00edamos conocedores de todo, no ha tenido m\u00e1s remedio que buscar la respuestas a sus preguntas a trav\u00e9s de sus propios medios.<\/div>\n<div align=\"justify\"><\/div>\n<div align=\"justify\">\n<h4><\/h4>\n<h4><a href=\"http:\/\/agrega.juntadeandalucia.es\/visualizar\/es\/es-an_2010092413_9114844\/true\" target=\"_blank\">El saber filos\u00f3fico: Filosof\u00eda y Ciencia<\/a><\/h4>\n<p><a href=\"http:\/\/agrega.juntadeandalucia.es\/visualizar\/es\/es-an_2010092413_9114844\/true\" target=\"_blank\"><img loading=\"lazy\" decoding=\"async\" class=\" size-medium wp-image-2077 alignleft\" src=\"http:\/\/blogsaverroes.juntadeandalucia.es\/temahuemanies\/files\/2015\/03\/filosofia02-300x156.jpg\" alt=\"filosofia02\" width=\"300\" height=\"156\" srcset=\"https:\/\/blogsaverroes.juntadeandalucia.es\/iesilipamagna\/files\/2015\/03\/filosofia02-300x156.jpg 300w, https:\/\/blogsaverroes.juntadeandalucia.es\/iesilipamagna\/files\/2015\/03\/filosofia02.jpg 492w\" sizes=\"(max-width: 300px) 100vw, 300px\" \/><\/a>\u00abLo que en un principio movi\u00f3 a los hombres a hacer las primeras indagaciones filos\u00f3ficas fue, como lo es hoy, la admiraci\u00f3n. Entre los objetos que admiraban y de que no pod\u00edan darse raz\u00f3n, se aplicaron primero a los que estaban a su alcance; despu\u00e9s, avanzando paso a paso, quisieron explicar los m\u00e1s grandes fen\u00f3menos; por ejemplo, las diversas fases de la Luna, el curso del Sol y de los astros y, por \u00faltimo, la formaci\u00f3n del Universo. Ir en busca de una explicaci\u00f3n y admirarse, es reconocer que se ignora\u00bb.<\/p>\n<div class=\"block\"><\/div>\n<div class=\"block\"><\/div>\n<\/div>\n","protected":false},"excerpt":{"rendered":"<p>El saber filos\u00f3fico: Mito y filosof\u00eda. El origen de la Filosof\u00eda \u00abAl ser humano le parece tan extra\u00f1o existir que las preguntas filos\u00f3ficas surgen por s\u00ed solas\u00bb. Jostein Gaarder Seguro que desde muy peque\u00f1o&#46;&#46;&#46;<\/p>\n","protected":false},"author":1,"featured_media":0,"parent":168,"menu_order":0,"comment_status":"open","ping_status":"open","template":"page-templates\/child-menu.php","meta":{"ngg_post_thumbnail":0,"footnotes":"","_mc_calendar":[]},"aioseo_notices":[],"_links":{"self":[{"href":"https:\/\/blogsaverroes.juntadeandalucia.es\/iesilipamagna\/wp-json\/wp\/v2\/pages\/355"}],"collection":[{"href":"https:\/\/blogsaverroes.juntadeandalucia.es\/iesilipamagna\/wp-json\/wp\/v2\/pages"}],"about":[{"href":"https:\/\/blogsaverroes.juntadeandalucia.es\/iesilipamagna\/wp-json\/wp\/v2\/types\/page"}],"author":[{"embeddable":true,"href":"https:\/\/blogsaverroes.juntadeandalucia.es\/iesilipamagna\/wp-json\/wp\/v2\/users\/1"}],"replies":[{"embeddable":true,"href":"https:\/\/blogsaverroes.juntadeandalucia.es\/iesilipamagna\/wp-json\/wp\/v2\/comments?post=355"}],"version-history":[{"count":8,"href":"https:\/\/blogsaverroes.juntadeandalucia.es\/iesilipamagna\/wp-json\/wp\/v2\/pages\/355\/revisions"}],"predecessor-version":[{"id":2080,"href":"https:\/\/blogsaverroes.juntadeandalucia.es\/iesilipamagna\/wp-json\/wp\/v2\/pages\/355\/revisions\/2080"}],"up":[{"embeddable":true,"href":"https:\/\/blogsaverroes.juntadeandalucia.es\/iesilipamagna\/wp-json\/wp\/v2\/pages\/168"}],"wp:attachment":[{"href":"https:\/\/blogsaverroes.juntadeandalucia.es\/iesilipamagna\/wp-json\/wp\/v2\/media?parent=355"}],"curies":[{"name":"wp","href":"https:\/\/api.w.org\/{rel}","templated":true}]}}