{"id":1273,"date":"2022-01-31T20:13:18","date_gmt":"2022-01-31T19:13:18","guid":{"rendered":"https:\/\/blogsaverroes.juntadeandalucia.es\/iesisidorosanchez\/?page_id=1273"},"modified":"2024-12-20T09:12:42","modified_gmt":"2024-12-20T08:12:42","slug":"plan-de-centro","status":"publish","type":"page","link":"https:\/\/blogsaverroes.juntadeandalucia.es\/iesisidorosanchez\/plan-de-centro\/","title":{"rendered":"Plan de Centro"},"content":{"rendered":"<p>Aqu\u00ed encontrar\u00e1s los documentos que conforman nuestro Plan de Centro:&nbsp;<\/p>\n<ul>\n<li><a href=\"https:\/\/drive.google.com\/file\/d\/1hdH7kZLaQU_4pjcSd4GXv98RLCVQTlzK\/view\" target=\"_blank\" rel=\"noopener noreferrer\">Programaci\u00f3n General Anual<\/a><\/li>\n<li><a href=\"https:\/\/drive.google.com\/file\/d\/1tS9anlmaS24914fX7ge44zHw_xHM0W1j\/view\" target=\"_blank\" rel=\"noopener noreferrer\">Proyecto de gesti\u00f3n<\/a><\/li>\n<li><a href=\"https:\/\/drive.google.com\/file\/d\/1RKYajlqVCwCeDZqrKvXyNkG5x0l_ffji\/view\" target=\"_blank\" rel=\"noopener noreferrer\">Proyecto educativo<\/a><\/li>\n<li><a href=\"https:\/\/drive.google.com\/file\/d\/1KQrMJXz-TcOSNRpY1OSS19nlzJyfS8qt\/view\" target=\"_blank\" rel=\"noopener noreferrer\">Reglamento de Organizaci\u00f3n y Funcionamiento<\/a><\/li>\n<\/ul>\n<!--themify_builder_content-->\n<div id=\"themify_builder_content-1273\" data-postid=\"1273\" class=\"themify_builder_content themify_builder_content-1273 themify_builder tf_clear\">\n    <\/div>\n<!--\/themify_builder_content-->\n","protected":false},"excerpt":{"rendered":"<p>Aqu\u00ed encontrar\u00e1s los documentos que conforman nuestro Plan de Centro:&nbsp; Programaci\u00f3n General Anual Proyecto de gesti\u00f3n Proyecto educativo Reglamento de Organizaci\u00f3n y Funcionamiento<\/p>\n","protected":false},"author":13803,"featured_media":0,"parent":0,"menu_order":0,"comment_status":"closed","ping_status":"closed","template":"","meta":{"ngg_post_thumbnail":0,"footnotes":""},"aioseo_notices":[],"_links":{"self":[{"href":"https:\/\/blogsaverroes.juntadeandalucia.es\/iesisidorosanchez\/wp-json\/wp\/v2\/pages\/1273"}],"collection":[{"href":"https:\/\/blogsaverroes.juntadeandalucia.es\/iesisidorosanchez\/wp-json\/wp\/v2\/pages"}],"about":[{"href":"https:\/\/blogsaverroes.juntadeandalucia.es\/iesisidorosanchez\/wp-json\/wp\/v2\/types\/page"}],"author":[{"embeddable":true,"href":"https:\/\/blogsaverroes.juntadeandalucia.es\/iesisidorosanchez\/wp-json\/wp\/v2\/users\/13803"}],"replies":[{"embeddable":true,"href":"https:\/\/blogsaverroes.juntadeandalucia.es\/iesisidorosanchez\/wp-json\/wp\/v2\/comments?post=1273"}],"version-history":[{"count":14,"href":"https:\/\/blogsaverroes.juntadeandalucia.es\/iesisidorosanchez\/wp-json\/wp\/v2\/pages\/1273\/revisions"}],"predecessor-version":[{"id":4190,"href":"https:\/\/blogsaverroes.juntadeandalucia.es\/iesisidorosanchez\/wp-json\/wp\/v2\/pages\/1273\/revisions\/4190"}],"wp:attachment":[{"href":"https:\/\/blogsaverroes.juntadeandalucia.es\/iesisidorosanchez\/wp-json\/wp\/v2\/media?parent=1273"}],"curies":[{"name":"wp","href":"https:\/\/api.w.org\/{rel}","templated":true}]}}