{"id":1539,"date":"2022-05-25T14:30:03","date_gmt":"2022-05-25T13:30:03","guid":{"rendered":"https:\/\/blogsaverroes.juntadeandalucia.es\/iesisidorosanchez\/?page_id=1539"},"modified":"2022-05-25T16:08:26","modified_gmt":"2022-05-25T15:08:26","slug":"1539-2","status":"publish","type":"page","link":"https:\/\/blogsaverroes.juntadeandalucia.es\/iesisidorosanchez\/1539-2\/","title":{"rendered":"RECLAMACIONES DE CALIFICACIONES"},"content":{"rendered":"<p style=\"font-weight: 400;text-align: center\"><strong>&nbsp;<\/strong><\/p>\n<p style=\"font-weight: 400;text-align: center\"><strong>GARANT\u00cdAS PROCEDIMENTALES DE EVALUACI\u00d3N<\/strong><\/p>\n<p style=\"font-weight: 400;text-align: center\"><b>(ALUMNADO)<\/b><\/p>\n<p style=\"font-weight: 400\">Una vez publicadas las calificaciones de la evaluaci\u00f3n final, ordinaria o 2\u00aa evaluaci\u00f3n final, podr\u00e1s acceder a ellas a trav\u00e9s de la aplicaci\u00f3n PASEN y tambi\u00e9n, podr\u00e1s descargarte el bolet\u00edn de calificaciones y toda la documentaci\u00f3n a \u00e9l asociada a trav\u00e9s del PUNTO DE RECOGIDA al que se puede acceder directamente desde PASEN &nbsp;o bien a trav\u00e9s de la web:<\/p>\n<p style=\"font-weight: 400;text-align: center\"><a href=\"https:\/\/seneca.juntadeandalucia.es\/seneca\/puntoderecogida\/index.html\">https:\/\/seneca.juntadeandalucia.es\/seneca\/puntoderecogida\/index.html<\/a><\/p>\n<p style=\"font-weight: 400\">Si estimas necesario una revisi\u00f3n de la calificaci\u00f3n obtenida en alguno de los m\u00f3dulos o materias que has estudiado debes proceder de esta manera:<\/p>\n<ol>\n<li>Debes <strong><u>solicitar<\/u><\/strong> al profesor o a la profesora que ha impartido la materia o m\u00f3dulo cuya calificaci\u00f3n deseas revisar las <strong><u>aclaraciones<\/u><\/strong> pertinentes a la misma. En muchas ocasiones lo \u00fanico que hace falta es esto: una aclaraci\u00f3n o una explicaci\u00f3n m\u00e1s detallada sobre la calificaci\u00f3n obtenida.<\/li>\n<li>Si, tras las aclaraciones recibidas, persiste tu desacuerdo con la calificaci\u00f3n obtenida, puedes solicitar una revisi\u00f3n de la misma (<strong><u>reclamaci\u00f3n en 1\u00aa instancia<\/u><\/strong>).<\/li>\n<li>Si, tras la resoluci\u00f3n adoptada en la reclamaci\u00f3n en 1\u00aa instancia, persiste tu desacuerdo con la calificaci\u00f3n obtenida, puedes solicitar una <strong><u>reclamaci\u00f3n en 2\u00aa instancia<\/u><\/strong> ante la Comisi\u00f3n T\u00e9cnica Provincial de Reclamaciones. La resoluci\u00f3n que adopte la Comisi\u00f3n T\u00e9cnica es firme y finaliza el proceso.<\/li>\n<\/ol>\n<p style=\"font-weight: 400\">A continuaci\u00f3n, te explicamos c\u00f3mo puedes realizar este proceso.<\/p>\n<p style=\"font-weight: 400\"><strong><u>PRIMER PASO: SOLICITAR ACLARACIONES<\/u><\/strong>. Puedes hacer esto desde la publicaci\u00f3n de las calificaciones. Llama al IES (951 29 39 09) para concertar una entrevista con tu profesor\/a y poder recibir las aclaraciones o bien contacta directamente con \u00e9l\/ella a trav\u00e9s de PASEN para ello.<\/p>\n<p style=\"font-weight: 400\"><strong><u>SEGUNDO PASO: RECLAMACI\u00d3N EN 1\u00aa INSTANCIA<\/u><\/strong>. Para hacer este tr\u00e1mite tienes de plazo dos d\u00edas h\u00e1biles desde la publicaci\u00f3n de las calificaciones y puedes hacerlo de dos maneras:<\/p>\n<ul>\n<li><u>PRESENCIALMENTE:<\/u> Debes entregar en la secretar\u00eda del Centro el formulario de revisi\u00f3n de calificaciones debidamente cumplimentado y firmado. Puedes descarg\u00e1rtelo de la secci\u00f3n de SECRETAR\u00cdA de la p\u00e1gina web de nuestro IES.&nbsp;Encontrar\u00e1s dos formularios: uno para el alumnado mayor de edad y otro para el alumnado menor de edad, que deber\u00e1 rellenarlo alguno\/a de sus tutores\/as legales. Tambi\u00e9n los tienes aqu\u00ed:<\/li>\n<\/ul>\n<p style=\"padding-left: 80px\"><a href=\"https:\/\/blogsaverroes.juntadeandalucia.es\/iesisidorosanchez\/files\/2022\/05\/SOLICITUD-RECLAMACI\u00d3N-1\u00aa-INSTANCIA-ALUMNADO-MAYOR-DE-EDAD-1.pdf\">SOLICITUD RECLAMACI\u00d3N 1\u00aa INSTANCIA ALUMNADO MAYOR DE EDAD<\/a><\/p>\n<p style=\"padding-left: 80px\"><a href=\"https:\/\/blogsaverroes.juntadeandalucia.es\/iesisidorosanchez\/files\/2022\/05\/SOLICITUD-RECLAMACI\u00d3N-1\u00aa-INSTANCIA-ALUMNADO-MENOR-DE-EDAD.pdf\">SOLICITUD RECLAMACI\u00d3N 1\u00aa INSTANCIA ALUMNADO MENOR DE EDAD<\/a><\/p>\n<ul>\n<li><u>TELEM\u00c1TICAMENTE:<\/u> Debes cumplimentar el formulario \u201cExpone-solicita\u201d que encontrar\u00e1s en la p\u00e1gina web de la Secretar\u00eda Virtual de los Centros Docentes Andaluces (<a href=\"https:\/\/www.juntadeandalucia.es\/educacion\/secretariavirtual\/\">https:\/\/www.juntadeandalucia.es\/educacion\/secretariavirtual\/<\/a>) en la secci\u00f3n de SOLICITUDES\/Tr\u00e1mites Generales\/Presentaci\u00f3n Electr\u00f3nica General en Centros Educativos una vez que te identifiques a trav\u00e9s de uno de los m\u00e9todos propuestos. Necesitar\u00e1s el c\u00f3digo del centro: 29010365.<\/li>\n<\/ul>\n<p style=\"font-weight: 400\">Elijas el m\u00e9todo que elijas, se te citar\u00e1 para acudir al Centro para recibir la resoluci\u00f3n adoptada para la reclamaci\u00f3n en 1\u00aa instancia que tambi\u00e9n se pondr\u00e1 a tu disposici\u00f3n en el PUNTO DE RECOGIDA electr\u00f3nica de documentos de iPASEN.<\/p>\n<p style=\"font-weight: 400\"><strong><u>TERCER PASO: RECLAMACI\u00d3N EN 2\u00aa INSTANCIA.<\/u><\/strong> Para hacer este tr\u00e1mite tienes de plazo dos d\u00edas h\u00e1biles desde la recepci\u00f3n de la resoluci\u00f3n de la primera instancia e, igualmente, puedes hacerlo de dos maneras:<\/p>\n<ul>\n<li><u>PRESENCIALMENTE:<\/u> Debes entregar en la secretar\u00eda del Centro el formulario de revisi\u00f3n de calificaciones debidamente cumplimentado y firmado. Puedes descarg\u00e1rtelo de la secci\u00f3n de SECRETAR\u00cdA de la p\u00e1gina web de nuestro IES. Igualmente, encontrar\u00e1s dos formularios: uno para el alumnado mayor de edad y otro para el alumnado menor de edad, que deber\u00e1 rellenarlo alguno\/a de sus tutores\/as legales. Tambi\u00e9n los tienes aqu\u00ed:<\/li>\n<\/ul>\n<p style=\"padding-left: 80px\"><a href=\"https:\/\/blogsaverroes.juntadeandalucia.es\/iesisidorosanchez\/files\/2022\/05\/SOLICITUD-RECLAMACI\u00d3N-2\u00aa-INSTANCIA-ALUMNADO-MAYOR-DE-EDAD.pdf\">SOLICITUD RECLAMACI\u00d3N 2\u00aa INSTANCIA ALUMNADO MAYOR DE EDAD<\/a><\/p>\n<p style=\"padding-left: 80px\"><a href=\"https:\/\/blogsaverroes.juntadeandalucia.es\/iesisidorosanchez\/files\/2022\/05\/SOLICITUD-RECLAMACI\u00d3N-2\u00aa-INSTANCIA-ALUMNADO-MENOR-DE-EDAD.pdf\">SOLICITUD RECLAMACI\u00d3N 2\u00aa INSTANCIA ALUMNADO MENOR DE EDAD<\/a><\/p>\n<ul>\n<li><u>TELEM\u00c1TICAMENTE:<\/u> Debes cumplimentar el formulario \u201cExpone-solicita\u201d que encontrar\u00e1s en la p\u00e1gina web de la Secretar\u00eda Virtual de los Centros Docentes Andaluces (<a href=\"https:\/\/www.juntadeandalucia.es\/educacion\/secretariavirtual\/\">https:\/\/www.juntadeandalucia.es\/educacion\/secretariavirtual\/<\/a> ) en la secci\u00f3n de SOLICITUDES\/Tr\u00e1mites Generales\/Presentaci\u00f3n Electr\u00f3nica General en Centros Educativos una vez que te identifiques a trav\u00e9s de uno de los m\u00e9todos propuestos. Necesitar\u00e1s el c\u00f3digo del centro: 29010365.<\/li>\n<\/ul>\n<p style=\"font-weight: 400\">Elijas el m\u00e9todo que elijas, tu solicitud junto con el resto de la documentaci\u00f3n pertinente ser\u00e1 remitida por el IES a la Comisi\u00f3n T\u00e9cnica Provincial de Reclamaciones, que, a partir de ese momento, ser\u00e1 el organismo encargado de continuar con el proceso de reclamaci\u00f3n.<\/p>\n<p style=\"font-weight: 400\">Ten en cuenta que si optas por entregar una solicitud de manera presencial, deber\u00e1s adaptarte a los horarios de apertura y cierre del IES mientras que si optas por entregar tu solicitud de manera telem\u00e1tica podr\u00e1s hacerlo a cualquier hora del d\u00eda.<\/p>\n<p style=\"font-weight: 400\">En la figura siguiente se resume todo este proceso.<\/p>\n<p><img loading=\"lazy\" decoding=\"async\" class=\"aligncenter wp-image-1540 size-large\" src=\"https:\/\/blogsaverroes.juntadeandalucia.es\/iesisidorosanchez\/files\/2022\/05\/Captura-de-Pantalla-2022-05-25-a-las-15.25.55-801x1024.png\" alt=\"\" width=\"801\" height=\"1024\" srcset=\"https:\/\/blogsaverroes.juntadeandalucia.es\/iesisidorosanchez\/files\/2022\/05\/Captura-de-Pantalla-2022-05-25-a-las-15.25.55-801x1024.png 801w, https:\/\/blogsaverroes.juntadeandalucia.es\/iesisidorosanchez\/files\/2022\/05\/Captura-de-Pantalla-2022-05-25-a-las-15.25.55-235x300.png 235w, https:\/\/blogsaverroes.juntadeandalucia.es\/iesisidorosanchez\/files\/2022\/05\/Captura-de-Pantalla-2022-05-25-a-las-15.25.55-768x982.png 768w, https:\/\/blogsaverroes.juntadeandalucia.es\/iesisidorosanchez\/files\/2022\/05\/Captura-de-Pantalla-2022-05-25-a-las-15.25.55-1080x1382.png 1080w, https:\/\/blogsaverroes.juntadeandalucia.es\/iesisidorosanchez\/files\/2022\/05\/Captura-de-Pantalla-2022-05-25-a-las-15.25.55-980x1254.png 980w, https:\/\/blogsaverroes.juntadeandalucia.es\/iesisidorosanchez\/files\/2022\/05\/Captura-de-Pantalla-2022-05-25-a-las-15.25.55-480x614.png 480w, https:\/\/blogsaverroes.juntadeandalucia.es\/iesisidorosanchez\/files\/2022\/05\/Captura-de-Pantalla-2022-05-25-a-las-15.25.55.png 1182w\" sizes=\"(max-width: 801px) 100vw, 801px\" \/><\/p>\n<p style=\"font-weight: 400\">&nbsp;<\/p>\n<p style=\"font-weight: 400\">&nbsp;<\/p>\n<p style=\"font-weight: 400\">&nbsp;<\/p>\n<p style=\"font-weight: 400\">&nbsp;<\/p>\n<p style=\"font-weight: 400\">&nbsp;<\/p>\n<p style=\"font-weight: 400\">&nbsp;<\/p>\n<p style=\"font-weight: 400\">&nbsp;<\/p>\n<p style=\"font-weight: 400\">&nbsp;<\/p>\n<p style=\"font-weight: 400\">&nbsp;<\/p>\n<p style=\"font-weight: 400\">&nbsp;<\/p>\n<p style=\"font-weight: 400\">&nbsp;<\/p>\n<p style=\"font-weight: 400\">&nbsp;<\/p>\n<p style=\"font-weight: 400\">&nbsp;<\/p>\n<p style=\"font-weight: 400\">&nbsp;<\/p>\n<p style=\"font-weight: 400\">&nbsp;<\/p>\n<p style=\"font-weight: 400\">&nbsp;<\/p>\n<p style=\"font-weight: 400\">&nbsp;<\/p>\n<p style=\"font-weight: 400\">&nbsp;<\/p>\n<p style=\"font-weight: 400\">&nbsp;<\/p>\n<p style=\"font-weight: 400\">&nbsp;<\/p>\n<p style=\"font-weight: 400\">&nbsp;<\/p>\n<p style=\"font-weight: 400\">&nbsp;<\/p>\n<p style=\"font-weight: 400\">&nbsp;<\/p>\n<p style=\"font-weight: 400\">&nbsp;<\/p>\n<p style=\"font-weight: 400\">&nbsp;<\/p>\n<p style=\"font-weight: 400\">&nbsp;<\/p>\n<p style=\"font-weight: 400\">&nbsp;<\/p>\n<p style=\"font-weight: 400\">&nbsp;<\/p>\n<p style=\"font-weight: 400\">&nbsp;<\/p>\n<p style=\"font-weight: 400\">&nbsp;<\/p>\n<p style=\"font-weight: 400\">&nbsp;<\/p>\n<p style=\"font-weight: 400\">&nbsp;<\/p>\n<p style=\"font-weight: 400\">&nbsp;<\/p>\n<p style=\"font-weight: 400\">&nbsp;<\/p>\n<p style=\"font-weight: 400\">&nbsp;<\/p>\n<p style=\"font-weight: 400\">&nbsp;<\/p>\n<p style=\"font-weight: 400\">&nbsp;<\/p>\n<p style=\"font-weight: 400\">&nbsp;<\/p>\n<p style=\"font-weight: 400\">&nbsp;<\/p>\n<p style=\"font-weight: 400\">&nbsp;<\/p>\n<p style=\"font-weight: 400\">&nbsp;<\/p>\n<p style=\"font-weight: 400\">&nbsp;<\/p>\n<p style=\"font-weight: 400\">&nbsp;<\/p>\n<p style=\"font-weight: 400\">&nbsp;<\/p>\n<p style=\"font-weight: 400\">&nbsp;<\/p>\n<p style=\"font-weight: 400\">&nbsp;<\/p>\n<p>&nbsp;<\/p>\n<p style=\"font-weight: 400\">&nbsp;<\/p>\n<p style=\"font-weight: 400\">&nbsp;<\/p>\n<p style=\"font-weight: 400\">&nbsp;<\/p>\n<p style=\"font-weight: 400\">&nbsp;<\/p>\n<p style=\"font-weight: 400\">&nbsp;<\/p>\n<p style=\"font-weight: 400\">&nbsp;<\/p>\n<p style=\"font-weight: 400\">&nbsp;<\/p>\n<p style=\"font-weight: 400\">&nbsp;<\/p>\n<p style=\"font-weight: 400\">&nbsp;<\/p>\n<p style=\"font-weight: 400\">&nbsp;<\/p>\n<p style=\"font-weight: 400\">&nbsp;<\/p>\n<p style=\"font-weight: 400\">&nbsp;<\/p>\n<p style=\"font-weight: 400\">&nbsp;<\/p>\n<p style=\"font-weight: 400\">&nbsp;<\/p>\n<p style=\"font-weight: 400\">&nbsp;<\/p>\n<p style=\"font-weight: 400\">&nbsp;<\/p>\n<p style=\"font-weight: 400\">&nbsp;<\/p>\n<p style=\"font-weight: 400\">&nbsp;<\/p>\n<p style=\"font-weight: 400\">&nbsp;<\/p>\n<p style=\"font-weight: 400\">&nbsp;<\/p>\n<p style=\"font-weight: 400\">&nbsp;<\/p>\n<p style=\"font-weight: 400\">&nbsp;<\/p>\n","protected":false},"excerpt":{"rendered":"<p>&nbsp; GARANT\u00cdAS PROCEDIMENTALES DE EVALUACI\u00d3N (ALUMNADO) Una vez publicadas las calificaciones de la evaluaci\u00f3n final, ordinaria o 2\u00aa evaluaci\u00f3n final, podr\u00e1s acceder a ellas a trav\u00e9s de la aplicaci\u00f3n PASEN y tambi\u00e9n, podr\u00e1s descargarte el bolet\u00edn de calificaciones y toda la documentaci\u00f3n a \u00e9l asociada a trav\u00e9s del PUNTO DE RECOGIDA al que se puede [&hellip;]<\/p>\n","protected":false},"author":13803,"featured_media":0,"parent":0,"menu_order":0,"comment_status":"closed","ping_status":"closed","template":"","meta":{"ngg_post_thumbnail":0,"footnotes":""},"aioseo_notices":[],"_links":{"self":[{"href":"https:\/\/blogsaverroes.juntadeandalucia.es\/iesisidorosanchez\/wp-json\/wp\/v2\/pages\/1539"}],"collection":[{"href":"https:\/\/blogsaverroes.juntadeandalucia.es\/iesisidorosanchez\/wp-json\/wp\/v2\/pages"}],"about":[{"href":"https:\/\/blogsaverroes.juntadeandalucia.es\/iesisidorosanchez\/wp-json\/wp\/v2\/types\/page"}],"author":[{"embeddable":true,"href":"https:\/\/blogsaverroes.juntadeandalucia.es\/iesisidorosanchez\/wp-json\/wp\/v2\/users\/13803"}],"replies":[{"embeddable":true,"href":"https:\/\/blogsaverroes.juntadeandalucia.es\/iesisidorosanchez\/wp-json\/wp\/v2\/comments?post=1539"}],"version-history":[{"count":9,"href":"https:\/\/blogsaverroes.juntadeandalucia.es\/iesisidorosanchez\/wp-json\/wp\/v2\/pages\/1539\/revisions"}],"predecessor-version":[{"id":1573,"href":"https:\/\/blogsaverroes.juntadeandalucia.es\/iesisidorosanchez\/wp-json\/wp\/v2\/pages\/1539\/revisions\/1573"}],"wp:attachment":[{"href":"https:\/\/blogsaverroes.juntadeandalucia.es\/iesisidorosanchez\/wp-json\/wp\/v2\/media?parent=1539"}],"curies":[{"name":"wp","href":"https:\/\/api.w.org\/{rel}","templated":true}]}}