{"id":2129,"date":"2023-02-07T13:00:12","date_gmt":"2023-02-07T12:00:12","guid":{"rendered":"https:\/\/blogsaverroes.juntadeandalucia.es\/iesisidorosanchez\/?page_id=2129"},"modified":"2024-03-20T15:33:19","modified_gmt":"2024-03-20T14:33:19","slug":"contacto","status":"publish","type":"page","link":"https:\/\/blogsaverroes.juntadeandalucia.es\/iesisidorosanchez\/contacto\/","title":{"rendered":"Datos del Centro"},"content":{"rendered":"<!--themify_builder_content-->\n<div id=\"themify_builder_content-2129\" data-postid=\"2129\" class=\"themify_builder_content themify_builder_content-2129 themify_builder tf_clear\">\n                    <div  data-lazy=\"1\" class=\"module_row themify_builder_row tb_5xns974 tb_first tf_w\">\n                        <div class=\"row_inner col_align_top tb_col_count_2 tf_box tf_rel\">\n                        <div  data-lazy=\"1\" class=\"module_column tb-column col2-1 tb_k6aa974 first\">\n                    <!-- module text -->\n<div  class=\"module module-text tb_9odl489   \" data-lazy=\"1\">\n        <div  class=\"tb_text_wrap\">\n        <p><iframe loading=\"lazy\" style=\"border: 0;\" src=\"https:\/\/www.google.com\/maps\/embed?pb=!1m18!1m12!1m3!1d1599.5064567947802!2d-4.459558524493185!3d36.69822757885016!2m3!1f0!2f0!3f0!3m2!1i1024!2i768!4f13.1!3m3!1m2!1s0xd72f9dffb62b039%3A0x8ddcd652a5736718!2zQy4gQ8OhbWFyYSwgMywgMjkwMDMgTcOhbGFnYQ!5e0!3m2!1ses!2ses!4v1675770894343!5m2!1ses!2ses\" width=\"600\" height=\"450\" allowfullscreen=\"allowfullscreen\"><\/iframe><\/p>    <\/div>\n<\/div>\n<!-- \/module text -->        <\/div>\n                    <div  data-lazy=\"1\" class=\"module_column tb-column col2-1 tb_dgwh974 last\">\n                    <!-- module text -->\n<div  class=\"module module-text tb_zzsj956   \" data-lazy=\"1\">\n        <div  class=\"tb_text_wrap\">\n        <h3 class=\"contacto\">Direcci\u00f3n<\/h3>\n<p>C. C\u00e1mara, 3, 29003 M\u00e1laga<\/p>\n<h3 class=\"contacto\">Horario lectivo<\/h3>\n<p>Lunes a viernes de 8:00 a 21:30<\/p>\n<h3 class=\"contacto\">Horario secretar\u00eda &#8211; atenci\u00f3n al p\u00fablico<\/h3>\n<p>Lunes a viernes de 11:30 a 13:30<\/p>\n<h3 class=\"contacto\">Tel\u00e9fono<\/h3>\n<p>951 29 39 09<\/p>\n<h3 class=\"contacto\">Fax<\/h3>\n<p>951 29 39 11<\/p>\n<h3 class=\"contacto\">Correo electr\u00f3nico<\/h3>\n<p>29010365.edu@juntadeandalucia.es<\/p>\n    <\/div>\n<\/div>\n<!-- \/module text -->        <\/div>\n                        <\/div>\n        <\/div>\n        <\/div>\n<!--\/themify_builder_content-->","protected":false},"excerpt":{"rendered":"<p>Direcci\u00f3n C. C\u00e1mara, 3, 29003 M\u00e1laga Horario lectivo Lunes a viernes de 8:00 a 21:30 Horario secretar\u00eda &#8211; atenci\u00f3n al p\u00fablico Lunes a viernes de 11:30 a 13:30 Tel\u00e9fono 951 29 39 09 Fax 951 29 39 11 Correo electr\u00f3nico 29010365.edu@juntadeandalucia.es<\/p>\n","protected":false},"author":15654,"featured_media":0,"parent":0,"menu_order":0,"comment_status":"closed","ping_status":"closed","template":"","meta":{"ngg_post_thumbnail":0,"footnotes":""},"aioseo_notices":[],"_links":{"self":[{"href":"https:\/\/blogsaverroes.juntadeandalucia.es\/iesisidorosanchez\/wp-json\/wp\/v2\/pages\/2129"}],"collection":[{"href":"https:\/\/blogsaverroes.juntadeandalucia.es\/iesisidorosanchez\/wp-json\/wp\/v2\/pages"}],"about":[{"href":"https:\/\/blogsaverroes.juntadeandalucia.es\/iesisidorosanchez\/wp-json\/wp\/v2\/types\/page"}],"author":[{"embeddable":true,"href":"https:\/\/blogsaverroes.juntadeandalucia.es\/iesisidorosanchez\/wp-json\/wp\/v2\/users\/15654"}],"replies":[{"embeddable":true,"href":"https:\/\/blogsaverroes.juntadeandalucia.es\/iesisidorosanchez\/wp-json\/wp\/v2\/comments?post=2129"}],"version-history":[{"count":15,"href":"https:\/\/blogsaverroes.juntadeandalucia.es\/iesisidorosanchez\/wp-json\/wp\/v2\/pages\/2129\/revisions"}],"predecessor-version":[{"id":3751,"href":"https:\/\/blogsaverroes.juntadeandalucia.es\/iesisidorosanchez\/wp-json\/wp\/v2\/pages\/2129\/revisions\/3751"}],"wp:attachment":[{"href":"https:\/\/blogsaverroes.juntadeandalucia.es\/iesisidorosanchez\/wp-json\/wp\/v2\/media?parent=2129"}],"curies":[{"name":"wp","href":"https:\/\/api.w.org\/{rel}","templated":true}]}}