{"id":2141,"date":"2023-02-21T12:26:29","date_gmt":"2023-02-21T11:26:29","guid":{"rendered":"https:\/\/blogsaverroes.juntadeandalucia.es\/iesisidorosanchez\/?page_id=2141"},"modified":"2023-10-20T08:30:48","modified_gmt":"2023-10-20T07:30:48","slug":"planes-y-programas-educativos-2","status":"publish","type":"page","link":"https:\/\/blogsaverroes.juntadeandalucia.es\/iesisidorosanchez\/planes-y-programas-educativos-2\/","title":{"rendered":"Planes y Programas Educativos"},"content":{"rendered":"<!--themify_builder_content-->\n<div id=\"themify_builder_content-2141\" data-postid=\"2141\" class=\"themify_builder_content themify_builder_content-2141 themify_builder tf_clear\">\n                    <div  data-lazy=\"1\" class=\"module_row themify_builder_row tb_coxd441 tb_first tf_w\">\n                        <div class=\"row_inner col_align_top tb_col_count_1 tf_box tf_rel\">\n                        <div  data-lazy=\"1\" class=\"module_column tb-column col-full tb_j6rs441 first\">\n                    <!-- module text -->\n<div  class=\"module module-text tb_qh4j482   \" data-lazy=\"1\">\n        <div  class=\"tb_text_wrap\">\n        <p style=\"justify\">Estos son los Planes y Programas Educativos que desarrollamos en nuestro Centro:<\/p>\n    <\/div>\n<\/div>\n<!-- \/module text -->        <\/div>\n                        <\/div>\n        <\/div>\n                        <div  data-lazy=\"1\" class=\"module_row themify_builder_row tb_jw6j496 tf_w\">\n                        <div class=\"row_inner col_align_top tb_col_count_4 tf_box tf_rel\">\n                        <div  data-lazy=\"1\" class=\"module_column tb-column col4-1 tb_bs9a498 first\">\n                    <!-- module image -->\n<div  class=\"module module-image tb_ckxh950 image-center rounded drop-shadow bordered  tf_mw\" data-lazy=\"1\">\n        <div class=\"image-wrap tf_rel tf_mw\">\n            <a href=\"https:\/\/drive.google.com\/file\/d\/1IYV1TRydUhuwODsoeQowU7qHX3XdEOtd\/view?usp=share_link\" rel=\"noopener\" target=\"_blank\">\n                   <img loading=\"lazy\" decoding=\"async\" width=\"400\" height=\"287\" src=\"https:\/\/blogsaverroes.juntadeandalucia.es\/iesisidorosanchez\/files\/2023\/02\/pp_escuela_espacio_paz.jpg\" class=\"wp-post-image wp-image-2269\" title=\"Escuela Espacio de Paz\" alt=\"Escuela Espacio de Paz\" srcset=\"https:\/\/blogsaverroes.juntadeandalucia.es\/iesisidorosanchez\/files\/2023\/02\/pp_escuela_espacio_paz.jpg 400w, https:\/\/blogsaverroes.juntadeandalucia.es\/iesisidorosanchez\/files\/2023\/02\/pp_escuela_espacio_paz-300x215.jpg 300w, https:\/\/blogsaverroes.juntadeandalucia.es\/iesisidorosanchez\/files\/2023\/02\/pp_escuela_espacio_paz-209x150.jpg 209w\" sizes=\"(max-width: 400px) 100vw, 400px\" \/>        <\/a>\n    \n        <\/div>\n    <!-- \/image-wrap -->\n    \n        <\/div>\n<!-- \/module image --><!-- module text -->\n<div  class=\"module module-text tb_weo129   \" data-lazy=\"1\">\n        <div  class=\"tb_text_wrap\">\n        <p style=\"text-align: center;\"><a href=\"https:\/\/drive.google.com\/file\/d\/1IYV1TRydUhuwODsoeQowU7qHX3XdEOtd\/view?usp=share_link\" target=\"_blank\" rel=\"noopener\">Escuela espacio de paz<\/a><\/p>    <\/div>\n<\/div>\n<!-- \/module text -->        <\/div>\n                    <div  data-lazy=\"1\" class=\"module_column tb-column col4-1 tb_s40i499\">\n                    <!-- module image -->\n<div  class=\"module module-image tb_hlrq5 image-center rounded drop-shadow bordered  tf_mw\" data-lazy=\"1\">\n        <div class=\"image-wrap tf_rel tf_mw\">\n            <img loading=\"lazy\" decoding=\"async\" width=\"229\" height=\"150\" src=\"https:\/\/blogsaverroes.juntadeandalucia.es\/iesisidorosanchez\/files\/2023\/02\/pp_habitos_Vida_saludable_v.jpg\" class=\"wp-post-image wp-image-2346\" title=\"H\u00e1bitos de Vida Saludable. Forma Joven\" alt=\"H\u00e1bitos de Vida Saludable. Forma Joven\">    \n        <\/div>\n    <!-- \/image-wrap -->\n    \n        <\/div>\n<!-- \/module image --><!-- module text -->\n<div  class=\"module module-text tb_hgvc677   \" data-lazy=\"1\">\n        <div  class=\"tb_text_wrap\">\n        <p style=\"text-align: center;\">H\u00e1bitos de vida saludable. Forma Joven<\/p>    <\/div>\n<\/div>\n<!-- \/module text -->        <\/div>\n                    <div  data-lazy=\"1\" class=\"module_column tb-column col4-1 tb_ef2a499\">\n                    <!-- module image -->\n<div  class=\"module module-image tb_tk2r528 image-center rounded drop-shadow bordered  tf_mw\" data-lazy=\"1\">\n        <div class=\"image-wrap tf_rel tf_mw\">\n            <a href=\"https:\/\/drive.google.com\/file\/d\/1IYV1TRydUhuwODsoeQowU7qHX3XdEOtd\/view?usp=share_link\" rel=\"noopener\" target=\"_blank\">\n                   <img loading=\"lazy\" decoding=\"async\" width=\"263\" height=\"150\" src=\"https:\/\/blogsaverroes.juntadeandalucia.es\/iesisidorosanchez\/files\/2023\/02\/pp_igualdad.jpg\" class=\"wp-post-image wp-image-2286\" title=\"Plan de Igualdad\" alt=\"Plan de Igualdad\">        <\/a>\n    \n        <\/div>\n    <!-- \/image-wrap -->\n    \n        <\/div>\n<!-- \/module image --><!-- module text -->\n<div  class=\"module module-text tb_r5te529   \" data-lazy=\"1\">\n        <div  class=\"tb_text_wrap\">\n        <p style=\"text-align: center;\"><a href=\"https:\/\/drive.google.com\/file\/d\/1IYV1TRydUhuwODsoeQowU7qHX3XdEOtd\/view?usp=share_link\" target=\"_blank\" rel=\"noopener\">Plan de igualdad<\/a><\/p>    <\/div>\n<\/div>\n<!-- \/module text -->        <\/div>\n                    <div  data-lazy=\"1\" class=\"module_column tb-column col4-1 tb_1qrx500 last\">\n                    <!-- module image -->\n<div  class=\"module module-image tb_qc0u532 image-center rounded drop-shadow bordered  tf_mw\" data-lazy=\"1\">\n        <div class=\"image-wrap tf_rel tf_mw\">\n            <img loading=\"lazy\" decoding=\"async\" width=\"229\" height=\"150\" src=\"https:\/\/blogsaverroes.juntadeandalucia.es\/iesisidorosanchez\/files\/2023\/02\/pp_inniciav2.jpg\" class=\"wp-post-image wp-image-2338\" title=\"Cultura Emprendedora. Programa Innicia\" alt=\"Cultura Emprendedora. Programa Innicia\">    \n        <\/div>\n    <!-- \/image-wrap -->\n    \n        <\/div>\n<!-- \/module image --><!-- module text -->\n<div  class=\"module module-text tb_5slu532   \" data-lazy=\"1\">\n        <div  class=\"tb_text_wrap\">\n        <p style=\"text-align: center;\">Cultura emprendedora. Programa Innicia<\/p>    <\/div>\n<\/div>\n<!-- \/module text -->        <\/div>\n                        <\/div>\n        <\/div>\n                        <div  data-lazy=\"1\" class=\"module_row themify_builder_row tb_5iw5525 tf_w\">\n                        <div class=\"row_inner col_align_top tb_col_count_4 tf_box tf_rel\">\n                        <div  data-lazy=\"1\" class=\"module_column tb-column col4-1 tb_dlhd527 first\">\n                    <!-- module image -->\n<div  class=\"module module-image tb_860s535 image-center rounded drop-shadow bordered  tf_mw\" data-lazy=\"1\">\n        <div class=\"image-wrap tf_rel tf_mw\">\n            <a href=\"https:\/\/www.juntadeandalucia.es\/educacion\/portals\/web\/lecturas-bibliotecas-escolares\" rel=\"noopener\" target=\"_blank\">\n                   <img loading=\"lazy\" decoding=\"async\" width=\"229\" height=\"150\" src=\"https:\/\/blogsaverroes.juntadeandalucia.es\/iesisidorosanchez\/files\/2023\/02\/red_bibliotecas.jpg\" class=\"wp-post-image wp-image-2337\" title=\"Bibliotecas Escolares\" alt=\"Bibliotecas Escolares\">        <\/a>\n    \n        <\/div>\n    <!-- \/image-wrap -->\n    \n        <\/div>\n<!-- \/module image --><!-- module text -->\n<div  class=\"module module-text tb_ae3k535   \" data-lazy=\"1\">\n        <div  class=\"tb_text_wrap\">\n        <p style=\"text-align: center;\"><a href=\"https:\/\/www.juntadeandalucia.es\/educacion\/portals\/web\/lecturas-bibliotecas-escolares\" target=\"_blank\" rel=\"noopener\">Bibliotecas escolares. Plan lector<\/a><\/p>    <\/div>\n<\/div>\n<!-- \/module text -->        <\/div>\n                    <div  data-lazy=\"1\" class=\"module_column tb-column col4-1 tb_v6ec530\">\n                    <!-- module image -->\n<div  class=\"module module-image tb_dp5p991 image-center rounded drop-shadow bordered  tf_mw\" data-lazy=\"1\">\n        <div class=\"image-wrap tf_rel tf_mw\">\n            <a href=\"https:\/\/www.juntadeandalucia.es\/educacion\/portals\/web\/transformacion-digital-educativa\" rel=\"noopener\" target=\"_blank\">\n                   <img loading=\"lazy\" decoding=\"async\" width=\"229\" height=\"150\" src=\"https:\/\/blogsaverroes.juntadeandalucia.es\/iesisidorosanchez\/files\/2023\/02\/pp_tde.jpg\" class=\"wp-post-image wp-image-2335\" title=\"Transformaci\u00f3n Digital Educativa\" alt=\"Transformaci\u00f3n Digital Educativa\">        <\/a>\n    \n        <\/div>\n    <!-- \/image-wrap -->\n    \n        <\/div>\n<!-- \/module image --><!-- module text -->\n<div  class=\"module module-text tb_8t8s992   \" data-lazy=\"1\">\n        <div  class=\"tb_text_wrap\">\n        <p style=\"text-align: center;\"><a href=\"https:\/\/www.juntadeandalucia.es\/educacion\/portals\/web\/transformacion-digital-educativa\" target=\"_blank\" rel=\"noopener\">Transformaci\u00f3n digital educativa<\/a><\/p>    <\/div>\n<\/div>\n<!-- \/module text -->        <\/div>\n                    <div  data-lazy=\"1\" class=\"module_column tb-column col4-1 tb_8u7r533\">\n                    <!-- module image -->\n<div  class=\"module module-image tb_6lrt993 image-center rounded drop-shadow bordered  tf_mw\" data-lazy=\"1\">\n        <div class=\"image-wrap tf_rel tf_mw\">\n            <a href=\"https:\/\/www.juntadeandalucia.es\/educacion\/portals\/web\/ced\/innovacion-educativa\/investigacion\/proyectos\/proyecto-steam\/robotica\" rel=\"noopener\" target=\"_blank\">\n                   <img loading=\"lazy\" decoding=\"async\" width=\"229\" height=\"150\" src=\"https:\/\/blogsaverroes.juntadeandalucia.es\/iesisidorosanchez\/files\/2023\/02\/pp_steam_robotica.jpg\" class=\"wp-post-image wp-image-2333\" title=\"Proyecto STEAM: Rob\u00f3tica aplicada al aula\" alt=\"Proyecto STEAM: Rob\u00f3tica aplicada al aula\">        <\/a>\n    \n        <\/div>\n    <!-- \/image-wrap -->\n    \n        <\/div>\n<!-- \/module image --><!-- module text -->\n<div  class=\"module module-text tb_z4zr993   \" data-lazy=\"1\">\n        <div  class=\"tb_text_wrap\">\n        <p style=\"text-align: center;\"><a href=\"https:\/\/www.juntadeandalucia.es\/educacion\/portals\/web\/ced\/innovacion-educativa\/investigacion\/proyectos\/proyecto-steam\/robotica\" target=\"_blank\" rel=\"noopener\">Proyecto STEAM: Rob\u00f3tica aplicada al aula<\/a><\/p>    <\/div>\n<\/div>\n<!-- \/module text -->        <\/div>\n                    <div  data-lazy=\"1\" class=\"module_column tb-column col4-1 tb_shrx536 last\">\n                    <!-- module image -->\n<div  class=\"module module-image tb_p7ln995 image-center rounded drop-shadow bordered  tf_mw\" data-lazy=\"1\">\n        <div class=\"image-wrap tf_rel tf_mw\">\n            <img loading=\"lazy\" decoding=\"async\" width=\"250\" height=\"144\" src=\"https:\/\/blogsaverroes.juntadeandalucia.es\/iesisidorosanchez\/files\/2023\/02\/pp_unidades_acompa\u00f1amiento.png\" class=\"wp-post-image wp-image-2263\" title=\"Programa de Unidades de Acompa\u00f1amiento y Orientaci\u00f3n Personal y Familiar\" alt=\"Programa de Unidades de Acompa\u00f1amiento y Orientaci\u00f3n Personal y Familiar\" srcset=\"https:\/\/blogsaverroes.juntadeandalucia.es\/iesisidorosanchez\/files\/2023\/02\/pp_unidades_acompa\u00f1amiento.png 250w, https:\/\/blogsaverroes.juntadeandalucia.es\/iesisidorosanchez\/files\/2023\/02\/pp_unidades_acompa\u00f1amiento-260x150.png 260w\" sizes=\"(max-width: 250px) 100vw, 250px\" \/>    \n        <\/div>\n    <!-- \/image-wrap -->\n    \n        <\/div>\n<!-- \/module image --><!-- module text -->\n<div  class=\"module module-text tb_xdgh995   \" data-lazy=\"1\">\n        <div  class=\"tb_text_wrap\">\n        <p style=\"text-align: center;\">Programa de unidades de acompa\u00f1amiento y orientaci\u00f3n personal y familiar<\/p>    <\/div>\n<\/div>\n<!-- \/module text -->        <\/div>\n                        <\/div>\n        <\/div>\n                        <div  data-lazy=\"1\" class=\"module_row themify_builder_row tb_68id927 tf_w\">\n                        <div class=\"row_inner col_align_top tb_col_count_4 tf_box tf_rel\">\n                        <div  data-lazy=\"1\" class=\"module_column tb-column col4-1 tb_0ic9929 first\">\n                    <!-- module image -->\n<div  class=\"module module-image tb_7aou989 image-center rounded drop-shadow bordered  tf_mw\" data-lazy=\"1\">\n        <div class=\"image-wrap tf_rel tf_mw\">\n            <img loading=\"lazy\" decoding=\"async\" width=\"229\" height=\"150\" src=\"https:\/\/blogsaverroes.juntadeandalucia.es\/iesisidorosanchez\/files\/2023\/02\/practicum_secundaria.jpg\" class=\"wp-post-image wp-image-2341\" title=\"Practicum Master de Secundaria\" alt=\"Practicum Master de Secundaria\">    \n        <\/div>\n    <!-- \/image-wrap -->\n    \n        <\/div>\n<!-- \/module image --><!-- module text -->\n<div  class=\"module module-text tb_bbiw990   \" data-lazy=\"1\">\n        <div  class=\"tb_text_wrap\">\n        <p style=\"text-align: center;\">Pr\u00e1cticum M\u00e1ster de Secundaria y COFPYDE<\/p>    <\/div>\n<\/div>\n<!-- \/module text -->        <\/div>\n                    <div  data-lazy=\"1\" class=\"module_column tb-column col4-1 tb_0j8h931\">\n                    <!-- module image -->\n<div  class=\"module module-image tb_ql3972 image-center rounded drop-shadow bordered  tf_mw\" data-lazy=\"1\">\n        <div class=\"image-wrap tf_rel tf_mw\">\n            <img loading=\"lazy\" decoding=\"async\" width=\"229\" height=\"150\" src=\"https:\/\/blogsaverroes.juntadeandalucia.es\/iesisidorosanchez\/files\/2023\/02\/pp_proa.jpg\" class=\"wp-post-image wp-image-2375\" title=\"PROA\" alt=\"PROA\">    \n        <\/div>\n    <!-- \/image-wrap -->\n    \n        <\/div>\n<!-- \/module image --><!-- module text -->\n<div  class=\"module module-text tb_pad7425   \" data-lazy=\"1\">\n        <div  class=\"tb_text_wrap\">\n        <p style=\"text-align: center;\">PROA<\/p>    <\/div>\n<\/div>\n<!-- \/module text -->        <\/div>\n                    <div  data-lazy=\"1\" class=\"module_column tb-column col4-1 tb_ml6c934\">\n                    <!-- module image -->\n<div  class=\"module module-image tb_ghzj880 image-center rounded drop-shadow bordered  tf_mw\" data-lazy=\"1\">\n        <div class=\"image-wrap tf_rel tf_mw\">\n            <img loading=\"lazy\" decoding=\"async\" width=\"229\" height=\"150\" src=\"https:\/\/blogsaverroes.juntadeandalucia.es\/iesisidorosanchez\/files\/2023\/02\/pp_proa-plus.jpg\" class=\"wp-post-image wp-image-2376\" title=\"PROA+\" alt=\"PROA+\">    \n        <\/div>\n    <!-- \/image-wrap -->\n    \n        <\/div>\n<!-- \/module image --><!-- module text -->\n<div  class=\"module module-text tb_9y34304   \" data-lazy=\"1\">\n        <div  class=\"tb_text_wrap\">\n        <p style=\"text-align: center;\">PROA+ Transf\u00f3rmate<\/p>    <\/div>\n<\/div>\n<!-- \/module text -->        <\/div>\n                    <div  data-lazy=\"1\" class=\"module_column tb-column col4-1 tb_t07m936 last\">\n                    <!-- module image -->\n<div  class=\"module module-image tb_2zbh937 image-center rounded drop-shadow bordered  tf_mw\" data-lazy=\"1\">\n        <div class=\"image-wrap tf_rel tf_mw\">\n            <img loading=\"lazy\" decoding=\"async\" width=\"229\" height=\"150\" src=\"https:\/\/blogsaverroes.juntadeandalucia.es\/iesisidorosanchez\/files\/2023\/02\/pp_salud_laboral.jpg\" class=\"wp-post-image wp-image-2349\" title=\"Salud laboral\" alt=\"Salud laboral\">    \n        <\/div>\n    <!-- \/image-wrap -->\n    \n        <\/div>\n<!-- \/module image --><!-- module text -->\n<div  class=\"module module-text tb_0xxn937   \" data-lazy=\"1\">\n        <div  class=\"tb_text_wrap\">\n        <p style=\"text-align: center;\">Plan de salud laboral y prevenci\u00f3n de riesgos laborales<\/p>    <\/div>\n<\/div>\n<!-- \/module text -->        <\/div>\n                        <\/div>\n        <\/div>\n                        <div  data-lazy=\"1\" class=\"module_row themify_builder_row tb_fl8v343 tf_w\">\n                        <div class=\"row_inner col_align_top tb_col_count_4 tf_box tf_rel\">\n                        <div  data-lazy=\"1\" class=\"module_column tb-column col4-1 tb_qonq344 first\">\n                    <!-- module image -->\n<div  class=\"module module-image tb_hnp8930 image-center rounded drop-shadow bordered  tf_mw\" data-lazy=\"1\">\n        <div class=\"image-wrap tf_rel tf_mw\">\n            <a href=\"https:\/\/www.juntadeandalucia.es\/educacion\/portals\/web\/formacion-profesional-andaluza\/docente\/formacion-y-empresa\/emprendimiento\/aulas-emprendimiento\" rel=\"noopener\" target=\"_blank\">\n                   <img loading=\"lazy\" decoding=\"async\" width=\"600\" height=\"400\" src=\"https:\/\/blogsaverroes.juntadeandalucia.es\/iesisidorosanchez\/files\/2023\/02\/pp_aula_emprendimiento.jpg\" class=\"wp-post-image wp-image-2240\" title=\"Aula de Emprendimiento\" alt=\"Aula de Emprendimiento\" srcset=\"https:\/\/blogsaverroes.juntadeandalucia.es\/iesisidorosanchez\/files\/2023\/02\/pp_aula_emprendimiento.jpg 600w, https:\/\/blogsaverroes.juntadeandalucia.es\/iesisidorosanchez\/files\/2023\/02\/pp_aula_emprendimiento-300x200.jpg 300w\" sizes=\"(max-width: 600px) 100vw, 600px\" \/>        <\/a>\n    \n        <\/div>\n    <!-- \/image-wrap -->\n    \n        <\/div>\n<!-- \/module image --><!-- module text -->\n<div  class=\"module module-text tb_abej931   \" data-lazy=\"1\">\n        <div  class=\"tb_text_wrap\">\n        <p style=\"text-align: center;\"><a href=\"https:\/\/www.juntadeandalucia.es\/educacion\/portals\/web\/formacion-profesional-andaluza\/docente\/formacion-y-empresa\/emprendimiento\/aulas-emprendimiento\" target=\"_blank\" rel=\"noopener\">Aula de emprendimiento<\/a><\/p>    <\/div>\n<\/div>\n<!-- \/module text -->        <\/div>\n                    <div  data-lazy=\"1\" class=\"module_column tb-column col4-1 tb_s742345\">\n                    <!-- module image -->\n<div  class=\"module module-image tb_scyz932 image-center rounded drop-shadow bordered  tf_mw\" data-lazy=\"1\">\n        <div class=\"image-wrap tf_rel tf_mw\">\n            <a href=\"https:\/\/www.juntadeandalucia.es\/educacion\/portals\/web\/formacion-profesional-andaluza\/docente\/aulas-bilingues\" rel=\"noopener\" target=\"_blank\">\n                   <img loading=\"lazy\" decoding=\"async\" width=\"229\" height=\"150\" src=\"https:\/\/blogsaverroes.juntadeandalucia.es\/iesisidorosanchez\/files\/2023\/02\/pp_aulas_bilingues_v2.jpg\" class=\"wp-post-image wp-image-2340\" title=\"Aulas Biling\u00fces\" alt=\"Aulas Biling\u00fces\">        <\/a>\n    \n        <\/div>\n    <!-- \/image-wrap -->\n    \n        <\/div>\n<!-- \/module image --><!-- module text -->\n<div  class=\"module module-text tb_aafk933   \" data-lazy=\"1\">\n        <div  class=\"tb_text_wrap\">\n        <p style=\"text-align: center;\"><a href=\"https:\/\/www.juntadeandalucia.es\/educacion\/portals\/web\/formacion-profesional-andaluza\/docente\/aulas-bilingues\" target=\"_blank\" rel=\"noopener\">Aulas biling\u00fces<\/a><\/p>    <\/div>\n<\/div>\n<!-- \/module text -->        <\/div>\n                    <div  data-lazy=\"1\" class=\"module_column tb-column col4-1 tb_jxhl347\">\n                            <\/div>\n                    <div  data-lazy=\"1\" class=\"module_column tb-column col4-1 tb_sidk348 last\">\n                            <\/div>\n                        <\/div>\n        <\/div>\n        <\/div>\n<!--\/themify_builder_content-->&nbsp;<\/p>","protected":false},"excerpt":{"rendered":"<p>Estos son los Planes y Programas Educativos que desarrollamos en nuestro Centro: ALDEA. Educaci\u00f3n ambiental para la sostenibilidad. Plan de apertura de centros Plan de compensaci\u00f3n educativa Convivencia escolar Escuela espacio de paz H\u00e1bitos de vida saludable. Forma Joven Plan de igualdad Cultura emprendedora. Programa Innicia Bibliotecas escolares. Plan lector Transformaci\u00f3n digital educativa Proyecto STEAM: [&hellip;]<\/p>\n","protected":false},"author":15654,"featured_media":0,"parent":0,"menu_order":0,"comment_status":"closed","ping_status":"closed","template":"","meta":{"ngg_post_thumbnail":0,"footnotes":""},"aioseo_notices":[],"_links":{"self":[{"href":"https:\/\/blogsaverroes.juntadeandalucia.es\/iesisidorosanchez\/wp-json\/wp\/v2\/pages\/2141"}],"collection":[{"href":"https:\/\/blogsaverroes.juntadeandalucia.es\/iesisidorosanchez\/wp-json\/wp\/v2\/pages"}],"about":[{"href":"https:\/\/blogsaverroes.juntadeandalucia.es\/iesisidorosanchez\/wp-json\/wp\/v2\/types\/page"}],"author":[{"embeddable":true,"href":"https:\/\/blogsaverroes.juntadeandalucia.es\/iesisidorosanchez\/wp-json\/wp\/v2\/users\/15654"}],"replies":[{"embeddable":true,"href":"https:\/\/blogsaverroes.juntadeandalucia.es\/iesisidorosanchez\/wp-json\/wp\/v2\/comments?post=2141"}],"version-history":[{"count":135,"href":"https:\/\/blogsaverroes.juntadeandalucia.es\/iesisidorosanchez\/wp-json\/wp\/v2\/pages\/2141\/revisions"}],"predecessor-version":[{"id":3152,"href":"https:\/\/blogsaverroes.juntadeandalucia.es\/iesisidorosanchez\/wp-json\/wp\/v2\/pages\/2141\/revisions\/3152"}],"wp:attachment":[{"href":"https:\/\/blogsaverroes.juntadeandalucia.es\/iesisidorosanchez\/wp-json\/wp\/v2\/media?parent=2141"}],"curies":[{"name":"wp","href":"https:\/\/api.w.org\/{rel}","templated":true}]}}