{"id":2547,"date":"2023-03-21T10:59:13","date_gmt":"2023-03-21T09:59:13","guid":{"rendered":"https:\/\/blogsaverroes.juntadeandalucia.es\/iesisidorosanchez\/?page_id=2547"},"modified":"2026-04-17T11:18:22","modified_gmt":"2026-04-17T10:18:22","slug":"becas-y-ayudas-al-estudio","status":"publish","type":"page","link":"https:\/\/blogsaverroes.juntadeandalucia.es\/iesisidorosanchez\/becas-y-ayudas-al-estudio\/","title":{"rendered":"Becas y ayudas al estudio"},"content":{"rendered":"<div class=\"col\">\n<div class=\"cim lg centrada \">\n<p><img loading=\"lazy\" decoding=\"async\" class=\"aligncenter\" title=\"Becas\" src=\"https:\/\/blogsaverroes.juntadeandalucia.es\/iesisidorosanchez\/files\/2025\/03\/becas.png\" alt=\"Becas\" width=\"109\" height=\"109\"\/><\/p>\n<p class=\"pie\" style=\"text-align: center\"><strong>BECA GENERAL<\/strong><\/p>\n<\/div>\n<div class=\"cte\">\n<p class=\"ta-center\" style=\"text-align: center\">Curso 2026\/2027<\/p>\n<p class=\"ta-center\" style=\"text-align: center\">Bachillerato y FP<\/p>\n<p style=\"text-align: center\">(Grado B\u00e1sico, Grado Medio y Grado Superior)<\/p>\n<\/div>\n<p style=\"text-align: center\"><img loading=\"lazy\" decoding=\"async\" class=\"\" title=\"Campana de aviso\" src=\"https:\/\/blogsaverroes.juntadeandalucia.es\/iesisidorosanchez\/files\/2025\/03\/aviso.png\" alt=\"Campana de aviso\" width=\"51\" height=\"51\"\/><\/p>\n<p style=\"text-align: center\">El plazo de solicitud es del <strong>07 de abril de 2026 a las 08:00 hasta el 18 de mayo de 2026 a las 15:00<\/strong>.<\/p>\n<p style=\"text-align: center\"><span style=\"font-size: 13pt\"> <a style=\"padding: 10px 20px;background-color: #1d5d99;color: white;text-align: center;text-decoration: none;border-radius: 5px\" href=\"https:\/\/sede.educacion.gob.es\/sede\/login\/inicio.jjsp?idConvocatoria=2482\" target=\"_blank\" rel=\"noopener\">SOLICITA TU BECA<\/a><\/span><\/p>\n<p style=\"text-align: center\"><a href=\"https:\/\/www.becaseducacion.gob.es\/becas-y-ayudas.html\" target=\"_blank\" rel=\"noopener\">M\u00e1s informaci\u00f3n en la p\u00e1gina web del Ministerio de Educaci\u00f3n, Formaci\u00f3n Profesional y Deportes.<\/a><\/p>\n<\/div>\n","protected":false},"excerpt":{"rendered":"<p>BECA GENERAL Curso 2026\/2027 Bachillerato y FP (Grado B\u00e1sico, Grado Medio y Grado Superior) El plazo de solicitud es del 07 de abril de 2026 a las 08:00 hasta el 18 de mayo de 2026 a las 15:00. SOLICITA TU BECA M\u00e1s informaci\u00f3n en la p\u00e1gina web del Ministerio de Educaci\u00f3n, Formaci\u00f3n Profesional y Deportes.<\/p>\n","protected":false},"author":15654,"featured_media":0,"parent":0,"menu_order":0,"comment_status":"closed","ping_status":"closed","template":"","meta":{"ngg_post_thumbnail":0,"footnotes":""},"aioseo_notices":[],"_links":{"self":[{"href":"https:\/\/blogsaverroes.juntadeandalucia.es\/iesisidorosanchez\/wp-json\/wp\/v2\/pages\/2547"}],"collection":[{"href":"https:\/\/blogsaverroes.juntadeandalucia.es\/iesisidorosanchez\/wp-json\/wp\/v2\/pages"}],"about":[{"href":"https:\/\/blogsaverroes.juntadeandalucia.es\/iesisidorosanchez\/wp-json\/wp\/v2\/types\/page"}],"author":[{"embeddable":true,"href":"https:\/\/blogsaverroes.juntadeandalucia.es\/iesisidorosanchez\/wp-json\/wp\/v2\/users\/15654"}],"replies":[{"embeddable":true,"href":"https:\/\/blogsaverroes.juntadeandalucia.es\/iesisidorosanchez\/wp-json\/wp\/v2\/comments?post=2547"}],"version-history":[{"count":26,"href":"https:\/\/blogsaverroes.juntadeandalucia.es\/iesisidorosanchez\/wp-json\/wp\/v2\/pages\/2547\/revisions"}],"predecessor-version":[{"id":4491,"href":"https:\/\/blogsaverroes.juntadeandalucia.es\/iesisidorosanchez\/wp-json\/wp\/v2\/pages\/2547\/revisions\/4491"}],"wp:attachment":[{"href":"https:\/\/blogsaverroes.juntadeandalucia.es\/iesisidorosanchez\/wp-json\/wp\/v2\/media?parent=2547"}],"curies":[{"name":"wp","href":"https:\/\/api.w.org\/{rel}","templated":true}]}}