{"id":3528,"date":"2024-02-23T09:18:57","date_gmt":"2024-02-23T08:18:57","guid":{"rendered":"https:\/\/blogsaverroes.juntadeandalucia.es\/iesisidorosanchez\/?page_id=3528"},"modified":"2024-02-23T09:18:57","modified_gmt":"2024-02-23T08:18:57","slug":"solicitud-telematica-de-titulos","status":"publish","type":"page","link":"https:\/\/blogsaverroes.juntadeandalucia.es\/iesisidorosanchez\/solicitud-telematica-de-titulos\/","title":{"rendered":"Solicitud telem\u00e1tica de t\u00edtulos"},"content":{"rendered":"<p style=\"text-align: center\"><span style=\"color: #000000\">PROCEDIMIENTO DE SOLICITUD TELEM\u00c1TICA DE T\u00cdTULOS<\/span><\/p>\n<p style=\"text-align: center\"><span style=\"color: #000000\">BACHILLERATO Y CICLOS FORMATIVOS<\/span><\/p>\n<p>&nbsp;<\/p>\n<p><span style=\"color: #000000\">Para&nbsp;<strong>solicitar la expedici\u00f3n de un t\u00edtulo acad\u00e9mico<\/strong>&nbsp;debe seguir los siguientes pasos:<\/span><\/p>\n<ol>\n<li><span style=\"color: #000000\">Acceda a la <a style=\"color: #000000\" href=\"https:\/\/www.juntadeandalucia.es\/educacion\/secretariavirtual\/\" target=\"_blank\" rel=\"noopener noreferrer\">Secretaria Virtual de los centros educativos de Andaluc\u00eda<\/a>.<\/span><\/li>\n<li><span style=\"color: #000000\">Pulse en \u00ab<strong>Solicitudes<\/strong>\u00ab, a continuaci\u00f3n pulse en la pesta\u00f1a \u201c<strong>Tr\u00e1mites Generales<\/strong>\u201d y, por \u00faltimo, en \u00ab<strong>Solicitud de expedici\u00f3n de t\u00edtulos del alumnado<\/strong>\u00ab.<\/span><\/li>\n<li><span style=\"color: #000000\">A continuaci\u00f3n deber\u00e1&nbsp;<strong>identificarse <\/strong>para acceder al tr\u00e1mite, mediante <strong>clave iANDe, autenticaci\u00f3n &#8211; Cl@ve, Certificado Digital o DNI-e<\/strong>. Si no recuerda su clave iANDE, puede consultar la secci\u00f3n <a style=\"color: #000000\" href=\"https:\/\/blogsaverroes.juntadeandalucia.es\/iesisidorosanchez\/preguntas-frecuentes\/\" target=\"_blank\" rel=\"noopener noreferrer\">preguntas frecuentes<\/a> de nuestra web o, solicitarla de manera presencial en la secretar\u00eda del centro o de cualquier otro centro educativo.<img loading=\"lazy\" decoding=\"async\" class=\"aligncenter\" src=\"https:\/\/blogsaverroes.juntadeandalucia.es\/iesisidorosanchez\/files\/2024\/02\/secretariaVirtual.png\" width=\"911\" height=\"425\"\/>&nbsp;<\/span><\/li>\n<li><span style=\"color: #000000\">A continuaci\u00f3n, cumplimente los datos requeridos:<\/span>\n<ol>\n<li><span style=\"color: #000000\"><strong>DATOS PERSONALES<\/strong> y <strong>DATOS FAMILIARES<\/strong> de la persona solicitante del T\u00edtulo.<\/span><\/li>\n<li><span style=\"color: #000000\"><strong>DATOS DE LA SOLICITUD<\/strong>:<\/span>\n<ul>\n<li>\n<div><span style=\"color: #000000\"><strong>Centro al que se dirige la solicitud:<\/strong> puse en la lupa o introduzca manualmente el c\u00f3digo 29010365 que corresponde a nuestro centro (I.E.S Profesor Isidoro S\u00e1nchez) y lo seleccionamos.<\/span><\/div>\n<\/li>\n<li>\n<div><span style=\"color: #000000\">Seleccione la <strong>ense\u00f1anza de la que desea solicitar el t\u00edtulo<\/strong>.<\/span><\/div>\n<\/li>\n<\/ul>\n<\/li>\n<li><span style=\"color: #000000\"><strong>SITUACI\u00d3N PERSONAL (Liquidaci\u00f3n de tasas):<\/strong>&nbsp;Marcamos la situaci\u00f3n personal correspondiente.<\/span><\/li>\n<li><span style=\"color: #000000\"><strong>CONSENTIMIENTO EXPRESO DE CONSULTA DE DATOS DE IDENTIDAD<\/strong> de la persona solicitante.<\/span><\/li>\n<li><span style=\"color: #000000\"><strong>ACREDITACI\u00d3N DE LAS CIRCUNSTANCIAS DECLARADAS<\/strong>.<\/span><\/li>\n<li><span style=\"color: #000000\">Para realizar el pago pulse el bot\u00f3n \u201c<strong>Iniciar pago simplificado<\/strong>\u201d para dirigirse a la plataforma de pago de la Junta de Andaluc\u00eda y realizar el pago con tarjeta bancaria (En el pago telem\u00e1tico el importe tiene aplicado un descuento).<img decoding=\"async\" class=\"aligncenter\" src=\"https:\/\/blogsaverroes.juntadeandalucia.es\/iesisidorosanchez\/files\/2024\/02\/pagotelematico.png\" height=\"300\"\/>&nbsp;<\/span><\/li>\n<\/ol>\n<\/li>\n<\/ol>\n<p><span style=\"color: #000000\">Una vez que hayas efectuado el pago, aparecer\u00e1 el siguiente mensaje: pulsa siguiente.<\/span><br \/>\n<span style=\"color: #000000\"><img decoding=\"async\" class=\"aligncenter\" src=\"https:\/\/blogsaverroes.juntadeandalucia.es\/iesisidorosanchez\/files\/2024\/02\/informacionpago.png\" height=\"300\"\/><\/span><br \/>\n<span style=\"color: #000000\">Inmediatamente despu\u00e9s se nos mostrar\u00e1 en pantalla el borrador del Documento de solicitud para que lo comprobemos y firmemos.<\/span><br \/>\n<span style=\"color: #000000\"><img decoding=\"async\" class=\"aligncenter\" src=\"https:\/\/blogsaverroes.juntadeandalucia.es\/iesisidorosanchez\/files\/2024\/02\/borrador.png\" height=\"300\"\/><\/span><\/p>\n<p><span style=\"color: #000000\">PARA FIRMAR DIGITALMENTE EL DOCUMENTO pulsamos en \u00ab<strong>FIRMAR Y PRESENTAR LA SOLICITUD(SMS)<\/strong>\u00ab, introducimos el n\u00famero de tel\u00e9fono m\u00f3vil al que deseemos que nos env\u00eden la clave de firma.<\/span><\/p>\n<p><span style=\"color: #000000\">Una vez realizada la presentaci\u00f3n telem\u00e1tica de solicitud se nos informar\u00e1 y podremos descargar en PDF la solicitud como resguardo de su presentaci\u00f3n.<\/span><br \/>\n<img decoding=\"async\" class=\"aligncenter\" src=\"https:\/\/blogsaverroes.juntadeandalucia.es\/iesisidorosanchez\/files\/2024\/02\/solicitud.png\" height=\"300\"\/><\/p>\n<!--themify_builder_content-->\n<div id=\"themify_builder_content-3528\" data-postid=\"3528\" class=\"themify_builder_content themify_builder_content-3528 themify_builder tf_clear\">\n    <\/div>\n<!--\/themify_builder_content-->\n","protected":false},"excerpt":{"rendered":"<p>PROCEDIMIENTO DE SOLICITUD TELEM\u00c1TICA DE T\u00cdTULOS BACHILLERATO Y CICLOS FORMATIVOS &nbsp; Para&nbsp;solicitar la expedici\u00f3n de un t\u00edtulo acad\u00e9mico&nbsp;debe seguir los siguientes pasos: Acceda a la Secretaria Virtual de los centros educativos de Andaluc\u00eda. Pulse en \u00abSolicitudes\u00ab, a continuaci\u00f3n pulse en la pesta\u00f1a \u201cTr\u00e1mites Generales\u201d y, por \u00faltimo, en \u00abSolicitud de expedici\u00f3n de t\u00edtulos del alumnado\u00ab. [&hellip;]<\/p>\n","protected":false},"author":15654,"featured_media":0,"parent":0,"menu_order":0,"comment_status":"closed","ping_status":"closed","template":"","meta":{"ngg_post_thumbnail":0,"footnotes":""},"aioseo_notices":[],"_links":{"self":[{"href":"https:\/\/blogsaverroes.juntadeandalucia.es\/iesisidorosanchez\/wp-json\/wp\/v2\/pages\/3528"}],"collection":[{"href":"https:\/\/blogsaverroes.juntadeandalucia.es\/iesisidorosanchez\/wp-json\/wp\/v2\/pages"}],"about":[{"href":"https:\/\/blogsaverroes.juntadeandalucia.es\/iesisidorosanchez\/wp-json\/wp\/v2\/types\/page"}],"author":[{"embeddable":true,"href":"https:\/\/blogsaverroes.juntadeandalucia.es\/iesisidorosanchez\/wp-json\/wp\/v2\/users\/15654"}],"replies":[{"embeddable":true,"href":"https:\/\/blogsaverroes.juntadeandalucia.es\/iesisidorosanchez\/wp-json\/wp\/v2\/comments?post=3528"}],"version-history":[{"count":16,"href":"https:\/\/blogsaverroes.juntadeandalucia.es\/iesisidorosanchez\/wp-json\/wp\/v2\/pages\/3528\/revisions"}],"predecessor-version":[{"id":3592,"href":"https:\/\/blogsaverroes.juntadeandalucia.es\/iesisidorosanchez\/wp-json\/wp\/v2\/pages\/3528\/revisions\/3592"}],"wp:attachment":[{"href":"https:\/\/blogsaverroes.juntadeandalucia.es\/iesisidorosanchez\/wp-json\/wp\/v2\/media?parent=3528"}],"curies":[{"name":"wp","href":"https:\/\/api.w.org\/{rel}","templated":true}]}}