{"id":4265,"date":"2025-04-22T09:28:27","date_gmt":"2025-04-22T08:28:27","guid":{"rendered":"https:\/\/blogsaverroes.juntadeandalucia.es\/iesisidorosanchez\/?page_id=4265"},"modified":"2025-04-22T10:02:47","modified_gmt":"2025-04-22T09:02:47","slug":"bienvenida-al-centro","status":"publish","type":"page","link":"https:\/\/blogsaverroes.juntadeandalucia.es\/iesisidorosanchez\/bienvenida-al-centro\/","title":{"rendered":"Bienvenida al centro"},"content":{"rendered":"<p style=\"text-align: justify\">Bienvenidos al IES Profesor Isidoro S\u00e1nchez:<\/p>\n<p style=\"text-align: justify\">Es un honor darles la bienvenida a nuestro centro, un espacio de crecimiento, formaci\u00f3n y convivencia donde cada estudiante es protagonista de su propio futuro. Nuestra misi\u00f3n es clara: ofrecer una <strong>educaci\u00f3n integral<\/strong> basada en valores que prepare a nuestro alumnado para los retos del ma\u00f1ana.<\/p>\n<p style=\"text-align: justify\">Asimismo, contamos con un equipo de <strong>profesionales<\/strong> altamente cualificados que gu\u00eda a nuestro alumnado en su trayectoria acad\u00e9mica, prepar\u00e1ndolos para el mundo laboral y los estudios superiores porque el <strong>\u00e9xito<\/strong> se construye d\u00eda a d\u00eda. As\u00ed pues, fomentamos el compromiso, la disciplina, el esfuerzo y la dedicaci\u00f3n como herramientas esenciales para el <strong>desarrollo personal y profesional<\/strong>. Sabemos que cada estudiante tiene sus propias necesidades, intereses y talentos. Nuestro modelo educativo garantiza una ense\u00f1anza cercana, con apoyo constante para su crecimiento acad\u00e9mico y emocional.<\/p>\n<p style=\"text-align: justify\">Pero m\u00e1s all\u00e1 de los conocimientos, buscamos formar personas \u00edntegras impulsando proyectos que refuercen <strong>la solidaridad, el liderazgo, la responsabilidad y la cooperaci\u00f3n<\/strong>. Y, adem\u00e1s, creemos en la riqueza que aporta la diversidad cultural. En nuestras aulas, alumnado de distintos or\u00edgenes comparten experiencias, enriqueciendo su visi\u00f3n del mundo y fomentando el respeto mutuo.<\/p>\n<p style=\"text-align: justify\">En el IES Profesor Isidoro S\u00e1nchez no solo formamos alumnos, formamos <strong>ciudadanos preparados<\/strong> para un mundo en constante cambio. Les invitamos a conocer nuestro centro, nuestras actividades y a ser parte de esta comunidad educativa donde cada d\u00eda es una nueva oportunidad para aprender y avanzar.<\/p>\n<p style=\"text-align: justify\"><strong>\u00a1Bienvenidos a su futuro!<\/strong><\/p>\n","protected":false},"excerpt":{"rendered":"<p>Bienvenidos al IES Profesor Isidoro S\u00e1nchez: Es un honor darles la bienvenida a nuestro centro, un espacio de crecimiento, formaci\u00f3n y convivencia donde cada estudiante es protagonista de su propio futuro. Nuestra misi\u00f3n es clara: ofrecer una educaci\u00f3n integral basada en valores que prepare a nuestro alumnado para los retos del ma\u00f1ana. Asimismo, contamos con [&hellip;]<\/p>\n","protected":false},"author":14467,"featured_media":0,"parent":0,"menu_order":0,"comment_status":"closed","ping_status":"closed","template":"","meta":{"ngg_post_thumbnail":0,"footnotes":""},"aioseo_notices":[],"_links":{"self":[{"href":"https:\/\/blogsaverroes.juntadeandalucia.es\/iesisidorosanchez\/wp-json\/wp\/v2\/pages\/4265"}],"collection":[{"href":"https:\/\/blogsaverroes.juntadeandalucia.es\/iesisidorosanchez\/wp-json\/wp\/v2\/pages"}],"about":[{"href":"https:\/\/blogsaverroes.juntadeandalucia.es\/iesisidorosanchez\/wp-json\/wp\/v2\/types\/page"}],"author":[{"embeddable":true,"href":"https:\/\/blogsaverroes.juntadeandalucia.es\/iesisidorosanchez\/wp-json\/wp\/v2\/users\/14467"}],"replies":[{"embeddable":true,"href":"https:\/\/blogsaverroes.juntadeandalucia.es\/iesisidorosanchez\/wp-json\/wp\/v2\/comments?post=4265"}],"version-history":[{"count":4,"href":"https:\/\/blogsaverroes.juntadeandalucia.es\/iesisidorosanchez\/wp-json\/wp\/v2\/pages\/4265\/revisions"}],"predecessor-version":[{"id":4272,"href":"https:\/\/blogsaverroes.juntadeandalucia.es\/iesisidorosanchez\/wp-json\/wp\/v2\/pages\/4265\/revisions\/4272"}],"wp:attachment":[{"href":"https:\/\/blogsaverroes.juntadeandalucia.es\/iesisidorosanchez\/wp-json\/wp\/v2\/media?parent=4265"}],"curies":[{"name":"wp","href":"https:\/\/api.w.org\/{rel}","templated":true}]}}