{"id":556,"date":"2021-11-02T17:15:54","date_gmt":"2021-11-02T16:15:54","guid":{"rendered":"https:\/\/blogsaverroes.juntadeandalucia.es\/iesisidorosanchez\/?page_id=556"},"modified":"2024-09-08T09:14:17","modified_gmt":"2024-09-08T08:14:17","slug":"equipo-directivo","status":"publish","type":"page","link":"https:\/\/blogsaverroes.juntadeandalucia.es\/iesisidorosanchez\/equipo-directivo\/","title":{"rendered":"Equipo Directivo"},"content":{"rendered":"<table style=\"width: 100%\" cellspacing=\"10%\" cellpadding=\"10%\">\n<tbody>\n<tr>\n<td style=\"width: 50%;text-align: right\"><strong>DIRECCI\u00d3N:<\/strong><\/td>\n<td style=\"width: 50%\">Francisco Mart\u00ednez Pulido<\/td>\n<\/tr>\n<tr>\n<td style=\"width: 50%;text-align: right\"><strong>VICEDIRECCI\u00d3N:<\/strong><\/td>\n<td style=\"width: 50%\">Rahuel Hafner Mallada<\/td>\n<\/tr>\n<tr>\n<td style=\"width: 50%;text-align: right\"><strong>SECRETAR\u00cdA:<\/strong><\/td>\n<td style=\"width: 50%\">Jacinta Rivas L\u00f3pez<\/td>\n<\/tr>\n<tr>\n<td style=\"width: 50%;text-align: right\"><strong>JEFATURA DE ESTUDIOS:<\/strong><\/td>\n<td style=\"width: 50%\">Mar\u00eda Soto Luque<\/td>\n<\/tr>\n<tr>\n<td style=\"width: 50%;text-align: right\"><strong>JEFATURA DE ESTUDIOS ADJUNTA:<\/strong><\/td>\n<td style=\"width: 50%\">Beatriz Carrasco Regaliza<\/td>\n<\/tr>\n<tr>\n<td style=\"width: 50%;text-align: right\"><strong>JEFATURA DE ESTUDIOS ADJUNTA:<\/strong><\/td>\n<td style=\"width: 50%\">Ana Bel\u00e9n Caro Arrabal<\/td>\n<\/tr>\n<\/tbody>\n<\/table>\n<!--themify_builder_content-->\n<div id=\"themify_builder_content-556\" data-postid=\"556\" class=\"themify_builder_content themify_builder_content-556 themify_builder tf_clear\">\n    <\/div>\n<!--\/themify_builder_content-->\n","protected":false},"excerpt":{"rendered":"<p>DIRECCI\u00d3N: Francisco Mart\u00ednez Pulido VICEDIRECCI\u00d3N: Rahuel Hafner Mallada SECRETAR\u00cdA: Jacinta Rivas L\u00f3pez JEFATURA DE ESTUDIOS: Mar\u00eda Soto Luque JEFATURA DE ESTUDIOS ADJUNTA: Beatriz Carrasco Regaliza JEFATURA DE ESTUDIOS ADJUNTA: Ana Bel\u00e9n Caro Arrabal<\/p>\n","protected":false},"author":13803,"featured_media":0,"parent":0,"menu_order":0,"comment_status":"closed","ping_status":"closed","template":"","meta":{"ngg_post_thumbnail":0,"footnotes":""},"aioseo_notices":[],"_links":{"self":[{"href":"https:\/\/blogsaverroes.juntadeandalucia.es\/iesisidorosanchez\/wp-json\/wp\/v2\/pages\/556"}],"collection":[{"href":"https:\/\/blogsaverroes.juntadeandalucia.es\/iesisidorosanchez\/wp-json\/wp\/v2\/pages"}],"about":[{"href":"https:\/\/blogsaverroes.juntadeandalucia.es\/iesisidorosanchez\/wp-json\/wp\/v2\/types\/page"}],"author":[{"embeddable":true,"href":"https:\/\/blogsaverroes.juntadeandalucia.es\/iesisidorosanchez\/wp-json\/wp\/v2\/users\/13803"}],"replies":[{"embeddable":true,"href":"https:\/\/blogsaverroes.juntadeandalucia.es\/iesisidorosanchez\/wp-json\/wp\/v2\/comments?post=556"}],"version-history":[{"count":17,"href":"https:\/\/blogsaverroes.juntadeandalucia.es\/iesisidorosanchez\/wp-json\/wp\/v2\/pages\/556\/revisions"}],"predecessor-version":[{"id":4128,"href":"https:\/\/blogsaverroes.juntadeandalucia.es\/iesisidorosanchez\/wp-json\/wp\/v2\/pages\/556\/revisions\/4128"}],"wp:attachment":[{"href":"https:\/\/blogsaverroes.juntadeandalucia.es\/iesisidorosanchez\/wp-json\/wp\/v2\/media?parent=556"}],"curies":[{"name":"wp","href":"https:\/\/api.w.org\/{rel}","templated":true}]}}