{"id":1295,"date":"2025-07-29T11:08:54","date_gmt":"2025-07-29T10:08:54","guid":{"rendered":"https:\/\/blogsaverroes.juntadeandalucia.es\/iesjacaranda\/?page_id=1295"},"modified":"2025-07-29T12:40:17","modified_gmt":"2025-07-29T11:40:17","slug":"civitas-hacia-una-ciudad-ecologica","status":"publish","type":"page","link":"https:\/\/blogsaverroes.juntadeandalucia.es\/iesjacaranda\/civitas-hacia-una-ciudad-ecologica\/","title":{"rendered":"Civitas: Hacia una ciudad ecol\u00f3gica"},"content":{"rendered":"<p>El proyecto \u201cCivitas: Hacia una ciudad ecol\u00f3gica\u201d est\u00e1 cofinanciado por la Uni\u00f3n Europea. Las opiniones y puntos de vista expresados en esta publicaci\u00f3n solo comprometen a su(s) autor(es), I.E.S. Jacarand\u00e1 y no reflejan necesariamente los de la Uni\u00f3n Europea ni los del Servicio Espa\u00f1ol para la Internacionalizaci\u00f3n de la Educaci\u00f3n (SEPIE). Ni la Uni\u00f3n Europea ni la Agencia Nacional SEPIE pueden ser considerados responsables de ellos.<\/p>\n<p><img loading=\"lazy\" decoding=\"async\" class=\"alignnone size-medium wp-image-1296 aligncenter\" src=\"https:\/\/blogsaverroes.juntadeandalucia.es\/iesjacaranda\/files\/2025\/07\/Civitas-Hacia-una-ciudad-ecologica-300x169.png\" alt=\"\" width=\"300\" height=\"169\"><\/p>\n<p class=\"cgHgbA pYZEjA Xp24Nw PanoWQ\"><a href=\"https:\/\/www.canva.com\/design\/DAGiph7KqpA\/PIJGnpuBIGDPy-vKMfuYOw\/edit\"><span class=\"OYPEnA\">Introducing Sustainability Through&nbsp;<\/span><span class=\"OYPEnA\">Game-Based Learning and Gamification<\/span><\/a><\/p>\n<p><a href=\"https:\/\/www.canva.com\/design\/DAGhcqiDdaM\/C5-rinDXfTdcSWBurTkiSQ\/edit\"><span style=\"font-weight: 400\">Zen and the Art of School Gardening<\/span><\/a><\/p>\n<p><a href=\"https:\/\/padlet.com\/rafaelangelferrermartinez1\/erasmus-environmental-education-learning-and-acting-for-a-be-zwu619k3keez2mrb\"><span style=\"font-weight: 400\">Environmental Education: Learning and Acting for a Better Future<\/span><\/a><\/p>\n<p>&nbsp;<\/p>\n<p><iframe loading=\"lazy\" src=\"https:\/\/drive.google.com\/embeddedfolderview?id=1LvO-YHXhx6nf2wwLdPKmGVKTND0wOrOs#grid\" width=\"100%\" height=\"500\" frameborder=\"0\"><\/iframe><\/p>\n","protected":false},"excerpt":{"rendered":"<p>El proyecto \u201cCivitas: Hacia una ciudad ecol\u00f3gica\u201d est\u00e1 cofinanciado por la Uni\u00f3n Europea. Las opiniones y puntos de vista expresados en esta publicaci\u00f3n solo comprometen a su(s) autor(es), I.E.S. Jacarand\u00e1 y no reflejan necesariamente los de la Uni\u00f3n Europea ni los del Servicio Espa\u00f1ol para la Internacionalizaci\u00f3n de la Educaci\u00f3n (SEPIE). Ni la Uni\u00f3n Europea [&hellip;]<\/p>\n","protected":false},"author":17802,"featured_media":0,"parent":0,"menu_order":0,"comment_status":"closed","ping_status":"closed","template":"","meta":{"_et_pb_use_builder":"","_et_pb_old_content":"","_et_gb_content_width":"","ngg_post_thumbnail":0,"footnotes":"","_mc_calendar":[]},"aioseo_notices":[],"_links":{"self":[{"href":"https:\/\/blogsaverroes.juntadeandalucia.es\/iesjacaranda\/wp-json\/wp\/v2\/pages\/1295"}],"collection":[{"href":"https:\/\/blogsaverroes.juntadeandalucia.es\/iesjacaranda\/wp-json\/wp\/v2\/pages"}],"about":[{"href":"https:\/\/blogsaverroes.juntadeandalucia.es\/iesjacaranda\/wp-json\/wp\/v2\/types\/page"}],"author":[{"embeddable":true,"href":"https:\/\/blogsaverroes.juntadeandalucia.es\/iesjacaranda\/wp-json\/wp\/v2\/users\/17802"}],"replies":[{"embeddable":true,"href":"https:\/\/blogsaverroes.juntadeandalucia.es\/iesjacaranda\/wp-json\/wp\/v2\/comments?post=1295"}],"version-history":[{"count":3,"href":"https:\/\/blogsaverroes.juntadeandalucia.es\/iesjacaranda\/wp-json\/wp\/v2\/pages\/1295\/revisions"}],"predecessor-version":[{"id":1305,"href":"https:\/\/blogsaverroes.juntadeandalucia.es\/iesjacaranda\/wp-json\/wp\/v2\/pages\/1295\/revisions\/1305"}],"wp:attachment":[{"href":"https:\/\/blogsaverroes.juntadeandalucia.es\/iesjacaranda\/wp-json\/wp\/v2\/media?parent=1295"}],"curies":[{"name":"wp","href":"https:\/\/api.w.org\/{rel}","templated":true}]}}