{"id":625,"date":"2023-04-28T10:23:55","date_gmt":"2023-04-28T09:23:55","guid":{"rendered":"https:\/\/blogsaverroes.juntadeandalucia.es\/iesjacaranda\/?page_id=625"},"modified":"2023-04-28T10:34:13","modified_gmt":"2023-04-28T09:34:13","slug":"programa-comunica","status":"publish","type":"page","link":"https:\/\/blogsaverroes.juntadeandalucia.es\/iesjacaranda\/programa-comunica\/","title":{"rendered":"Programa ComunicA"},"content":{"rendered":"<p><a href=\"https:\/\/comunica-jacaranda.blogspot.com\/\"><img decoding=\"async\" class=\"aligncenter\" src=\"https:\/\/www.juntadeandalucia.es\/educacion\/portals\/ishare-servlet\/content\/3cdaf879-45ee-42ce-8905-9de0e100e651\" alt=\"ComunicA\"><\/a><\/p>\n<p>ComunicA es un Programa para la Innovaci\u00f3n Educativa que presenta una visi\u00f3n integradora de las tipolog\u00edas textuales como manifestaci\u00f3n cultural, ling\u00fc\u00edstica, est\u00e9tica, social, \u00e9tica e individual que se vinculan con las competencias clave y las nuevas metodolog\u00edas educativas.<\/p>\n<p>Tiene como objetivo primordial ofrecer estrategias y recursos metodol\u00f3gicos que puedan complementar el curr\u00edculum escolar con medidas de apoyo para la mejora de la lectura, la escritura y la lengua oral.<\/p>\n<p>Para ello establece cuatro l\u00edneas de intervenci\u00f3n: oralidad, lectura &#8211; escritura funcional, lectura &#8211; escritura creativa y alfabetizaci\u00f3n audiovisual. Para cada una de estas l\u00edneas, el programa propone una serie de actividades y sugerencias did\u00e1cticas que se pueden modificar, adaptar y contextualizar.<\/p>\n<p>Los recursos de ComunicA han sido dise\u00f1ados principalmente para la mejora de la competencia en comunicaci\u00f3n ling\u00fc\u00edstica del alumnado y para el disfrute de la lectura en el aula, sin olvidar las posibilidades que ofrece para el desarrollo de otras competencias claves como la Competencia digital, Aprender a aprender, Competencias sociales y c\u00edvicas o Conciencia y expresiones culturales.<\/p>\n<p>Tambi\u00e9n propone modelos de referencia con la intenci\u00f3n de crear un proyecto que establezca la mejora de la competencia ling\u00fc\u00edstica del alumnado atendiendo a las l\u00edneas de intervenci\u00f3n establecidas por ComunicA.<\/p>\n<p>Los centros pueden construir sus proyectos utilizando y contextualizando cuantas actividades consideren oportunas de una u otra l\u00ednea o de uno u otro proyecto modelo.<\/p>\n<p>ComunicA propone una metodolog\u00eda participativa, partiendo del enfoque comunicativo y el aprendizaje contextualizado, el Trabajo basado en Proyectos y\/o Problemas y en la interdisciplinaridad, y da cabida a propuestas como la clase invertida (flipped classroom), la gamificaci\u00f3n u otras que pueden resultar productivas.<\/p>\n<p>&nbsp;<\/p>\n<p style=\"text-align: center\"><a href=\"https:\/\/comunica-jacaranda.blogspot.com\/\"><strong>Os dejamos el enlace del blog del proyecto.<\/strong><\/a><\/p>\n","protected":false},"excerpt":{"rendered":"<p>ComunicA es un Programa para la Innovaci\u00f3n Educativa que presenta una visi\u00f3n integradora de las tipolog\u00edas textuales como manifestaci\u00f3n cultural, ling\u00fc\u00edstica, est\u00e9tica, social, \u00e9tica e individual que se vinculan con las competencias clave y las nuevas metodolog\u00edas educativas. Tiene como objetivo primordial ofrecer estrategias y recursos metodol\u00f3gicos que puedan complementar el curr\u00edculum escolar con medidas [&hellip;]<\/p>\n","protected":false},"author":17802,"featured_media":0,"parent":0,"menu_order":0,"comment_status":"closed","ping_status":"closed","template":"","meta":{"_et_pb_use_builder":"","_et_pb_old_content":"","_et_gb_content_width":"","ngg_post_thumbnail":0,"footnotes":"","_mc_calendar":[]},"aioseo_notices":[],"_links":{"self":[{"href":"https:\/\/blogsaverroes.juntadeandalucia.es\/iesjacaranda\/wp-json\/wp\/v2\/pages\/625"}],"collection":[{"href":"https:\/\/blogsaverroes.juntadeandalucia.es\/iesjacaranda\/wp-json\/wp\/v2\/pages"}],"about":[{"href":"https:\/\/blogsaverroes.juntadeandalucia.es\/iesjacaranda\/wp-json\/wp\/v2\/types\/page"}],"author":[{"embeddable":true,"href":"https:\/\/blogsaverroes.juntadeandalucia.es\/iesjacaranda\/wp-json\/wp\/v2\/users\/17802"}],"replies":[{"embeddable":true,"href":"https:\/\/blogsaverroes.juntadeandalucia.es\/iesjacaranda\/wp-json\/wp\/v2\/comments?post=625"}],"version-history":[{"count":3,"href":"https:\/\/blogsaverroes.juntadeandalucia.es\/iesjacaranda\/wp-json\/wp\/v2\/pages\/625\/revisions"}],"predecessor-version":[{"id":634,"href":"https:\/\/blogsaverroes.juntadeandalucia.es\/iesjacaranda\/wp-json\/wp\/v2\/pages\/625\/revisions\/634"}],"wp:attachment":[{"href":"https:\/\/blogsaverroes.juntadeandalucia.es\/iesjacaranda\/wp-json\/wp\/v2\/media?parent=625"}],"curies":[{"name":"wp","href":"https:\/\/api.w.org\/{rel}","templated":true}]}}