{"id":695,"date":"2023-05-05T11:36:03","date_gmt":"2023-05-05T10:36:03","guid":{"rendered":"https:\/\/blogsaverroes.juntadeandalucia.es\/iesjacaranda\/?page_id=695"},"modified":"2023-05-05T11:36:03","modified_gmt":"2023-05-05T10:36:03","slug":"historico-erasmus","status":"publish","type":"page","link":"https:\/\/blogsaverroes.juntadeandalucia.es\/iesjacaranda\/historico-erasmus\/","title":{"rendered":"Hist\u00f3rico Erasmus"},"content":{"rendered":"<p>Aqu\u00ed puedes encontrar informaci\u00f3n sobre los diferentes proyectos Erasmus en los que ha participado el centro<\/p>\n<p>&nbsp;<\/p>\n<p><iframe loading=\"lazy\" src=\"https:\/\/drive.google.com\/embeddedfolderview?id=1iGVJxi9RmSmTg95l6bNHZ9gHfucFKcU4#grid\" width=\"100%\" height=\"500\" frameborder=\"0\"><\/iframe><\/p>\n","protected":false},"excerpt":{"rendered":"<p>Aqu\u00ed puedes encontrar informaci\u00f3n sobre los diferentes proyectos Erasmus en los que ha participado el centro &nbsp;<\/p>\n","protected":false},"author":17802,"featured_media":0,"parent":0,"menu_order":0,"comment_status":"closed","ping_status":"closed","template":"","meta":{"_et_pb_use_builder":"","_et_pb_old_content":"","_et_gb_content_width":"","ngg_post_thumbnail":0,"footnotes":"","_mc_calendar":[]},"aioseo_notices":[],"_links":{"self":[{"href":"https:\/\/blogsaverroes.juntadeandalucia.es\/iesjacaranda\/wp-json\/wp\/v2\/pages\/695"}],"collection":[{"href":"https:\/\/blogsaverroes.juntadeandalucia.es\/iesjacaranda\/wp-json\/wp\/v2\/pages"}],"about":[{"href":"https:\/\/blogsaverroes.juntadeandalucia.es\/iesjacaranda\/wp-json\/wp\/v2\/types\/page"}],"author":[{"embeddable":true,"href":"https:\/\/blogsaverroes.juntadeandalucia.es\/iesjacaranda\/wp-json\/wp\/v2\/users\/17802"}],"replies":[{"embeddable":true,"href":"https:\/\/blogsaverroes.juntadeandalucia.es\/iesjacaranda\/wp-json\/wp\/v2\/comments?post=695"}],"version-history":[{"count":1,"href":"https:\/\/blogsaverroes.juntadeandalucia.es\/iesjacaranda\/wp-json\/wp\/v2\/pages\/695\/revisions"}],"predecessor-version":[{"id":696,"href":"https:\/\/blogsaverroes.juntadeandalucia.es\/iesjacaranda\/wp-json\/wp\/v2\/pages\/695\/revisions\/696"}],"wp:attachment":[{"href":"https:\/\/blogsaverroes.juntadeandalucia.es\/iesjacaranda\/wp-json\/wp\/v2\/media?parent=695"}],"curies":[{"name":"wp","href":"https:\/\/api.w.org\/{rel}","templated":true}]}}