{"id":699,"date":"2023-05-10T11:04:53","date_gmt":"2023-05-10T10:04:53","guid":{"rendered":"https:\/\/blogsaverroes.juntadeandalucia.es\/iesjacaranda\/?page_id=699"},"modified":"2023-05-10T11:05:06","modified_gmt":"2023-05-10T10:05:06","slug":"bachillerato","status":"publish","type":"page","link":"https:\/\/blogsaverroes.juntadeandalucia.es\/iesjacaranda\/bachillerato\/","title":{"rendered":"Bachillerato"},"content":{"rendered":"<p>[et_pb_section fb_built=&#8221;1&#8243; _builder_version=&#8221;3.23.3&#8243; custom_padding=&#8221;0px||0px|&#8221; z_index_tablet=&#8221;500&#8243; box_shadow_horizontal_tablet=&#8221;0px&#8221; box_shadow_vertical_tablet=&#8221;0px&#8221; box_shadow_blur_tablet=&#8221;40px&#8221; box_shadow_spread_tablet=&#8221;0px&#8221; global_colors_info=&#8221;{}&#8221; theme_builder_area=&#8221;post_content&#8221;][et_pb_row _builder_version=&#8221;3.25&#8243; background_size=&#8221;initial&#8221; background_position=&#8221;top_left&#8221; background_repeat=&#8221;repeat&#8221; global_colors_info=&#8221;{}&#8221; theme_builder_area=&#8221;post_content&#8221;][et_pb_column type=&#8221;4_4&#8243; _builder_version=&#8221;3.0.47&#8243; custom_padding=&#8221;|||&#8221; global_colors_info=&#8221;{}&#8221; custom_padding__hover=&#8221;|||&#8221; theme_builder_area=&#8221;post_content&#8221;][et_pb_image src=&#8221;https:\/\/blogsaverroes.juntadeandalucia.es\/iesjacaranda\/files\/2020\/01\/cabecera-interior-ies-3.png&#8221; admin_label=&#8221;Imagen de la portada&#8221; _builder_version=&#8221;4.5.0&#8243; vertical_offset_tablet=&#8221;0&#8243; horizontal_offset_tablet=&#8221;0&#8243; z_index_tablet=&#8221;500&#8243; box_shadow_horizontal_tablet=&#8221;0px&#8221; box_shadow_vertical_tablet=&#8221;0px&#8221; box_shadow_blur_tablet=&#8221;40px&#8221; box_shadow_spread_tablet=&#8221;0px&#8221; global_colors_info=&#8221;{}&#8221; theme_builder_area=&#8221;post_content&#8221;][\/et_pb_image][et_pb_accordion toggle_icon=&#8221;&#x50;||divi||400&#8243; _builder_version=&#8221;4.14.5&#8243; _module_preset=&#8221;default&#8221; hover_enabled=&#8221;0&#8243; global_colors_info=&#8221;{}&#8221; theme_builder_area=&#8221;post_content&#8221; sticky_enabled=&#8221;0&#8243;][et_pb_accordion_item title=&#8221;Sobre el bachillerato&#8221; open=&#8221;on&#8221; _builder_version=&#8221;4.14.5&#8243; _module_preset=&#8221;default&#8221; hover_enabled=&#8221;0&#8243; global_colors_info=&#8221;{}&#8221; theme_builder_area=&#8221;post_content&#8221; sticky_enabled=&#8221;0&#8243;]<\/p>\n<div class=\"block block-layout-builder block-field-blocknodepagina-estandarfield-contenido\">\n<div class=\"content\">\n<div class=\"clearfix text-formatted field field--name-field-contenido field--type-text-with-summary field--label-hidden field__item\">\n<p>El Bachillerato es una etapa educativa voluntaria, ya que el&nbsp;sistema educativo andaluz deja de ser obligatorio al finalizar la Educaci\u00f3n Secundaria Obligatoria. A partir de este momento el alumnado puede complementar su formaci\u00f3n&nbsp;durante dos cursos, acad\u00e9micos en una de las tres modalidades de bachillerato, con el objetivo de empezar a especializarse en funci\u00f3n de la trayectoria profesional en la que esten interesados.<\/p>\n<\/div>\n<\/div>\n<\/div>\n<p>Para obtener el t\u00edtulo de Bachiller es necesario superar la evaluaci\u00f3n final de Bachillerato, as\u00ed como haber obtenido una calificaci\u00f3n final de Bachillerato igual o superior a 5 puntos sobre 10.<\/p>\n<p>Los alumnos y las alumnas que tengan un t\u00edtulo de T\u00e9cnico, de T\u00e9cnico Superior o de T\u00e9cnico de las Ense\u00f1anzas Profesionales de M\u00fasica o de Danza, pueden obtener el t\u00edtulo de Bachiller superando la evaluaci\u00f3n final de Bachillerato.<\/p>\n<p>El t\u00edtulo de Bachiller es requisito necesario para acceder&nbsp;distintas ense\u00f1anzas de la educaci\u00f3n superior.<\/p>\n<p>[\/et_pb_accordion_item][et_pb_accordion_item title=&#8221;Itinerario Ciencias y Tecnolog\u00eda. Asignaturas 1\u00b0 y 2\u00b0&#8221; _builder_version=&#8221;4.14.5&#8243; _module_preset=&#8221;default&#8221; hover_enabled=&#8221;0&#8243; global_colors_info=&#8221;{}&#8221; theme_builder_area=&#8221;post_content&#8221; open=&#8221;off&#8221; sticky_enabled=&#8221;0&#8243;]<\/p>\n<h3>1\u00b0 Bachillerato:<\/h3>\n<ul>\n<li>Obligatorias de Modalidad: Matem\u00e1ticas I<\/li>\n<li>Educaci\u00f3n F\u00edsica<\/li>\n<li>1\u00b0 Idioma: Ingl\u00e9s o Franc\u00e9s.<\/li>\n<li>Religi\u00f3n \/ Educaci\u00f3n para la convivencia democr\u00e1tica.<\/li>\n<li>Opci\u00f3n de Modalidad. Elegir dos materias (4h) entre las siguientes:\n<ul>\n<li>F\u00edsica y Qu\u00edmica<\/li>\n<li>Dibujo T\u00e9cnio o Biolog\u00eda, Geolog\u00eda y Ciencias Ambientales.<\/li>\n<li>Tecnolog\u00eda e Ingenier\u00eda I<\/li>\n<\/ul>\n<\/li>\n<li>Elegir una de las siguientes opciones:\n<ul>\n<li>Cursar una materia de la misma modalidad no elegida anteriormente.<\/li>\n<li>Cursar dos materias optativas (2h) de entre:\n<ul>\n<li>Anatom\u00eda aplicada<\/li>\n<li>Creaci\u00f3n digital y pensamiento computacional<\/li>\n<li>Segunda lengua extranjera<\/li>\n<\/ul>\n<\/li>\n<\/ul>\n<\/li>\n<\/ul>\n<h3>2\u00b0 Bachillerato<\/h3>\n<ul>\n<li>Troncales generales:\n<ul>\n<li>Lengua Castellana y Literatura II<\/li>\n<li>Historia de Espa\u00f1a<\/li>\n<li>1\u00aa Lengua Extranjera: Ingl\u00e9s II<\/li>\n<li>Matem\u00e1ticas II<\/li>\n<\/ul>\n<\/li>\n<li>1\u00b0 idioma: Ingl\u00e9s o Franc\u00e9s.<\/li>\n<li>Religi\u00f3n \/ Educaci\u00f3n para convivencia democr\u00e1tica.<\/li>\n<li>Elegir dos materias (4h) entre las siguientes:\n<ul>\n<li>F\u00edsica<\/li>\n<li>Biolog\u00eda<\/li>\n<li>Dibujo T\u00e9cnico II o Qu\u00edmica<\/li>\n<li>Tecnolog\u00eda e Ingenier\u00eda II<\/li>\n<\/ul>\n<\/li>\n<li>Elegir una de las siguientes opciones:\n<ul>\n<li>Cursar una materia de la misma modalidad no elegida anteriormente.<\/li>\n<\/ul>\n<\/li>\n<li>Cursar dos materias optativas (2h) de entre:\n<ul>\n<li>Actividad F\u00edsica, Salud y Sociedad<\/li>\n<li>Segunda Lengua Extranjera<\/li>\n<li>Ciencias de la Tierra y Medio Ambiente<\/li>\n<li>Electrotecnia<\/li>\n<li>Programaci\u00f3n y Computaci\u00f3n<\/li>\n<li>Psicolog\u00eda<\/li>\n<\/ul>\n<\/li>\n<\/ul>\n<p>[\/et_pb_accordion_item][et_pb_accordion_item title=&#8221;Itinerario de Humanidades. Asignaturas de 1\u00b0 y 2\u00b0&#8221; _builder_version=&#8221;4.14.5&#8243; _module_preset=&#8221;default&#8221; hover_enabled=&#8221;0&#8243; global_colors_info=&#8221;{}&#8221; theme_builder_area=&#8221;post_content&#8221; open=&#8221;off&#8221; sticky_enabled=&#8221;0&#8243;]<\/p>\n<ul>\n<li>\n<h3>1\u00b0 Bachillerato:<\/h3>\n<ul>\n<li>Comunes generales:\n<ul>\n<li>Educaci\u00f3n F\u00edsica<\/li>\n<li>Filosof\u00eda<\/li>\n<li>Lengua Castellana y Literatura<\/li>\n<\/ul>\n<\/li>\n<li>Obligatorias de Modalidad: Lat\u00edn I<\/li>\n<li>1\u00b0 Idioma: Ingl\u00e9s o Franc\u00e9s.<\/li>\n<li>Religi\u00f3n \/ Educaci\u00f3n para la convivencia democr\u00e1tica.<\/li>\n<li>Opci\u00f3n de Modalidad. Elegir dos materias (4h) entre las siguientes:\n<ul>\n<li>Griego<\/li>\n<li>Econom\u00eda<\/li>\n<li>Historia Contempor\u00e1nea<\/li>\n<li>Literatura<\/li>\n<\/ul>\n<\/li>\n<li>Elegir una de las siguientes opciones:\n<ul>\n<li>Cursar una materia de la misma modalidad no elegida anteriormente.<\/li>\n<li>Cursar dos materias optativas (2h) de entre:\n<ul>\n<li>Antropolog\u00eda y sociolog\u00eda<\/li>\n<li>Creaci\u00f3n digital y pensamiento computacional<\/li>\n<li>Patrimonio cultural de Andaluc\u00eda<\/li>\n<li>Segunda lengua extranjera<\/li>\n<\/ul>\n<\/li>\n<\/ul>\n<\/li>\n<\/ul>\n<h3>2\u00b0 Bachillerato<\/h3>\n<ul>\n<li>Troncales generales:\n<ul>\n<li>Lengua Castellana y Literatura II<\/li>\n<li>Historia de Espa\u00f1a<\/li>\n<li>1\u00aa Lengua Extranjera: Ingl\u00e9s II<\/li>\n<li>Matem\u00e1ticas II<\/li>\n<\/ul>\n<\/li>\n<li>1\u00b0 idioma: Ingl\u00e9s o Franc\u00e9s.<\/li>\n<li>Religi\u00f3n \/ Educaci\u00f3n para convivencia democr\u00e1tica.<\/li>\n<li>Elegir dos materias (4h) entre las siguientes:\n<ul>\n<li>Griego II<\/li>\n<li>Empresa y Modelos de Negocio<\/li>\n<li>Geograf\u00eda<\/li>\n<li>Historia del Arte<\/li>\n<\/ul>\n<\/li>\n<li>Elegir una de las siguientes opciones:\n<ul>\n<li>Cursar una materia de la misma modalidad no elegida anteriormente.<\/li>\n<\/ul>\n<\/li>\n<li>Cursar dos materias optativas (2h) de entre:\n<ul>\n<li>Actividad F\u00edsica, Salud y Sociedad<\/li>\n<li>Segunda Lengua Extranjera<\/li>\n<li>Programaci\u00f3n y Computaci\u00f3n<\/li>\n<li>Mitolog\u00eda Cl\u00e1sica<\/li>\n<li>Psicolog\u00eda<\/li>\n<\/ul>\n<\/li>\n<\/ul>\n<\/li>\n<\/ul>\n<p>[\/et_pb_accordion_item][et_pb_accordion_item title=&#8221;Itinerario de Ciencias Sociales.&#8221; _builder_version=&#8221;4.14.5&#8243; _module_preset=&#8221;default&#8221; hover_enabled=&#8221;0&#8243; global_colors_info=&#8221;{}&#8221; theme_builder_area=&#8221;post_content&#8221; open=&#8221;off&#8221; sticky_enabled=&#8221;0&#8243;]<\/p>\n<ul>\n<li>\n<h3>1\u00b0 Bachillerato:<\/h3>\n<ul>\n<li>Comunes generales:\n<ul>\n<li>Educaci\u00f3n F\u00edsica<\/li>\n<li>Filosof\u00eda<\/li>\n<li>Lengua Castellana y Literatura<\/li>\n<\/ul>\n<\/li>\n<li>Obligatorias de Modalidad: Matem\u00e1ticas Aplicadas a las Ciencias Sociales I<\/li>\n<li>1\u00b0 Idioma: Ingl\u00e9s o Franc\u00e9s.<\/li>\n<li>Religi\u00f3n \/ Educaci\u00f3n para la convivencia democr\u00e1tica.<\/li>\n<li>Opci\u00f3n de Modalidad. Elegir dos materias (4h) entre las siguientes:\n<ul>\n<li>Econom\u00eda<\/li>\n<li>Historia Contempor\u00e1nea<\/li>\n<li>Literatura<\/li>\n<\/ul>\n<\/li>\n<li>Elegir una de las siguientes opciones:\n<ul>\n<li>Cursar una materia de la misma modalidad no elegida anteriormente.<\/li>\n<li>Cursar dos materias optativas (2h) de entre:\n<ul>\n<li>Antropolog\u00eda y sociolog\u00eda<\/li>\n<li>Creaci\u00f3n digital y pensamiento computacional<\/li>\n<li>Cultura emprendedora y empresarial<\/li>\n<li>Segunda lengua extranjera<\/li>\n<\/ul>\n<\/li>\n<\/ul>\n<\/li>\n<\/ul>\n<h3>2\u00b0 Bachillerato<\/h3>\n<ul>\n<li>Troncales generales:\n<ul>\n<li>Lengua Castellana y Literatura II<\/li>\n<li>Historia de Espa\u00f1a<\/li>\n<li>1\u00aa Lengua Extranjera: Ingl\u00e9s II<\/li>\n<li>Matem\u00e1ticas II<\/li>\n<\/ul>\n<\/li>\n<li>1\u00b0 idioma: Ingl\u00e9s o Franc\u00e9s.<\/li>\n<li>Religi\u00f3n \/ Educaci\u00f3n para convivencia democr\u00e1tica.<\/li>\n<li>Elegir dos materias (4h) entre las siguientes:\n<ul>\n<li>Empresa y Modelos de Negocio<\/li>\n<li>Geograf\u00eda<\/li>\n<li>Historia del Arte<\/li>\n<\/ul>\n<\/li>\n<li>Elegir una de las siguientes opciones:\n<ul>\n<li>Cursar una materia de la misma modalidad no elegida anteriormente.<\/li>\n<\/ul>\n<\/li>\n<li>Cursar dos materias optativas (2h) de entre:\n<ul>\n<li>Actividad F\u00edsica, Salud y Sociedad<\/li>\n<li>Segunda Lengua Extranjera<\/li>\n<li>Programaci\u00f3n y Computaci\u00f3n<\/li>\n<li>Fundamentos de Administraci\u00f3n y Gesti\u00f3n<\/li>\n<li>Psicolog\u00eda<\/li>\n<\/ul>\n<\/li>\n<\/ul>\n<\/li>\n<\/ul>\n<p>[\/et_pb_accordion_item][\/et_pb_accordion][\/et_pb_column][\/et_pb_row][\/et_pb_section]<\/p>\n","protected":false},"excerpt":{"rendered":"<p>El Bachillerato es una etapa educativa voluntaria, ya que el&nbsp;sistema educativo andaluz deja de ser obligatorio al finalizar la Educaci\u00f3n Secundaria Obligatoria. A partir de este momento el alumnado puede complementar su formaci\u00f3n&nbsp;durante dos cursos, acad\u00e9micos en una de las tres modalidades de bachillerato, con el objetivo de empezar a especializarse en funci\u00f3n de la [&hellip;]<\/p>\n","protected":false},"author":8076,"featured_media":0,"parent":0,"menu_order":0,"comment_status":"closed","ping_status":"closed","template":"","meta":{"_et_pb_use_builder":"on","_et_pb_old_content":"","_et_gb_content_width":"","ngg_post_thumbnail":0,"footnotes":"","_mc_calendar":[]},"aioseo_notices":[],"_links":{"self":[{"href":"https:\/\/blogsaverroes.juntadeandalucia.es\/iesjacaranda\/wp-json\/wp\/v2\/pages\/699"}],"collection":[{"href":"https:\/\/blogsaverroes.juntadeandalucia.es\/iesjacaranda\/wp-json\/wp\/v2\/pages"}],"about":[{"href":"https:\/\/blogsaverroes.juntadeandalucia.es\/iesjacaranda\/wp-json\/wp\/v2\/types\/page"}],"author":[{"embeddable":true,"href":"https:\/\/blogsaverroes.juntadeandalucia.es\/iesjacaranda\/wp-json\/wp\/v2\/users\/8076"}],"replies":[{"embeddable":true,"href":"https:\/\/blogsaverroes.juntadeandalucia.es\/iesjacaranda\/wp-json\/wp\/v2\/comments?post=699"}],"version-history":[{"count":4,"href":"https:\/\/blogsaverroes.juntadeandalucia.es\/iesjacaranda\/wp-json\/wp\/v2\/pages\/699\/revisions"}],"predecessor-version":[{"id":704,"href":"https:\/\/blogsaverroes.juntadeandalucia.es\/iesjacaranda\/wp-json\/wp\/v2\/pages\/699\/revisions\/704"}],"wp:attachment":[{"href":"https:\/\/blogsaverroes.juntadeandalucia.es\/iesjacaranda\/wp-json\/wp\/v2\/media?parent=699"}],"curies":[{"name":"wp","href":"https:\/\/api.w.org\/{rel}","templated":true}]}}