{"id":723,"date":"2023-05-11T13:09:37","date_gmt":"2023-05-11T12:09:37","guid":{"rendered":"https:\/\/blogsaverroes.juntadeandalucia.es\/iesjacaranda\/?page_id=723"},"modified":"2023-05-12T10:11:05","modified_gmt":"2023-05-12T09:11:05","slug":"formacion-profesional","status":"publish","type":"page","link":"https:\/\/blogsaverroes.juntadeandalucia.es\/iesjacaranda\/formacion-profesional\/","title":{"rendered":"Formaci\u00f3n Profesional"},"content":{"rendered":"<p>[et_pb_section fb_built=&#8221;1&#8243; admin_label=&#8221;section&#8221; _builder_version=&#8221;3.22&#8243; global_colors_info=&#8221;{}&#8221;][et_pb_row admin_label=&#8221;row&#8221; _builder_version=&#8221;3.25&#8243; background_size=&#8221;initial&#8221; background_position=&#8221;top_left&#8221; background_repeat=&#8221;repeat&#8221; global_colors_info=&#8221;{}&#8221;][et_pb_column type=&#8221;4_4&#8243; _builder_version=&#8221;3.25&#8243; custom_padding=&#8221;|||&#8221; global_colors_info=&#8221;{}&#8221; custom_padding__hover=&#8221;|||&#8221;][et_pb_post_title title=&#8221;off&#8221; featured_placement=&#8221;background&#8221; _builder_version=&#8221;4.14.5&#8243; _module_preset=&#8221;default&#8221; background_image=&#8221;https:\/\/blogsaverroes.juntadeandalucia.es\/iesjacaranda\/files\/2023\/05\/formaci\u00f3n-profesional.jpg&#8221; background_size=&#8221;contain&#8221; hover_enabled=&#8221;0&#8243; global_colors_info=&#8221;{}&#8221; author=&#8221;off&#8221; date=&#8221;off&#8221; sticky_enabled=&#8221;0&#8243;][\/et_pb_post_title][et_pb_accordion _builder_version=&#8221;4.14.5&#8243; _module_preset=&#8221;default&#8221; global_colors_info=&#8221;{}&#8221;][et_pb_accordion_item title=&#8221;Sobre la Formaci\u00f3n Profesional&#8221; open=&#8221;on&#8221; _builder_version=&#8221;4.14.5&#8243; _module_preset=&#8221;default&#8221; global_colors_info=&#8221;{}&#8221;]<\/p>\n<p>Bienvenido\/a a nuestra p\u00e1gina de oferta educativa de formaci\u00f3n profesional. Aqu\u00ed podr\u00e1s encontrar informaci\u00f3n sobre los programas de Formaci\u00f3n Profesional que ofrecemos en nuestro centro educativo.<\/p>\n<p>La Formaci\u00f3n Profesional es una opci\u00f3n de educaci\u00f3n t\u00e9cnica y pr\u00e1ctica que combina el aprendizaje te\u00f3rico con la formaci\u00f3n pr\u00e1ctica en un campo de especializaci\u00f3n determinado. Estos programas est\u00e1n dise\u00f1ados para preparar a los estudiantes para el mundo laboral y para ayudarles a adquirir habilidades espec\u00edficas necesarias para el \u00e9xito en una amplia variedad de trabajos.<\/p>\n<p>La Formaci\u00f3n Profesional tiene varias ventajas, entre ellas, la oportunidad de adquirir habilidades pr\u00e1cticas y espec\u00edficas para el trabajo, lo que puede ayudar a los estudiantes a encontrar empleo de manera m\u00e1s r\u00e1pida y exitosa. Adem\u00e1s, muchos programas de formaci\u00f3n profesional tienen una duraci\u00f3n m\u00e1s corta que los programas universitarios, lo que significa que los estudiantes pueden entrar en el mercado laboral m\u00e1s r\u00e1pido.<\/p>\n<p>En nuestro centro educativo, ofrecemos una amplia variedad de programas de formaci\u00f3n profesional en diferentes \u00e1reas, desde el Desarrollo de Aplicaciones Web hasta la Atenci\u00f3n a Personas en Situaci\u00f3n de Dependencia, pasando por la Instalaciones Frigor\u00edficas y de Aire Acondicionado. Estamos comprometidos en ayudar a nuestros estudiantes a alcanzar sus objetivos profesionales y personales, brind\u00e1ndoles una educaci\u00f3n pr\u00e1ctica y de alta calidad. Explore nuestra oferta educativa de formaci\u00f3n profesional y descubra c\u00f3mo podemos ayudarlo a alcanzar sus metas.<\/p>\n<p>\u00bfQu\u00e9 ofrecemos?<\/p>\n<ul>\n<li><strong>Experiencia: m<\/strong>\u00e1s de <strong>20 a\u00f1os<\/strong> impartiendo Formaci\u00f3n Profesional<\/li>\n<li>Alto grado de&nbsp;<strong>inserci\u00f3n laboral.<\/strong><\/li>\n<li>Posibilidad de realizar pr\u00e1cticas en&nbsp;<strong>Europa.<\/strong><\/li>\n<li>Muy bien&nbsp;<strong>comunicado<\/strong> con&nbsp;<strong>Sevilla<\/strong> y&nbsp;<strong>La Vega del Guadalquivir:&nbsp;<\/strong>menos de&nbsp;<strong>30 minutos&nbsp;<\/strong> desde&nbsp;<strong>Lora del R\u00edo<\/strong>,&nbsp;<strong>Sevilla, Cantillana, Tocina &#8230;.<\/strong><\/li>\n<li>F\u00f3rmate en empresas internacionales l\u00edderes del sector:\n<ul>\n<li>Daikin<\/li>\n<li>Ilunion<\/li>\n<li>Hospital Universitario Virgen de Macarena.<\/li>\n<li>Getronics.<\/li>\n<li>NTT Data.<\/li>\n<li>Accenture.<\/li>\n<li>Ayesa.<\/li>\n<li>ATOS.<\/li>\n<li>Fundaci\u00f3n TAS.<\/li>\n<li>Domusvi.<\/li>\n<\/ul>\n<\/li>\n<\/ul>\n<p>[\/et_pb_accordion_item][et_pb_accordion_item title=&#8221;Formaci\u00f3n Profesional B\u00e1sica de Fabricaci\u00f3n y Montaje&#8221; _builder_version=&#8221;4.14.5&#8243; _module_preset=&#8221;default&#8221; global_colors_info=&#8221;{}&#8221; open=&#8221;off&#8221;]<\/p>\n<p>La competencia general de este t\u00edtulo consiste en realizar operaciones b\u00e1sicas de mecanizado y montaje para la fabricaci\u00f3n mec\u00e1nica con materiales f\u00e9rricos, no f\u00e9rricos y tecno-pl\u00e1sticos as\u00ed como para la instalaci\u00f3n y mantenimiento de elementos de redes de fontaner\u00eda, calefacci\u00f3n y climatizaci\u00f3n, operando con la calidad indicada, observando las normas de prevenci\u00f3n de riesgos laborales y protecci\u00f3n medioambiental correspondientes y comunic\u00e1ndose de forma oral y escrita en lengua castellana y en su caso en la lengua cooficial propia as\u00ed como en alguna lengua extranjera.<\/p>\n<p><strong>Ocupaciones y puestos de trabajo m\u00e1s relevantes:<\/strong><\/p>\n<ul>\n<li>Peones de industrias manufactureras.<\/li>\n<li>Auxiliares de procesos automatizados.<\/li>\n<li>Fontanero\/a.<\/li>\n<li>Montador\/a de equipos de calefacci\u00f3n.<\/li>\n<li>Mantenedor\/a de equipos de calefacci\u00f3n.<\/li>\n<li>Montador\/a de equipos de climatizaci\u00f3n.<\/li>\n<li>Mantenedor\/a de equipos de climatizaci\u00f3n.<\/li>\n<li>Instalador\/a de redes de suministro y distribuci\u00f3n de agua.<\/li>\n<\/ul>\n<p><strong>M\u00f3dulos Profesionales:<\/strong><\/p>\n<ul>\n<li>Primero:\n<ul>\n<li>Ciencias aplicadas (5 horas semanales)<\/li>\n<li>Comunicaci\u00f3n y sociedad I (8 horas semanales)<\/li>\n<li>Fontaner\u00eda y calefacci\u00f3n b\u00e1sica (6 horas semanales)<\/li>\n<li>Operaciones b\u00e1sicas de fabricaci\u00f3n (5 horas semanales)<\/li>\n<li>Soldadura y carpinter\u00eda met\u00e1lica (5 horas semanales)<\/li>\n<\/ul>\n<\/li>\n<li>Segundo:\n<ul>\n<li>Carpinter\u00eda de alumninio y PVC (6 horas semanales)<\/li>\n<li>Ciencias aplicadas II (5 horas semanales)<\/li>\n<li>Comunicaci\u00f3n y sociedad II (7 horas semanales)<\/li>\n<li>Montaje de equipos de climatizaci\u00f3n (4 horas semanales)<\/li>\n<li>Redes de evacuaci\u00f3n (6 horas semanales)<\/li>\n<li>Unidad formativa de Prevenci\u00f3n FPB (1 hora semanal)<\/li>\n<\/ul>\n<\/li>\n<\/ul>\n<p>[\/et_pb_accordion_item][et_pb_accordion_item title=&#8221;Ciclo Formativo de Grado Medio de Instalaciones Frigor\u00edficas y de Climatizaci\u00f3n&#8221; _builder_version=&#8221;4.14.5&#8243; _module_preset=&#8221;default&#8221; global_colors_info=&#8221;{}&#8221; open=&#8221;off&#8221;]<\/p>\n<p>Este profesional ejerce su actividad en las empresas de montaje y mantenimiento de instalaciones t\u00e9rmicas y de fluidos relacionadas con los subsectores del fr\u00edo comercial, del fr\u00edo industrial y de la climatizaci\u00f3n tanto en el sector de la edificaci\u00f3n y obra civil como en el sector industrial.<\/p>\n<p><strong>Ocupaciones y puestos de trabajo m\u00e1s relevantes:<\/strong><\/p>\n<ul>\n<li>&nbsp;Instalador frigorista en instalaciones comerciales.<\/li>\n<li>Mantenedor frigorista en instalaciones comerciales.<\/li>\n<li>Instalador frigorista en procesos industriales.<\/li>\n<li>Mantenedor frigorista en procesos industriales.<\/li>\n<li>Instalador\/Montador de equipos de climatizaci\u00f3n, ventilaci\u00f3n-extracci\u00f3n, redes de distribuci\u00f3n y equipos terminales.<\/li>\n<li>Mantenedor\/Reparador de equipos de climatizaci\u00f3n, ventilaci\u00f3n-extracci\u00f3n, redes de distribuci\u00f3n y equipos terminales<\/li>\n<\/ul>\n<p><strong>M\u00f3dulos profesionales:<\/strong><\/p>\n<ul>\n<li>Primero:\n<ul>\n<li>Instalaciones el\u00e9ctricas y automatismos. (9 horas semanales)<\/li>\n<li>M\u00e1quinas y equipos t\u00e9rmicos. (9 horas semanales)<\/li>\n<li>T\u00e9cnicas de montaje de instalaciones. (9 horas semanales)<\/li>\n<li>Formaci\u00f3n y Orientaci\u00f3n Laboral. (3 horas semanales)<\/li>\n<\/ul>\n<\/li>\n<li>Segundo:\n<ul>\n<li>Configuraci\u00f3n de instalaciones de fr\u00edo y climatizaci\u00f3n. (4 horas semanales)<\/li>\n<li>Montaje y mantenimiento de equipos de refrigeraci\u00f3n comercial. (4 horas semanales)<\/li>\n<li>Montaje y mantenimiento de instalaciones de climatizaci\u00f3n, ventilaci\u00f3n y extracci\u00f3n. (7 horas semanales)<\/li>\n<li>Montaje y mantenimiento de instalaciones frigor\u00edficas industriales. (8 horas semanales)<\/li>\n<li>Horas de libre configuraci\u00f3n. (3 horas semanales).<\/li>\n<li>Empresa e iniciativa emprendedora. (4 horas semanales)<\/li>\n<\/ul>\n<\/li>\n<\/ul>\n<p><iframe loading=\"lazy\" title=\"CFGM Instalaciones Frigor\u00edficas y de Climatizaci\u00f3n y FP B\u00e1sica Fabricaci\u00f3n y Montaje IES Jacarand\u00e1\" width=\"1080\" height=\"608\" src=\"https:\/\/www.youtube.com\/embed\/JRjIaTTKl-8?feature=oembed\"  allow=\"accelerometer; autoplay; clipboard-write; encrypted-media; gyroscope; picture-in-picture; web-share\" allowfullscreen><\/iframe><\/p>\n<p>[\/et_pb_accordion_item][et_pb_accordion_item title=&#8221;Ciclo Formativo de Grado Medio de Atenci\u00f3n a Personas en Situaci\u00f3n de Dependencia&#8221; _builder_version=&#8221;4.14.5&#8243; _module_preset=&#8221;default&#8221; global_colors_info=&#8221;{}&#8221; open=&#8221;off&#8221;]<\/p>\n<p>Las personas que obtienen este t\u00edtulo ejercen su actividad en el sector de servicios a las personas: asistenciasles, psicosociales y de apoyo a la gesti\u00f3n dom\u00e9stica.<\/p>\n<p><strong>Ocupaciones y puestos de trabajo m\u00e1s relevantes:<\/strong><\/p>\n<ul>\n<li>Cuidador o cuidadora de personas en situaci\u00f3n de dependencia en diferentes instituciones y\/o domicilios.<\/li>\n<li>Cuidador o cuidadora en centros de atenci\u00f3n psiqui\u00e1trica.<\/li>\n<li>Gerocultor o gerocultora. Gobernante y subgobernante de personas en situaci\u00f3n de dependencia en instituciones.<\/li>\n<li>Auxiliar responsable de planta de residencias de mayores y personas con discapacidad.<\/li>\n<li>Auxiliar de ayuda a domicilio.<\/li>\n<li>Asistente de atenci\u00f3n domiciliaria.<\/li>\n<li>Trabajador o trabajadora familiar.<\/li>\n<li>Auxiliar de educaci\u00f3n especial.<\/li>\n<li>Asistente personal.<\/li>\n<li>Teleoperador\/a de teleasistencia.<\/li>\n<\/ul>\n<p><strong>M\u00f3dulos Profesionales:<\/strong><\/p>\n<ul>\n<li>Primero:\n<ul>\n<li>Apoyo domiciliario. (7 horas semanales)<\/li>\n<li>Atenci\u00f3n sanitaria. (6 horas semanales)<\/li>\n<li>Atenci\u00f3n y apoyo psicosocial. (7 horas semanales)<\/li>\n<li>Caracter\u00edsticas y necesidades de las personas en situacion de dependencia. (5 horas semanales)<\/li>\n<li>Formaci\u00f3n y orientaci\u00f3n laboral. (3 horas semanales)<\/li>\n<li>Primeros auxilios. ( 2 horas semanales)<\/li>\n<\/ul>\n<\/li>\n<li>Segundo:\n<ul>\n<li>Apoyo a la comunicaci\u00f3n. (3 horas semanales)<\/li>\n<li>Atenci\u00f3n higi\u00e9nica. (4 horas semanales)<\/li>\n<li>Destrezas sociales. (6 horas semanales)<\/li>\n<li>Empresa e iniciativa emprendedora. (4 horas semanales)<\/li>\n<li>Horas de libre configuraci\u00f3n. (3 horas semanales)<\/li>\n<li>Organizaci\u00f3n de la atenci\u00f3n a las personas en situaci\u00f3n de dependencia. (5 horas semanales)<\/li>\n<li>Teleasistencia. (5 horas semanales).<\/li>\n<\/ul>\n<\/li>\n<\/ul>\n<p><iframe loading=\"lazy\" title=\"2021-03-17-14-21-03\" src=\"https:\/\/player.vimeo.com\/video\/524947328?h=a5b1178c17&amp;dnt=1&amp;app_id=122963\" width=\"1080\" height=\"608\" frameborder=\"0\" allow=\"autoplay; fullscreen; picture-in-picture\" allowfullscreen><\/iframe><\/p>\n<p>[\/et_pb_accordion_item][et_pb_accordion_item title=&#8221;Ciclo Formativo de Grado Superior de Desarrollo de Aplicaciones Web&#8221; _builder_version=&#8221;4.14.5&#8243; _module_preset=&#8221;default&#8221; global_colors_info=&#8221;{}&#8221; open=&#8221;off&#8221;]<\/p>\n<p>Las personas con este perfil profesional ejercen su actividad en empresas o entidades p\u00fablicas o privadas tanto por cuenta ajena como propia, desempe\u00f1ando su trabajo en el \u00e1rea de desarrollo de aplicaciones inform\u00e1ticas relacionadas con entornos Web (intranet, extranet e internet).<\/p>\n<p><strong>Ocupaciones y puestos de trabajo m\u00e1s relevantes:<\/strong><\/p>\n<ul>\n<li>Programador Web.<\/li>\n<li>Programador Multimedia.<\/li>\n<li>Desarrollador de aplicaciones en entornos Web.<\/li>\n<\/ul>\n<p><strong>M\u00f3dulos Profesionales:<\/strong><\/p>\n<ul>\n<li>Primero:\n<ul>\n<li>Bases de datos. (6 horas semanales)<\/li>\n<li>Entonornos de Desarrollo. (3 horas semanales)<\/li>\n<li>Formaci\u00f3n y Orientaci\u00f3n Laboral. (3 horas semanales)<\/li>\n<li>Lenguajes de Marcas y Sistemas de Gesti\u00f3n de Informaci\u00f3n. (4 horas semanales)<\/li>\n<li>Programaci\u00f3n. (8 horas semanales)<\/li>\n<li>Sistemas Inform\u00e1ticos. (6 horas semanales)<\/li>\n<\/ul>\n<\/li>\n<li>Segundo:\n<ul>\n<li>Desarrollo Web en Entorno Cliente. (6 horas semanales)<\/li>\n<li>Desarrollo Web en Entorno Servidor. (8 horas semanales)<\/li>\n<li>Despliegue de Aplicaciones Web. (3 horas semanales)<\/li>\n<li>Dise\u00f1o de interfaces Web. (3 horas semanales)<\/li>\n<li>Empresa e iniciativa emprendedora. (4 horas semanales)<\/li>\n<li>Horas de libre configuraci\u00f3n. (3 horas semanales)<\/li>\n<\/ul>\n<\/li>\n<\/ul>\n<p><iframe loading=\"lazy\" title=\"CFGS Desarrollo Aplicaciones Web IES Jacarand\u00e1\" width=\"1080\" height=\"608\" src=\"https:\/\/www.youtube.com\/embed\/sP91oYI-NwQ?feature=oembed\"  allow=\"accelerometer; autoplay; clipboard-write; encrypted-media; gyroscope; picture-in-picture; web-share\" allowfullscreen><\/iframe><\/p>\n<p>[\/et_pb_accordion_item][\/et_pb_accordion][\/et_pb_column][\/et_pb_row][\/et_pb_section]<\/p>\n","protected":false},"excerpt":{"rendered":"<p>Bienvenido\/a a nuestra p\u00e1gina de oferta educativa de formaci\u00f3n profesional. Aqu\u00ed podr\u00e1s encontrar informaci\u00f3n sobre los programas de Formaci\u00f3n Profesional que ofrecemos en nuestro centro educativo. La Formaci\u00f3n Profesional es una opci\u00f3n de educaci\u00f3n t\u00e9cnica y pr\u00e1ctica que combina el aprendizaje te\u00f3rico con la formaci\u00f3n pr\u00e1ctica en un campo de especializaci\u00f3n determinado. Estos programas est\u00e1n [&hellip;]<\/p>\n","protected":false},"author":8076,"featured_media":0,"parent":0,"menu_order":0,"comment_status":"closed","ping_status":"closed","template":"","meta":{"_et_pb_use_builder":"on","_et_pb_old_content":"","_et_gb_content_width":"","ngg_post_thumbnail":0,"footnotes":"","_mc_calendar":[]},"aioseo_notices":[],"_links":{"self":[{"href":"https:\/\/blogsaverroes.juntadeandalucia.es\/iesjacaranda\/wp-json\/wp\/v2\/pages\/723"}],"collection":[{"href":"https:\/\/blogsaverroes.juntadeandalucia.es\/iesjacaranda\/wp-json\/wp\/v2\/pages"}],"about":[{"href":"https:\/\/blogsaverroes.juntadeandalucia.es\/iesjacaranda\/wp-json\/wp\/v2\/types\/page"}],"author":[{"embeddable":true,"href":"https:\/\/blogsaverroes.juntadeandalucia.es\/iesjacaranda\/wp-json\/wp\/v2\/users\/8076"}],"replies":[{"embeddable":true,"href":"https:\/\/blogsaverroes.juntadeandalucia.es\/iesjacaranda\/wp-json\/wp\/v2\/comments?post=723"}],"version-history":[{"count":7,"href":"https:\/\/blogsaverroes.juntadeandalucia.es\/iesjacaranda\/wp-json\/wp\/v2\/pages\/723\/revisions"}],"predecessor-version":[{"id":754,"href":"https:\/\/blogsaverroes.juntadeandalucia.es\/iesjacaranda\/wp-json\/wp\/v2\/pages\/723\/revisions\/754"}],"wp:attachment":[{"href":"https:\/\/blogsaverroes.juntadeandalucia.es\/iesjacaranda\/wp-json\/wp\/v2\/media?parent=723"}],"curies":[{"name":"wp","href":"https:\/\/api.w.org\/{rel}","templated":true}]}}