{"id":734,"date":"2023-05-12T09:48:37","date_gmt":"2023-05-12T08:48:37","guid":{"rendered":"https:\/\/blogsaverroes.juntadeandalucia.es\/iesjacaranda\/?page_id=734"},"modified":"2023-05-12T10:12:02","modified_gmt":"2023-05-12T09:12:02","slug":"adultos","status":"publish","type":"page","link":"https:\/\/blogsaverroes.juntadeandalucia.es\/iesjacaranda\/adultos\/","title":{"rendered":"adultos"},"content":{"rendered":"<p>[et_pb_section fb_built=&#8221;1&#8243; admin_label=&#8221;section&#8221; _builder_version=&#8221;3.22&#8243; global_colors_info=&#8221;{}&#8221;][et_pb_row admin_label=&#8221;row&#8221; _builder_version=&#8221;3.25&#8243; background_size=&#8221;initial&#8221; background_position=&#8221;top_left&#8221; background_repeat=&#8221;repeat&#8221; global_colors_info=&#8221;{}&#8221;][et_pb_column type=&#8221;4_4&#8243; _builder_version=&#8221;3.25&#8243; custom_padding=&#8221;|||&#8221; global_colors_info=&#8221;{}&#8221; custom_padding__hover=&#8221;|||&#8221;][et_pb_post_title title=&#8221;off&#8221; featured_placement=&#8221;background&#8221; admin_label=&#8221;T\u00edtulo de publicaci\u00f3n&#8221; _builder_version=&#8221;4.14.5&#8243; _module_preset=&#8221;default&#8221; background_image=&#8221;https:\/\/blogsaverroes.juntadeandalucia.es\/iesjacaranda\/files\/2023\/05\/Copia-de-formaci\u00f3n-profesional.png&#8221; background_size=&#8221;contain&#8221; hover_enabled=&#8221;0&#8243; global_colors_info=&#8221;{}&#8221; author=&#8221;off&#8221; date=&#8221;off&#8221; sticky_enabled=&#8221;0&#8243;][\/et_pb_post_title][et_pb_accordion _builder_version=&#8221;4.14.5&#8243; _module_preset=&#8221;default&#8221; global_colors_info=&#8221;{}&#8221;][et_pb_accordion_item title=&#8221;Sobre las ense\u00f1anzas de adultos&#8221; open=&#8221;on&#8221; _builder_version=&#8221;4.14.5&#8243; _module_preset=&#8221;default&#8221; global_colors_info=&#8221;{}&#8221;]<\/p>\n<p>La Educaci\u00f3n Secundaria Obligatoria y el Bachillerato para Personas Adultas est\u00e1n fundamentados en criterios de flexibilidad y buscan adaptarse a los intereses y necesidades de la poblaci\u00f3n adulta. Para ello, contemplan la posibilidad de matr\u00edcula parcial y tres modalidades de ense\u00f1anza: presencial, semipresencial y a distancia (on line).<\/p>\n<p>[\/et_pb_accordion_item][et_pb_accordion_item title=&#8221;Educaci\u00f3n Secundaria Obligatoria para personas adultas&#8221; _builder_version=&#8221;4.14.5&#8243; _module_preset=&#8221;default&#8221; global_colors_info=&#8221;{}&#8221; open=&#8221;off&#8221;]<\/p>\n<p>En Educaci\u00f3n Permanente se oferta la<strong>&nbsp;Educaci\u00f3n Secundaria Obligatoria para personas adultas<\/strong>. Estas ense\u00f1anzas se rigen por criterios de flexibilidad para facilitar tu incorporaci\u00f3n al sistema educativo. Las principales diferencias respecto a la Educaci\u00f3n Secundaria Obligatoria en r\u00e9gimen ordinario son:<\/p>\n<ul>\n<li>Posibilidad de realizar esta etapa en las&nbsp;<strong>modalidades presencial, semipresencial y a distancia<\/strong>.<\/li>\n<li>Est\u00e1 organizada en&nbsp;<strong>dos niveles<\/strong>: Nivel I (1\u00ba y 2\u00ba de la ESO en r\u00e9gimen ordinario) y Nivel II (3\u00ba y 4\u00ba de la ESO en r\u00e9gimen ordinario).<\/li>\n<li>Los contenidos se agrupan por&nbsp;<strong>\u00e1mbitos,&nbsp;<\/strong>no por materias: \u00c1mbito de comunicaci\u00f3n, \u00c1mbito cient\u00edfico-tecnol\u00f3gico y \u00c1mbito social.<\/li>\n<li>Posibilidad de&nbsp;<strong>matr\u00edcula parcial<\/strong>&nbsp;por \u00e1mbitos en todas las modalidades.<\/li>\n<li>Reconocimiento y equivalencia de aprendizajes adquiridos, tanto si accedes a la ESO para personas adultas por primera vez como si provienes del r\u00e9gimen ordinario de estas ense\u00f1anzas. Adem\u00e1s se reconocer\u00e1n aquellos \u00e1mbitos superados en las&nbsp; pruebas para la obtenci\u00f3n del t\u00edtulo de Graduado en Educaci\u00f3n Secundaria Obligatoria para personas mayores de 18 a\u00f1os. Estos \u00e1mbitos, una vez superados, no deben ser cursados de nuevo.<\/li>\n<\/ul>\n<p>[\/et_pb_accordion_item][et_pb_accordion_item title=&#8221;Bachillerato para Personas Adultas&#8221; _builder_version=&#8221;4.14.5&#8243; _module_preset=&#8221;default&#8221; global_colors_info=&#8221;{}&#8221; open=&#8221;off&#8221;]<\/p>\n<p>Estas ense\u00f1anzas se rigen por criterios de<strong>&nbsp;flexibilidad<\/strong>, lo que permite una mayor participaci\u00f3n de la poblaci\u00f3n andaluza en ense\u00f1anzas postobligatorias.<\/p>\n<p>Las principales caracter\u00edsticas son:<\/p>\n<ul>\n<li>Modalidad<strong> semipresencial<\/strong>.<\/li>\n<\/ul>\n<ul>\n<li>Posibilidad de&nbsp;<strong>matr\u00edcula parcial<\/strong>&nbsp;por materias en todas las modalidades de ense\u00f1anza.<\/li>\n<\/ul>\n<ul>\n<li><strong>Reconocimiento y equivalencia<\/strong>&nbsp;de aprendizajes adquiridos. Tanto para las personas que acceden a bachillerato por primera vez como para aquellas que provienen del r\u00e9gimen ordinario de estas ense\u00f1anzas. Adem\u00e1s se reconocer\u00e1n aquellas materias superadas en las&nbsp; pruebas para la obtenci\u00f3n del T\u00edtulo de Bachiller para personas mayores de 20 a\u00f1os. Estas materias, una vez superadas, no deben ser cursadas de nuevo.<\/li>\n<\/ul>\n<p>Cada modalidad de Bachillerato te da preferencia a determinados ciclos formativos o grados universitarios. Debes elegirla en funci\u00f3n de lo que quieras estudiar, una vez obtenido el t\u00edtulo de Bachiller.&nbsp;<\/p>\n<p>[\/et_pb_accordion_item][\/et_pb_accordion][\/et_pb_column][\/et_pb_row][\/et_pb_section]<\/p>\n","protected":false},"excerpt":{"rendered":"<p>La Educaci\u00f3n Secundaria Obligatoria y el Bachillerato para Personas Adultas est\u00e1n fundamentados en criterios de flexibilidad y buscan adaptarse a los intereses y necesidades de la poblaci\u00f3n adulta. Para ello, contemplan la posibilidad de matr\u00edcula parcial y tres modalidades de ense\u00f1anza: presencial, semipresencial y a distancia (on line).En Educaci\u00f3n Permanente se oferta la&nbsp;Educaci\u00f3n Secundaria Obligatoria [&hellip;]<\/p>\n","protected":false},"author":8076,"featured_media":0,"parent":0,"menu_order":0,"comment_status":"closed","ping_status":"closed","template":"","meta":{"_et_pb_use_builder":"on","_et_pb_old_content":"","_et_gb_content_width":"","ngg_post_thumbnail":0,"footnotes":"","_mc_calendar":[]},"aioseo_notices":[],"_links":{"self":[{"href":"https:\/\/blogsaverroes.juntadeandalucia.es\/iesjacaranda\/wp-json\/wp\/v2\/pages\/734"}],"collection":[{"href":"https:\/\/blogsaverroes.juntadeandalucia.es\/iesjacaranda\/wp-json\/wp\/v2\/pages"}],"about":[{"href":"https:\/\/blogsaverroes.juntadeandalucia.es\/iesjacaranda\/wp-json\/wp\/v2\/types\/page"}],"author":[{"embeddable":true,"href":"https:\/\/blogsaverroes.juntadeandalucia.es\/iesjacaranda\/wp-json\/wp\/v2\/users\/8076"}],"replies":[{"embeddable":true,"href":"https:\/\/blogsaverroes.juntadeandalucia.es\/iesjacaranda\/wp-json\/wp\/v2\/comments?post=734"}],"version-history":[{"count":5,"href":"https:\/\/blogsaverroes.juntadeandalucia.es\/iesjacaranda\/wp-json\/wp\/v2\/pages\/734\/revisions"}],"predecessor-version":[{"id":756,"href":"https:\/\/blogsaverroes.juntadeandalucia.es\/iesjacaranda\/wp-json\/wp\/v2\/pages\/734\/revisions\/756"}],"wp:attachment":[{"href":"https:\/\/blogsaverroes.juntadeandalucia.es\/iesjacaranda\/wp-json\/wp\/v2\/media?parent=734"}],"curies":[{"name":"wp","href":"https:\/\/api.w.org\/{rel}","templated":true}]}}