{"id":954,"date":"2024-01-26T20:14:24","date_gmt":"2024-01-26T19:14:24","guid":{"rendered":"https:\/\/blogsaverroes.juntadeandalucia.es\/iesjacaranda\/?page_id=954"},"modified":"2025-07-29T10:28:00","modified_gmt":"2025-07-29T09:28:00","slug":"civitas-ciudadania-activa","status":"publish","type":"page","link":"https:\/\/blogsaverroes.juntadeandalucia.es\/iesjacaranda\/civitas-ciudadania-activa\/","title":{"rendered":"Civitas: ciudadan\u00eda activa"},"content":{"rendered":"<p>Os dejamos la informaci\u00f3n de las movilidades del proyecto. Pincha en la imagen para ver la informaci\u00f3n<\/p>\n<p><a href=\"https:\/\/padlet.com\/rosariodelbarconavarro\/civitas-ciudadan-a-activa-ejhbgl5chmargcqy\"><img loading=\"lazy\" decoding=\"async\" class=\"alignnone wp-image-1100\" src=\"https:\/\/blogsaverroes.juntadeandalucia.es\/iesjacaranda\/files\/2024\/06\/erasmusAdultos-300x151.png\" alt=\"\" width=\"584\" height=\"294\"><\/a><\/p>\n<p>El proyecto \u201cCivitas: ciudadan\u00eda activa\u201d est\u00e1 cofinanciado por la Uni\u00f3n Europea. Las opiniones y puntos de vista expresados en esta publicaci\u00f3n solo comprometen a su(s) autor(es) I.E.S. Jacarand\u00e1 y no reflejan necesariamente los de la Uni\u00f3n Europea ni los del Servicio Espa\u00f1ol para la Internacionalizaci\u00f3n de la Educaci\u00f3n (SEPIE). Ni la Uni\u00f3n Europea ni la Agencia Nacional SEPIE pueden ser considerados responsables de ellos.<\/p>\n","protected":false},"excerpt":{"rendered":"<p>Os dejamos la informaci\u00f3n de las movilidades del proyecto. Pincha en la imagen para ver la informaci\u00f3n El proyecto \u201cCivitas: ciudadan\u00eda activa\u201d est\u00e1 cofinanciado por la Uni\u00f3n Europea. Las opiniones y puntos de vista expresados en esta publicaci\u00f3n solo comprometen a su(s) autor(es) I.E.S. Jacarand\u00e1 y no reflejan necesariamente los de la Uni\u00f3n Europea ni [&hellip;]<\/p>\n","protected":false},"author":17802,"featured_media":0,"parent":0,"menu_order":0,"comment_status":"closed","ping_status":"closed","template":"","meta":{"_et_pb_use_builder":"off","_et_pb_old_content":"","_et_gb_content_width":"","ngg_post_thumbnail":0,"footnotes":"","_mc_calendar":[]},"aioseo_notices":[],"_links":{"self":[{"href":"https:\/\/blogsaverroes.juntadeandalucia.es\/iesjacaranda\/wp-json\/wp\/v2\/pages\/954"}],"collection":[{"href":"https:\/\/blogsaverroes.juntadeandalucia.es\/iesjacaranda\/wp-json\/wp\/v2\/pages"}],"about":[{"href":"https:\/\/blogsaverroes.juntadeandalucia.es\/iesjacaranda\/wp-json\/wp\/v2\/types\/page"}],"author":[{"embeddable":true,"href":"https:\/\/blogsaverroes.juntadeandalucia.es\/iesjacaranda\/wp-json\/wp\/v2\/users\/17802"}],"replies":[{"embeddable":true,"href":"https:\/\/blogsaverroes.juntadeandalucia.es\/iesjacaranda\/wp-json\/wp\/v2\/comments?post=954"}],"version-history":[{"count":13,"href":"https:\/\/blogsaverroes.juntadeandalucia.es\/iesjacaranda\/wp-json\/wp\/v2\/pages\/954\/revisions"}],"predecessor-version":[{"id":1287,"href":"https:\/\/blogsaverroes.juntadeandalucia.es\/iesjacaranda\/wp-json\/wp\/v2\/pages\/954\/revisions\/1287"}],"wp:attachment":[{"href":"https:\/\/blogsaverroes.juntadeandalucia.es\/iesjacaranda\/wp-json\/wp\/v2\/media?parent=954"}],"curies":[{"name":"wp","href":"https:\/\/api.w.org\/{rel}","templated":true}]}}