{"id":973,"date":"2024-03-20T12:58:49","date_gmt":"2024-03-20T11:58:49","guid":{"rendered":"https:\/\/blogsaverroes.juntadeandalucia.es\/iesjacaranda\/?page_id=973"},"modified":"2025-07-29T10:53:48","modified_gmt":"2025-07-29T09:53:48","slug":"973-2","status":"publish","type":"page","link":"https:\/\/blogsaverroes.juntadeandalucia.es\/iesjacaranda\/973-2\/","title":{"rendered":"Acreditaci\u00f3n Erasmus 2023-2024"},"content":{"rendered":"<p>El proyecto Acreditaci\u00f3n Erasmus 2023_2024 est\u00e1 cofinanciado por la Uni\u00f3n Europea. Las opiniones y puntos de vista expresados en esta publicaci\u00f3n solo comprometen a su(s) autor(es), I.E.S. Jacarand\u00e1 y no reflejan necesariamente los de la Uni\u00f3n Europea ni los del Servicio Espa\u00f1ol para la Internacionalizaci\u00f3n de la Educaci\u00f3n (SEPIE). Ni la Uni\u00f3n Europea ni la Agencia Nacional SEPIE pueden ser considerados responsables de ellos.<\/p>\n<p><a href=\"https:\/\/padlet.com\/ericasuasan\/erasmus-croacia-conflict-management-emotional-intelligence-a-ypbehac18ibd5b0m\">Erasm\u200bus Croacia: Conflict Management, emotional intelligence and bullying prevention<\/a><\/p>\n<p><iframe loading=\"lazy\" src=\"https:\/\/drive.google.com\/embeddedfolderview?id=1GMQ99xPvwxVosMjXEYXfmaQvlCMFaHDn#grid\" width=\"100%\" height=\"500\" frameborder=\"0\"><\/iframe><\/p>\n","protected":false},"excerpt":{"rendered":"<p>El proyecto Acreditaci\u00f3n Erasmus 2023_2024 est\u00e1 cofinanciado por la Uni\u00f3n Europea. Las opiniones y puntos de vista expresados en esta publicaci\u00f3n solo comprometen a su(s) autor(es), I.E.S. Jacarand\u00e1 y no reflejan necesariamente los de la Uni\u00f3n Europea ni los del Servicio Espa\u00f1ol para la Internacionalizaci\u00f3n de la Educaci\u00f3n (SEPIE). Ni la Uni\u00f3n Europea ni la [&hellip;]<\/p>\n","protected":false},"author":17802,"featured_media":0,"parent":0,"menu_order":0,"comment_status":"closed","ping_status":"closed","template":"","meta":{"_et_pb_use_builder":"","_et_pb_old_content":"","_et_gb_content_width":"","ngg_post_thumbnail":0,"footnotes":"","_mc_calendar":[]},"aioseo_notices":[],"_links":{"self":[{"href":"https:\/\/blogsaverroes.juntadeandalucia.es\/iesjacaranda\/wp-json\/wp\/v2\/pages\/973"}],"collection":[{"href":"https:\/\/blogsaverroes.juntadeandalucia.es\/iesjacaranda\/wp-json\/wp\/v2\/pages"}],"about":[{"href":"https:\/\/blogsaverroes.juntadeandalucia.es\/iesjacaranda\/wp-json\/wp\/v2\/types\/page"}],"author":[{"embeddable":true,"href":"https:\/\/blogsaverroes.juntadeandalucia.es\/iesjacaranda\/wp-json\/wp\/v2\/users\/17802"}],"replies":[{"embeddable":true,"href":"https:\/\/blogsaverroes.juntadeandalucia.es\/iesjacaranda\/wp-json\/wp\/v2\/comments?post=973"}],"version-history":[{"count":5,"href":"https:\/\/blogsaverroes.juntadeandalucia.es\/iesjacaranda\/wp-json\/wp\/v2\/pages\/973\/revisions"}],"predecessor-version":[{"id":1290,"href":"https:\/\/blogsaverroes.juntadeandalucia.es\/iesjacaranda\/wp-json\/wp\/v2\/pages\/973\/revisions\/1290"}],"wp:attachment":[{"href":"https:\/\/blogsaverroes.juntadeandalucia.es\/iesjacaranda\/wp-json\/wp\/v2\/media?parent=973"}],"curies":[{"name":"wp","href":"https:\/\/api.w.org\/{rel}","templated":true}]}}