{"id":1806,"date":"2015-03-17T07:46:28","date_gmt":"2015-03-17T07:46:28","guid":{"rendered":"http:\/\/blogsaverroes.juntadeandalucia.es\/pre\/ceip\/?page_id=144"},"modified":"2025-04-24T09:27:32","modified_gmt":"2025-04-24T09:27:32","slug":"orientacion-2","status":"publish","type":"page","link":"https:\/\/blogsaverroes.juntadeandalucia.es\/iesjacoborellana\/orientacion-2\/","title":{"rendered":"Orientaci\u00f3n"},"content":{"rendered":"<h2 style=\"text-align: justify\"><img loading=\"lazy\" decoding=\"async\" class=\"size-medium wp-image-2155 aligncenter\" src=\"http:\/\/blogsaverroes.juntadeandalucia.es\/temahuemanies\/files\/2015\/03\/orientacion-300x221.jpg\" alt=\"orientacion\" width=\"300\" height=\"221\" srcset=\"https:\/\/blogsaverroes.juntadeandalucia.es\/iesjacoborellana\/files\/2015\/03\/orientacion-300x221.jpg 300w, https:\/\/blogsaverroes.juntadeandalucia.es\/iesjacoborellana\/files\/2015\/03\/orientacion.jpg 640w\" sizes=\"(max-width: 300px) 100vw, 300px\" \/><\/h2>\n<h2 style=\"text-align: center\"><span style=\"text-decoration: underline\">Orientaci\u00f3n educativa<\/span><\/h2>\n<p style=\"text-align: justify\">La orientaci\u00f3n contribuye al desarrollo de las facetas personal, acad\u00e9mica y profesional de los alumnos y alumnas. Es un proceso en el que deben involucrarse las familias y para el cual pueden acudir a los tutores y al asesoramiento y apoyo de los orientadores de los centros educativos. Entre sus objetivos principales se encuentran los siguientes:<\/p>\n<ul style=\"text-align: justify\">\n<li>Resolver problemas de la vida acad\u00e9mica, como dificultades durante el proceso de aprendizaje, ausencia de motivaci\u00f3n, etc.<\/li>\n<li>Tomar decisiones sobre itinerarios de estudio e incorporaci\u00f3n al mundo laboral.<\/li>\n<li>Convivencia y educaci\u00f3n en valores.<\/li>\n<\/ul>\n<h4 style=\"text-align: center\"><span style=\"text-decoration: underline\"><strong>Miembros del Departamento de Orientaci\u00f3n<\/strong><\/span><\/h4>\n<ul style=\"text-align: justify\">\n<li>Alejandro Langendijk Mu\u00f1oz (Orientador)<\/li>\n<li><span lang=\"ES-TRAD\">Antonio Javier Fern\u00e1ndez Mart\u00edn (Especialista en Pedagog\u00eda Terap\u00e9utica)<\/span><\/li>\n<\/ul>\n","protected":false},"excerpt":{"rendered":"<p>Orientaci\u00f3n educativa La orientaci\u00f3n contribuye al desarrollo de las facetas personal, acad\u00e9mica y profesional de los alumnos y alumnas. Es un proceso en el que deben involucrarse las familias y para el cual pueden&#46;&#46;&#46;<\/p>\n","protected":false},"author":1,"featured_media":0,"parent":0,"menu_order":0,"comment_status":"open","ping_status":"open","template":"page-templates\/child-menu.php","meta":{"ngg_post_thumbnail":0,"footnotes":"","_mc_calendar":[]},"aioseo_notices":[],"_links":{"self":[{"href":"https:\/\/blogsaverroes.juntadeandalucia.es\/iesjacoborellana\/wp-json\/wp\/v2\/pages\/1806"}],"collection":[{"href":"https:\/\/blogsaverroes.juntadeandalucia.es\/iesjacoborellana\/wp-json\/wp\/v2\/pages"}],"about":[{"href":"https:\/\/blogsaverroes.juntadeandalucia.es\/iesjacoborellana\/wp-json\/wp\/v2\/types\/page"}],"author":[{"embeddable":true,"href":"https:\/\/blogsaverroes.juntadeandalucia.es\/iesjacoborellana\/wp-json\/wp\/v2\/users\/1"}],"replies":[{"embeddable":true,"href":"https:\/\/blogsaverroes.juntadeandalucia.es\/iesjacoborellana\/wp-json\/wp\/v2\/comments?post=1806"}],"version-history":[{"count":9,"href":"https:\/\/blogsaverroes.juntadeandalucia.es\/iesjacoborellana\/wp-json\/wp\/v2\/pages\/1806\/revisions"}],"predecessor-version":[{"id":3712,"href":"https:\/\/blogsaverroes.juntadeandalucia.es\/iesjacoborellana\/wp-json\/wp\/v2\/pages\/1806\/revisions\/3712"}],"wp:attachment":[{"href":"https:\/\/blogsaverroes.juntadeandalucia.es\/iesjacoborellana\/wp-json\/wp\/v2\/media?parent=1806"}],"curies":[{"name":"wp","href":"https:\/\/api.w.org\/{rel}","templated":true}]}}