{"id":35,"date":"2015-03-13T08:21:43","date_gmt":"2015-03-13T08:21:43","guid":{"rendered":"http:\/\/blogsaverroes.juntadeandalucia.es\/pre\/ceip\/?page_id=35"},"modified":"2019-12-12T19:23:46","modified_gmt":"2019-12-12T19:23:46","slug":"el-centro-2","status":"publish","type":"page","link":"https:\/\/blogsaverroes.juntadeandalucia.es\/iesjacoborellana\/el-centro-2\/","title":{"rendered":"Datos del centro"},"content":{"rendered":"<p>&nbsp;<\/p>\n<h4>Datos de contacto<\/h4>\n<p>IES Jacobo Orellana Garrido<\/p>\n<p><strong>Direcci\u00f3n:<\/strong> &nbsp;Calle Miguel Hern\u00e1ndez, 1 .<\/p>\n<p>29530 Alameda (M\u00e1laga)<\/p>\n<p><strong>Tel\u00e9fono \/ FAX: <\/strong>952712712\/952712718<br \/>\n<strong>Email:<\/strong> 29701209.edu@juntadeandalucia.es<\/p>\n<p>&nbsp;<\/p>\n<p>&nbsp;<\/p>\n<p>&nbsp;<\/p>\n","protected":false},"excerpt":{"rendered":"<p>&nbsp; Datos de contacto IES Jacobo Orellana Garrido Direcci\u00f3n: &nbsp;Calle Miguel Hern\u00e1ndez, 1 . 29530 Alameda (M\u00e1laga) Tel\u00e9fono \/ FAX: 952712712\/952712718 Email: 29701209.edu@juntadeandalucia.es &nbsp; &nbsp; &nbsp;<\/p>\n","protected":false},"author":1,"featured_media":0,"parent":0,"menu_order":0,"comment_status":"open","ping_status":"open","template":"","meta":{"ngg_post_thumbnail":0,"footnotes":"","_mc_calendar":[]},"aioseo_notices":[],"_links":{"self":[{"href":"https:\/\/blogsaverroes.juntadeandalucia.es\/iesjacoborellana\/wp-json\/wp\/v2\/pages\/35"}],"collection":[{"href":"https:\/\/blogsaverroes.juntadeandalucia.es\/iesjacoborellana\/wp-json\/wp\/v2\/pages"}],"about":[{"href":"https:\/\/blogsaverroes.juntadeandalucia.es\/iesjacoborellana\/wp-json\/wp\/v2\/types\/page"}],"author":[{"embeddable":true,"href":"https:\/\/blogsaverroes.juntadeandalucia.es\/iesjacoborellana\/wp-json\/wp\/v2\/users\/1"}],"replies":[{"embeddable":true,"href":"https:\/\/blogsaverroes.juntadeandalucia.es\/iesjacoborellana\/wp-json\/wp\/v2\/comments?post=35"}],"version-history":[{"count":21,"href":"https:\/\/blogsaverroes.juntadeandalucia.es\/iesjacoborellana\/wp-json\/wp\/v2\/pages\/35\/revisions"}],"predecessor-version":[{"id":2371,"href":"https:\/\/blogsaverroes.juntadeandalucia.es\/iesjacoborellana\/wp-json\/wp\/v2\/pages\/35\/revisions\/2371"}],"wp:attachment":[{"href":"https:\/\/blogsaverroes.juntadeandalucia.es\/iesjacoborellana\/wp-json\/wp\/v2\/media?parent=35"}],"curies":[{"name":"wp","href":"https:\/\/api.w.org\/{rel}","templated":true}]}}