{"id":49,"date":"2015-03-13T08:47:05","date_gmt":"2015-03-13T08:47:05","guid":{"rendered":"http:\/\/blogsaverroes.juntadeandalucia.es\/pre\/ceip\/?page_id=49"},"modified":"2025-10-28T15:54:52","modified_gmt":"2025-10-28T15:54:52","slug":"proyecto-educativo","status":"publish","type":"page","link":"https:\/\/blogsaverroes.juntadeandalucia.es\/iesjacoborellana\/proyecto-educativo\/","title":{"rendered":"Plan de Centro"},"content":{"rendered":"<h2>PLAN DE CENTRO CURSO 25\/26<\/h2>\n<h3><a href=\"https:\/\/blogsaverroes.juntadeandalucia.es\/iesjacoborellana\/files\/2025\/10\/Proyecto-educativo-25-26-1.pdf\" target=\"_blank\" rel=\"noopener\">A) Proyecto Educativo.<\/a><\/h3>\n<ul>\n<li><a href=\"https:\/\/blogsaverroes.juntadeandalucia.es\/iesjacoborellana\/files\/2025\/10\/POAT-Curso-2025-26.pdf\" target=\"_blank\" rel=\"noopener\">POAT.<\/a><\/li>\n<li><a href=\"https:\/\/blogsaverroes.juntadeandalucia.es\/iesjacoborellana\/files\/2025\/10\/Plan-convivencia-25-26.pdf\" target=\"_blank\" rel=\"noopener\">Plan de Convivencia.<\/a><\/li>\n<li><a href=\"https:\/\/blogsaverroes.juntadeandalucia.es\/iesjacoborellana\/files\/2024\/10\/Anexo-III-Plan-de-formacion-del-profesorado.pdf\" target=\"_blank\" rel=\"noopener\">Plan formaci\u00f3n del profesorado.<\/a><\/li>\n<li><a href=\"https:\/\/blogsaverroes.juntadeandalucia.es\/iesjacoborellana\/files\/2024\/10\/Anexo-IV-Plan-para-el-fomento-del-razonamiento-matematico.pdf\" target=\"_blank\" rel=\"noopener\">Plan para el fomento del razonamiento matem\u00e1tico.<\/a><\/li>\n<li><a href=\"https:\/\/blogsaverroes.juntadeandalucia.es\/iesjacoborellana\/files\/2024\/10\/Anexo-V-Plan-de-Fomento-de-Lectura.pdf\" target=\"_blank\" rel=\"noopener\">Plan de Fomento de Lectura.<\/a><\/li>\n<\/ul>\n<h3><a href=\"https:\/\/blogsaverroes.juntadeandalucia.es\/iesjacoborellana\/files\/2025\/10\/ROF-25-26-1.pdf\" target=\"_blank\" rel=\"noopener\">B) ROF.<\/a><\/h3>\n<h3><a href=\"https:\/\/blogsaverroes.juntadeandalucia.es\/iesjacoborellana\/files\/2025\/10\/Proyecto-de-Gestion-2025-2026.pdf\" target=\"_blank\" rel=\"noopener\">C) Proyecto de Gesti\u00f3n.<\/a><\/h3>\n","protected":false},"excerpt":{"rendered":"<p>PLAN DE CENTRO CURSO 25\/26 A) Proyecto Educativo. POAT. Plan de Convivencia. Plan formaci\u00f3n del profesorado. Plan para el fomento del razonamiento matem\u00e1tico. Plan de Fomento de Lectura. B) ROF. C) Proyecto de Gesti\u00f3n.<\/p>\n","protected":false},"author":1,"featured_media":0,"parent":0,"menu_order":0,"comment_status":"open","ping_status":"open","template":"page-templates\/child-menu.php","meta":{"ngg_post_thumbnail":0,"footnotes":"","_mc_calendar":[]},"aioseo_notices":[],"_links":{"self":[{"href":"https:\/\/blogsaverroes.juntadeandalucia.es\/iesjacoborellana\/wp-json\/wp\/v2\/pages\/49"}],"collection":[{"href":"https:\/\/blogsaverroes.juntadeandalucia.es\/iesjacoborellana\/wp-json\/wp\/v2\/pages"}],"about":[{"href":"https:\/\/blogsaverroes.juntadeandalucia.es\/iesjacoborellana\/wp-json\/wp\/v2\/types\/page"}],"author":[{"embeddable":true,"href":"https:\/\/blogsaverroes.juntadeandalucia.es\/iesjacoborellana\/wp-json\/wp\/v2\/users\/1"}],"replies":[{"embeddable":true,"href":"https:\/\/blogsaverroes.juntadeandalucia.es\/iesjacoborellana\/wp-json\/wp\/v2\/comments?post=49"}],"version-history":[{"count":36,"href":"https:\/\/blogsaverroes.juntadeandalucia.es\/iesjacoborellana\/wp-json\/wp\/v2\/pages\/49\/revisions"}],"predecessor-version":[{"id":3750,"href":"https:\/\/blogsaverroes.juntadeandalucia.es\/iesjacoborellana\/wp-json\/wp\/v2\/pages\/49\/revisions\/3750"}],"wp:attachment":[{"href":"https:\/\/blogsaverroes.juntadeandalucia.es\/iesjacoborellana\/wp-json\/wp\/v2\/media?parent=49"}],"curies":[{"name":"wp","href":"https:\/\/api.w.org\/{rel}","templated":true}]}}