{"id":1084,"date":"2022-08-05T13:32:43","date_gmt":"2022-08-05T11:32:43","guid":{"rendered":"https:\/\/blogsaverroes.juntadeandalucia.es\/iesjandula\/?page_id=1084"},"modified":"2025-01-25T09:50:05","modified_gmt":"2025-01-25T08:50:05","slug":"equipo-directivo","status":"publish","type":"page","link":"https:\/\/blogsaverroes.juntadeandalucia.es\/iesjandula\/equipo-directivo\/","title":{"rendered":"Equipo Directivo"},"content":{"rendered":"<p><strong>DIRECCI\u00d3N<\/strong><\/p>\n<table class=\"aligncenter\" border=\"1\" cellspacing=\"1\" cellpadding=\"1\">\n<thead>\n<tr>\n<td style=\"border-style: solid;border-color: #000000;text-align: center;width: 38.1877%\" scope=\"col\"><strong>Directora<\/strong><\/td>\n<td style=\"border-style: solid;border-color: #000000;text-align: center;width: 31.6217%\" scope=\"col\"><strong>Vicedirectora<\/strong><\/td>\n<td style=\"border-style: solid;border-color: #000000;text-align: center;width: 80.6354%\"><strong>Secretario<\/strong><\/td>\n<\/tr>\n<\/thead>\n<tbody>\n<tr>\n<td style=\"border-style: solid;border-color: #000000;width: 38.1877%\"><img loading=\"lazy\" decoding=\"async\" class=\"wp-image-1398 size-full aligncenter\" src=\"https:\/\/blogsaverroes.juntadeandalucia.es\/iesjandula\/files\/2023\/04\/encarni_orla.png\" alt=\"\" width=\"124\" height=\"144\"><\/td>\n<td style=\"border-style: solid;border-color: #000000;width: 31.6217%\"><img loading=\"lazy\" decoding=\"async\" class=\"wp-image-1397 size-full aligncenter\" src=\"https:\/\/blogsaverroes.juntadeandalucia.es\/iesjandula\/files\/2023\/04\/Mercedes_Orla.png\" alt=\"\" width=\"134\" height=\"144\"><\/td>\n<td style=\"border-style: solid;border-color: #000000;width: 80.6354%\"><img loading=\"lazy\" decoding=\"async\" class=\"wp-image-1396 aligncenter\" src=\"https:\/\/blogsaverroes.juntadeandalucia.es\/iesjandula\/files\/2023\/04\/rafa_orla.png\" alt=\"\" width=\"139\" height=\"152\"><\/td>\n<\/tr>\n<tr>\n<td class=\"rtecenter\" style=\"border-style: solid;border-color: #000000;width: 38.1877%;text-align: center\"><strong>Encarnaci\u00f3n Per\u00e1lvarez<\/strong><\/td>\n<td class=\"rtecenter\" style=\"border-style: solid;border-color: #000000;width: 31.6217%;text-align: center\"><strong>Mercedes Casuso<\/strong><\/td>\n<td style=\"border-style: solid;border-color: #000000;width: 80.6354%;text-align: center\"><strong>Rafael Delgado<\/strong><\/td>\n<\/tr>\n<\/tbody>\n<\/table>\n<p><strong>JEFATURA DE ESTUDIOS<\/strong><\/p>\n<table class=\"aligncenter\" style=\"height: 258px;width: 66.8136%\" border=\"1\" cellspacing=\"1\" cellpadding=\"1\">\n<thead>\n<tr>\n<td style=\"border-style: solid;border-color: #000000;text-align: center;width: 26.3771%\" scope=\"col\"><strong>Jefe de Estudios<\/strong><\/td>\n<td style=\"border-style: solid;border-color: #000000;width: 26.8264%\" scope=\"col\"><strong>Jefe de Estudios Adjunto<\/strong><\/td>\n<td style=\"border-style: solid;border-color: #000000;text-align: center;width: 22.3904%\"><strong>Jefa de Estudios Adjunta<\/strong><\/td>\n<\/tr>\n<\/thead>\n<tbody>\n<tr>\n<td style=\"border-style: solid;border-color: #000000;width: 26.3771%\"><img loading=\"lazy\" decoding=\"async\" class=\"wp-image-1399 aligncenter\" src=\"https:\/\/blogsaverroes.juntadeandalucia.es\/iesjandula\/files\/2023\/04\/Jose_Antonio_Orla.png\" alt=\"\" width=\"152\" height=\"173\"><\/td>\n<td style=\"border-style: solid;border-color: #000000;width: 26.8264%\"><img loading=\"lazy\" decoding=\"async\" class=\"wp-image-1394 aligncenter\" src=\"https:\/\/blogsaverroes.juntadeandalucia.es\/iesjandula\/files\/2023\/04\/yo_orla.png\" alt=\"\" width=\"169\" height=\"192\"><\/td>\n<td style=\"border-style: solid;border-color: #000000;width: 22.3904%\"><img loading=\"lazy\" decoding=\"async\" class=\"wp-image-1931 aligncenter\" src=\"https:\/\/blogsaverroes.juntadeandalucia.es\/iesjandula\/files\/2024\/05\/Foto_Inma_Sin_Fondo-1-169x300.png\" alt=\"\" width=\"101\" height=\"180\" srcset=\"https:\/\/blogsaverroes.juntadeandalucia.es\/iesjandula\/files\/2024\/05\/Foto_Inma_Sin_Fondo-1-169x300.png 169w, https:\/\/blogsaverroes.juntadeandalucia.es\/iesjandula\/files\/2024\/05\/Foto_Inma_Sin_Fondo-1.png 375w\" sizes=\"(max-width: 101px) 100vw, 101px\" \/><\/td>\n<\/tr>\n<tr>\n<td class=\"rtecenter\" style=\"border-style: solid;border-color: #000000;text-align: center;width: 26.3771%\"><strong>Jos\u00e9 Antonio S\u00e1nchez<\/strong><\/td>\n<td class=\"rtecenter\" style=\"border-style: solid;border-color: #000000;text-align: center;width: 26.8264%\"><strong>&nbsp;Francisco Mart\u00ednez<\/strong><\/td>\n<td style=\"border-style: solid;border-color: #000000;text-align: center;width: 22.3904%\"><strong>Inmaculada Rela\u00f1o<\/strong><\/td>\n<\/tr>\n<\/tbody>\n<\/table>\n","protected":false},"excerpt":{"rendered":"<p>DIRECCI\u00d3N Directora Vicedirectora Secretario Encarnaci\u00f3n Per\u00e1lvarez Mercedes Casuso Rafael Delgado JEFATURA DE ESTUDIOS Jefe de Estudios Jefe de Estudios Adjunto Jefa de Estudios Adjunta Jos\u00e9 Antonio S\u00e1nchez &nbsp;Francisco Mart\u00ednez Inmaculada Rela\u00f1o<\/p>\n","protected":false},"author":8129,"featured_media":0,"parent":0,"menu_order":0,"comment_status":"closed","ping_status":"closed","template":"","meta":{"ngg_post_thumbnail":0,"footnotes":""},"aioseo_notices":[],"_links":{"self":[{"href":"https:\/\/blogsaverroes.juntadeandalucia.es\/iesjandula\/wp-json\/wp\/v2\/pages\/1084"}],"collection":[{"href":"https:\/\/blogsaverroes.juntadeandalucia.es\/iesjandula\/wp-json\/wp\/v2\/pages"}],"about":[{"href":"https:\/\/blogsaverroes.juntadeandalucia.es\/iesjandula\/wp-json\/wp\/v2\/types\/page"}],"author":[{"embeddable":true,"href":"https:\/\/blogsaverroes.juntadeandalucia.es\/iesjandula\/wp-json\/wp\/v2\/users\/8129"}],"replies":[{"embeddable":true,"href":"https:\/\/blogsaverroes.juntadeandalucia.es\/iesjandula\/wp-json\/wp\/v2\/comments?post=1084"}],"version-history":[{"count":19,"href":"https:\/\/blogsaverroes.juntadeandalucia.es\/iesjandula\/wp-json\/wp\/v2\/pages\/1084\/revisions"}],"predecessor-version":[{"id":2261,"href":"https:\/\/blogsaverroes.juntadeandalucia.es\/iesjandula\/wp-json\/wp\/v2\/pages\/1084\/revisions\/2261"}],"wp:attachment":[{"href":"https:\/\/blogsaverroes.juntadeandalucia.es\/iesjandula\/wp-json\/wp\/v2\/media?parent=1084"}],"curies":[{"name":"wp","href":"https:\/\/api.w.org\/{rel}","templated":true}]}}