{"id":1120,"date":"2022-08-11T11:13:58","date_gmt":"2022-08-11T09:13:58","guid":{"rendered":"https:\/\/blogsaverroes.juntadeandalucia.es\/iesjandula\/?page_id=1120"},"modified":"2024-10-27T12:41:22","modified_gmt":"2024-10-27T11:41:22","slug":"biologia-y-geologia","status":"publish","type":"page","link":"https:\/\/blogsaverroes.juntadeandalucia.es\/iesjandula\/biologia-y-geologia\/","title":{"rendered":"Biolog\u00eda y Geolog\u00eda"},"content":{"rendered":"<h3>&nbsp;<\/h3>\n<table style=\"width: 94.4023%\" width=\"47%\">\n<tbody>\n<tr>\n<td style=\"text-align: center;border-style: solid;border-color: #000000;background-color: #c7e8ff;width: 6%\" width=\"6%\"><strong>DEPARTAMENTO<\/strong><\/td>\n<td style=\"text-align: center;border-style: solid;border-color: #000000;background-color: #c7e8ff;width: 52.0558%\" width=\"11%\"><strong>JEFATURA DEPARTAMENTO<\/strong><\/td>\n<td style=\"text-align: center;border-style: solid;border-color: #000000;background-color: #c7e8ff;width: 54.3689%\" width=\"18%\"><strong>MIEMBROS<\/strong><\/td>\n<\/tr>\n<tr>\n<td style=\"border-style: solid;border-color: #000000;width: 6%\" width=\"6%\">Biolog\u00eda y Geolog\u00eda<\/td>\n<td style=\"border-style: solid;border-color: #000000;width: 52.0558%\" width=\"11%\">\n<p style=\"text-align: center\">Bejarano Casado, Francisco<\/p>\n<\/td>\n<td style=\"border-style: solid;border-color: #000000;width: 54.3689%\" width=\"18%\">\n<ul>\n<li style=\"text-align: left\">De Torres Mart\u00ednez, M\u00aa Soledad<\/li>\n<\/ul>\n<\/td>\n<\/tr>\n<\/tbody>\n<\/table>\n<p>Noticias sobre Biolog\u00eda y Geolog\u00eda<\/p>\n","protected":false},"excerpt":{"rendered":"<p>&nbsp; DEPARTAMENTO JEFATURA DEPARTAMENTO MIEMBROS Biolog\u00eda y Geolog\u00eda Bejarano Casado, Francisco De Torres Mart\u00ednez, M\u00aa Soledad Noticias sobre Biolog\u00eda y Geolog\u00eda<\/p>\n","protected":false},"author":8129,"featured_media":0,"parent":0,"menu_order":0,"comment_status":"closed","ping_status":"closed","template":"","meta":{"ngg_post_thumbnail":0,"footnotes":""},"aioseo_notices":[],"_links":{"self":[{"href":"https:\/\/blogsaverroes.juntadeandalucia.es\/iesjandula\/wp-json\/wp\/v2\/pages\/1120"}],"collection":[{"href":"https:\/\/blogsaverroes.juntadeandalucia.es\/iesjandula\/wp-json\/wp\/v2\/pages"}],"about":[{"href":"https:\/\/blogsaverroes.juntadeandalucia.es\/iesjandula\/wp-json\/wp\/v2\/types\/page"}],"author":[{"embeddable":true,"href":"https:\/\/blogsaverroes.juntadeandalucia.es\/iesjandula\/wp-json\/wp\/v2\/users\/8129"}],"replies":[{"embeddable":true,"href":"https:\/\/blogsaverroes.juntadeandalucia.es\/iesjandula\/wp-json\/wp\/v2\/comments?post=1120"}],"version-history":[{"count":11,"href":"https:\/\/blogsaverroes.juntadeandalucia.es\/iesjandula\/wp-json\/wp\/v2\/pages\/1120\/revisions"}],"predecessor-version":[{"id":2163,"href":"https:\/\/blogsaverroes.juntadeandalucia.es\/iesjandula\/wp-json\/wp\/v2\/pages\/1120\/revisions\/2163"}],"wp:attachment":[{"href":"https:\/\/blogsaverroes.juntadeandalucia.es\/iesjandula\/wp-json\/wp\/v2\/media?parent=1120"}],"curies":[{"name":"wp","href":"https:\/\/api.w.org\/{rel}","templated":true}]}}