{"id":1130,"date":"2022-08-11T11:13:59","date_gmt":"2022-08-11T09:13:59","guid":{"rendered":"https:\/\/blogsaverroes.juntadeandalucia.es\/iesjandula\/?page_id=1130"},"modified":"2024-10-27T13:07:43","modified_gmt":"2024-10-27T12:07:43","slug":"informatica","status":"publish","type":"page","link":"https:\/\/blogsaverroes.juntadeandalucia.es\/iesjandula\/informatica\/","title":{"rendered":"Inform\u00e1tica"},"content":{"rendered":"<h3>&nbsp;<\/h3>\n<table width=\"47%\">\n<tbody>\n<tr>\n<td style=\"text-align: center;border-style: solid;border-color: #000000;background-color: #c7e8ff\" width=\"6%\"><strong>DEPARTAMENTO<\/strong><\/td>\n<td style=\"text-align: center;border-style: solid;border-color: #000000;background-color: #c7e8ff\" width=\"11%\"><strong>JEFATURA DEPARTAMENTO<\/strong><\/td>\n<td style=\"text-align: center;border-style: solid;border-color: #000000;background-color: #c7e8ff\" width=\"18%\"><strong>MIEMBROS<\/strong><\/td>\n<\/tr>\n<tr>\n<td style=\"border-style: solid;border-color: #000000\" width=\"6%\">Inform\u00e1tica y Comunicaciones<\/p>\n<p>(Familia Profesional)<\/td>\n<td style=\"border-style: solid;border-color: #000000\" width=\"11%\">Serrano Mart\u00ednez, Vicente<\/td>\n<td style=\"border-style: solid;border-color: #000000\" width=\"18%\">\n<ul>\n<li style=\"text-align: left\">Arroyo Juan, Manuel<\/li>\n<li style=\"text-align: left\">Ben\u00edtez Chico, Francisco Manuel<\/li>\n<li style=\"text-align: left\">Carreras Vargas, Antonio Javier<\/li>\n<li style=\"text-align: left\">Catal\u00e1n Merino, Mar\u00eda Antonia<\/li>\n<li style=\"text-align: left\">Delgado Cubilla, Rafael<\/li>\n<li style=\"text-align: left\">Fimia Mu\u00f1oz, Miriam<\/li>\n<li style=\"text-align: left\">Gal\u00e1n Molina, Francisco Javier<\/li>\n<li style=\"text-align: left\">Jim\u00e9nez L\u00f3pez, Gregorio<\/li>\n<li style=\"text-align: left\">L\u00f3pez G\u00f3mez, Roc\u00edo<\/li>\n<li style=\"text-align: left\">Mart\u00ednez Ruiz, Francisco<\/li>\n<li style=\"text-align: left\">Martos Olmo, Sergio Gil<\/li>\n<li style=\"text-align: left\">Pe\u00f1a Canal, Alicia<\/li>\n<li style=\"text-align: left\">Per\u00e1lvarez Aguilera, Encarnaci\u00f3n<\/li>\n<li style=\"text-align: left\">Rivillas Molina, Humberto<\/li>\n<li style=\"text-align: left\">Ruiz Andr\u00e9s, Mar\u00eda Isabel<\/li>\n<li style=\"text-align: left\">S\u00e1nchez Garc\u00eda, Jos\u00e9 Antonio<\/li>\n<li style=\"text-align: left\">Toledo Saavedra, Pedro Mar\u00eda<\/li>\n<\/ul>\n<\/td>\n<\/tr>\n<\/tbody>\n<\/table>\n<p><a href=\"https:\/\/blogsaverroes.juntadeandalucia.es\/iesjandula\/1302-2\/\">Noticias sobre Inform\u00e1tica<\/a><\/p>\n","protected":false},"excerpt":{"rendered":"<p>&nbsp; DEPARTAMENTO JEFATURA DEPARTAMENTO MIEMBROS Inform\u00e1tica y Comunicaciones (Familia Profesional) Serrano Mart\u00ednez, Vicente Arroyo Juan, Manuel Ben\u00edtez Chico, Francisco Manuel Carreras Vargas, Antonio Javier Catal\u00e1n Merino, Mar\u00eda Antonia Delgado Cubilla, Rafael Fimia Mu\u00f1oz, Miriam&#46;&#46;&#46;<\/p>\n","protected":false},"author":8129,"featured_media":0,"parent":0,"menu_order":0,"comment_status":"closed","ping_status":"closed","template":"","meta":{"ngg_post_thumbnail":0,"footnotes":""},"aioseo_notices":[],"_links":{"self":[{"href":"https:\/\/blogsaverroes.juntadeandalucia.es\/iesjandula\/wp-json\/wp\/v2\/pages\/1130"}],"collection":[{"href":"https:\/\/blogsaverroes.juntadeandalucia.es\/iesjandula\/wp-json\/wp\/v2\/pages"}],"about":[{"href":"https:\/\/blogsaverroes.juntadeandalucia.es\/iesjandula\/wp-json\/wp\/v2\/types\/page"}],"author":[{"embeddable":true,"href":"https:\/\/blogsaverroes.juntadeandalucia.es\/iesjandula\/wp-json\/wp\/v2\/users\/8129"}],"replies":[{"embeddable":true,"href":"https:\/\/blogsaverroes.juntadeandalucia.es\/iesjandula\/wp-json\/wp\/v2\/comments?post=1130"}],"version-history":[{"count":21,"href":"https:\/\/blogsaverroes.juntadeandalucia.es\/iesjandula\/wp-json\/wp\/v2\/pages\/1130\/revisions"}],"predecessor-version":[{"id":2174,"href":"https:\/\/blogsaverroes.juntadeandalucia.es\/iesjandula\/wp-json\/wp\/v2\/pages\/1130\/revisions\/2174"}],"wp:attachment":[{"href":"https:\/\/blogsaverroes.juntadeandalucia.es\/iesjandula\/wp-json\/wp\/v2\/media?parent=1130"}],"curies":[{"name":"wp","href":"https:\/\/api.w.org\/{rel}","templated":true}]}}