{"id":1133,"date":"2022-08-11T11:13:59","date_gmt":"2022-08-11T09:13:59","guid":{"rendered":"https:\/\/blogsaverroes.juntadeandalucia.es\/iesjandula\/?page_id=1133"},"modified":"2024-10-27T13:11:11","modified_gmt":"2024-10-27T12:11:11","slug":"lengua-castellana","status":"publish","type":"page","link":"https:\/\/blogsaverroes.juntadeandalucia.es\/iesjandula\/lengua-castellana\/","title":{"rendered":"Lengua Castellana"},"content":{"rendered":"<h3>&nbsp;<\/h3>\n<table width=\"47%\">\n<tbody>\n<tr>\n<td style=\"text-align: center;border-style: solid;border-color: #000000;background-color: #c7e8ff\" width=\"6%\"><strong>DEPARTAMENTO<\/strong><\/td>\n<td style=\"text-align: center;border-style: solid;border-color: #000000;background-color: #c7e8ff\" width=\"11%\"><strong>JEFATURA DEPARTAMENTO<\/strong><\/td>\n<td style=\"text-align: center;border-style: solid;border-color: #000000;background-color: #c7e8ff\" width=\"18%\"><strong>MIEMBROS<\/strong><\/td>\n<\/tr>\n<tr>\n<td style=\"border-style: solid;border-color: #000000\" width=\"6%\">Lengua Castellana y Literatura<\/td>\n<td style=\"border-style: solid;border-color: #000000\" width=\"11%\">\n<p style=\"text-align: center\">Sol\u00eds Perales, M\u00aa Dolores<\/p>\n<\/td>\n<td style=\"border-style: solid;border-color: #000000\" width=\"18%\">\n<ul>\n<li style=\"text-align: left\">Exp\u00f3sito Soto, Juana<\/li>\n<li style=\"text-align: left\">Fern\u00e1ndez Garc\u00eda, Tamara<\/li>\n<li style=\"text-align: left\">Gonz\u00e1lez Fuentes, Manuela<\/li>\n<li style=\"text-align: left\">Pe\u00f1a L\u00f3pez, Virginia<\/li>\n<li style=\"text-align: left\">Vera L\u00f3pez, Jes\u00fas Gabriel<\/li>\n<\/ul>\n<\/td>\n<\/tr>\n<\/tbody>\n<\/table>\n<p>Noticias sobre Lengua Castellana<\/p>\n","protected":false},"excerpt":{"rendered":"<p>&nbsp; DEPARTAMENTO JEFATURA DEPARTAMENTO MIEMBROS Lengua Castellana y Literatura Sol\u00eds Perales, M\u00aa Dolores Exp\u00f3sito Soto, Juana Fern\u00e1ndez Garc\u00eda, Tamara Gonz\u00e1lez Fuentes, Manuela Pe\u00f1a L\u00f3pez, Virginia Vera L\u00f3pez, Jes\u00fas Gabriel Noticias sobre Lengua Castellana<\/p>\n","protected":false},"author":8129,"featured_media":0,"parent":0,"menu_order":0,"comment_status":"closed","ping_status":"closed","template":"","meta":{"ngg_post_thumbnail":0,"footnotes":""},"aioseo_notices":[],"_links":{"self":[{"href":"https:\/\/blogsaverroes.juntadeandalucia.es\/iesjandula\/wp-json\/wp\/v2\/pages\/1133"}],"collection":[{"href":"https:\/\/blogsaverroes.juntadeandalucia.es\/iesjandula\/wp-json\/wp\/v2\/pages"}],"about":[{"href":"https:\/\/blogsaverroes.juntadeandalucia.es\/iesjandula\/wp-json\/wp\/v2\/types\/page"}],"author":[{"embeddable":true,"href":"https:\/\/blogsaverroes.juntadeandalucia.es\/iesjandula\/wp-json\/wp\/v2\/users\/8129"}],"replies":[{"embeddable":true,"href":"https:\/\/blogsaverroes.juntadeandalucia.es\/iesjandula\/wp-json\/wp\/v2\/comments?post=1133"}],"version-history":[{"count":7,"href":"https:\/\/blogsaverroes.juntadeandalucia.es\/iesjandula\/wp-json\/wp\/v2\/pages\/1133\/revisions"}],"predecessor-version":[{"id":2175,"href":"https:\/\/blogsaverroes.juntadeandalucia.es\/iesjandula\/wp-json\/wp\/v2\/pages\/1133\/revisions\/2175"}],"wp:attachment":[{"href":"https:\/\/blogsaverroes.juntadeandalucia.es\/iesjandula\/wp-json\/wp\/v2\/media?parent=1133"}],"curies":[{"name":"wp","href":"https:\/\/api.w.org\/{rel}","templated":true}]}}