{"id":1134,"date":"2022-08-11T11:13:59","date_gmt":"2022-08-11T09:13:59","guid":{"rendered":"https:\/\/blogsaverroes.juntadeandalucia.es\/iesjandula\/?page_id=1134"},"modified":"2024-10-27T12:45:43","modified_gmt":"2024-10-27T11:45:43","slug":"matematicas","status":"publish","type":"page","link":"https:\/\/blogsaverroes.juntadeandalucia.es\/iesjandula\/matematicas\/","title":{"rendered":"Matem\u00e1ticas"},"content":{"rendered":"<h3>&nbsp;<\/h3>\n<table width=\"47%\">\n<tbody>\n<tr>\n<td style=\"text-align: center;border-style: solid;border-color: #000000;background-color: #c7e8ff\" width=\"6%\"><strong>DEPARTAMENTO<\/strong><\/td>\n<td style=\"text-align: center;border-style: solid;border-color: #000000;background-color: #c7e8ff\" width=\"11%\"><strong>JEFATURA DEPARTAMENTO<\/strong><\/td>\n<td style=\"text-align: center;border-style: solid;border-color: #000000;background-color: #c7e8ff\" width=\"18%\"><strong>MIEMBROS<\/strong><\/td>\n<\/tr>\n<tr>\n<td style=\"border-style: solid;border-color: #000000\" width=\"6%\">Matem\u00e1ticas<\/td>\n<td style=\"border-style: solid;border-color: #000000\" width=\"11%\">\n<p style=\"text-align: center\">Haro Laguardia, Francisco<\/p>\n<\/td>\n<td style=\"border-style: solid;border-color: #000000\" width=\"18%\">\n<ul>\n<li style=\"text-align: left\">Amaro Parrado, Manuel<\/li>\n<li style=\"text-align: left\">De Lara Jurado, Oscar<\/li>\n<li style=\"text-align: left\">Herrera Ciudad, M\u00aa Pilar<\/li>\n<li style=\"text-align: left\">Luque Alias, Jos\u00e9 M\u00aa<\/li>\n<li style=\"text-align: left\">Mar\u00edn Lechado, Jos\u00e9 Manuel<\/li>\n<\/ul>\n<\/td>\n<\/tr>\n<\/tbody>\n<\/table>\n<p>Noticias sobre Matem\u00e1ticas<\/p>\n<p>&nbsp;<\/p>\n","protected":false},"excerpt":{"rendered":"<p>&nbsp; DEPARTAMENTO JEFATURA DEPARTAMENTO MIEMBROS Matem\u00e1ticas Haro Laguardia, Francisco Amaro Parrado, Manuel De Lara Jurado, Oscar Herrera Ciudad, M\u00aa Pilar Luque Alias, Jos\u00e9 M\u00aa Mar\u00edn Lechado, Jos\u00e9 Manuel Noticias sobre Matem\u00e1ticas &nbsp;<\/p>\n","protected":false},"author":8129,"featured_media":0,"parent":0,"menu_order":0,"comment_status":"closed","ping_status":"closed","template":"","meta":{"ngg_post_thumbnail":0,"footnotes":""},"aioseo_notices":[],"_links":{"self":[{"href":"https:\/\/blogsaverroes.juntadeandalucia.es\/iesjandula\/wp-json\/wp\/v2\/pages\/1134"}],"collection":[{"href":"https:\/\/blogsaverroes.juntadeandalucia.es\/iesjandula\/wp-json\/wp\/v2\/pages"}],"about":[{"href":"https:\/\/blogsaverroes.juntadeandalucia.es\/iesjandula\/wp-json\/wp\/v2\/types\/page"}],"author":[{"embeddable":true,"href":"https:\/\/blogsaverroes.juntadeandalucia.es\/iesjandula\/wp-json\/wp\/v2\/users\/8129"}],"replies":[{"embeddable":true,"href":"https:\/\/blogsaverroes.juntadeandalucia.es\/iesjandula\/wp-json\/wp\/v2\/comments?post=1134"}],"version-history":[{"count":6,"href":"https:\/\/blogsaverroes.juntadeandalucia.es\/iesjandula\/wp-json\/wp\/v2\/pages\/1134\/revisions"}],"predecessor-version":[{"id":2164,"href":"https:\/\/blogsaverroes.juntadeandalucia.es\/iesjandula\/wp-json\/wp\/v2\/pages\/1134\/revisions\/2164"}],"wp:attachment":[{"href":"https:\/\/blogsaverroes.juntadeandalucia.es\/iesjandula\/wp-json\/wp\/v2\/media?parent=1134"}],"curies":[{"name":"wp","href":"https:\/\/api.w.org\/{rel}","templated":true}]}}