{"id":1230,"date":"2022-09-02T11:34:07","date_gmt":"2022-09-02T09:34:07","guid":{"rendered":"https:\/\/blogsaverroes.juntadeandalucia.es\/iesjandula\/?page_id=1230"},"modified":"2024-10-27T12:34:35","modified_gmt":"2024-10-27T11:34:35","slug":"ingles","status":"publish","type":"page","link":"https:\/\/blogsaverroes.juntadeandalucia.es\/iesjandula\/ingles\/","title":{"rendered":"Ingl\u00e9s"},"content":{"rendered":"<h3>&nbsp;<\/h3>\n<table width=\"47%\">\n<tbody>\n<tr>\n<td style=\"text-align: center;border-style: solid;border-color: #000000;background-color: #c7e8ff\" width=\"6%\"><strong>DEPARTAMENTO<\/strong><\/td>\n<td style=\"text-align: center;border-style: solid;border-color: #000000;background-color: #c7e8ff\" width=\"11%\"><strong>JEFATURA DEPARTAMENTO<\/strong><\/td>\n<td style=\"text-align: center;border-style: solid;border-color: #000000;background-color: #c7e8ff\" width=\"18%\"><strong>MIEMBROS<\/strong><\/td>\n<\/tr>\n<tr>\n<td style=\"border-style: solid;border-color: #000000\" width=\"6%\">Ingl\u00e9s<\/td>\n<td style=\"border-style: solid;border-color: #000000\" width=\"11%\">Catal\u00e1n Cubillas, Segundo<\/td>\n<td style=\"border-style: solid;border-color: #000000\" width=\"18%\">\n<ul>\n<li style=\"text-align: left\">Haro Mu\u00f1oz, Encarnaci\u00f3n<\/li>\n<li style=\"text-align: left\">Leiva Aguilera, Ana Mar\u00eda<\/li>\n<li style=\"text-align: left\">L\u00f3pez Padilla, M\u00aa Esther<\/li>\n<li style=\"text-align: left\">Mauro Cledera, Ana Bel\u00e9n<\/li>\n<li style=\"text-align: left\">Rodr\u00edguez Mart\u00edn, M\u00aa Carmen<\/li>\n<li style=\"text-align: left\">Merino Mart\u00ednez, Silvia<\/li>\n<\/ul>\n<\/td>\n<\/tr>\n<\/tbody>\n<\/table>\n<p>Noticias sobre Ingl\u00e9s<\/p>\n","protected":false},"excerpt":{"rendered":"<p>&nbsp; DEPARTAMENTO JEFATURA DEPARTAMENTO MIEMBROS Ingl\u00e9s Catal\u00e1n Cubillas, Segundo Haro Mu\u00f1oz, Encarnaci\u00f3n Leiva Aguilera, Ana Mar\u00eda L\u00f3pez Padilla, M\u00aa Esther Mauro Cledera, Ana Bel\u00e9n Rodr\u00edguez Mart\u00edn, M\u00aa Carmen Merino Mart\u00ednez, Silvia Noticias sobre Ingl\u00e9s<\/p>\n","protected":false},"author":8129,"featured_media":0,"parent":0,"menu_order":0,"comment_status":"closed","ping_status":"closed","template":"","meta":{"ngg_post_thumbnail":0,"footnotes":""},"aioseo_notices":[],"_links":{"self":[{"href":"https:\/\/blogsaverroes.juntadeandalucia.es\/iesjandula\/wp-json\/wp\/v2\/pages\/1230"}],"collection":[{"href":"https:\/\/blogsaverroes.juntadeandalucia.es\/iesjandula\/wp-json\/wp\/v2\/pages"}],"about":[{"href":"https:\/\/blogsaverroes.juntadeandalucia.es\/iesjandula\/wp-json\/wp\/v2\/types\/page"}],"author":[{"embeddable":true,"href":"https:\/\/blogsaverroes.juntadeandalucia.es\/iesjandula\/wp-json\/wp\/v2\/users\/8129"}],"replies":[{"embeddable":true,"href":"https:\/\/blogsaverroes.juntadeandalucia.es\/iesjandula\/wp-json\/wp\/v2\/comments?post=1230"}],"version-history":[{"count":7,"href":"https:\/\/blogsaverroes.juntadeandalucia.es\/iesjandula\/wp-json\/wp\/v2\/pages\/1230\/revisions"}],"predecessor-version":[{"id":2157,"href":"https:\/\/blogsaverroes.juntadeandalucia.es\/iesjandula\/wp-json\/wp\/v2\/pages\/1230\/revisions\/2157"}],"wp:attachment":[{"href":"https:\/\/blogsaverroes.juntadeandalucia.es\/iesjandula\/wp-json\/wp\/v2\/media?parent=1230"}],"curies":[{"name":"wp","href":"https:\/\/api.w.org\/{rel}","templated":true}]}}