{"id":1779,"date":"2024-02-07T09:49:43","date_gmt":"2024-02-07T08:49:43","guid":{"rendered":"https:\/\/blogsaverroes.juntadeandalucia.es\/iesjandula\/?page_id=1779"},"modified":"2024-02-07T13:03:49","modified_gmt":"2024-02-07T12:03:49","slug":"programa-mas-equidad","status":"publish","type":"page","link":"https:\/\/blogsaverroes.juntadeandalucia.es\/iesjandula\/programa-mas-equidad\/","title":{"rendered":"Programa M\u00e1s Equidad"},"content":{"rendered":"<p><img loading=\"lazy\" decoding=\"async\" class=\"size-full wp-image-1796 alignright\" src=\"https:\/\/blogsaverroes.juntadeandalucia.es\/iesjandula\/files\/2024\/02\/descarga-1.jpeg\" alt=\"\" width=\"275\" height=\"183\">El Programa M\u00e1s Equidad tiene como objetivo principal promover una cultura inclusiva en las escuelas y mejorar las habilidades adquiridas por los estudiantes a trav\u00e9s de la optimizaci\u00f3n de los recursos en el aula y la implementaci\u00f3n de experiencias innovadoras y activas. Estas experiencias buscan fomentar las habilidades pr\u00e1cticas de los estudiantes, partiendo de sus conocimientos previos, y promoviendo actitudes como la autonom\u00eda, la responsabilidad, el respeto y el trabajo en equipo. Todo esto se lleva a cabo bajo los principios de atenci\u00f3n a la diversidad y equidad de g\u00e9nero.<\/p>\n<p>El Programa M\u00e1s Equidad se ejecuta a trav\u00e9s de proyectos que se enfocan en tres \u00e1reas espec\u00edficas de actuaci\u00f3n:<\/p>\n<p>a) M\u00e1s Equidad INNOVACI\u00d3N: Dirigido a centros educativos p\u00fablicos en \u00e1reas espec\u00edficas de intervenci\u00f3n socioeducativa (ERACIS) o que tienen planes de compensaci\u00f3n educativa. Est\u00e1 orientado a mejorar el \u00e9xito educativo y prevenir el absentismo y abandono escolar. Este proyecto se aplica en escuelas que imparten ense\u00f1anzas desde primaria hasta bachillerato, as\u00ed como en residencias escolares y centros de educaci\u00f3n especial.<\/p>\n<p>b) M\u00e1s Equidad INCLUSI\u00d3N: Dirigido a centros educativos p\u00fablicos que tienen aulas espec\u00edficas de educaci\u00f3n especial. Este proyecto busca mejorar la accesibilidad universal y desarrollar las competencias de los estudiantes en estas unidades ubicadas en escuelas ordinarias.<\/p>\n<p>c) M\u00e1s Equidad IGUALDAD: Dirigido a escuelas p\u00fablicas rurales con el objetivo de promover el \u00e9xito escolar de estudiantes en situaci\u00f3n de desventaja debido a razones geogr\u00e1ficas, sin requerir que est\u00e9n ubicadas en \u00e1reas de intervenci\u00f3n socioeducativa o que tengan planes de compensaci\u00f3n educativa.<\/p>\n","protected":false},"excerpt":{"rendered":"<p>El Programa M\u00e1s Equidad tiene como objetivo principal promover una cultura inclusiva en las escuelas y mejorar las habilidades adquiridas por los estudiantes a trav\u00e9s de la optimizaci\u00f3n de los recursos en el aula&#46;&#46;&#46;<\/p>\n","protected":false},"author":11107,"featured_media":0,"parent":0,"menu_order":0,"comment_status":"closed","ping_status":"closed","template":"","meta":{"ngg_post_thumbnail":0,"footnotes":""},"aioseo_notices":[],"_links":{"self":[{"href":"https:\/\/blogsaverroes.juntadeandalucia.es\/iesjandula\/wp-json\/wp\/v2\/pages\/1779"}],"collection":[{"href":"https:\/\/blogsaverroes.juntadeandalucia.es\/iesjandula\/wp-json\/wp\/v2\/pages"}],"about":[{"href":"https:\/\/blogsaverroes.juntadeandalucia.es\/iesjandula\/wp-json\/wp\/v2\/types\/page"}],"author":[{"embeddable":true,"href":"https:\/\/blogsaverroes.juntadeandalucia.es\/iesjandula\/wp-json\/wp\/v2\/users\/11107"}],"replies":[{"embeddable":true,"href":"https:\/\/blogsaverroes.juntadeandalucia.es\/iesjandula\/wp-json\/wp\/v2\/comments?post=1779"}],"version-history":[{"count":3,"href":"https:\/\/blogsaverroes.juntadeandalucia.es\/iesjandula\/wp-json\/wp\/v2\/pages\/1779\/revisions"}],"predecessor-version":[{"id":1799,"href":"https:\/\/blogsaverroes.juntadeandalucia.es\/iesjandula\/wp-json\/wp\/v2\/pages\/1779\/revisions\/1799"}],"wp:attachment":[{"href":"https:\/\/blogsaverroes.juntadeandalucia.es\/iesjandula\/wp-json\/wp\/v2\/media?parent=1779"}],"curies":[{"name":"wp","href":"https:\/\/api.w.org\/{rel}","templated":true}]}}