{"id":1787,"date":"2024-02-07T11:18:01","date_gmt":"2024-02-07T10:18:01","guid":{"rendered":"https:\/\/blogsaverroes.juntadeandalucia.es\/iesjandula\/?page_id=1787"},"modified":"2024-02-07T12:34:34","modified_gmt":"2024-02-07T11:34:34","slug":"proa-transformate-2","status":"publish","type":"page","link":"https:\/\/blogsaverroes.juntadeandalucia.es\/iesjandula\/proa-transformate-2\/","title":{"rendered":"Proa + Transf\u00f3rmate"},"content":{"rendered":"<div class=\"flex-1 overflow-hidden\">\n<div class=\"react-scroll-to-bottom--css-otcjx-79elbk h-full\">\n<div class=\"react-scroll-to-bottom--css-otcjx-1n7m0yu\">\n<div class=\"flex flex-col pb-9 text-sm\">\n<div class=\"w-full text-token-text-primary\" data-testid=\"conversation-turn-3\">\n<div class=\"px-4 py-2 justify-center text-base md:gap-6 m-auto\">\n<div class=\"flex flex-1 text-base mx-auto gap-3 md:px-5 lg:px-1 xl:px-5 md:max-w-3xl lg:max-w-[40rem] xl:max-w-[48rem] group final-completion\">\n<div class=\"relative flex w-full flex-col lg:w-[calc(100%-115px)] agent-turn\">\n<div class=\"flex-col gap-1 md:gap-3\">\n<div class=\"flex flex-grow flex-col max-w-full\">\n<div class=\"min-h-[20px] text-message flex flex-col items-start gap-3 whitespace-pre-wrap break-words [.text-message+&amp;]:mt-5 overflow-x-auto\" data-message-author-role=\"assistant\" data-message-id=\"e609ff81-860a-4b00-b9d3-3049c4ce7d93\">\n<div class=\"markdown prose w-full break-words dark:prose-invert light\">\n<p><img loading=\"lazy\" decoding=\"async\" class=\"size-medium wp-image-1788 alignleft\" src=\"https:\/\/blogsaverroes.juntadeandalucia.es\/iesjandula\/files\/2024\/02\/Proa-2-defi-1024x310-1-300x91.png\" alt=\"\" width=\"300\" height=\"91\" srcset=\"https:\/\/blogsaverroes.juntadeandalucia.es\/iesjandula\/files\/2024\/02\/Proa-2-defi-1024x310-1-300x91.png 300w, https:\/\/blogsaverroes.juntadeandalucia.es\/iesjandula\/files\/2024\/02\/Proa-2-defi-1024x310-1-768x233.png 768w, https:\/\/blogsaverroes.juntadeandalucia.es\/iesjandula\/files\/2024\/02\/Proa-2-defi-1024x310-1.png 1024w\" sizes=\"(max-width: 300px) 100vw, 300px\" \/><\/p>\n<p>&nbsp;<\/p>\n<p>El Programa Proa+ &#8220;Transf\u00f3rmate&#8221; es una iniciativa plurianual que abarca desde 2021 hasta 2024, dise\u00f1ada para proporcionar apoyo financiero, fortalecimiento institucional y desarrollo formativo a los centros educativos. Aprobado por el Consejo de Ministros el 13 de julio de 2021, este programa tiene como objetivo principal mejorar los \u00edndices de \u00e9xito acad\u00e9mico y promover la permanencia de los estudiantes en los centros p\u00fablicos de Educaci\u00f3n Primaria y Secundaria que atienden a una poblaci\u00f3n estudiantil especialmente vulnerable.<\/p>\n<p>Enfocado en los centros con mayores desaf\u00edos educativos, el Programa busca fomentar cambios en su cultura organizativa para asegurar el \u00e9xito de todos los estudiantes, con especial atenci\u00f3n en aquellos en situaciones de mayor vulnerabilidad.<\/p>\n<p>Una de las principales metas del Programa es eliminar las barreras, tanto educativas como sociales, que obstaculizan el progreso acad\u00e9mico de los estudiantes. Esto se logra mediante la creaci\u00f3n de alianzas dentro del centro educativo, entre \u00e9ste y las autoridades educativas, as\u00ed como entre el centro y su entorno comunitario.<\/p>\n<\/div>\n<\/div>\n<\/div>\n<\/div>\n<\/div>\n<\/div>\n<\/div>\n<\/div>\n<\/div>\n<\/div>\n<\/div>\n<\/div>\n","protected":false},"excerpt":{"rendered":"<p>&nbsp; El Programa Proa+ &#8220;Transf\u00f3rmate&#8221; es una iniciativa plurianual que abarca desde 2021 hasta 2024, dise\u00f1ada para proporcionar apoyo financiero, fortalecimiento institucional y desarrollo formativo a los centros educativos. Aprobado por el Consejo de&#46;&#46;&#46;<\/p>\n","protected":false},"author":11107,"featured_media":1788,"parent":0,"menu_order":0,"comment_status":"closed","ping_status":"closed","template":"","meta":{"ngg_post_thumbnail":0,"footnotes":""},"aioseo_notices":[],"_links":{"self":[{"href":"https:\/\/blogsaverroes.juntadeandalucia.es\/iesjandula\/wp-json\/wp\/v2\/pages\/1787"}],"collection":[{"href":"https:\/\/blogsaverroes.juntadeandalucia.es\/iesjandula\/wp-json\/wp\/v2\/pages"}],"about":[{"href":"https:\/\/blogsaverroes.juntadeandalucia.es\/iesjandula\/wp-json\/wp\/v2\/types\/page"}],"author":[{"embeddable":true,"href":"https:\/\/blogsaverroes.juntadeandalucia.es\/iesjandula\/wp-json\/wp\/v2\/users\/11107"}],"replies":[{"embeddable":true,"href":"https:\/\/blogsaverroes.juntadeandalucia.es\/iesjandula\/wp-json\/wp\/v2\/comments?post=1787"}],"version-history":[{"count":4,"href":"https:\/\/blogsaverroes.juntadeandalucia.es\/iesjandula\/wp-json\/wp\/v2\/pages\/1787\/revisions"}],"predecessor-version":[{"id":1792,"href":"https:\/\/blogsaverroes.juntadeandalucia.es\/iesjandula\/wp-json\/wp\/v2\/pages\/1787\/revisions\/1792"}],"wp:featuredmedia":[{"embeddable":true,"href":"https:\/\/blogsaverroes.juntadeandalucia.es\/iesjandula\/wp-json\/wp\/v2\/media\/1788"}],"wp:attachment":[{"href":"https:\/\/blogsaverroes.juntadeandalucia.es\/iesjandula\/wp-json\/wp\/v2\/media?parent=1787"}],"curies":[{"name":"wp","href":"https:\/\/api.w.org\/{rel}","templated":true}]}}