{"id":35,"date":"2015-03-13T08:21:43","date_gmt":"2015-03-13T08:21:43","guid":{"rendered":"http:\/\/blogsaverroes.juntadeandalucia.es\/pre\/ceip\/?page_id=35"},"modified":"2024-06-18T12:06:42","modified_gmt":"2024-06-18T11:06:42","slug":"el-centro-2","status":"publish","type":"page","link":"https:\/\/blogsaverroes.juntadeandalucia.es\/iesjdq\/el-centro-2\/","title":{"rendered":"Datos del centro"},"content":{"rendered":"<p style=\"text-align: center\"><strong>IES Jim\u00e9nez de Quesada<\/strong><\/p>\n<p><a href=\"https:\/\/blogsaverroes.juntadeandalucia.es\/iesjdq\/files\/2024\/06\/centro9.jpg\"><img loading=\"lazy\" decoding=\"async\" class=\"size-medium wp-image-4957 aligncenter\" src=\"https:\/\/blogsaverroes.juntadeandalucia.es\/iesjdq\/files\/2024\/06\/centro9-300x200.jpg\" alt=\"\" width=\"300\" height=\"200\" srcset=\"https:\/\/blogsaverroes.juntadeandalucia.es\/iesjdq\/files\/2024\/06\/centro9-300x200.jpg 300w, https:\/\/blogsaverroes.juntadeandalucia.es\/iesjdq\/files\/2024\/06\/centro9-1024x683.jpg 1024w, https:\/\/blogsaverroes.juntadeandalucia.es\/iesjdq\/files\/2024\/06\/centro9-768x512.jpg 768w, https:\/\/blogsaverroes.juntadeandalucia.es\/iesjdq\/files\/2024\/06\/centro9-1536x1024.jpg 1536w, https:\/\/blogsaverroes.juntadeandalucia.es\/iesjdq\/files\/2024\/06\/centro9-2048x1365.jpg 2048w, https:\/\/blogsaverroes.juntadeandalucia.es\/iesjdq\/files\/2024\/06\/centro9.jpg 1600w\" sizes=\"(max-width: 300px) 100vw, 300px\" \/><\/a><\/p>\n<p><strong>Direcci\u00f3n:<\/strong>&nbsp; Camino de Santa Teresa 1, 18320 &#8211; Santa Fe (Granada)<br \/>\n<strong>Tel\u00e9fonos: (Conserjer\u00eda) <\/strong>671 533 010&nbsp;<strong>(Secretar\u00eda)&nbsp;<\/strong>671 533 700<\/p>\n<p><strong>Email:<\/strong> 18008257.edu@juntadeandalucia.es<\/p>\n<p><strong>Horarios<\/strong><\/p>\n<p>Horario escolar 8:15 a 14:45<\/p>\n<p>Horario atenci\u00f3n al p\u00fablico de&nbsp; secretar\u00eda 9:00 a 13:00<\/p>\n<h4><strong>Oferta educativa<\/strong><\/h4>\n<p>ESO (1\u00ba a 4\u00ba)<\/p>\n<ul>\n<li>Diversificaci\u00f3n<\/li>\n<li>Aula de apoyo<\/li>\n<li>Aula espec\u00edfica<\/li>\n<\/ul>\n<p>Bachillerato<\/p>\n<ul>\n<li>Humanidades<\/li>\n<li>Humanidades y Ciencias Sociales<\/li>\n<li>Ciencias de la Salud<\/li>\n<li>Cient\u00edfico Tecnol\u00f3gico<\/li>\n<\/ul>\n<p>Ciclos formativo de grado superior:<\/p>\n<ul>\n<li>Educaci\u00f3n infantil<\/li>\n<li>Integraci\u00f3n social<\/li>\n<\/ul>\n<h4>Instalaciones<\/h4>\n<p>ngg_shortcode_0_placeholder<br \/>\n&nbsp;<\/p>\n","protected":false},"excerpt":{"rendered":"<p>IES Jim\u00e9nez de Quesada Direcci\u00f3n:&nbsp; Camino de Santa Teresa 1, 18320 &#8211; Santa Fe (Granada) Tel\u00e9fonos: (Conserjer\u00eda) 671 533 010&nbsp;(Secretar\u00eda)&nbsp;671 533 700 Email: 18008257.edu@juntadeandalucia.es Horarios Horario escolar 8:15 a 14:45 Horario atenci\u00f3n al p\u00fablico&#46;&#46;&#46;<\/p>\n","protected":false},"author":1,"featured_media":0,"parent":0,"menu_order":0,"comment_status":"closed","ping_status":"open","template":"","meta":{"ngg_post_thumbnail":0,"footnotes":"","_mc_calendar":[]},"aioseo_notices":[],"_links":{"self":[{"href":"https:\/\/blogsaverroes.juntadeandalucia.es\/iesjdq\/wp-json\/wp\/v2\/pages\/35"}],"collection":[{"href":"https:\/\/blogsaverroes.juntadeandalucia.es\/iesjdq\/wp-json\/wp\/v2\/pages"}],"about":[{"href":"https:\/\/blogsaverroes.juntadeandalucia.es\/iesjdq\/wp-json\/wp\/v2\/types\/page"}],"author":[{"embeddable":true,"href":"https:\/\/blogsaverroes.juntadeandalucia.es\/iesjdq\/wp-json\/wp\/v2\/users\/1"}],"replies":[{"embeddable":true,"href":"https:\/\/blogsaverroes.juntadeandalucia.es\/iesjdq\/wp-json\/wp\/v2\/comments?post=35"}],"version-history":[{"count":26,"href":"https:\/\/blogsaverroes.juntadeandalucia.es\/iesjdq\/wp-json\/wp\/v2\/pages\/35\/revisions"}],"predecessor-version":[{"id":4958,"href":"https:\/\/blogsaverroes.juntadeandalucia.es\/iesjdq\/wp-json\/wp\/v2\/pages\/35\/revisions\/4958"}],"wp:attachment":[{"href":"https:\/\/blogsaverroes.juntadeandalucia.es\/iesjdq\/wp-json\/wp\/v2\/media?parent=35"}],"curies":[{"name":"wp","href":"https:\/\/api.w.org\/{rel}","templated":true}]}}