{"id":42,"date":"2015-03-13T08:40:47","date_gmt":"2015-03-13T08:40:47","guid":{"rendered":"http:\/\/blogsaverroes.juntadeandalucia.es\/pre\/ceip\/?page_id=42"},"modified":"2025-09-28T05:28:33","modified_gmt":"2025-09-28T04:28:33","slug":"equipo-directivo","status":"publish","type":"page","link":"https:\/\/blogsaverroes.juntadeandalucia.es\/iesjdq\/equipo-directivo\/","title":{"rendered":"Equipo directivo"},"content":{"rendered":"<p>El equipo directivo de este Centro, est\u00e1 formado por:<\/p>\n<p><strong>Direcci\u00f3n: <\/strong>Jos\u00e9 Andr\u00e9s Mateos<\/p>\n<p><strong>Vicedirecci\u00f3n<\/strong>: Maribel Rubio<\/p>\n<p><strong>Jefatura de estudios: <\/strong>Carlos M\u00e1\u00f1ez<\/p>\n<p><strong>Jefatura adjunta<\/strong>: Sonia Cobos<\/p>\n<p><strong>Secretar\u00eda: <\/strong>Ana Lara<\/p>\n","protected":false},"excerpt":{"rendered":"<p>El equipo directivo de este Centro, est\u00e1 formado por: Direcci\u00f3n: Jos\u00e9 Andr\u00e9s Mateos Vicedirecci\u00f3n: Maribel Rubio Jefatura de estudios: Carlos M\u00e1\u00f1ez Jefatura adjunta: Sonia Cobos Secretar\u00eda: Ana Lara<\/p>\n","protected":false},"author":1,"featured_media":0,"parent":0,"menu_order":0,"comment_status":"closed","ping_status":"open","template":"","meta":{"ngg_post_thumbnail":0,"footnotes":"","_mc_calendar":[]},"aioseo_notices":[],"_links":{"self":[{"href":"https:\/\/blogsaverroes.juntadeandalucia.es\/iesjdq\/wp-json\/wp\/v2\/pages\/42"}],"collection":[{"href":"https:\/\/blogsaverroes.juntadeandalucia.es\/iesjdq\/wp-json\/wp\/v2\/pages"}],"about":[{"href":"https:\/\/blogsaverroes.juntadeandalucia.es\/iesjdq\/wp-json\/wp\/v2\/types\/page"}],"author":[{"embeddable":true,"href":"https:\/\/blogsaverroes.juntadeandalucia.es\/iesjdq\/wp-json\/wp\/v2\/users\/1"}],"replies":[{"embeddable":true,"href":"https:\/\/blogsaverroes.juntadeandalucia.es\/iesjdq\/wp-json\/wp\/v2\/comments?post=42"}],"version-history":[{"count":9,"href":"https:\/\/blogsaverroes.juntadeandalucia.es\/iesjdq\/wp-json\/wp\/v2\/pages\/42\/revisions"}],"predecessor-version":[{"id":5669,"href":"https:\/\/blogsaverroes.juntadeandalucia.es\/iesjdq\/wp-json\/wp\/v2\/pages\/42\/revisions\/5669"}],"wp:attachment":[{"href":"https:\/\/blogsaverroes.juntadeandalucia.es\/iesjdq\/wp-json\/wp\/v2\/media?parent=42"}],"curies":[{"name":"wp","href":"https:\/\/api.w.org\/{rel}","templated":true}]}}