{"id":2458,"date":"2018-05-24T12:43:50","date_gmt":"2018-05-24T12:43:50","guid":{"rendered":"https:\/\/blogsaverroes.juntadeandalucia.es\/iesjosealcantara\/?page_id=2458"},"modified":"2025-06-02T12:02:15","modified_gmt":"2025-06-02T12:02:15","slug":"escuela-espacio-de-paz","status":"publish","type":"page","link":"https:\/\/blogsaverroes.juntadeandalucia.es\/iesjosealcantara\/escuela-espacio-de-paz\/","title":{"rendered":"ESCUELA ESPACIO DE PAZ"},"content":{"rendered":"<p><a href=\"https:\/\/blogsaverroes.juntadeandalucia.es\/iesjosealcantara\/files\/2018\/05\/paloma.jpg\"><img loading=\"lazy\" decoding=\"async\" class=\"size-full wp-image-2465 aligncenter\" src=\"https:\/\/blogsaverroes.juntadeandalucia.es\/iesjosealcantara\/files\/2018\/05\/paloma.jpg\" alt=\"\" width=\"265\" height=\"190\" srcset=\"https:\/\/blogsaverroes.juntadeandalucia.es\/iesjosealcantara\/files\/2018\/05\/paloma.jpg 265w, https:\/\/blogsaverroes.juntadeandalucia.es\/iesjosealcantara\/files\/2018\/05\/paloma-24x17.jpg 24w, https:\/\/blogsaverroes.juntadeandalucia.es\/iesjosealcantara\/files\/2018\/05\/paloma-36x26.jpg 36w, https:\/\/blogsaverroes.juntadeandalucia.es\/iesjosealcantara\/files\/2018\/05\/paloma-48x34.jpg 48w\" sizes=\"(max-width: 265px) 100vw, 265px\" \/><\/a><\/p>\n<p>Desde el curso 2014\/2015, llevamos realizando un amplio labor en relaci\u00f3n a la convivencia escolar, y nuestro Centro ha sido reconocido en los \u00faltimos cursos escolares como centro promotor de Convivencia +. Consideramos imprescindible trabajar en esta l\u00ednea, para la mejora de las relaciones sociales, la resoluci\u00f3n de conflictos y la educaci\u00f3n en valores.<\/p>\n<p>En el siguiente enlace se puede consultar las actividades complementarias y extraescolares que se han realizado en los \u00faltimos cursos para la mejora de la convivencia.<\/p>\n<p><a href=\"https:\/\/acpprofesoramatema.wixsite.com\/eep2425\">Escuela Espacio de Paz (IES Jos\u00e9 Alc\u00e1ntara)<\/a><\/p>\n","protected":false},"excerpt":{"rendered":"<p>Desde el curso 2014\/2015, llevamos realizando un amplio labor en relaci\u00f3n a la convivencia escolar, y nuestro Centro ha sido reconocido en los \u00faltimos cursos&hellip;<\/p>\n","protected":false},"author":5136,"featured_media":2465,"parent":0,"menu_order":0,"comment_status":"closed","ping_status":"closed","template":"","meta":{"ngg_post_thumbnail":0,"footnotes":"","_mc_calendar":[]},"aioseo_notices":[],"_links":{"self":[{"href":"https:\/\/blogsaverroes.juntadeandalucia.es\/iesjosealcantara\/wp-json\/wp\/v2\/pages\/2458"}],"collection":[{"href":"https:\/\/blogsaverroes.juntadeandalucia.es\/iesjosealcantara\/wp-json\/wp\/v2\/pages"}],"about":[{"href":"https:\/\/blogsaverroes.juntadeandalucia.es\/iesjosealcantara\/wp-json\/wp\/v2\/types\/page"}],"author":[{"embeddable":true,"href":"https:\/\/blogsaverroes.juntadeandalucia.es\/iesjosealcantara\/wp-json\/wp\/v2\/users\/5136"}],"replies":[{"embeddable":true,"href":"https:\/\/blogsaverroes.juntadeandalucia.es\/iesjosealcantara\/wp-json\/wp\/v2\/comments?post=2458"}],"version-history":[{"count":12,"href":"https:\/\/blogsaverroes.juntadeandalucia.es\/iesjosealcantara\/wp-json\/wp\/v2\/pages\/2458\/revisions"}],"predecessor-version":[{"id":3147,"href":"https:\/\/blogsaverroes.juntadeandalucia.es\/iesjosealcantara\/wp-json\/wp\/v2\/pages\/2458\/revisions\/3147"}],"wp:featuredmedia":[{"embeddable":true,"href":"https:\/\/blogsaverroes.juntadeandalucia.es\/iesjosealcantara\/wp-json\/wp\/v2\/media\/2465"}],"wp:attachment":[{"href":"https:\/\/blogsaverroes.juntadeandalucia.es\/iesjosealcantara\/wp-json\/wp\/v2\/media?parent=2458"}],"curies":[{"name":"wp","href":"https:\/\/api.w.org\/{rel}","templated":true}]}}