{"id":2714,"date":"2019-12-13T12:04:23","date_gmt":"2019-12-13T12:04:23","guid":{"rendered":"https:\/\/blogsaverroes.juntadeandalucia.es\/iesjosealcantara\/?page_id=2714"},"modified":"2024-11-13T10:56:03","modified_gmt":"2024-11-13T10:56:03","slug":"transformacion-digital-educativa","status":"publish","type":"page","link":"https:\/\/blogsaverroes.juntadeandalucia.es\/iesjosealcantara\/transformacion-digital-educativa\/","title":{"rendered":"Transformaci\u00f3n digital educativa"},"content":{"rendered":"<p><strong>LICENCIAS DE AUTOR. LICENCIAS CREATIVE COMMONS. BANCOS DE RECURSOS<\/strong><\/p>\n<p>\u00bfSabes qu\u00e9 son las licencias de autor o las licencias Creative Commons? \u00bfUsas correctamente el material que buscas en internet? El siguiente material te puede resultar de ayuda: <a href=\"https:\/\/view.genially.com\/673473585a1cba5f1a7e6d6a\/guide-2024-licencias-cc-ies-jose-alcantara\">Material<\/a><\/p>\n<p><strong>NORMAS PARA LA DIFUSI\u00d3N Y CREACI\u00d3N DE CONTENIDO EN LA WEB<\/strong><\/p>\n<p>\u00bfQu\u00e9 ser\u00eda de nosotros en un mundo sin normas? En la web, tambi\u00e9n es necesario que existan pautas c\u00edvicas y de respeto, sabes qu\u00e9 la \u00abNtetiqueta\u00bb. <a href=\"https:\/\/view.genial.ly\/63bafbc8040f0c0011cb68e2\/presentation-normas-para-la-creacion-y-difusion-de-contenido-web\">Material<\/a><\/p>\n<p><strong>CUESTIONARIO DETECCI\u00d3N NECESIDADES DIGITALES<\/strong><\/p>\n<p>Cuestionario para detectar las necesidades digitales del alumnado del centro, que debe rellenarse por el alumnado en las sesiones de tutor\u00eda. <a href=\"https:\/\/docs.google.com\/forms\/d\/e\/1FAIpQLSeGkwti2jK9stsmF5u_bDXxmotj_T9z4P6zTu3QXRJFo62IdA\/viewform?usp=sf_link\">Cuestionario<\/a><\/p>\n<p><strong>&nbsp;\u00bfCU\u00c1LES SON NUESTROS CANALES DE COMUNICACI\u00d3N?<\/strong><\/p>\n<p><a href=\"https:\/\/blogsaverroes.juntadeandalucia.es\/iesjosealcantara\/files\/2022\/12\/\u00bfC\u00f3mo-nos-comunicamos-2.jpg\"><img loading=\"lazy\" decoding=\"async\" class=\"wp-image-3074 aligncenter\" src=\"https:\/\/blogsaverroes.juntadeandalucia.es\/iesjosealcantara\/files\/2022\/12\/\u00bfC\u00f3mo-nos-comunicamos-2.jpg\" alt=\"\" width=\"398\" height=\"982\"><\/a><\/p>\n<p><strong>MATERIAL APLICACIONES EDUCATIVAS.<\/strong><\/p>\n<p>El mi\u00e9rcoles 11 de diciembre nos reunimos todo el profesorado, para llevar a cabo el pr\u00f3ximo 17 de diciembre una jornada digital a lo largo de toda la ma\u00f1ana con todo el alumnado, en la cual se trabajar\u00e1n distintas aplicaciones educativas de inter\u00e9s: c\u00f3mo editar im\u00e1genes, edici\u00f3n de v\u00eddeos, creaci\u00f3n de c\u00f3digos QR, presentaciones,&#8230;<\/p>\n<p>Os dejamos el enlace a la presentaci\u00f3n que se usar\u00e1 en estas jornadas: <a href=\"https:\/\/view.genial.ly\/5df2285ae82d5c0f684f1c33\/presentation-transformacion-digital-alumnos\">Material<\/a><\/p>\n<p>&nbsp;<\/p>\n","protected":false},"excerpt":{"rendered":"<p>LICENCIAS DE AUTOR. LICENCIAS CREATIVE COMMONS. BANCOS DE RECURSOS \u00bfSabes qu\u00e9 son las licencias de autor o las licencias Creative Commons? \u00bfUsas correctamente el material&hellip;<\/p>\n","protected":false},"author":5136,"featured_media":0,"parent":0,"menu_order":0,"comment_status":"closed","ping_status":"closed","template":"","meta":{"ngg_post_thumbnail":0,"footnotes":"","_mc_calendar":[]},"aioseo_notices":[],"_links":{"self":[{"href":"https:\/\/blogsaverroes.juntadeandalucia.es\/iesjosealcantara\/wp-json\/wp\/v2\/pages\/2714"}],"collection":[{"href":"https:\/\/blogsaverroes.juntadeandalucia.es\/iesjosealcantara\/wp-json\/wp\/v2\/pages"}],"about":[{"href":"https:\/\/blogsaverroes.juntadeandalucia.es\/iesjosealcantara\/wp-json\/wp\/v2\/types\/page"}],"author":[{"embeddable":true,"href":"https:\/\/blogsaverroes.juntadeandalucia.es\/iesjosealcantara\/wp-json\/wp\/v2\/users\/5136"}],"replies":[{"embeddable":true,"href":"https:\/\/blogsaverroes.juntadeandalucia.es\/iesjosealcantara\/wp-json\/wp\/v2\/comments?post=2714"}],"version-history":[{"count":5,"href":"https:\/\/blogsaverroes.juntadeandalucia.es\/iesjosealcantara\/wp-json\/wp\/v2\/pages\/2714\/revisions"}],"predecessor-version":[{"id":3122,"href":"https:\/\/blogsaverroes.juntadeandalucia.es\/iesjosealcantara\/wp-json\/wp\/v2\/pages\/2714\/revisions\/3122"}],"wp:attachment":[{"href":"https:\/\/blogsaverroes.juntadeandalucia.es\/iesjosealcantara\/wp-json\/wp\/v2\/media?parent=2714"}],"curies":[{"name":"wp","href":"https:\/\/api.w.org\/{rel}","templated":true}]}}