{"id":82,"date":"2015-03-16T06:59:55","date_gmt":"2015-03-16T06:59:55","guid":{"rendered":"http:\/\/blogsaverroes.juntadeandalucia.es\/pre\/ceip\/?page_id=82"},"modified":"2025-09-24T16:32:46","modified_gmt":"2025-09-24T16:32:46","slug":"horarios","status":"publish","type":"page","link":"https:\/\/blogsaverroes.juntadeandalucia.es\/iesjosealcantara\/horarios\/","title":{"rendered":"Horarios"},"content":{"rendered":"<p><a href=\"https:\/\/blogsaverroes.juntadeandalucia.es\/iesjosealcantara\/files\/2015\/03\/horario2.jpg\"><img loading=\"lazy\" decoding=\"async\" class=\"aligncenter wp-image-1675 size-medium\" src=\"https:\/\/blogsaverroes.juntadeandalucia.es\/iesjosealcantara\/files\/2015\/03\/horario2-300x212.jpg\" alt=\"\" width=\"300\" height=\"212\" srcset=\"https:\/\/blogsaverroes.juntadeandalucia.es\/iesjosealcantara\/files\/2015\/03\/horario2-300x212.jpg 300w, https:\/\/blogsaverroes.juntadeandalucia.es\/iesjosealcantara\/files\/2015\/03\/horario2-332x234.jpg 332w, https:\/\/blogsaverroes.juntadeandalucia.es\/iesjosealcantara\/files\/2015\/03\/horario2.jpg 640w\" sizes=\"(max-width: 300px) 100vw, 300px\" \/><\/a><\/p>\n<p>El horario del Centro es de lunes a viernes de 8:30 a 15:00.<\/p>\n<p>El horario de cada grupo es el siguiente:<\/p>\n<table style=\"width: 95.9385%;height: 48px\">\n<tbody>\n<tr style=\"height: 24px\">\n<td style=\"width: 151px;height: 24px\"><a href=\"https:\/\/drive.google.com\/file\/d\/1QQXao5Oi7Zz_AnczMsYkdg66B6Ol_kZp\/view?usp=sharing\">1\u00baA<\/a><\/td>\n<td style=\"width: 175px;height: 24px\"><a href=\"https:\/\/drive.google.com\/file\/d\/17qwPbsB6Wxs9Pke87rnAcTaAzJxBHJBH\/view?usp=sharing\">2\u00baA<\/a><\/td>\n<td style=\"width: 169px;height: 24px\"><a href=\"https:\/\/drive.google.com\/file\/d\/14AICMhCwpe6AuOBQn_URQtD4RASgXURi\/view?usp=sharing\">3\u00baA<\/a> &nbsp; &nbsp; &nbsp; &nbsp; &nbsp; &nbsp; &nbsp; <a href=\"https:\/\/drive.google.com\/file\/d\/15npuZbLkli_NCWBVs3HqoOEDBENiLC5w\/view?usp=sharing\">3\u00baA DIVER<\/a><\/td>\n<td style=\"width: 145px;height: 24px\"><a href=\"https:\/\/drive.google.com\/file\/d\/1eZQMnSEYSmB0rl0Eko_b_B1k4KSTVMwX\/view?usp=sharing\">3\u00baB<\/a>&nbsp; &nbsp; &nbsp; &nbsp;<a href=\"https:\/\/drive.google.com\/file\/d\/1muhKPLTbL_RshP_q0DavigIxEFp2fylz\/view?usp=sharing\">3\u00baB. DIVER<\/a><\/td>\n<\/tr>\n<tr style=\"height: 24px\">\n<td style=\"width: 151px;height: 24px\">&nbsp;<a href=\"https:\/\/drive.google.com\/file\/d\/1hFobtUOQZEnIP9Fc6tMhd5ccYrnravoA\/view?usp=sharing\">4\u00baA<\/a>&nbsp; &nbsp; &nbsp; &nbsp;<a href=\"https:\/\/drive.google.com\/file\/d\/1FCYJZQEScmqLw4tyPaArKRrXKCafm0UI\/view?usp=sharing\">4\u00ba A &nbsp;DIVER<\/a><\/td>\n<td style=\"width: 175px;height: 24px\"><a href=\"https:\/\/drive.google.com\/file\/d\/1rouFUMORAvBFxBVlXNJkz4MRe33GM_D1\/view?usp=sharing\">4\u00baB<\/a> &nbsp; &nbsp; &nbsp; &nbsp; &nbsp; &nbsp; &nbsp; &nbsp; &nbsp;<a href=\"https:\/\/drive.google.com\/file\/d\/1ZipASgS3NkHX7DQ0TcZxXJRA6gjV8Psd\/view?usp=sharing\"> 4\u00baB. DIVER<\/a><\/td>\n<td style=\"width: 169px;height: 24px\">AE<\/td>\n<td style=\"width: 145px;height: 24px\">&nbsp;<\/td>\n<\/tr>\n<\/tbody>\n<\/table>\n<p>&nbsp;<\/p>\n<p>La hora de atenci\u00f3n a las familias por parte de los\/as tutores\/as es los lunes de 16:00 a 17:00, para lo cual ser\u00e1 necesario contar con cita previa que pueden solicitar por iPasen (mediante una comunicaci\u00f3n), por tel\u00e9fono (957 57 99 12) o por correo electr\u00f3nico (14700493.edu@juntadeandalucia.es).<\/p>\n","protected":false},"excerpt":{"rendered":"<p>El horario del Centro es de lunes a viernes de 8:30 a 15:00. El horario de cada grupo es el siguiente: 1\u00baA 2\u00baA 3\u00baA &nbsp;&hellip;<\/p>\n","protected":false},"author":1,"featured_media":0,"parent":0,"menu_order":0,"comment_status":"closed","ping_status":"open","template":"","meta":{"ngg_post_thumbnail":0,"footnotes":"","_mc_calendar":[]},"aioseo_notices":[],"_links":{"self":[{"href":"https:\/\/blogsaverroes.juntadeandalucia.es\/iesjosealcantara\/wp-json\/wp\/v2\/pages\/82"}],"collection":[{"href":"https:\/\/blogsaverroes.juntadeandalucia.es\/iesjosealcantara\/wp-json\/wp\/v2\/pages"}],"about":[{"href":"https:\/\/blogsaverroes.juntadeandalucia.es\/iesjosealcantara\/wp-json\/wp\/v2\/types\/page"}],"author":[{"embeddable":true,"href":"https:\/\/blogsaverroes.juntadeandalucia.es\/iesjosealcantara\/wp-json\/wp\/v2\/users\/1"}],"replies":[{"embeddable":true,"href":"https:\/\/blogsaverroes.juntadeandalucia.es\/iesjosealcantara\/wp-json\/wp\/v2\/comments?post=82"}],"version-history":[{"count":14,"href":"https:\/\/blogsaverroes.juntadeandalucia.es\/iesjosealcantara\/wp-json\/wp\/v2\/pages\/82\/revisions"}],"predecessor-version":[{"id":3153,"href":"https:\/\/blogsaverroes.juntadeandalucia.es\/iesjosealcantara\/wp-json\/wp\/v2\/pages\/82\/revisions\/3153"}],"wp:attachment":[{"href":"https:\/\/blogsaverroes.juntadeandalucia.es\/iesjosealcantara\/wp-json\/wp\/v2\/media?parent=82"}],"curies":[{"name":"wp","href":"https:\/\/api.w.org\/{rel}","templated":true}]}}