{"id":2839,"date":"2020-06-15T11:18:09","date_gmt":"2020-06-15T10:18:09","guid":{"rendered":"http:\/\/iesjosecaballero.es\/web\/?page_id=2839"},"modified":"2025-06-02T23:49:34","modified_gmt":"2025-06-02T22:49:34","slug":"solicitud-de-titulos","status":"publish","type":"page","link":"https:\/\/blogsaverroes.juntadeandalucia.es\/iesjosecaballero\/solicitud-de-titulos\/","title":{"rendered":"SOLICITUD DE EXPEDICI\u00d3N DE T\u00cdTULOS"},"content":{"rendered":"<div style=\"text-align: center\"><strong>SOLICITUD DE EXPEDICI\u00d3N DE T\u00cdTULOS DE <\/strong><strong>BACHILLERATO Y CICLOS FORMATIVOS<\/strong><\/div>\n<div class=\"t pg-1m0 pg-1x4 pg-1h6 pg-1y6 pg-1ff4 pg-1fs0 pg-1fc1 pg-1sc0 pg-1ls0 pg-1ws0\" style=\"text-align: center\">&nbsp;<\/div>\n<div><span style=\"font-size: 14pt\">Los t\u00edtulos de la&nbsp;<strong>ESO<\/strong>&nbsp;son gratuitos y no hay que solicitarlos.<\/span><br \/>\n<span style=\"font-size: 14pt\">Los t\u00edtulos de&nbsp;<strong>Bachillerato y Ciclos Formativos<\/strong>&nbsp;hay que solicitarlos, por parte del alumnado, previo&nbsp;<strong>pago de las <a href=\"https:\/\/www.juntadeandalucia.es\/organismos\/economiahaciendayfondoseuropeos\/areas\/tributos-juego\/tributos\/paginas\/cuotatrib_titulos.html\">tasas<\/a><\/strong> correspondientes, <strong>a partir de la publicaci\u00f3n de las actas de evaluaci\u00f3n final.<\/strong><\/span><\/div>\n<div>&nbsp;<\/div>\n<div><span style=\"font-size: 14pt\"><div class='et-box et-info'>\n\t\t\t\t\t<div class='et-box-content'>Documentaci\u00f3n que debes tener a mano:<\/span><\/div>\n<div style=\"padding-left: 40px\"><span style=\"font-size: 14pt\">\u2022 Debes tener escaneado, en el caso de no autorizar consulta:<\/span><\/div>\n<ul>\n<li style=\"list-style-type: none\">\n<ul>\n<li style=\"list-style-type: none\">\n<ul>\n<li style=\"list-style-type: none\">\n<ul>\n<li style=\"list-style-type: none\">\n<ul style=\"list-style-type: square\">\n<li><span style=\"font-size: 14pt\">DNI<\/span><\/li>\n<li><span style=\"font-size: 14pt\">Tarjeta de Familia Numerosa.<\/span><\/li>\n<li><span style=\"font-size: 14pt\">Documento para exenci\u00f3n de tasas.<\/span><\/li>\n<\/ul>\n<\/li>\n<\/ul>\n<\/li>\n<\/ul>\n<\/li>\n<\/ul>\n<\/li>\n<\/ul>\n<div style=\"padding-left: 40px\"><span style=\"font-size: 14pt\">\u2022 Tarjeta de Cr\u00e9dito para el pago de tasas.<\/div><\/div><\/span><\/div>\n<div>&nbsp;<\/div>\n<div><span style=\"font-size: 14pt\">\n\t\t<div class='et-simple-slider et_sliderfx_fade et_sliderauto_false et_sliderauto_speed_5000 et_slidertype_simple'>\n\t\t\t<div class='et-simple-slides'>\n\t\t\t\t<div class='et-tabs-content-wrapper'>\n\t\t\t\t\t<div class='et_slidecontent'>\n\t\t\t1. Accede al sitio web de la SECRETAR\u00cdA VIRTUAL de los centros educativos: <a href=\"https:\/\/www.juntadeandalucia.es\/educacion\/secretariavirtual\/accesoTramite\/302\/\">https:\/\/www.juntadeandalucia.es\/educacion\/secretariavirtual\/<\/a> \u2026. y accede al tr\u00e1mite.\n\t\t<\/div>\n\t\t\t\t<\/div>\n\t\t\t<\/div>\n\t\t<\/div>\n\t\t<\/span><\/div>\n<div>&nbsp;<\/div>\n<div><img loading=\"lazy\" decoding=\"async\" class=\"aligncenter size-large wp-image-6872\" src=\"https:\/\/blogsaverroes.juntadeandalucia.es\/iesjosecaballero\/files\/2025\/06\/Captura-de-pantalla-76-1024x514.png\" alt=\"\" width=\"1024\" height=\"514\" srcset=\"https:\/\/blogsaverroes.juntadeandalucia.es\/iesjosecaballero\/files\/2025\/06\/Captura-de-pantalla-76-980x492.png 980w, https:\/\/blogsaverroes.juntadeandalucia.es\/iesjosecaballero\/files\/2025\/06\/Captura-de-pantalla-76-480x241.png 480w\" sizes=\"(min-width: 0px) and (max-width: 480px) 480px, (min-width: 481px) and (max-width: 980px) 980px, (min-width: 981px) 1024px, 100vw\" \/><\/div>\n<div>&nbsp;<\/div>\n<div><span style=\"font-size: 14pt\">\n\t\t<div class='et-simple-slider et_sliderfx_fade et_sliderauto_false et_sliderauto_speed_5000 et_slidertype_simple'>\n\t\t\t<div class='et-simple-slides'>\n\t\t\t\t<div class='et-tabs-content-wrapper'>\n\t\t\t\t\t<div class='et_slidecontent'>\n\t\t\t2. Acabas de acceder al tr\u00e1mite de solicitud de t\u00edtulo. En la esquina derecha aparece tu nombre y DNI. Pulsa Siguiente e indica qui\u00e9n realiza la solicitud. Pulsa Aceptar\n\t\t<\/div>\n\t\t\t\t<\/div>\n\t\t\t<\/div>\n\t\t<\/div>\n\t\t <\/span><\/div>\n<div>&nbsp;<\/div>\n<div><span style=\"font-size: 14pt\">\n\t\t<div class='et-simple-slider et_sliderfx_fade et_sliderauto_false et_sliderauto_speed_5000 et_slidertype_simple'>\n\t\t\t<div class='et-simple-slides'>\n\t\t\t\t<div class='et-tabs-content-wrapper'>\n\t\t\t\t\t<div class='et_slidecontent'>\n\t\t\t3. Rellena los datos personales que te solicitan y pulsa Siguiente.\n\t\t<\/div>\n\t\t\t\t<\/div>\n\t\t\t<\/div>\n\t\t<\/div>\n\t\t <\/span><\/div>\n<div><img loading=\"lazy\" decoding=\"async\" class=\"aligncenter size-full wp-image-6874\" src=\"https:\/\/blogsaverroes.juntadeandalucia.es\/iesjosecaballero\/files\/2025\/06\/Captura-de-pantalla-77.png\" alt=\"\" width=\"1018\" height=\"732\" srcset=\"https:\/\/blogsaverroes.juntadeandalucia.es\/iesjosecaballero\/files\/2025\/06\/Captura-de-pantalla-77.png 1018w, https:\/\/blogsaverroes.juntadeandalucia.es\/iesjosecaballero\/files\/2025\/06\/Captura-de-pantalla-77-980x705.png 980w, https:\/\/blogsaverroes.juntadeandalucia.es\/iesjosecaballero\/files\/2025\/06\/Captura-de-pantalla-77-480x345.png 480w\" sizes=\"(min-width: 0px) and (max-width: 480px) 480px, (min-width: 481px) and (max-width: 980px) 980px, (min-width: 981px) 1018px, 100vw\" \/><\/div>\n<div>&nbsp;<\/div>\n<div><span style=\"font-size: 14pt\">\n\t\t<div class='et-simple-slider et_sliderfx_fade et_sliderauto_false et_sliderauto_speed_5000 et_slidertype_simple'>\n\t\t\t<div class='et-simple-slides'>\n\t\t\t\t<div class='et-tabs-content-wrapper'>\n\t\t\t\t\t<div class='et_slidecontent'>\n\t\t\t<\/span><span style=\"font-size: 14pt\">4. Pulsa en la Lupa para seleccionar el centro educativo. <\/span><span style=\"font-size: 14pt\">\n\t\t<\/div>\n\t\t\t\t<\/div>\n\t\t\t<\/div>\n\t\t<\/div>\n\t\t<\/span><\/div>\n<div>&nbsp;<\/div>\n<div><span style=\"font-size: 14pt\">\n\t\t<div class='et-simple-slider et_sliderfx_fade et_sliderauto_false et_sliderauto_speed_5000 et_slidertype_simple'>\n\t\t\t<div class='et-simple-slides'>\n\t\t\t\t<div class='et-tabs-content-wrapper'>\n\t\t\t\t\t<div class='et_slidecontent'>\n\t\t\t5. Introduce el<strong> c\u00f3digo del centro 21003980<\/strong> o b\u00fascalo por el nombre. Pulsa con el rat\u00f3n sobre el centro educativo.\n\t\t<\/div>\n\t\t\t\t<\/div>\n\t\t\t<\/div>\n\t\t<\/div>\n\t\t<\/span><\/div>\n<div>&nbsp;<\/div>\n<div><img loading=\"lazy\" decoding=\"async\" class=\"aligncenter size-large wp-image-6878\" src=\"https:\/\/blogsaverroes.juntadeandalucia.es\/iesjosecaballero\/files\/2025\/06\/Captura-de-pantalla-78-1024x568.png\" alt=\"\" width=\"1024\" height=\"568\" srcset=\"https:\/\/blogsaverroes.juntadeandalucia.es\/iesjosecaballero\/files\/2025\/06\/Captura-de-pantalla-78-980x544.png 980w, https:\/\/blogsaverroes.juntadeandalucia.es\/iesjosecaballero\/files\/2025\/06\/Captura-de-pantalla-78-480x266.png 480w\" sizes=\"(min-width: 0px) and (max-width: 480px) 480px, (min-width: 481px) and (max-width: 980px) 980px, (min-width: 981px) 1024px, 100vw\" \/><\/div>\n<div>&nbsp;<\/div>\n<div><span style=\"font-size: 14pt\">\n\t\t<div class='et-simple-slider et_sliderfx_fade et_sliderauto_false et_sliderauto_speed_5000 et_slidertype_simple'>\n\t\t\t<div class='et-simple-slides'>\n\t\t\t\t<div class='et-tabs-content-wrapper'>\n\t\t\t\t\t<div class='et_slidecontent'>\n\t\t\t6. Se mostrar\u00e1n los datos del centro educativo seleccionado y las titulaciones que has obtenido en el IES Jos\u00e9 Caballero.\n\t\t<\/div>\n\t\t\t\t<\/div>\n\t\t\t<\/div>\n\t\t<\/div>\n\t\t<\/span><\/div>\n<div>&nbsp;<\/div>\n<div><span style=\"font-size: 14pt\">\n\t\t<div class='et-simple-slider et_sliderfx_fade et_sliderauto_false et_sliderauto_speed_5000 et_slidertype_simple'>\n\t\t\t<div class='et-simple-slides'>\n\t\t\t\t<div class='et-tabs-content-wrapper'>\n\t\t\t\t\t<div class='et_slidecontent'>\n\t\t\t7. Marca la titulaci\u00f3n que solicitas y selecciona, si te corresponde, la reducci\u00f3n o exenci\u00f3n de tasas de expedici\u00f3n.\n\t\t<\/div>\n\t\t\t\t<\/div>\n\t\t\t<\/div>\n\t\t<\/div>\n\t\t <\/span><\/div>\n<div>&nbsp;<\/div>\n<div><img loading=\"lazy\" decoding=\"async\" class=\"aligncenter size-large wp-image-6880\" src=\"https:\/\/blogsaverroes.juntadeandalucia.es\/iesjosecaballero\/files\/2025\/06\/Captura-de-pantalla-79-1024x467.png\" alt=\"\" width=\"1024\" height=\"467\" srcset=\"https:\/\/blogsaverroes.juntadeandalucia.es\/iesjosecaballero\/files\/2025\/06\/Captura-de-pantalla-79-1024x467.png 1024w, https:\/\/blogsaverroes.juntadeandalucia.es\/iesjosecaballero\/files\/2025\/06\/Captura-de-pantalla-79-980x447.png 980w, https:\/\/blogsaverroes.juntadeandalucia.es\/iesjosecaballero\/files\/2025\/06\/Captura-de-pantalla-79-480x219.png 480w\" sizes=\"(min-width: 0px) and (max-width: 480px) 480px, (min-width: 481px) and (max-width: 980px) 980px, (min-width: 981px) 1024px, 100vw\" \/><\/div>\n<div>&nbsp;<\/div>\n<div>&nbsp;<\/div>\n<div>&nbsp;<\/div>\n<div><span style=\"font-size: 14pt\">\n\t\t<div class='et-simple-slider et_sliderfx_fade et_sliderauto_false et_sliderauto_speed_5000 et_slidertype_simple'>\n\t\t\t<div class='et-simple-slides'>\n\t\t\t\t<div class='et-tabs-content-wrapper'>\n\t\t\t\t\t<div class='et_slidecontent'>\n\t\t\t8.Te solicitan el consentimiento para verificar tu identidad y la condici\u00f3n de familia numeras. En caso de NO CONSENTIR, deber\u00e1s aportar la documentaci\u00f3n en el siguiente apartado. Pulsa Siguiente para continuar.\n\t\t<\/div>\n\t\t\t\t<\/div>\n\t\t\t<\/div>\n\t\t<\/div>\n\t\t<\/span><\/div>\n<div><span style=\"font-size: 14pt\">\n\t\t<div class='et-simple-slider et_sliderfx_fade et_sliderauto_false et_sliderauto_speed_5000 et_slidertype_simple'>\n\t\t\t<div class='et-simple-slides'>\n\t\t\t\t<div class='et-tabs-content-wrapper'>\n\t\t\t\t\t<div class='et_slidecontent'>\n\t\t\t9. Deber\u00e1s adjuntar la documentaci\u00f3n en funci\u00f3n de lo marcado en la pantalla anterior. Los documentos subidos, deben estar en formato PDF. Pulsa Siguiente\n\t\t<\/div>\n\t\t\t\t<\/div>\n\t\t\t<\/div>\n\t\t<\/div>\n\t\t<\/span><\/div>\n<div><img loading=\"lazy\" decoding=\"async\" class=\"aligncenter size-large wp-image-6882\" src=\"https:\/\/blogsaverroes.juntadeandalucia.es\/iesjosecaballero\/files\/2025\/06\/ST_SV_ACD-2-1024x555.png\" alt=\"\" width=\"1024\" height=\"555\" srcset=\"https:\/\/blogsaverroes.juntadeandalucia.es\/iesjosecaballero\/files\/2025\/06\/ST_SV_ACD-2-980x531.png 980w, https:\/\/blogsaverroes.juntadeandalucia.es\/iesjosecaballero\/files\/2025\/06\/ST_SV_ACD-2-480x260.png 480w\" sizes=\"(min-width: 0px) and (max-width: 480px) 480px, (min-width: 481px) and (max-width: 980px) 980px, (min-width: 981px) 1024px, 100vw\" \/><\/div>\n<div><span style=\"font-size: 14pt\">\n\t\t<div class='et-simple-slider et_sliderfx_fade et_sliderauto_false et_sliderauto_speed_5000 et_slidertype_simple'>\n\t\t\t<div class='et-simple-slides'>\n\t\t\t\t<div class='et-tabs-content-wrapper'>\n\t\t\t\t\t<div class='et_slidecontent'>\n\t\t\t10. La siguiente pantalla informa del importe de las tasas que debes abonar, as\u00ed como del descuento que se aplica por pago telem\u00e1tico. Pulsa en Iniciar pago simplificado. (Ten a mano la tarjeta bancaria)\n\t\t<\/div>\n\t\t\t\t<\/div>\n\t\t\t<\/div>\n\t\t<\/div>\n\t\t<\/span><\/div>\n<div><span style=\"font-size: 14pt\">\n\t\t<div class='et-simple-slider et_sliderfx_fade et_sliderauto_false et_sliderauto_speed_5000 et_slidertype_simple'>\n\t\t\t<div class='et-simple-slides'>\n\t\t\t\t<div class='et-tabs-content-wrapper'>\n\t\t\t\t\t<div class='et_slidecontent'>\n\t\t\t11. Se inicia el pago con tarjeta bancar\u00eda. Rellena los campos y pulse en Aceptar. Te informan que el pago se ha realizado y que <strong>debes continuar con el proceso<\/strong>. Pulsa en Siguiente.\n\t\t<\/div>\n\t\t\t\t<\/div>\n\t\t\t<\/div>\n\t\t<\/div>\n\t\t<\/span><\/div>\n<div><img loading=\"lazy\" decoding=\"async\" class=\"aligncenter size-large wp-image-6883\" src=\"https:\/\/blogsaverroes.juntadeandalucia.es\/iesjosecaballero\/files\/2025\/06\/ST_SV_IP-1024x459.png\" alt=\"\" width=\"1024\" height=\"459\" srcset=\"https:\/\/blogsaverroes.juntadeandalucia.es\/iesjosecaballero\/files\/2025\/06\/ST_SV_IP-980x440.png 980w, https:\/\/blogsaverroes.juntadeandalucia.es\/iesjosecaballero\/files\/2025\/06\/ST_SV_IP-480x215.png 480w\" sizes=\"(min-width: 0px) and (max-width: 480px) 480px, (min-width: 481px) and (max-width: 980px) 980px, (min-width: 981px) 1024px, 100vw\" \/><\/div>\n<div><span style=\"font-size: 14pt\">\n\t\t<div class='et-simple-slider et_sliderfx_fade et_sliderauto_false et_sliderauto_speed_5000 et_slidertype_simple'>\n\t\t\t<div class='et-simple-slides'>\n\t\t\t\t<div class='et-tabs-content-wrapper'>\n\t\t\t\t\t<div class='et_slidecontent'>\n\t\t\t12. Revisa el borrador y pulsa en <strong>Firmar y presentar la solicitud<\/strong>. Debes introducir el n\u00famero de m\u00f3vil donde recibir\u00e1s un SMS con un c\u00f3digo. Pulsa Aceptar.\n\t\t<\/div>\n\t\t\t\t<\/div>\n\t\t\t<\/div>\n\t\t<\/div>\n\t\t<\/span><\/div>\n<div>&nbsp;<\/div>\n<div><span style=\"font-size: 14pt\">\n\t\t<div class='et-simple-slider et_sliderfx_fade et_sliderauto_false et_sliderauto_speed_5000 et_slidertype_simple'>\n\t\t\t<div class='et-simple-slides'>\n\t\t\t\t<div class='et-tabs-content-wrapper'>\n\t\t\t\t\t<div class='et_slidecontent'>\n\t\t\t13. Introduce el c\u00f3digo recibido, pulsa Firmar y la solicitud quedar\u00e1 presentada. Guarda una copia de tu solicitud en PDF, pulsa en Descarga de la solicitud.\n\t\t<\/div>\n\t\t\t\t<\/div>\n\t\t\t<\/div>\n\t\t<\/div>\n\t\t <\/span><\/div>\n<div>&nbsp;<\/div>\n<div><span style=\"font-size: 14pt\"><strong>PARA AQUEL ALUMNADO QUE DESEE REALIZAR EL TR\u00c1MITE DE FORMA PRESENCIAL EN LA SECRETAR\u00cdA DEL CENTRO<\/strong><\/span><\/div>\n<div class=\"t pg-1m0 pg-1x5 pg-1h7 pg-1y9 pg-1ff3 pg-1fs0 pg-1fc1 pg-1sc0 pg-1ls0 pg-1ws0\" style=\"text-align: justify\"><span style=\"font-size: 14pt\"><strong>DOCUMENTACI\u00d3N QUE PRESENTAR:<\/strong><\/span><\/div>\n<div class=\"t pg-1m0 pg-1x6 pg-1h7 pg-1ya pg-1ff4 pg-1fs0 pg-1fc1 pg-1sc0 pg-1ls0 pg-1ws0\" style=\"text-align: justify\"><span style=\"font-size: 14pt\">1. <span class=\"pg-1ff3\">Modelo solicitud de t\u00edtulo. <a href=\"https:\/\/blogsaverroes.juntadeandalucia.es\/iesjosecaballero\/files\/2020\/06\/SOLICITUD-DEL-T\u00cdTULO.pdf\">DESCARGAR MODELO<\/a>.<\/span><\/span><\/div>\n<div class=\"t pg-1m0 pg-1x6 pg-1h6 pg-1yb pg-1ff4 pg-1fs0 pg-1fc1 pg-1sc0 pg-1ls0 pg-1ws0\" style=\"text-align: justify\"><span style=\"font-size: 14pt\">2. Fotocopia del DNI.<\/span><\/div>\n<div class=\"t pg-1m0 pg-1x6 pg-1h6 pg-1yc pg-1ff4 pg-1fs0 pg-1fc1 pg-1sc0 pg-1ls0 pg-1ws0\" style=\"text-align: justify\"><span style=\"font-size: 14pt\">3. Recib\u00ed debidamente cumplimentado.<\/span><\/div>\n<div class=\"t pg-1m0 pg-1x6 pg-1h6 pg-1yd pg-1ff4 pg-1fs0 pg-1fc1 pg-1sc0 pg-1ls0 pg-1ws0\" style=\"text-align: justify\"><span style=\"font-size: 14pt\">4. <span class=\"pg-1fs3\">Rellenar e<span class=\"pg-1fc4 pg-1sc0\">l<\/span> <a href=\"http:\/\/www.juntadeandalucia.es\/economiayhacienda\/apl\/surweb\/modelos\/modelo046\/046.jsp\"><span class=\"pg-1ff3 pg-1fc2\"><span class=\"pg-1fc4 pg-1sc0\">M<\/span><span class=\"pg-1fc4 pg-1sc0\">ode<\/span><span class=\"pg-1fc4 pg-1sc0\">l<\/span><span class=\"pg-1fc4 pg-1sc0\">o <\/span><span class=\"pg-1fc4 pg-1sc0\">0<\/span><span class=\"pg-1fc4 pg-1sc0\">4<\/span><span class=\"pg-1fc4 pg-1sc0\">6<\/span><\/span><\/a> <\/span><span class=\"pg-1fc1\">(Seguir las instrucciones indicadas a continuaci\u00f3n). <\/span><\/span><\/div>\n<div class=\"t pg-1m0 pg-1x6 pg-1h6 pg-1yf pg-1ff4 pg-1fs0 pg-1fc1 pg-1sc0 pg-1ls0 pg-1ws0\" style=\"text-align: justify\"><span style=\"font-size: 14pt\">5. En caso de familias numerosas, adjuntar fotocopia COMPULSADA del T\u00edtulo de Familia Numerosa.<\/span><\/div>\n<div>&nbsp;<\/div>\n<div class=\"t pg-1m0 pg-1x8 pg-1h5 pg-1y11 pg-1ff3 pg-1fs2 pg-1fc1 pg-1sc0 pg-1ls0 pg-1ws0\" style=\"text-align: left\"><span style=\"font-size: 14pt\"><strong>INSTRUCCIONES MODELO 046<\/strong><\/span><\/div>\n<div class=\"t pg-1m0 pg-1x6 pg-1h7 pg-1y12 pg-1ff4 pg-1fs0 pg-1fc1 pg-1sc0 pg-1ls0 pg-1ws0\" style=\"text-align: justify\"><span style=\"font-size: 14pt\">1. En el apartado \u201c<span class=\"pg-1ff3\">OBLIGADO AL PAGO<\/span>\u201d incluir los datos personales.<\/span><\/div>\n<div class=\"t pg-1m0 pg-1x6 pg-1h7 pg-1y13 pg-1ff4 pg-1fs0 pg-1fc1 pg-1sc0 pg-1ls0 pg-1ws0\" style=\"text-align: justify\"><span style=\"font-size: 14pt\">2. Apartado \u201c<span class=\"pg-1ff3\">DATOS GENERALES<\/span>\u201d:<\/span><\/div>\n<div class=\"t pg-1m0 pg-1x9 pg-1h6 pg-1y14 pg-1ff4 pg-1fs0 pg-1fc1 pg-1sc0 pg-1ls0 pg-1ws0\" style=\"text-align: justify;padding-left: 30px\"><span style=\"font-size: 14pt\">a. Marcar la casilla de AUTOLIQUIDACI\u00d3N.<\/span><\/div>\n<div class=\"t pg-1m0 pg-1x9 pg-1h7 pg-1y15 pg-1ff4 pg-1fs0 pg-1fc1 pg-1sc0 pg-1ls0 pg-1ws0\" style=\"text-align: justify;padding-left: 30px\"><span style=\"font-size: 14pt\">b. Indicar en la casilla inferior el <span class=\"pg-1ff3\">T\u00edtulo que se desea solicitar. <\/span><\/span><\/div>\n<div class=\"t pg-1m0 pg-1x9 pg-1h7 pg-1y16 pg-1ff4 pg-1fs0 pg-1fc1 pg-1sc0 pg-1ls0 pg-1ws0\" style=\"text-align: justify;padding-left: 30px\"><span style=\"font-size: 14pt\">c. En <span class=\"pg-1ff3\">fecha de devengo<\/span>, tienes que poner la fecha en que se solicite el t\u00edtulo.<\/span><\/div>\n<div class=\"t pg-1m0 pg-1x9 pg-1h6 pg-1y17 pg-1ff4 pg-1fs0 pg-1fc1 pg-1sc0 pg-1ls0 pg-1ws0\" style=\"text-align: justify;padding-left: 30px\"><span style=\"font-size: 14pt\">d. La cantidad que ingresar depende del T\u00edtulo que se solicite.<\/span><\/div>\n<div class=\"t pg-1m0 pg-1x9 pg-1h7 pg-1y25 pg-1ff4 pg-1fs0 pg-1fc1 pg-1sc0 pg-1ls0 pg-1ws0\" style=\"text-align: justify;padding-left: 30px\"><span style=\"font-size: 14pt\">e. El c\u00f3digo territorial es<span class=\"pg-1fc4 pg-1sc0\">: ED&nbsp; 21&nbsp; &nbsp;C3<\/span> <span class=\"pg-1ff3 pg-1fc3\"> <span class=\"pg-1ff4\">(Con este c\u00f3digo os aparecer\u00e1: I.E.S. JOS\u00c9 CABALLERO&nbsp;<\/span><\/span>Se confirma pinchando en el bot\u00f3n verde).<\/span><\/div>\n<div class=\"t pg-1m0 pg-1x9 pg-1h7 pg-1y27 pg-1ff4 pg-1fs0 pg-1fc1 pg-1sc0 pg-1ls0 pg-1ws0\" style=\"text-align: justify;padding-left: 30px\"><span style=\"font-size: 14pt\">f. El concepto de pago es: <span class=\"pg-1ff3\">0049<\/span>.<\/span><\/div>\n<div class=\"t pg-1m0 pg-1x6 pg-1h7 pg-1y28 pg-1ff4 pg-1fs0 pg-1fc1 pg-1sc0 pg-1ls0 pg-1ws0\" style=\"text-align: justify\"><span style=\"font-size: 14pt\">3. \u201c<span class=\"pg-1ff3\">LIQUIDACI\u00d3N ANEXA<\/span>\u201d y \u201c<span class=\"pg-1ff3\">RESPONSABLE SOLIDARIO<\/span>\u201d: no se rellena.<\/span><\/div>\n<div class=\"t pg-1m0 pg-1x6 pg-1h7 pg-1y29 pg-1ff4 pg-1fs0 pg-1fc1 pg-1sc0 pg-1ls0 pg-1ws0\" style=\"text-align: justify\"><span style=\"font-size: 14pt\">4. Al final pulsar en \u201c<span class=\"pg-1ff3\">Validar<\/span>\u201d e <span class=\"pg-1ff3\">IMPRIMIR<\/span>. Una vez relleno el modelo 046, se abonada la tasa en el banco.<\/span><\/div>\n<div>&nbsp;<\/div>\n<div class=\"t pg-1m0 pg-1x6 pg-1h7 pg-1y29 pg-1ff4 pg-1fs0 pg-1fc1 pg-1sc0 pg-1ls0 pg-1ws0\" style=\"text-align: justify\"><span style=\"font-size: 14pt\"><span class=\"pg-1ff3\">EL\/LA ALUMNO\/A TIENE QUE LLEVAR A LA SECRETAR\u00cdA DEL CENTRO&nbsp;<\/span>los dos resguardos que el banco le devuelve, la fotocopia del D.N.I., la solicitud de t\u00edtulo, el resguardo de presentaci\u00f3n de tasas de expedici\u00f3n de t\u00edtulo y, en su caso, la fotocopia compulsada del T\u00edtulo de Familia Numerosa, o de cualquier otra documentaci\u00f3n acreditativa..<\/span><\/div>\n<div class=\"t pg-1m0 pg-1x6 pg-1h7 pg-1y29 pg-1ff4 pg-1fs0 pg-1fc1 pg-1sc0 pg-1ls0 pg-1ws0\" style=\"text-align: justify\">T<\/div>\n","protected":false},"excerpt":{"rendered":"<p>SOLICITUD DE EXPEDICI\u00d3N DE T\u00cdTULOS DE BACHILLERATO Y CICLOS FORMATIVOS &nbsp; Los t\u00edtulos de la&nbsp;ESO&nbsp;son gratuitos y no hay que solicitarlos. Los t\u00edtulos de&nbsp;Bachillerato y Ciclos Formativos&nbsp;hay que solicitarlos, por parte del alumnado, previo&nbsp;pago de las tasas correspondientes, a partir de la publicaci\u00f3n de las actas de evaluaci\u00f3n final. &nbsp; &nbsp; &nbsp; &nbsp; &nbsp; &nbsp; [&hellip;]<\/p>\n","protected":false},"author":13618,"featured_media":0,"parent":0,"menu_order":0,"comment_status":"closed","ping_status":"closed","template":"","meta":{"_et_pb_use_builder":"off","_et_pb_old_content":"","_et_gb_content_width":"","ngg_post_thumbnail":0,"footnotes":""},"aioseo_notices":[],"_links":{"self":[{"href":"https:\/\/blogsaverroes.juntadeandalucia.es\/iesjosecaballero\/wp-json\/wp\/v2\/pages\/2839"}],"collection":[{"href":"https:\/\/blogsaverroes.juntadeandalucia.es\/iesjosecaballero\/wp-json\/wp\/v2\/pages"}],"about":[{"href":"https:\/\/blogsaverroes.juntadeandalucia.es\/iesjosecaballero\/wp-json\/wp\/v2\/types\/page"}],"author":[{"embeddable":true,"href":"https:\/\/blogsaverroes.juntadeandalucia.es\/iesjosecaballero\/wp-json\/wp\/v2\/users\/13618"}],"replies":[{"embeddable":true,"href":"https:\/\/blogsaverroes.juntadeandalucia.es\/iesjosecaballero\/wp-json\/wp\/v2\/comments?post=2839"}],"version-history":[{"count":24,"href":"https:\/\/blogsaverroes.juntadeandalucia.es\/iesjosecaballero\/wp-json\/wp\/v2\/pages\/2839\/revisions"}],"predecessor-version":[{"id":6885,"href":"https:\/\/blogsaverroes.juntadeandalucia.es\/iesjosecaballero\/wp-json\/wp\/v2\/pages\/2839\/revisions\/6885"}],"wp:attachment":[{"href":"https:\/\/blogsaverroes.juntadeandalucia.es\/iesjosecaballero\/wp-json\/wp\/v2\/media?parent=2839"}],"curies":[{"name":"wp","href":"https:\/\/api.w.org\/{rel}","templated":true}]}}