{"id":2840,"date":"2020-06-15T11:18:09","date_gmt":"2020-06-15T10:18:09","guid":{"rendered":"http:\/\/iesjosecaballero.es\/web\/?page_id=2840"},"modified":"2025-06-03T00:05:56","modified_gmt":"2025-06-02T23:05:56","slug":"admision-y-matriculacion-eso-y-bachillerato","status":"publish","type":"page","link":"https:\/\/blogsaverroes.juntadeandalucia.es\/iesjosecaballero\/admision-y-matriculacion-eso-y-bachillerato\/","title":{"rendered":"ESCOLARIZACI\u00d3N EN E.S.O. o BACHILLERATO"},"content":{"rendered":"<p><span style=\"text-decoration: underline;font-size: 14pt\"><strong>CALENDARIO<\/strong><\/span><\/p>\n<p style=\"text-align: justify\"><span style=\"font-size: 12pt\">Todo el alumnado que vaya a cursar las ense\u00f1anzas de Educaci\u00f3n Secundaria Obligatoria o Bachillerato en el curso escolar 2025\/2026 deber\u00e1 presentar solicitud de ADMISI\u00d3N y posteriormente MATRICULARSE seg\u00fan este calendario:<\/span><\/p>\n<p><img loading=\"lazy\" decoding=\"async\" class=\"aligncenter size-full wp-image-6890\" src=\"https:\/\/blogsaverroes.juntadeandalucia.es\/iesjosecaballero\/files\/2025\/06\/Captura-de-pantalla-80.png\" alt=\"\" width=\"749\" height=\"885\" srcset=\"https:\/\/blogsaverroes.juntadeandalucia.es\/iesjosecaballero\/files\/2025\/06\/Captura-de-pantalla-80.png 749w, https:\/\/blogsaverroes.juntadeandalucia.es\/iesjosecaballero\/files\/2025\/06\/Captura-de-pantalla-80-480x567.png 480w\" sizes=\"(min-width: 0px) and (max-width: 480px) 480px, (min-width: 481px) 749px, 100vw\" \/><\/p>\n<p><strong><span style=\"font-size: 14pt\">SOLICITUD DE ADMISI\u00d3N<\/span><\/strong><\/p>\n<p><span style=\"font-size: 12pt\">La presentaci\u00f3n de solicitudes para la escolarizaci\u00f3n&nbsp; de secundar\u00eda\/Bachillerato 2025-2026, se puede realizar v\u00eda telem\u00e1tica desde la:&nbsp; &nbsp;<a href=\"https:\/\/www.juntadeandalucia.es\/educacion\/secretariavirtual\/solicitudes\/\"><strong>Secretar\u00eda Virtual de la Junta de Andaluc\u00eda del 1 al 31 de marzo.<\/strong><\/a><\/span><\/p>\n<p><strong><span style=\"font-size: 14pt\">MATRICULACI\u00d3N<\/span><\/strong><\/p>\n<p>La matr\u00edcula se podr\u00e1 formalizar:<\/p>\n<ul style=\"list-style-type: disc\">\n<li style=\"text-align: justify\"><strong>De forma telem\u00e1tica:<\/strong> <span style=\"color: #ff0000\">(Opci\u00f3n recomendada)<\/span><\/li>\n<\/ul>\n<p style=\"text-align: justify;padding-left: 30px\">A trav\u00e9s del &#8220;Sobre de Matr\u00edcula&#8221; habilitado en la <a href=\"https:\/\/www.juntadeandalucia.es\/educacion\/secretariavirtual\/solicitudes\/\">Secretar\u00eda Virtual de los Centros Educativos<\/a>&nbsp;de la Consejer\u00eda de Educaci\u00f3n y Deporte dentro del apartado Matriculaci\u00f3n. Para la presentaci\u00f3n telem\u00e1tica es necesario contar con las <strong>claves iANDe o con Certificado Digital.<\/strong><\/p>\n<p><a href=\"https:\/\/www.juntadeandalucia.es\/educacion\/secretariavirtual\/solicitudes\/\"><img loading=\"lazy\" decoding=\"async\" class=\"aligncenter size-full wp-image-2778\" src=\"https:\/\/blogsaverroes.juntadeandalucia.es\/iesjosecaballero\/files\/2020\/05\/secretariavirtual.jpg\" alt=\"\" width=\"280\" height=\"150\"><\/a><\/p>\n<pre style=\"padding-left: 30px;text-align: center\">ENLACE A SOBRE DE MATR\u00cdCULA PINCHANDO SOBRE LA IMAGEN<\/pre>\n<p>&nbsp;<\/p>\n<p style=\"text-align: justify;padding-left: 30px\">&nbsp;M\u00e1s informaci\u00f3n sobre las claves iANDe en este <a href=\"http:\/\/iesjosecaballero.es\/web\/?p=2774\">ENLACE.<\/a><\/p>\n<p><a href=\"http:\/\/iesjosecaballero.es\/web\/?p=2774\"><img loading=\"lazy\" decoding=\"async\" class=\"aligncenter wp-image-2779\" src=\"https:\/\/blogsaverroes.juntadeandalucia.es\/iesjosecaballero\/files\/2020\/05\/CLAVE-IANDE.png\" alt=\"\" width=\"182\" height=\"102\"><\/a><\/p>\n<ul>\n<li><strong>De forma presencial:<\/strong><\/li>\n<\/ul>\n<p style=\"text-align: justify;padding-left: 30px\">Excepcionalmente, quien no disponga de medios inform\u00e1ticos, podr\u00e1&nbsp;realizar el procedimiento de forma presencial en el instituto en los d\u00edas previstos para cada curso, para lo que acceder\u00e1 una sola persona con mascarilla, guardando las distancias de seguridad y cumpliendo las medidas preventivas establecidas en el centro.<\/p>\n<p><span style=\"font-size: 14pt\"><a href=\"https:\/\/www.juntadeandalucia.es\/educacion\/portales\/web\/escolarizacion\/infantil-a-bachillerato\">MAS INFORMACI\u00d3N<\/a><\/span><\/p>\n","protected":false},"excerpt":{"rendered":"<p>CALENDARIO Todo el alumnado que vaya a cursar las ense\u00f1anzas de Educaci\u00f3n Secundaria Obligatoria o Bachillerato en el curso escolar 2025\/2026 deber\u00e1 presentar solicitud de ADMISI\u00d3N y posteriormente MATRICULARSE seg\u00fan este calendario: SOLICITUD DE ADMISI\u00d3N La presentaci\u00f3n de solicitudes para la escolarizaci\u00f3n&nbsp; de secundar\u00eda\/Bachillerato 2025-2026, se puede realizar v\u00eda telem\u00e1tica desde la:&nbsp; &nbsp;Secretar\u00eda Virtual de [&hellip;]<\/p>\n","protected":false},"author":13618,"featured_media":0,"parent":0,"menu_order":0,"comment_status":"closed","ping_status":"closed","template":"","meta":{"_et_pb_use_builder":"","_et_pb_old_content":"","_et_gb_content_width":"","ngg_post_thumbnail":0,"footnotes":""},"aioseo_notices":[],"_links":{"self":[{"href":"https:\/\/blogsaverroes.juntadeandalucia.es\/iesjosecaballero\/wp-json\/wp\/v2\/pages\/2840"}],"collection":[{"href":"https:\/\/blogsaverroes.juntadeandalucia.es\/iesjosecaballero\/wp-json\/wp\/v2\/pages"}],"about":[{"href":"https:\/\/blogsaverroes.juntadeandalucia.es\/iesjosecaballero\/wp-json\/wp\/v2\/types\/page"}],"author":[{"embeddable":true,"href":"https:\/\/blogsaverroes.juntadeandalucia.es\/iesjosecaballero\/wp-json\/wp\/v2\/users\/13618"}],"replies":[{"embeddable":true,"href":"https:\/\/blogsaverroes.juntadeandalucia.es\/iesjosecaballero\/wp-json\/wp\/v2\/comments?post=2840"}],"version-history":[{"count":7,"href":"https:\/\/blogsaverroes.juntadeandalucia.es\/iesjosecaballero\/wp-json\/wp\/v2\/pages\/2840\/revisions"}],"predecessor-version":[{"id":6891,"href":"https:\/\/blogsaverroes.juntadeandalucia.es\/iesjosecaballero\/wp-json\/wp\/v2\/pages\/2840\/revisions\/6891"}],"wp:attachment":[{"href":"https:\/\/blogsaverroes.juntadeandalucia.es\/iesjosecaballero\/wp-json\/wp\/v2\/media?parent=2840"}],"curies":[{"name":"wp","href":"https:\/\/api.w.org\/{rel}","templated":true}]}}