{"id":2854,"date":"2020-06-15T11:24:31","date_gmt":"2020-06-15T10:24:31","guid":{"rendered":"http:\/\/iesjosecaballero.es\/web\/?page_id=2854"},"modified":"2025-06-16T17:28:41","modified_gmt":"2025-06-16T16:28:41","slug":"admision-y-matriculacion-fp-basica","status":"publish","type":"page","link":"https:\/\/blogsaverroes.juntadeandalucia.es\/iesjosecaballero\/admision-y-matriculacion-fp-basica\/","title":{"rendered":"ADMISI\u00d3N Y MATR\u00cdCULA EN CICLO FORMATIVO DE GRADO B\u00c1SICO (F.P. BASICA)"},"content":{"rendered":"<h4 style=\"text-align: center\"><span style=\"text-decoration: underline\"><span style=\"font-size: 18pt\"><strong>Calendario<\/strong><\/span><\/span><\/h4>\n<p><img loading=\"lazy\" decoding=\"async\" class=\"aligncenter size-large wp-image-7073\" src=\"https:\/\/blogsaverroes.juntadeandalucia.es\/iesjosecaballero\/files\/2025\/06\/Captura-de-pantalla-84-1024x706.png\" alt=\"\" width=\"1024\" height=\"706\" srcset=\"https:\/\/blogsaverroes.juntadeandalucia.es\/iesjosecaballero\/files\/2025\/06\/Captura-de-pantalla-84-1024x706.png 1024w, https:\/\/blogsaverroes.juntadeandalucia.es\/iesjosecaballero\/files\/2025\/06\/Captura-de-pantalla-84-980x676.png 980w, https:\/\/blogsaverroes.juntadeandalucia.es\/iesjosecaballero\/files\/2025\/06\/Captura-de-pantalla-84-480x331.png 480w\" sizes=\"(min-width: 0px) and (max-width: 480px) 480px, (min-width: 481px) and (max-width: 980px) 980px, (min-width: 981px) 1024px, 100vw\" \/><\/p>\n<h4 style=\"text-align: center\"><span style=\"text-decoration: underline;font-size: 18pt\"><strong>C\u00f3mo realizar el procedimiento:<\/strong><\/span><\/h4>\n<ul style=\"text-align: justify\">\n<li><strong>De forma telem\u00e1tica<\/strong> <span style=\"color: #ff0000\">(recomendable):<\/span>&nbsp; a trav\u00e9s del formulario habilitado en la&nbsp;<a href=\"https:\/\/www.juntadeandalucia.es\/educacion\/secretariavirtual\/solicitudes\/\">Secretar\u00eda Virtual de los&nbsp;Centros Educativos.<\/a><\/li>\n<\/ul>\n<p style=\"text-align: justify\"><a href=\"https:\/\/www.juntadeandalucia.es\/educacion\/secretariavirtual\/solicitudes\/\"><img loading=\"lazy\" decoding=\"async\" class=\"aligncenter wp-image-2778\" src=\"https:\/\/blogsaverroes.juntadeandalucia.es\/iesjosecaballero\/files\/2020\/05\/secretariavirtual.jpg\" alt=\"\" width=\"189\" height=\"101\"><\/a><\/p>\n<p style=\"padding-left: 30px;text-align: justify\">Para la realizaci\u00f3n del procedimiento ser\u00e1 necesaria la clave iANDe o Certificado Digital.&nbsp;<\/p>\n<ul style=\"text-align: justify\">\n<li><strong>De forma presencial:<\/strong> Excepcionalmente, quien no disponga de los medios en casa ,podr\u00e1 realizar el procedimiento de forma presencial en el instituto.<\/li>\n<li>&nbsp;<\/li>\n<\/ul>\n<h4 style=\"text-align: center\"><strong><span style=\"text-decoration: underline;font-size: 18pt\">Requisitos de Acceso FP B\u00e1sica<\/span><\/strong><\/h4>\n<p style=\"text-align: justify\">Los requisitos de acceso a la Formaci\u00f3n Profesional B\u00e1sica que tendr\u00e9 que cumplir,&nbsp;<strong>simult\u00e1neamente<\/strong>, son:<\/p>\n<ul>\n<li style=\"text-align: justify\">Debo tener&nbsp;<strong>15 a\u00f1os cumplidos<\/strong>, o cumplirlos durante el a\u00f1o natural en curso, y no superar los 17 a\u00f1os de edad en el momento del acceso o durante el a\u00f1o natural en curso.<\/li>\n<li style=\"text-align: justify\">Debo haber&nbsp;<strong>cursado el primer ciclo de la ESO<\/strong>&nbsp;o, excepcionalmente, haber cursado el segundo curso de la ESO.<\/li>\n<li>El&nbsp;<strong>equipo docente deber\u00e1 haberme propuesto<\/strong>&nbsp;ante mis padres o tutores legales, para la incorporaci\u00f3n a un ciclo de Formaci\u00f3n Profesional B\u00e1sica.\n<ul>\n<li style=\"text-align: justify\">Por ello, deber\u00e9 contar con un&nbsp;<strong>Consejo Orientador<\/strong>&nbsp;estableciendo la Formaci\u00f3n Profesional B\u00e1sica como itinerario recomendado.<\/li>\n<\/ul>\n<\/li>\n<\/ul>\n<p style=\"text-align: center\"><a href=\"https:\/\/www.juntadeandalucia.es\/educacion\/portales\/web\/escolarizacion\/fp\/oferta-completa-presencial-ciclos-formativos-grado-basico\">MAS INFORMACI\u00d3N<\/a><\/p>\n<p>&nbsp;<\/p>\n","protected":false},"excerpt":{"rendered":"<p>Calendario C\u00f3mo realizar el procedimiento: De forma telem\u00e1tica (recomendable):&nbsp; a trav\u00e9s del formulario habilitado en la&nbsp;Secretar\u00eda Virtual de los&nbsp;Centros Educativos. Para la realizaci\u00f3n del procedimiento ser\u00e1 necesaria la clave iANDe o Certificado Digital.&nbsp; De forma presencial: Excepcionalmente, quien no disponga de los medios en casa ,podr\u00e1 realizar el procedimiento de forma presencial en el instituto. [&hellip;]<\/p>\n","protected":false},"author":13618,"featured_media":0,"parent":0,"menu_order":0,"comment_status":"closed","ping_status":"closed","template":"","meta":{"_et_pb_use_builder":"","_et_pb_old_content":"","_et_gb_content_width":"","ngg_post_thumbnail":0,"footnotes":""},"aioseo_notices":[],"_links":{"self":[{"href":"https:\/\/blogsaverroes.juntadeandalucia.es\/iesjosecaballero\/wp-json\/wp\/v2\/pages\/2854"}],"collection":[{"href":"https:\/\/blogsaverroes.juntadeandalucia.es\/iesjosecaballero\/wp-json\/wp\/v2\/pages"}],"about":[{"href":"https:\/\/blogsaverroes.juntadeandalucia.es\/iesjosecaballero\/wp-json\/wp\/v2\/types\/page"}],"author":[{"embeddable":true,"href":"https:\/\/blogsaverroes.juntadeandalucia.es\/iesjosecaballero\/wp-json\/wp\/v2\/users\/13618"}],"replies":[{"embeddable":true,"href":"https:\/\/blogsaverroes.juntadeandalucia.es\/iesjosecaballero\/wp-json\/wp\/v2\/comments?post=2854"}],"version-history":[{"count":8,"href":"https:\/\/blogsaverroes.juntadeandalucia.es\/iesjosecaballero\/wp-json\/wp\/v2\/pages\/2854\/revisions"}],"predecessor-version":[{"id":7075,"href":"https:\/\/blogsaverroes.juntadeandalucia.es\/iesjosecaballero\/wp-json\/wp\/v2\/pages\/2854\/revisions\/7075"}],"wp:attachment":[{"href":"https:\/\/blogsaverroes.juntadeandalucia.es\/iesjosecaballero\/wp-json\/wp\/v2\/media?parent=2854"}],"curies":[{"name":"wp","href":"https:\/\/api.w.org\/{rel}","templated":true}]}}