{"id":2890,"date":"2020-06-16T09:40:53","date_gmt":"2020-06-16T08:40:53","guid":{"rendered":"http:\/\/iesjosecaballero.es\/web\/?page_id=2890"},"modified":"2025-06-27T23:07:03","modified_gmt":"2025-06-27T22:07:03","slug":"solicitud-de-certificaciones","status":"publish","type":"page","link":"https:\/\/blogsaverroes.juntadeandalucia.es\/iesjosecaballero\/solicitud-de-certificaciones\/","title":{"rendered":"SOLICITUD DE CERTIFICADOS"},"content":{"rendered":"<section class=\"elementor-element elementor-element-842b6e8 elementor-section-boxed elementor-section-height-default elementor-section-height-default elementor-section elementor-top-section\" data-id=\"842b6e8\" data-element_type=\"section\"><\/section>\n<section class=\"elementor-element elementor-element-d931591 elementor-section-boxed elementor-section-height-default elementor-section-height-default elementor-section elementor-top-section\" data-id=\"d931591\" data-element_type=\"section\">\n<div class=\"elementor-container elementor-column-gap-default\">\n<div class=\"elementor-row\">\n<div class=\"elementor-element elementor-element-a7e5e19 elementor-column elementor-col-100 elementor-top-column\" data-id=\"a7e5e19\" data-element_type=\"column\">\n<div class=\"elementor-column-wrap elementor-element-populated\">\n<div class=\"elementor-widget-wrap\">\n<div class=\"elementor-element elementor-element-ace873a elementor-widget elementor-widget-text-editor\" data-id=\"ace873a\" data-element_type=\"widget\" data-widget_type=\"text-editor.default\">\n<div class=\"elementor-widget-container\">\n<div class=\"elementor-text-editor elementor-clearfix\">\n<p><span style=\"text-decoration: underline;font-size: 18pt\"><strong>Solicitud de Certificados a trav\u00e9s de SECRETAR\u00cdA VIRTUAL<\/strong><\/span> <span style=\"font-size: 14pt\">A trav\u00e9s del siguiente enlace puede pedir distintos certificados en el centro:<\/span><\/p>\n<p style=\"text-align: center\"><a href='https:\/\/www.juntadeandalucia.es\/educacion\/secretariavirtual\/acceso\/64\/462\/' class='big-button bigblue' target=\"_blank\">SOLICITUD DE CERTIFICADOS<\/a><\/p>\n<p><img loading=\"lazy\" decoding=\"async\" class=\"aligncenter wp-image-6838 size-large\" src=\"https:\/\/blogsaverroes.juntadeandalucia.es\/iesjosecaballero\/files\/2025\/06\/Captura-de-pantalla-75-1-e1748797988927-1024x454.png\" alt=\"\" width=\"1024\" height=\"454\" srcset=\"https:\/\/blogsaverroes.juntadeandalucia.es\/iesjosecaballero\/files\/2025\/06\/Captura-de-pantalla-75-1-e1748797988927-980x551.png 980w, https:\/\/blogsaverroes.juntadeandalucia.es\/iesjosecaballero\/files\/2025\/06\/Captura-de-pantalla-75-1-e1748797988927-480x270.png 480w\" sizes=\"(min-width: 0px) and (max-width: 480px) 480px, (min-width: 481px) and (max-width: 980px) 980px, (min-width: 981px) 1024px, 100vw\" \/><\/p>\n<\/div>\n<\/div>\n<\/div>\n<\/div>\n<p>&nbsp;<\/p>\n<div class=\"elementor-widget-wrap\">\n<div class=\"elementor-element elementor-element-ace873a elementor-widget elementor-widget-text-editor\" data-id=\"ace873a\" data-element_type=\"widget\" data-widget_type=\"text-editor.default\">\n<div class=\"elementor-widget-container\">\n<div class=\"elementor-text-editor elementor-clearfix\">\n<p><span style=\"font-size: 14pt\">Una vez identificado, en la casilla de centro, deber\u00e1 darle a la lupa y elegir el nombre del centro IES Jos\u00e9 Caballero o poner el c\u00f3digo 21003980.<\/span> <img loading=\"lazy\" decoding=\"async\" class=\"aligncenter size-large wp-image-6841\" src=\"https:\/\/blogsaverroes.juntadeandalucia.es\/iesjosecaballero\/files\/2025\/06\/Captura-de-pantalla-73-1024x495.png\" alt=\"\" width=\"1024\" height=\"495\" srcset=\"https:\/\/blogsaverroes.juntadeandalucia.es\/iesjosecaballero\/files\/2025\/06\/Captura-de-pantalla-73-980x474.png 980w, https:\/\/blogsaverroes.juntadeandalucia.es\/iesjosecaballero\/files\/2025\/06\/Captura-de-pantalla-73-480x232.png 480w\" sizes=\"(min-width: 0px) and (max-width: 480px) 480px, (min-width: 481px) and (max-width: 980px) 980px, (min-width: 981px) 1024px, 100vw\" \/> <span style=\"font-size: 14pt\">Deber\u00e1 a\u00f1adir, los campos Expone o Solicita, con los siguientes datos del alumno:<\/span><\/p>\n<p style=\"padding-left: 80px\"><span style=\"font-size: 14pt\"><strong>EXPONE:&nbsp;<\/strong><\/span><\/p>\n<ul>\n<li style=\"list-style-type: none\">\n<ul>\n<li style=\"list-style-type: none\">\n<ul style=\"list-style-type: disc\">\n<li><span style=\"font-size: 14pt\">Nombre y apellidos.<\/span><\/li>\n<li><span style=\"font-size: 14pt\">D.N.I.<\/span><\/li>\n<li><span style=\"font-size: 14pt\">Tel\u00e9fono<\/span><\/li>\n<li><span style=\"font-size: 14pt\">Email<\/span><\/li>\n<li><span style=\"font-size: 14pt\">Estudios para los que solicita la certificaci\u00f3n (denominaci\u00f3n de los estudios y a\u00f1o de finalizaci\u00f3n).<\/span><\/li>\n<\/ul>\n<\/li>\n<\/ul>\n<\/li>\n<\/ul>\n<p style=\"padding-left: 80px\"><span style=\"font-size: 14pt\"><strong>SOLICITA: (certificado que solicita)<\/strong><\/span><\/p>\n<ul>\n<li style=\"list-style-type: none\">\n<ul>\n<li style=\"list-style-type: none\">\n<ul style=\"list-style-type: disc\">\n<li><span style=\"font-size: 14pt\">Certificado de Matr\u00edcula en un curso<\/span><\/li>\n<li><span style=\"font-size: 14pt\">Certificaci\u00f3n acad\u00e9mica del expediente<\/span><\/li>\n<li><span class=\"C9DxTc \" style=\"font-size: 14pt\">Certificaci\u00f3n acad\u00e9mica oficial para la obtenci\u00f3n del T\u00edtulo de F.P. (Anexo XI)<\/span><\/li>\n<li><span class=\"C9DxTc \" style=\"font-size: 14pt\">Certificado de T\u00edtulo por extrav\u00edo<\/span><\/li>\n<li><span class=\"C9DxTc \" style=\"font-size: 14pt\">Certificado de T\u00edtulo no recibido<\/span><\/li>\n<\/ul>\n<\/li>\n<\/ul>\n<\/li>\n<\/ul>\n<p><img loading=\"lazy\" decoding=\"async\" class=\"aligncenter size-large wp-image-6842\" src=\"https:\/\/blogsaverroes.juntadeandalucia.es\/iesjosecaballero\/files\/2025\/06\/Captura-de-pantalla-74-1024x546.png\" alt=\"\" width=\"1024\" height=\"546\" srcset=\"https:\/\/blogsaverroes.juntadeandalucia.es\/iesjosecaballero\/files\/2025\/06\/Captura-de-pantalla-74-980x523.png 980w, https:\/\/blogsaverroes.juntadeandalucia.es\/iesjosecaballero\/files\/2025\/06\/Captura-de-pantalla-74-480x256.png 480w\" sizes=\"(min-width: 0px) and (max-width: 480px) 480px, (min-width: 481px) and (max-width: 980px) 980px, (min-width: 981px) 1024px, 100vw\" \/> <span style=\"font-size: 14pt\"><strong>IMPORTANTE<\/strong>: Ser\u00e1 obligatorio adjuntar una fotocopia del DNI de la persona para la que se expide el certificado.<\/span><\/p>\n<\/div>\n<\/div>\n<\/div>\n<\/div>\n<\/div>\n<\/div>\n<\/div>\n<\/div>\n<\/section>\n<section class=\"elementor-element elementor-element-3d208cd elementor-section-boxed elementor-section-height-default elementor-section-height-default elementor-section elementor-top-section\" data-id=\"3d208cd\" data-element_type=\"section\">\n<div class=\"elementor-container elementor-column-gap-default\">\n<div class=\"elementor-row\">\n<div class=\"elementor-element elementor-element-9a972ea elementor-column elementor-col-100 elementor-top-column\" data-id=\"9a972ea\" data-element_type=\"column\">\n<div class=\"elementor-column-wrap elementor-element-populated\">\n<div class=\"elementor-widget-wrap\">\n<p>&nbsp;<\/p>\n<p><span style=\"text-decoration: underline;font-size: 18pt\"><strong>Solicitud de Certificados a trav\u00e9s de CORREO ELECTR\u00d3NICO<\/strong><\/span><\/p>\n<p><span style=\"font-size: 14pt\">En caso de no disponer certificado digital puede solicitar el certificado a trav\u00e9s del correo <strong>21003980.edu@juntadeandalucia.es <\/strong>indicando en el asunto &#8220;SOLICITUD DE CERTIFICADO&#8221;. Debe especificar<\/span><\/p>\n<p><span style=\"font-size: 14pt\"> su nombre y apellidos, DNI, tel\u00e9fono y email. Es obligatorio adjuntar<strong> u<\/strong>na <strong>fotocopia del DNI. <\/strong>Deber\u00e1 indicar en el correo<strong> el certificado que solicita:<\/strong><\/span><\/p>\n<ul>\n<li><span style=\"font-size: 14pt\">Certificado de Matr\u00edcula en un curso<\/span><\/li>\n<li><span style=\"font-size: 14pt\">Certificaci\u00f3n acad\u00e9mica del expediente<\/span><\/li>\n<li><span class=\"C9DxTc \" style=\"font-size: 14pt\">Certificaci\u00f3n acad\u00e9mica oficial para la obtenci\u00f3n del T\u00edtulo de F.P. (Anexo XI)<\/span><\/li>\n<li><span class=\"C9DxTc \" style=\"font-size: 14pt\">Certificado de T\u00edtulo por extrav\u00edo<\/span><\/li>\n<li><span class=\"C9DxTc \" style=\"font-size: 14pt\">Certificado de T\u00edtulo no recibido<\/span><\/li>\n<\/ul>\n<p><span style=\"text-decoration: underline\"><span style=\"font-size: 14pt\"><strong>Recogida de los Certificados:<\/strong><\/span><\/span><\/p>\n<\/div>\n<\/div>\n<\/div>\n<\/div>\n<\/div>\n<\/section>\n<section class=\"elementor-element elementor-element-b9e95f5 elementor-section-boxed elementor-section-height-default elementor-section-height-default elementor-section elementor-top-section\" data-id=\"b9e95f5\" data-element_type=\"section\">\n<div class=\"elementor-container elementor-column-gap-default\">\n<div class=\"elementor-row\">\n<div class=\"elementor-element elementor-element-0a882f3 elementor-column elementor-col-100 elementor-top-column\" data-id=\"0a882f3\" data-element_type=\"column\">\n<div class=\"elementor-column-wrap elementor-element-populated\">\n<div class=\"elementor-widget-wrap\">\n<div class=\"elementor-element elementor-element-4ff81bf elementor-widget elementor-widget-text-editor\" data-id=\"4ff81bf\" data-element_type=\"widget\" data-widget_type=\"text-editor.default\">\n<div class=\"elementor-widget-container\">\n<div class=\"elementor-text-editor elementor-clearfix\">\n<ul style=\"list-style-type: circle\">\n<li><span style=\"font-size: 14pt\">Se lo enviaremos por correo electr\u00f3nico firmado digitalmente o si lo prefiere, puede pasar a recogerlos en la Secretar\u00eda del Centro.<\/span><\/li>\n<li><span style=\"font-size: 14pt\">En caso de no poder venir personalmente a recogerlo, puede autorizar por escrito a una persona a recogerlo que deber\u00e1 traer firmado por el interesado el siguiente documento y una fotocopia del DNI del interesado.<\/span><\/li>\n<\/ul>\n<\/div>\n<\/div>\n<\/div>\n<\/div>\n<\/div>\n<\/div>\n<\/div>\n<\/div>\n<\/section>\n<section class=\"elementor-element elementor-element-a0eb4a2 elementor-section-boxed elementor-section-height-default elementor-section-height-default elementor-section elementor-top-section\" data-id=\"a0eb4a2\" data-element_type=\"section\">\n<div class=\"elementor-container elementor-column-gap-default\">\n<div class=\"elementor-row\">\n<div class=\"elementor-element elementor-element-93560ec elementor-column elementor-col-100 elementor-top-column\" data-id=\"93560ec\" data-element_type=\"column\">\n<div class=\"elementor-column-wrap elementor-element-populated\">\n<div class=\"elementor-widget-wrap\">\n<div class=\"elementor-element elementor-element-22559c2 elementor-widget elementor-widget-text-editor\" data-id=\"22559c2\" data-element_type=\"widget\" data-widget_type=\"text-editor.default\">\n<div class=\"elementor-widget-container\">\n<div class=\"elementor-text-editor elementor-clearfix\">\n<p style=\"text-align: center\"><span style=\"font-size: 14pt\"><a href=\"https:\/\/blogsaverroes.juntadeandalucia.es\/iesjosecaballero\/files\/2025\/04\/AutorizacionRecogerDocumentacion.pdf\"><a href='https:\/\/blogsaverroes.juntadeandalucia.es\/iesjosecaballero\/files\/2025\/04\/AutorizacionRecogerDocumentacion.pdf' class='small-button smallblue' target=\"_blank\">Documento de autorizaci\u00f3n<\/a> <\/a><\/span><\/p>\n<p><span style=\"text-decoration: underline\"><strong><span style=\"font-size: 14pt\">Plazo de Entrega de los Certificados Acad\u00e9micos:<\/span><\/strong><\/span><\/p>\n<ul style=\"list-style-type: circle\">\n<li><span style=\"font-size: 14pt\">El certificado solicitado estar\u00e1 disponible en un plazo M\u00cdNIMO de 2 d\u00edas h\u00e1biles. Si realiz\u00f3 sus estudios en un curso acad\u00e9mico anterior al 2005\/2006, el certificado estar\u00e1 disponible en un plazo M\u00cdNIMO de 2 semanas.<\/span><\/li>\n<\/ul>\n<\/div>\n<\/div>\n<\/div>\n<\/div>\n<\/div>\n<\/div>\n<\/div>\n<\/div>\n<\/section>\n","protected":false},"excerpt":{"rendered":"<p>Solicitud de Certificados a trav\u00e9s de SECRETAR\u00cdA VIRTUAL A trav\u00e9s del siguiente enlace puede pedir distintos certificados en el centro: &nbsp; Una vez identificado, en la casilla de centro, deber\u00e1 darle a la lupa y elegir el nombre del centro IES Jos\u00e9 Caballero o poner el c\u00f3digo 21003980. Deber\u00e1 a\u00f1adir, los campos Expone o Solicita, [&hellip;]<\/p>\n","protected":false},"author":13618,"featured_media":0,"parent":0,"menu_order":0,"comment_status":"closed","ping_status":"closed","template":"","meta":{"_et_pb_use_builder":"off","_et_pb_old_content":"","_et_gb_content_width":"","ngg_post_thumbnail":0,"footnotes":""},"aioseo_notices":[],"_links":{"self":[{"href":"https:\/\/blogsaverroes.juntadeandalucia.es\/iesjosecaballero\/wp-json\/wp\/v2\/pages\/2890"}],"collection":[{"href":"https:\/\/blogsaverroes.juntadeandalucia.es\/iesjosecaballero\/wp-json\/wp\/v2\/pages"}],"about":[{"href":"https:\/\/blogsaverroes.juntadeandalucia.es\/iesjosecaballero\/wp-json\/wp\/v2\/types\/page"}],"author":[{"embeddable":true,"href":"https:\/\/blogsaverroes.juntadeandalucia.es\/iesjosecaballero\/wp-json\/wp\/v2\/users\/13618"}],"replies":[{"embeddable":true,"href":"https:\/\/blogsaverroes.juntadeandalucia.es\/iesjosecaballero\/wp-json\/wp\/v2\/comments?post=2890"}],"version-history":[{"count":32,"href":"https:\/\/blogsaverroes.juntadeandalucia.es\/iesjosecaballero\/wp-json\/wp\/v2\/pages\/2890\/revisions"}],"predecessor-version":[{"id":7078,"href":"https:\/\/blogsaverroes.juntadeandalucia.es\/iesjosecaballero\/wp-json\/wp\/v2\/pages\/2890\/revisions\/7078"}],"wp:attachment":[{"href":"https:\/\/blogsaverroes.juntadeandalucia.es\/iesjosecaballero\/wp-json\/wp\/v2\/media?parent=2890"}],"curies":[{"name":"wp","href":"https:\/\/api.w.org\/{rel}","templated":true}]}}