{"id":3808,"date":"2021-10-14T22:32:12","date_gmt":"2021-10-14T21:32:12","guid":{"rendered":"https:\/\/blogsaverroes.juntadeandalucia.es\/iesjosecaballero\/?page_id=3808"},"modified":"2023-06-15T20:11:15","modified_gmt":"2023-06-15T19:11:15","slug":"aulas-bilingues","status":"publish","type":"page","link":"https:\/\/blogsaverroes.juntadeandalucia.es\/iesjosecaballero\/aulas-bilingues\/","title":{"rendered":"Aulas Biling\u00fces"},"content":{"rendered":"<p>En el curso 2021-2022, se ponen en marcha las aulas biling\u00fces en los CFGS Audiolog\u00eda Prot\u00e9sica y CFGS Pr\u00f3tesis Dental, a trav\u00e9s de la incorporaci\u00f3n de idiomas extranjeros. Posteriormente, en el curso 2022\/2023 se pone en marcha el aula biling\u00fce en el CFGS Higiene Bucodental.<\/p>\n<p>Por un lado, un m\u00f3dulo asociado a unidades de competencia en primero, y otro en segundo, ser\u00e1n impartidos en ingl\u00e9s por el profesorado de formaci\u00f3n Profesional; y por otro, el profesorado de idiomas del centro impartir\u00e1 dos horas en primero y otras dos en segundo del idioma elegido. Ambos docentes contribuir\u00e1n as\u00ed al aumento de la competencia ling\u00fc\u00edstica del alumnado.<\/p>\n<p><img loading=\"lazy\" decoding=\"async\" class=\"wp-image-4228 aligncenter\" src=\"https:\/\/blogsaverroes.juntadeandalucia.es\/iesjosecaballero\/files\/2021\/11\/Captura-de-pantalla-6.png\" alt=\"\" width=\"707\" height=\"371\"><\/p>\n","protected":false},"excerpt":{"rendered":"<p>En el curso 2021-2022, se ponen en marcha las aulas biling\u00fces en los CFGS Audiolog\u00eda Prot\u00e9sica y CFGS Pr\u00f3tesis Dental, a trav\u00e9s de la incorporaci\u00f3n de idiomas extranjeros. Posteriormente, en el curso 2022\/2023 se pone en marcha el aula biling\u00fce en el CFGS Higiene Bucodental. Por un lado, un m\u00f3dulo asociado a unidades de competencia [&hellip;]<\/p>\n","protected":false},"author":13618,"featured_media":0,"parent":0,"menu_order":0,"comment_status":"closed","ping_status":"closed","template":"","meta":{"_et_pb_use_builder":"","_et_pb_old_content":"","_et_gb_content_width":"","ngg_post_thumbnail":0,"footnotes":""},"aioseo_notices":[],"_links":{"self":[{"href":"https:\/\/blogsaverroes.juntadeandalucia.es\/iesjosecaballero\/wp-json\/wp\/v2\/pages\/3808"}],"collection":[{"href":"https:\/\/blogsaverroes.juntadeandalucia.es\/iesjosecaballero\/wp-json\/wp\/v2\/pages"}],"about":[{"href":"https:\/\/blogsaverroes.juntadeandalucia.es\/iesjosecaballero\/wp-json\/wp\/v2\/types\/page"}],"author":[{"embeddable":true,"href":"https:\/\/blogsaverroes.juntadeandalucia.es\/iesjosecaballero\/wp-json\/wp\/v2\/users\/13618"}],"replies":[{"embeddable":true,"href":"https:\/\/blogsaverroes.juntadeandalucia.es\/iesjosecaballero\/wp-json\/wp\/v2\/comments?post=3808"}],"version-history":[{"count":4,"href":"https:\/\/blogsaverroes.juntadeandalucia.es\/iesjosecaballero\/wp-json\/wp\/v2\/pages\/3808\/revisions"}],"predecessor-version":[{"id":6321,"href":"https:\/\/blogsaverroes.juntadeandalucia.es\/iesjosecaballero\/wp-json\/wp\/v2\/pages\/3808\/revisions\/6321"}],"wp:attachment":[{"href":"https:\/\/blogsaverroes.juntadeandalucia.es\/iesjosecaballero\/wp-json\/wp\/v2\/media?parent=3808"}],"curies":[{"name":"wp","href":"https:\/\/api.w.org\/{rel}","templated":true}]}}