{"id":45,"date":"2012-12-14T13:17:58","date_gmt":"2012-12-14T13:17:58","guid":{"rendered":"http:\/\/iesjosecaballero.es\/web\/?page_id=45"},"modified":"2012-12-14T13:17:58","modified_gmt":"2012-12-14T13:17:58","slug":"oferta-educativa","status":"publish","type":"page","link":"https:\/\/blogsaverroes.juntadeandalucia.es\/iesjosecaballero\/pagina-ejemplo\/oferta-educativa\/","title":{"rendered":"Oferta Educativa"},"content":{"rendered":"<p style=\"text-align: justify\"><strong>El Instituto Jos\u00e9 Caballero de Huelva<\/strong> tiene, entre su oferta educativa, la Ense\u00f1anza Secundaria Obligatoria (desde 1\u00ba a 4\u00ba) incluyendo una l\u00ednea de Bilig\u00fcismo, adem\u00e1s de la FPB de Cocina (Formaci\u00f3n Profesional B\u00e1sica), Bachilllerato (de Humanidades y Ciencias Sociales, y de Ciencias Naturales y de la Salud) y Ciclos Formativos de Grado Medio y Superior de la rama Sanitaria (Farmacia y Parafarmacia (Oferta Parcial, Dual y Biling\u00fce), Documentaci\u00f3n y Administraci\u00f3n Sanitaria, Pr\u00f3tesis Dental, Audiolog\u00eda Prot\u00e9sica e Higiene Bucodental <span style=\"color: #ff0000\">(DUAL)<\/span>.<\/p>\n<h1 style=\"text-align: justify\">ESO<\/h1>\n<p style=\"text-align: justify\">Dentro de la oferta educativa del IES Jos\u00e9 Caballero de Huelva esta la <strong>Ense\u00f1anza Secundaria Obligatoria<\/strong>, que se imparte desde 1\u00ba hasta 4\u00ba curso, a un alumnado de una edad de entre 12 y 16 a\u00f1os.<\/p>\n<p style=\"text-align: justify\">El instituto cuenta con tres grupos de 1\u00ba de ESO, tres grupos de 2\u00ba de ESO, dos grupos de 3\u00ba ESO y dos grupos de 4\u00ba de ESO.<\/p>\n<p style=\"text-align: justify\">Para los dos primeros cursos de la ESO contamos con Apoyo Educativo, organizado por el Departamento de Orientaci\u00f3n.<\/p>\n<p style=\"text-align: justify\">En 3\u00ba y 4\u00ba de ESO se incluye el programa de Diversificaci\u00f3n Curricular, para el alumnado con dificultades para la obtenci\u00f3n de la titulaci\u00f3n de la ESO.<\/p>\n<p style=\"text-align: justify\">En el curso 2008-2009 iniciamos el proyecto Biling\u00fce, que se complet\u00f3 en toda la ESO en el curso 2012-2013.<\/p>\n<h1 style=\"text-align: justify\">BACHILLERATO<\/h1>\n<p style=\"text-align: justify\">En el Instituto Jos\u00e9 Caballero tenemos tambi\u00e9n la Educaci\u00f3n Post-Obligatoria.<\/p>\n<p style=\"text-align: justify\">En <strong>Bachillerato tenemos dos grupos de 1\u00ba y de 2\u00ba<\/strong>, siendo uno de Humanidades y Ciencias Sociales y otro de Ciencias de la Salud.<\/p>\n<p style=\"text-align: justify\">El Bachillerato se integrar\u00e1 dentro del Programa de Biling\u00fcismo, donde se imparten parte de las asignaturas en ingl\u00e9s.<\/p>\n<p>&nbsp;<\/p>\n<p><img loading=\"lazy\" decoding=\"async\" class=\"aligncenter wp-image-3465\" src=\"https:\/\/blogsaverroes.juntadeandalucia.es\/iesjosecaballero\/files\/2021\/06\/oferta_ducativa.jpg\" alt=\"\" width=\"422\" height=\"426\" \/><\/p>\n<h1 style=\"text-align: justify\">FPB<\/h1>\n<p style=\"text-align: justify\">El instituto Jos\u00e9 Caballero cuenta con una l\u00ednea de<strong>\u00a0Formaci\u00f3n Profesional B\u00e1sica\u00a0de la rama de Cocina<\/strong>, para el alumnado mayor de 15 a\u00f1os con unas caracter\u00edsticas espec\u00edficas y con especial dificultad para la obtenci\u00f3n del t\u00edtulo de la ESO.<\/p>\n<p style=\"text-align: justify\">Este programa consta de dos cursos.<\/p>\n<p style=\"text-align: justify\"><strong>1\u00ba de FPB:<\/strong>\u00a0Donde se estudian los \u00e1mbitos de conocimiento necesarios para la obtenci\u00f3n del t\u00edtulo de la ESO.<\/p>\n<p style=\"text-align: justify\"><strong>2\u00ba de FPB<\/strong>: Es un curso donde se desarrollan las destrezas profesionales, en nuestro caso, de cocina, con pr\u00e1cticas en empresas.<\/p>\n<h1 style=\"text-align: justify\">CICLOS FORMATIVOS<\/h1>\n<p style=\"text-align: justify\">Dentro de la oferta de <strong>Ciclos Formativos de la rama Sanitaria del IES Jos\u00e9 Caballero<\/strong> tenemos los siguientes:<\/p>\n<h5 style=\"text-align: justify\"><strong>CICLO FORMATIVO DE GRADO MEDIO<\/strong><\/h5>\n<ul style=\"text-align: justify\">\n<li><strong>Faramacia y Parafarmacia. <\/strong>Tenemos tres grupos de Oferta Completa en 1\u00ba curso\u00a0 y tres de 2\u00ba curso. Una de las l\u00edneas es Biling\u00fce y algunas plazas se ofertan en modalidad DUAL.<\/li>\n<li><strong>Farmacia y Parafarmacia (Adultos)\u00a0<\/strong>el curso 2021\/2022 se ofertar\u00e1n los m\u00f3dulos de primer curso de la Oferta Parcial Diferenciada para adultos del ciclo de farmacia. Dirigida a personas mayores de 18 a\u00f1os que podr\u00e1n dise\u00f1ar su propio itinerario formativo<\/li>\n<\/ul>\n<p style=\"text-align: center\"><a href=\"http:\/\/iesjosecaballero.es\/web\/wp-content\/uploads\/2021\/06\/EDUCACI%C3%93N-PARA-PERSONAS-ADULTAS-sin-horario.pdf\">(RECOMENDACIONES SOBRE ITINERARIO FORMATIVO)<\/a><\/p>\n<h5 style=\"text-align: justify\"><strong>CICLOS FORMATIVOS DE GRADO SUPERIOR<\/strong><\/h5>\n<ul style=\"text-align: justify\">\n<li><strong>Documentaci\u00f3n y Administraci\u00f3n Sanitaria.<\/strong> Tenemos un grupo de 1\u00ba y otro de 2\u00ba.<\/li>\n<li><strong>Pr\u00f3tesis Dental.<\/strong> Tenemos dos grupos de 1\u00ba y dos de 2\u00ba.<\/li>\n<li><strong>Audiopr\u00f3tesis<\/strong>. Tenemos un grupo de 1\u00ba y otro de 2\u00ba.<\/li>\n<li><strong>Higiene Bucodental.<\/strong>Tenemos un grupo de 1\u00ba y otro de 2\u00ba. Este Ciclo Formativo se Oferta en <span style=\"color: #ff0000\">Modalidad Dual al 100%<\/span> de las plazas.<\/li>\n<\/ul>\n<p style=\"text-align: justify\">M\u00e1s informaci\u00f3n sobre la Oferta de Formaci\u00f3n Profesional pinchando sobre la siguiente imagen.<\/p>\n<p><a href=\"https:\/\/view.genial.ly\/60be73ab0f6bf10d7164f44e\/interactive-image-oferta-formativa-fp-ies-jose-caballero-curso-2122\"><img loading=\"lazy\" decoding=\"async\" class=\"aligncenter size-full wp-image-3408\" src=\"https:\/\/blogsaverroes.juntadeandalucia.es\/iesjosecaballero\/files\/2021\/06\/OFERTA-EDUCATIVA-FP-21-22-1.jpg\" alt=\"\" width=\"1280\" height=\"720\" srcset=\"https:\/\/blogsaverroes.juntadeandalucia.es\/iesjosecaballero\/files\/2021\/06\/OFERTA-EDUCATIVA-FP-21-22-1.jpg 1280w, https:\/\/blogsaverroes.juntadeandalucia.es\/iesjosecaballero\/files\/2021\/06\/OFERTA-EDUCATIVA-FP-21-22-1-980x551.jpg 980w, https:\/\/blogsaverroes.juntadeandalucia.es\/iesjosecaballero\/files\/2021\/06\/OFERTA-EDUCATIVA-FP-21-22-1-480x270.jpg 480w\" sizes=\"(min-width: 0px) and (max-width: 480px) 480px, (min-width: 481px) and (max-width: 980px) 980px, (min-width: 981px) 1280px, 100vw\" \/><\/a><\/p>\n<p>&nbsp;<\/p>\n","protected":false},"excerpt":{"rendered":"<p>El Instituto Jos\u00e9 Caballero de Huelva tiene, entre su oferta educativa, la Ense\u00f1anza Secundaria Obligatoria (desde 1\u00ba a 4\u00ba) incluyendo una l\u00ednea de Bilig\u00fcismo, adem\u00e1s de la FPB de Cocina (Formaci\u00f3n Profesional B\u00e1sica), Bachilllerato (de Humanidades y Ciencias Sociales, y de Ciencias Naturales y de la Salud) y Ciclos Formativos de Grado Medio y Superior [&hellip;]<\/p>\n","protected":false},"author":13618,"featured_media":3467,"parent":2,"menu_order":0,"comment_status":"open","ping_status":"open","template":"","meta":{"_et_pb_use_builder":"","_et_pb_old_content":"","_et_gb_content_width":"","ngg_post_thumbnail":0,"footnotes":""},"aioseo_notices":[],"_links":{"self":[{"href":"https:\/\/blogsaverroes.juntadeandalucia.es\/iesjosecaballero\/wp-json\/wp\/v2\/pages\/45"}],"collection":[{"href":"https:\/\/blogsaverroes.juntadeandalucia.es\/iesjosecaballero\/wp-json\/wp\/v2\/pages"}],"about":[{"href":"https:\/\/blogsaverroes.juntadeandalucia.es\/iesjosecaballero\/wp-json\/wp\/v2\/types\/page"}],"author":[{"embeddable":true,"href":"https:\/\/blogsaverroes.juntadeandalucia.es\/iesjosecaballero\/wp-json\/wp\/v2\/users\/13618"}],"replies":[{"embeddable":true,"href":"https:\/\/blogsaverroes.juntadeandalucia.es\/iesjosecaballero\/wp-json\/wp\/v2\/comments?post=45"}],"version-history":[{"count":0,"href":"https:\/\/blogsaverroes.juntadeandalucia.es\/iesjosecaballero\/wp-json\/wp\/v2\/pages\/45\/revisions"}],"up":[{"embeddable":true,"href":"https:\/\/blogsaverroes.juntadeandalucia.es\/iesjosecaballero\/wp-json\/wp\/v2\/pages\/2"}],"wp:featuredmedia":[{"embeddable":true,"href":"https:\/\/blogsaverroes.juntadeandalucia.es\/iesjosecaballero\/wp-json\/wp\/v2\/media\/3467"}],"wp:attachment":[{"href":"https:\/\/blogsaverroes.juntadeandalucia.es\/iesjosecaballero\/wp-json\/wp\/v2\/media?parent=45"}],"curies":[{"name":"wp","href":"https:\/\/api.w.org\/{rel}","templated":true}]}}