{"id":5411,"date":"2022-06-01T19:51:10","date_gmt":"2022-06-01T18:51:10","guid":{"rendered":"https:\/\/blogsaverroes.juntadeandalucia.es\/iesjosecaballero\/?page_id=5411"},"modified":"2022-06-01T20:47:48","modified_gmt":"2022-06-01T19:47:48","slug":"secundaria","status":"publish","type":"page","link":"https:\/\/blogsaverroes.juntadeandalucia.es\/iesjosecaballero\/secundaria\/","title":{"rendered":"Secundaria"},"content":{"rendered":"<p>La etapa de Educaci\u00f3n Secundaria Obligatoria comprende cuatro cursos acad\u00e9micos entre los 12 y los 16 a\u00f1os de edad. Cuenta con dos ciclos: el primer ciclo, que corresponde a los cursos 1\u00ba, 2\u00ba y 3\u00ba de E.S.O., y el segundo ciclo, que corresponde 4\u00ba de E.S.O. El objetivo fundamental del 4\u00ba curso es preparar para el desarrollo de estudios posteriores.&nbsp;En el IES Jos\u00e9 Caballero contamos con tres grupos de 1\u00ba de ESO, tres grupos de 2\u00ba de ESO, dos grupos de 3\u00ba ESO y dos grupos de 4\u00ba de ESO.<\/p>\n<p>La finalidad de la Educaci\u00f3n Secundaria Obligatoria consiste en lograr que los alumnos y alumnas adquieran los elementos b\u00e1sicos de la cultura, especialmente en sus aspectos human\u00edstico, art\u00edstico, cient\u00edfico y tecnol\u00f3gico; desarrollar y consolidar en ellos h\u00e1bitos de estudio y de trabajo; prepararles para su incorporaci\u00f3n a estudios posteriores y para su inserci\u00f3n laboral, y formarles para el ejercicio de sus derechos y obligaciones en la vida como ciudadanos.<\/p>\n<p>En el curso 2008-2009 iniciamos el Proyecto Biling\u00fce, que se complet\u00f3 en toda la ESO en el curso 2012-2013.&nbsp;Entre sus objetivos se encuentra el de dotar a los alumnos de las capacidades propias del dominio de una lengua extranjera, en este caso el ingl\u00e9s, de modo que tengan m\u00e1s f\u00e1cil su&nbsp;desarrollo profesional futuro.<\/p>\n<p>Una vez concluida la etapa de Educaci\u00f3n Secundaria Obligatoria, los alumnos y las alumnas tienen diferentes opciones:<\/p>\n<ul>\n<li>-Si han obtenido el T\u00edtulo de Graduado en Educaci\u00f3n Secundaria Obligatoria por la opci\u00f3n de Ense\u00f1anzas Acad\u00e9micas, podr\u00e1n acceder a la etapa de Bachillerato en cualquiera de sus modalidades.<\/li>\n<li>-Si han obtenido el T\u00edtulo citado por la opci\u00f3n de Ense\u00f1anzas Aplicadas, podr\u00e1n cursar un ciclo de Formaci\u00f3n Profesional de grado medio, Ense\u00f1anzas Profesionales de Artes Pl\u00e1sticas y Dise\u00f1o, o Ense\u00f1anzas Deportivas de grado medio.<\/li>\n<\/ul>\n<p>El alumnado que habiendo cursado la Educaci\u00f3n Secundaria Obligatoria no haya obtenido el T\u00edtulo correspondiente podr\u00e1 incorporarse a la Educac<\/p>\n","protected":false},"excerpt":{"rendered":"<p>La etapa de Educaci\u00f3n Secundaria Obligatoria comprende cuatro cursos acad\u00e9micos entre los 12 y los 16 a\u00f1os de edad. Cuenta con dos ciclos: el primer ciclo, que corresponde a los cursos 1\u00ba, 2\u00ba y 3\u00ba de E.S.O., y el segundo ciclo, que corresponde 4\u00ba de E.S.O. El objetivo fundamental del 4\u00ba curso es preparar para [&hellip;]<\/p>\n","protected":false},"author":13618,"featured_media":0,"parent":0,"menu_order":0,"comment_status":"closed","ping_status":"closed","template":"","meta":{"_et_pb_use_builder":"","_et_pb_old_content":"","_et_gb_content_width":"","ngg_post_thumbnail":0,"footnotes":""},"aioseo_notices":[],"_links":{"self":[{"href":"https:\/\/blogsaverroes.juntadeandalucia.es\/iesjosecaballero\/wp-json\/wp\/v2\/pages\/5411"}],"collection":[{"href":"https:\/\/blogsaverroes.juntadeandalucia.es\/iesjosecaballero\/wp-json\/wp\/v2\/pages"}],"about":[{"href":"https:\/\/blogsaverroes.juntadeandalucia.es\/iesjosecaballero\/wp-json\/wp\/v2\/types\/page"}],"author":[{"embeddable":true,"href":"https:\/\/blogsaverroes.juntadeandalucia.es\/iesjosecaballero\/wp-json\/wp\/v2\/users\/13618"}],"replies":[{"embeddable":true,"href":"https:\/\/blogsaverroes.juntadeandalucia.es\/iesjosecaballero\/wp-json\/wp\/v2\/comments?post=5411"}],"version-history":[{"count":3,"href":"https:\/\/blogsaverroes.juntadeandalucia.es\/iesjosecaballero\/wp-json\/wp\/v2\/pages\/5411\/revisions"}],"predecessor-version":[{"id":5442,"href":"https:\/\/blogsaverroes.juntadeandalucia.es\/iesjosecaballero\/wp-json\/wp\/v2\/pages\/5411\/revisions\/5442"}],"wp:attachment":[{"href":"https:\/\/blogsaverroes.juntadeandalucia.es\/iesjosecaballero\/wp-json\/wp\/v2\/media?parent=5411"}],"curies":[{"name":"wp","href":"https:\/\/api.w.org\/{rel}","templated":true}]}}