{"id":5433,"date":"2022-06-01T20:33:36","date_gmt":"2022-06-01T19:33:36","guid":{"rendered":"https:\/\/blogsaverroes.juntadeandalucia.es\/iesjosecaballero\/?page_id=5433"},"modified":"2022-06-01T20:48:48","modified_gmt":"2022-06-01T19:48:48","slug":"bachillerato","status":"publish","type":"page","link":"https:\/\/blogsaverroes.juntadeandalucia.es\/iesjosecaballero\/bachillerato\/","title":{"rendered":"Bachillerato"},"content":{"rendered":"<p>El Bachillerato comprende dos cursos,&nbsp; que se desarrollar\u00e1n en modalidades diferentes, y se organizar\u00e1 de modo flexible, a fin de que pueda ofrecer una preparaci\u00f3n especializada al alumnado acorde con sus perspectivas e intereses de formaci\u00f3n o permita la incorporaci\u00f3n a la vida activa una vez finalizado el mismo.<\/p>\n<p>En nuestro instituto se pueden cursar las siguientes modalidades de Bachillerato:<\/p>\n<ul>\n<li>Modalidad de Ciencias: se organiza en dos itinerarios, el de Ciencias de la Salud y Medio Ambiente y el Tecnol\u00f3gico, en funci\u00f3n de las materias troncales de opci\u00f3n que elija el alumnado.<\/li>\n<li>Modalidad de Humanidades y Ciencias Sociales: se organiza en dos itinerarios, el de Humanidades y el de Ciencias Sociales, en funci\u00f3n de las materias troncales de opci\u00f3n que elija el alumnado.<\/li>\n<\/ul>\n<p>Cabe destacar que el Bachillerato se integra dentro del Programa de Biling\u00fcismo, donde se imparten parte de las asignaturas en ingl\u00e9s.&nbsp;<\/p>\n<p>&nbsp;Al final de esta etapa el alumnado obtendr\u00e1 el T\u00edtulo de Bachiller que le capacitar\u00e1&nbsp; para su acceso a estudios superiores o para su inserci\u00f3n en el mundo laboral.<\/p>\n","protected":false},"excerpt":{"rendered":"<p>El Bachillerato comprende dos cursos,&nbsp; que se desarrollar\u00e1n en modalidades diferentes, y se organizar\u00e1 de modo flexible, a fin de que pueda ofrecer una preparaci\u00f3n especializada al alumnado acorde con sus perspectivas e intereses de formaci\u00f3n o permita la incorporaci\u00f3n a la vida activa una vez finalizado el mismo. En nuestro instituto se pueden cursar [&hellip;]<\/p>\n","protected":false},"author":13618,"featured_media":0,"parent":0,"menu_order":0,"comment_status":"closed","ping_status":"closed","template":"","meta":{"_et_pb_use_builder":"","_et_pb_old_content":"","_et_gb_content_width":"","ngg_post_thumbnail":0,"footnotes":""},"aioseo_notices":[],"_links":{"self":[{"href":"https:\/\/blogsaverroes.juntadeandalucia.es\/iesjosecaballero\/wp-json\/wp\/v2\/pages\/5433"}],"collection":[{"href":"https:\/\/blogsaverroes.juntadeandalucia.es\/iesjosecaballero\/wp-json\/wp\/v2\/pages"}],"about":[{"href":"https:\/\/blogsaverroes.juntadeandalucia.es\/iesjosecaballero\/wp-json\/wp\/v2\/types\/page"}],"author":[{"embeddable":true,"href":"https:\/\/blogsaverroes.juntadeandalucia.es\/iesjosecaballero\/wp-json\/wp\/v2\/users\/13618"}],"replies":[{"embeddable":true,"href":"https:\/\/blogsaverroes.juntadeandalucia.es\/iesjosecaballero\/wp-json\/wp\/v2\/comments?post=5433"}],"version-history":[{"count":2,"href":"https:\/\/blogsaverroes.juntadeandalucia.es\/iesjosecaballero\/wp-json\/wp\/v2\/pages\/5433\/revisions"}],"predecessor-version":[{"id":5443,"href":"https:\/\/blogsaverroes.juntadeandalucia.es\/iesjosecaballero\/wp-json\/wp\/v2\/pages\/5433\/revisions\/5443"}],"wp:attachment":[{"href":"https:\/\/blogsaverroes.juntadeandalucia.es\/iesjosecaballero\/wp-json\/wp\/v2\/media?parent=5433"}],"curies":[{"name":"wp","href":"https:\/\/api.w.org\/{rel}","templated":true}]}}