{"id":840,"date":"2020-12-18T08:38:52","date_gmt":"2020-12-18T07:38:52","guid":{"rendered":"https:\/\/blogsaverroes.juntadeandalucia.es\/pre\/plantilla-pencil\/?page_id=840"},"modified":"2021-10-29T20:34:54","modified_gmt":"2021-10-29T19:34:54","slug":"ampa","status":"publish","type":"page","link":"https:\/\/blogsaverroes.juntadeandalucia.es\/iesjosecaballero\/ampa\/","title":{"rendered":"AMPA"},"content":{"rendered":"<p>[et_pb_section fb_built=&#8221;1&#8243; _builder_version=&#8221;4.5.0&#8243; custom_padding=&#8221;0px||0px|&#8221; hover_enabled=&#8221;0&#8243; z_index_tablet=&#8221;500&#8243; box_shadow_horizontal_tablet=&#8221;0px&#8221; box_shadow_vertical_tablet=&#8221;0px&#8221; box_shadow_blur_tablet=&#8221;40px&#8221; box_shadow_spread_tablet=&#8221;0px&#8221;][et_pb_row _builder_version=&#8221;3.25&#8243; background_size=&#8221;initial&#8221; background_position=&#8221;top_left&#8221; background_repeat=&#8221;repeat&#8221;][et_pb_column type=&#8221;4_4&#8243; _builder_version=&#8221;3.25&#8243; custom_padding=&#8221;|||&#8221; custom_padding__hover=&#8221;|||&#8221;][et_pb_image src=&#8221;https:\/\/blogsaverroes.juntadeandalucia.es\/iesjosecaballero\/files\/2012\/12\/logo_ampa.png&#8221; title_text=&#8221;logo_ampa&#8221; admin_label=&#8221;Imagen de la portada&#8221; _builder_version=&#8221;4.5.0&#8243; z_index_tablet=&#8221;500&#8243; box_shadow_horizontal_tablet=&#8221;0px&#8221; box_shadow_vertical_tablet=&#8221;0px&#8221; box_shadow_blur_tablet=&#8221;40px&#8221; box_shadow_spread_tablet=&#8221;0px&#8221;][\/et_pb_image][et_pb_text admin_label=&#8221;Texto descriptivo&#8221; _builder_version=&#8221;4.5.0&#8243; z_index_tablet=&#8221;500&#8243; text_text_shadow_horizontal_length_tablet=&#8221;0px&#8221; text_text_shadow_vertical_length_tablet=&#8221;0px&#8221; text_text_shadow_blur_strength_tablet=&#8221;1px&#8221; link_text_shadow_horizontal_length_tablet=&#8221;0px&#8221; link_text_shadow_vertical_length_tablet=&#8221;0px&#8221; link_text_shadow_blur_strength_tablet=&#8221;1px&#8221; ul_text_shadow_horizontal_length_tablet=&#8221;0px&#8221; ul_text_shadow_vertical_length_tablet=&#8221;0px&#8221; ul_text_shadow_blur_strength_tablet=&#8221;1px&#8221; ol_text_shadow_horizontal_length_tablet=&#8221;0px&#8221; ol_text_shadow_vertical_length_tablet=&#8221;0px&#8221; ol_text_shadow_blur_strength_tablet=&#8221;1px&#8221; quote_text_shadow_horizontal_length_tablet=&#8221;0px&#8221; quote_text_shadow_vertical_length_tablet=&#8221;0px&#8221; quote_text_shadow_blur_strength_tablet=&#8221;1px&#8221; header_text_shadow_horizontal_length_tablet=&#8221;0px&#8221; header_text_shadow_vertical_length_tablet=&#8221;0px&#8221; header_text_shadow_blur_strength_tablet=&#8221;1px&#8221; header_2_text_shadow_horizontal_length_tablet=&#8221;0px&#8221; header_2_text_shadow_vertical_length_tablet=&#8221;0px&#8221; header_2_text_shadow_blur_strength_tablet=&#8221;1px&#8221; header_3_text_shadow_horizontal_length_tablet=&#8221;0px&#8221; header_3_text_shadow_vertical_length_tablet=&#8221;0px&#8221; header_3_text_shadow_blur_strength_tablet=&#8221;1px&#8221; header_4_text_shadow_horizontal_length_tablet=&#8221;0px&#8221; header_4_text_shadow_vertical_length_tablet=&#8221;0px&#8221; header_4_text_shadow_blur_strength_tablet=&#8221;1px&#8221; header_5_text_shadow_horizontal_length_tablet=&#8221;0px&#8221; header_5_text_shadow_vertical_length_tablet=&#8221;0px&#8221; header_5_text_shadow_blur_strength_tablet=&#8221;1px&#8221; header_6_text_shadow_horizontal_length_tablet=&#8221;0px&#8221; header_6_text_shadow_vertical_length_tablet=&#8221;0px&#8221; header_6_text_shadow_blur_strength_tablet=&#8221;1px&#8221; box_shadow_horizontal_tablet=&#8221;0px&#8221; box_shadow_vertical_tablet=&#8221;0px&#8221; box_shadow_blur_tablet=&#8221;40px&#8221; box_shadow_spread_tablet=&#8221;0px&#8221; custom_padding=&#8221;13px||0px|||&#8221;]<\/p>\n<header class=\"titlePost magContainer\">\n<div class=\"singleTitle \"><\/div>\n<div class=\"clear\"><\/div>\n<\/header>\n<div id=\"mainContent\">\n<div id=\"post-63\" class=\"postMag post-63 page type-page status-publish hentry\">\n<div class=\"article\">\n<p>&nbsp;<\/p>\n<h3>Informaci\u00f3n General<\/h3>\n<p>A continuaci\u00f3n te ofrecemos toda la informaci\u00f3n que te interesa sobre el AMPA \u00abGuadiana\u00bb. Si quieres conseguir m\u00e1s infomaci\u00f3n sobre nosotros, no dudes en pasarte por el instituto en el horario de atenci\u00f3n al p\u00fablico del AMPA.<\/p>\n<p>&nbsp;<\/p>\n<p><strong>\u00bfQUI\u00c9NES SOMOS?<\/strong><\/p>\n<hr \/>\n<p>El AMPA \u00abGUADIANA\u00bb, es la Asociaci\u00f3n de Madres y Padres de Alumnos del Instituto Jos\u00e9 Caballero de Huelva, y es una entidad sin af\u00e1n de lucro que agrupa a los padres y madres de este instituto.<\/p>\n<p>La labor del AMPA es esencial para la vida del Instituto. Tener un \u00f3rgano de comunicaci\u00f3n directa entre Padres y Madres y el propio Insituto es fundamental para el buen funcionamiento del mismo, as\u00ed como para la mejora de la convivencia.<\/p>\n<p>Adem\u00e1s colabora en el programa del Ayuntamiento de Huelva de Escuela de Padres y Madres.<\/p>\n<p><strong>\u00bfPARA QUE SIRVE EL AMPA?<\/strong><\/p>\n<hr \/>\n<ul>\n<li>Defender los derechos de los padres y madres en lo concerniente a la educaci\u00f3n y formaci\u00f3n de sus hijos<\/li>\n<\/ul>\n<ul>\n<li>Colaborar con el Instituto, dentro de las posibilidades de la Asociaci\u00f3n, para que est\u00e9 dotado de los medios necesarios para su correcto funcionamiento.<\/li>\n<\/ul>\n<ul>\n<li>Estimular la creaci\u00f3n de servicios y actividades complementarias del centro, aprovechando al m\u00e1ximo las ayudas que los organismos oficiales y la sociedad pueden ofrecer.<\/li>\n<\/ul>\n<ul>\n<li>Canalizar las iniciativas y sugerencias de las familias para una mayor eficacia y servicio del instituto, en colaboraci\u00f3n con la direcci\u00f3n y el profesorado.<\/li>\n<\/ul>\n<ul>\n<li>Colaborar con el instituto en la labor educativa de nuestros hijos contribuyendo a su formaci\u00f3n integral.<\/li>\n<\/ul>\n<ul>\n<li>Tener representaci\u00f3n en el Consejo Escolar del Centro.<\/li>\n<\/ul>\n<p><a href=\"https:\/\/i0.wp.com\/iesjosecaballero.es\/web\/wp-content\/uploads\/2012\/12\/espacio_ampa.jpg\"><img loading=\"lazy\" decoding=\"async\" data-attachment-id=\"64\" data-permalink=\"http:\/\/iesjosecaballero.es\/web\/?attachment_id=64\" data-orig-file=\"https:\/\/i0.wp.com\/iesjosecaballero.es\/web\/wp-content\/uploads\/2012\/12\/espacio_ampa.jpg?fit=600%2C576\" data-orig-size=\"600,576\" data-comments-opened=\"1\" data-image-meta=\"{&quot;aperture&quot;:&quot;0&quot;,&quot;credit&quot;:&quot;&quot;,&quot;camera&quot;:&quot;&quot;,&quot;caption&quot;:&quot;&quot;,&quot;created_timestamp&quot;:&quot;0&quot;,&quot;copyright&quot;:&quot;&quot;,&quot;focal_length&quot;:&quot;0&quot;,&quot;iso&quot;:&quot;0&quot;,&quot;shutter_speed&quot;:&quot;0&quot;,&quot;title&quot;:&quot;&quot;}\" data-image-title=\"espacio_ampa\" data-image-description=\"\" data-medium-file=\"https:\/\/i0.wp.com\/iesjosecaballero.es\/web\/wp-content\/uploads\/2012\/12\/espacio_ampa.jpg?fit=300%2C288\" data-large-file=\"https:\/\/i0.wp.com\/iesjosecaballero.es\/web\/wp-content\/uploads\/2012\/12\/espacio_ampa.jpg?fit=540%2C518\" class=\"aligncenter wp-image-64\" src=\"https:\/\/i0.wp.com\/iesjosecaballero.es\/web\/wp-content\/uploads\/2012\/12\/espacio_ampa.jpg?resize=480%2C461\" alt=\"espacio_ampa\" width=\"480\" height=\"461\" \/><\/a><\/p>\n<p><strong>VENTAJAS DE SER SOCIO DEL AMPA<\/strong><\/p>\n<hr \/>\n<ul>\n<li>Participaci\u00f3n en las actividades organizadas por el propio AMPA.<\/li>\n<\/ul>\n<ul>\n<li>Subvenci\u00f3n en las actividades realizadas por el centro: Excusiones, etc.<\/li>\n<\/ul>\n<ul>\n<li>Recibir por correo electr\u00f3nico de toda nuestra informaci\u00f3n.<\/li>\n<\/ul>\n<ul>\n<li>El AMPA regala a todos sus socios un juego de regla y portaminas, as\u00ed como una participaci\u00f3n de loter\u00eda de Navidad.<\/li>\n<\/ul>\n<p><strong>HORARIO DEL AMPA<\/strong><\/p>\n<hr \/>\n<p>Si quieres participar con nostros, o simplemente informaci\u00f3n, o hacerte socio\/a del AMPA, p\u00e1sate por el Instituto. Nuestro horario es:<\/p>\n<h3>JUEVES<\/h3>\n<h4>de 10:15 a 12:45<\/h4>\n<p><strong>CONTACTA CON EL AMPA<\/strong><\/p>\n<hr \/>\n<p>Tambi\u00e9n tienes otras v\u00edas para ponerte en contacto con el AMPA \u00abGUADIANA\u00bb del IES Jos\u00e9 Caballero de Huelva:<\/p>\n<blockquote>\n<p>EMAIL:<span>\u00a0<\/span><a href=\"http:\/\/mce_host\/ampa_guadiana@hotmail.com\">ampa_guadiana@hotmail.com<\/a><br \/> TEL\u00c9FONO: 693 387 860<br \/> <a href=\"http:\/\/iesjosecaballero.es\/web\/?page_id=77\">Tr\u00edptico informativo del AMPA.<\/a><\/p>\n<p>&nbsp;<\/p>\n<p><img loading=\"lazy\" decoding=\"async\" data-attachment-id=\"73\" data-permalink=\"http:\/\/iesjosecaballero.es\/web\/?attachment_id=73\" data-orig-file=\"https:\/\/i1.wp.com\/iesjosecaballero.es\/web\/wp-content\/uploads\/2012\/12\/ampa-triptico01.jpg?fit=800%2C524\" data-orig-size=\"800,524\" data-comments-opened=\"1\" data-image-meta=\"{&quot;aperture&quot;:&quot;0&quot;,&quot;credit&quot;:&quot;&quot;,&quot;camera&quot;:&quot;&quot;,&quot;caption&quot;:&quot;&quot;,&quot;created_timestamp&quot;:&quot;0&quot;,&quot;copyright&quot;:&quot;&quot;,&quot;focal_length&quot;:&quot;0&quot;,&quot;iso&quot;:&quot;0&quot;,&quot;shutter_speed&quot;:&quot;0&quot;,&quot;title&quot;:&quot;&quot;}\" data-image-title=\"ampa-triptico01\" data-image-description=\"\" data-medium-file=\"https:\/\/i1.wp.com\/iesjosecaballero.es\/web\/wp-content\/uploads\/2012\/12\/ampa-triptico01.jpg?fit=300%2C196\" data-large-file=\"https:\/\/i1.wp.com\/iesjosecaballero.es\/web\/wp-content\/uploads\/2012\/12\/ampa-triptico01.jpg?fit=540%2C354\" class=\"aligncenter size-thumbnail wp-image-73\" src=\"https:\/\/i1.wp.com\/iesjosecaballero.es\/web\/wp-content\/uploads\/2012\/12\/ampa-triptico01.jpg?resize=150%2C150\" alt=\"ampa-triptico01\" width=\"150\" height=\"150\" \/><\/p>\n<\/blockquote>\n<\/div>\n<\/div>\n<\/div>\n<p>[\/et_pb_text][\/et_pb_column][\/et_pb_row][\/et_pb_section]<\/p>\n","protected":false},"excerpt":{"rendered":"<p>&nbsp; Informaci\u00f3n General A continuaci\u00f3n te ofrecemos toda la informaci\u00f3n que te interesa sobre el AMPA \u00abGuadiana\u00bb. Si quieres conseguir m\u00e1s infomaci\u00f3n sobre nosotros, no dudes en pasarte por el instituto en el horario de atenci\u00f3n al p\u00fablico del AMPA. &nbsp; \u00bfQUI\u00c9NES SOMOS? El AMPA \u00abGUADIANA\u00bb, es la Asociaci\u00f3n de Madres y Padres de Alumnos [&hellip;]<\/p>\n","protected":false},"author":13618,"featured_media":0,"parent":0,"menu_order":0,"comment_status":"closed","ping_status":"closed","template":"","meta":{"_et_pb_use_builder":"on","_et_pb_old_content":"","_et_gb_content_width":"","ngg_post_thumbnail":0,"footnotes":""},"aioseo_notices":[],"_links":{"self":[{"href":"https:\/\/blogsaverroes.juntadeandalucia.es\/iesjosecaballero\/wp-json\/wp\/v2\/pages\/840"}],"collection":[{"href":"https:\/\/blogsaverroes.juntadeandalucia.es\/iesjosecaballero\/wp-json\/wp\/v2\/pages"}],"about":[{"href":"https:\/\/blogsaverroes.juntadeandalucia.es\/iesjosecaballero\/wp-json\/wp\/v2\/types\/page"}],"author":[{"embeddable":true,"href":"https:\/\/blogsaverroes.juntadeandalucia.es\/iesjosecaballero\/wp-json\/wp\/v2\/users\/13618"}],"replies":[{"embeddable":true,"href":"https:\/\/blogsaverroes.juntadeandalucia.es\/iesjosecaballero\/wp-json\/wp\/v2\/comments?post=840"}],"version-history":[{"count":2,"href":"https:\/\/blogsaverroes.juntadeandalucia.es\/iesjosecaballero\/wp-json\/wp\/v2\/pages\/840\/revisions"}],"predecessor-version":[{"id":4189,"href":"https:\/\/blogsaverroes.juntadeandalucia.es\/iesjosecaballero\/wp-json\/wp\/v2\/pages\/840\/revisions\/4189"}],"wp:attachment":[{"href":"https:\/\/blogsaverroes.juntadeandalucia.es\/iesjosecaballero\/wp-json\/wp\/v2\/media?parent=840"}],"curies":[{"name":"wp","href":"https:\/\/api.w.org\/{rel}","templated":true}]}}