{"id":867,"date":"2020-12-18T08:55:13","date_gmt":"2020-12-18T07:55:13","guid":{"rendered":"https:\/\/blogsaverroes.juntadeandalucia.es\/pre\/plantilla-pencil\/?page_id=867"},"modified":"2023-03-01T13:44:08","modified_gmt":"2023-03-01T12:44:08","slug":"centro-bilingue-3-2","status":"publish","type":"page","link":"https:\/\/blogsaverroes.juntadeandalucia.es\/iesjosecaballero\/centro-bilingue-3-2\/","title":{"rendered":"Idiomas"},"content":{"rendered":"<p>[et_pb_section fb_built=&#8221;1&#8243; _builder_version=&#8221;3.23.3&#8243; custom_padding=&#8221;0px||0px|&#8221; z_index_tablet=&#8221;500&#8243; box_shadow_horizontal_tablet=&#8221;0px&#8221; box_shadow_vertical_tablet=&#8221;0px&#8221; box_shadow_blur_tablet=&#8221;40px&#8221; box_shadow_spread_tablet=&#8221;0px&#8221; global_colors_info=&#8221;{}&#8221;][et_pb_row _builder_version=&#8221;3.25&#8243; background_size=&#8221;initial&#8221; background_position=&#8221;top_left&#8221; background_repeat=&#8221;repeat&#8221; global_colors_info=&#8221;{}&#8221;][et_pb_column type=&#8221;4_4&#8243; _builder_version=&#8221;3.25&#8243; custom_padding=&#8221;|||&#8221; global_colors_info=&#8221;{}&#8221; custom_padding__hover=&#8221;|||&#8221;][et_pb_image src=&#8221;https:\/\/blogsaverroes.juntadeandalucia.es\/iesjosecaballero\/files\/2020\/01\/cabecera-interior-4.jpg&#8221; title_text=&#8221;cabecera-interior-4&#8243; admin_label=&#8221;Imagen de la portada&#8221; _builder_version=&#8221;4.14.5&#8243; z_index_tablet=&#8221;500&#8243; box_shadow_horizontal_tablet=&#8221;0px&#8221; box_shadow_vertical_tablet=&#8221;0px&#8221; box_shadow_blur_tablet=&#8221;40px&#8221; box_shadow_spread_tablet=&#8221;0px&#8221; global_colors_info=&#8221;{}&#8221;][\/et_pb_image][et_pb_text admin_label=&#8221;Texto descriptivo&#8221; _builder_version=&#8221;4.14.5&#8243; z_index_tablet=&#8221;500&#8243; text_text_shadow_horizontal_length_tablet=&#8221;0px&#8221; text_text_shadow_vertical_length_tablet=&#8221;0px&#8221; text_text_shadow_blur_strength_tablet=&#8221;1px&#8221; link_text_shadow_horizontal_length_tablet=&#8221;0px&#8221; link_text_shadow_vertical_length_tablet=&#8221;0px&#8221; link_text_shadow_blur_strength_tablet=&#8221;1px&#8221; ul_text_shadow_horizontal_length_tablet=&#8221;0px&#8221; ul_text_shadow_vertical_length_tablet=&#8221;0px&#8221; ul_text_shadow_blur_strength_tablet=&#8221;1px&#8221; ol_text_shadow_horizontal_length_tablet=&#8221;0px&#8221; ol_text_shadow_vertical_length_tablet=&#8221;0px&#8221; ol_text_shadow_blur_strength_tablet=&#8221;1px&#8221; quote_text_shadow_horizontal_length_tablet=&#8221;0px&#8221; quote_text_shadow_vertical_length_tablet=&#8221;0px&#8221; quote_text_shadow_blur_strength_tablet=&#8221;1px&#8221; header_text_shadow_horizontal_length_tablet=&#8221;0px&#8221; header_text_shadow_vertical_length_tablet=&#8221;0px&#8221; header_text_shadow_blur_strength_tablet=&#8221;1px&#8221; header_2_text_shadow_horizontal_length_tablet=&#8221;0px&#8221; header_2_text_shadow_vertical_length_tablet=&#8221;0px&#8221; header_2_text_shadow_blur_strength_tablet=&#8221;1px&#8221; header_3_text_shadow_horizontal_length_tablet=&#8221;0px&#8221; header_3_text_shadow_vertical_length_tablet=&#8221;0px&#8221; header_3_text_shadow_blur_strength_tablet=&#8221;1px&#8221; header_4_text_shadow_horizontal_length_tablet=&#8221;0px&#8221; header_4_text_shadow_vertical_length_tablet=&#8221;0px&#8221; header_4_text_shadow_blur_strength_tablet=&#8221;1px&#8221; header_5_text_shadow_horizontal_length_tablet=&#8221;0px&#8221; header_5_text_shadow_vertical_length_tablet=&#8221;0px&#8221; header_5_text_shadow_blur_strength_tablet=&#8221;1px&#8221; header_6_text_shadow_horizontal_length_tablet=&#8221;0px&#8221; header_6_text_shadow_vertical_length_tablet=&#8221;0px&#8221; header_6_text_shadow_blur_strength_tablet=&#8221;1px&#8221; box_shadow_horizontal_tablet=&#8221;0px&#8221; box_shadow_vertical_tablet=&#8221;0px&#8221; box_shadow_blur_tablet=&#8221;40px&#8221; box_shadow_spread_tablet=&#8221;0px&#8221; global_colors_info=&#8221;{}&#8221;]<\/p>\n<h2>IDIOMAS<\/h2>\n<p>&nbsp;<\/p>\n<p style=\"text-align: justify\"><span>El IES Jos\u00e9 Caballero cuenta con una amplia trayectoria como Centro Biling\u00fce incorporando cada curso nuevos grupos, proyectos, actividades y metodolog\u00edas innovadoras. Nuestro objetivo es dotar al alumnado de las capacidades propias del dominio de una lengua extranjera, de modo que tengan m\u00e1s f\u00e1cil su desarrollo profesional futuro.<\/span><\/p>\n<p style=\"text-align: justify\"><span>En el curso 2008-2009 iniciamos el <strong>Proyecto Biling\u00fce<\/strong> en el instituto, que se complet\u00f3 en toda la ESO en el curso 2012-2013. Tambi\u00e9n se imparten algunas asignaturas de Bachillerato en ingl\u00e9s.<\/span><\/p>\n<p style=\"text-align: justify\">El alumnado de ESO y Bachillerato puede cursar una segunda lengua extranjera Franc\u00e9s como materia optativa.<span><\/span><\/p>\n<p style=\"text-align: justify\">\n<p style=\"text-align: justify\"><span><\/span><\/p>\n<p style=\"text-align: justify\"><span>Para garantizar la obtenci\u00f3n de la certificaci\u00f3n oficial de idiomas. Desde hace varios cursos, <\/span><span>nuestro profesorado del Departamento de Ingl\u00e9s viene preparando al alumnado de E.S.O. y Bachillerato para la realizaci\u00f3n de los <strong>Ex\u00e1menes Oficiales TRINITY<\/strong> en el propio instituto.\u00a0<\/span><\/p>\n<p><span><img loading=\"lazy\" decoding=\"async\" src=\"https:\/\/www.albalonga.es\/wp-content\/uploads\/2021\/07\/trinity_college_london_logo.png\" alt=\"logo trinity\" style=\"margin-left: auto;margin-right: auto\" width=\"482\" height=\"138\" \/><\/span><\/p>\n<p><span><\/span><\/p>\n<p>&nbsp;<\/p>\n<p style=\"text-align: justify\"><span>Con la obtenci\u00f3n de la <strong>Carta ECHE<\/strong> en el a\u00f1o 2016, comenzamos la estrategia de internacionalizaci\u00f3n del IES Jos\u00e9 Caballero, dando la posibilidad al alumnado de Formaci\u00f3n Profesional de realizar la fase de formaci\u00f3n pr\u00e1ctica en pa\u00edses de la Uni\u00f3n Europea dentro del programa <strong>ERASMUS+. <\/strong>Contamos con dos proyectos actualmente, un <strong>proyecto KA102<\/strong> para el ciclo formativo de grado medio en consorcio con otros institutos de la provincia y otro <strong>proyecto KA103<\/strong> para alumnado de ciclos formativos de grado superior. Consulta el espacio de nuestra web dedicado Erasmus+ pinchando en la siguiente imagen.<\/span><\/p>\n<p><span><strong><\/strong><\/span><\/p>\n<p><a href=\"https:\/\/blogsaverroes.juntadeandalucia.es\/iesjosecaballero\/declaracion-de-politica-de-erasmus\/\"><img loading=\"lazy\" decoding=\"async\" src=\"https:\/\/blogsaverroes.juntadeandalucia.es\/iesjosecaballero\/files\/2021\/10\/EU-flag-Erasmus-logo-e1519818911842.jpg\" style=\"margin-left: auto;margin-right: auto\" width=\"326\" height=\"275\" \/><\/a><\/p>\n<p style=\"text-align: justify\">En el curso 2021-2022, se ponen en marcha las <strong>Aulas Biling\u00fces<\/strong> en Formaci\u00f3n Profesional, a trav\u00e9s de la incorporaci\u00f3n de idiomas extranjeros (Ingl\u00e9s) en estas ense\u00f1anzas. Por un lado, un m\u00f3dulo asociado a unidades de competencia en primero, y otro en segundo, ser\u00e1n impartidos en ingl\u00e9s por el profesorado de formaci\u00f3n Profesional; y por otro, el profesorado de idiomas del centro impartir\u00e1 dos horas en primero y otras dos en segundo del i<span style=\"background-color: #ffffff\">dioma elegido. Ambos docentes contribuir\u00e1n as\u00ed al aumento de la competencia ling\u00fc\u00edstica del alumnado. El alumnado de estos grupos podr\u00e1 realizar el Examen Oficial TRINITY obteniendo as\u00ed la certificaci\u00f3n oficial.<\/span><\/p>\n<p><span style=\"background-color: #ffffff\"><img loading=\"lazy\" decoding=\"async\" class=\"wp-image-4228 aligncenter\" src=\"https:\/\/blogsaverroes.juntadeandalucia.es\/iesjosecaballero\/files\/2021\/11\/Captura-de-pantalla-6.png\" alt=\"\" width=\"569\" height=\"298\" style=\"font-size: 14px\" \/><\/span><\/p>\n<p>[\/et_pb_text][\/et_pb_column][\/et_pb_row][\/et_pb_section]<\/p>\n","protected":false},"excerpt":{"rendered":"<p>IDIOMAS &nbsp; El IES Jos\u00e9 Caballero cuenta con una amplia trayectoria como Centro Biling\u00fce incorporando cada curso nuevos grupos, proyectos, actividades y metodolog\u00edas innovadoras. Nuestro objetivo es dotar al alumnado de las capacidades propias del dominio de una lengua extranjera, de modo que tengan m\u00e1s f\u00e1cil su desarrollo profesional futuro. En el curso 2008-2009 iniciamos [&hellip;]<\/p>\n","protected":false},"author":13618,"featured_media":0,"parent":0,"menu_order":0,"comment_status":"closed","ping_status":"closed","template":"","meta":{"_et_pb_use_builder":"on","_et_pb_old_content":"","_et_gb_content_width":"","ngg_post_thumbnail":0,"footnotes":""},"aioseo_notices":[],"_links":{"self":[{"href":"https:\/\/blogsaverroes.juntadeandalucia.es\/iesjosecaballero\/wp-json\/wp\/v2\/pages\/867"}],"collection":[{"href":"https:\/\/blogsaverroes.juntadeandalucia.es\/iesjosecaballero\/wp-json\/wp\/v2\/pages"}],"about":[{"href":"https:\/\/blogsaverroes.juntadeandalucia.es\/iesjosecaballero\/wp-json\/wp\/v2\/types\/page"}],"author":[{"embeddable":true,"href":"https:\/\/blogsaverroes.juntadeandalucia.es\/iesjosecaballero\/wp-json\/wp\/v2\/users\/13618"}],"replies":[{"embeddable":true,"href":"https:\/\/blogsaverroes.juntadeandalucia.es\/iesjosecaballero\/wp-json\/wp\/v2\/comments?post=867"}],"version-history":[{"count":8,"href":"https:\/\/blogsaverroes.juntadeandalucia.es\/iesjosecaballero\/wp-json\/wp\/v2\/pages\/867\/revisions"}],"predecessor-version":[{"id":4946,"href":"https:\/\/blogsaverroes.juntadeandalucia.es\/iesjosecaballero\/wp-json\/wp\/v2\/pages\/867\/revisions\/4946"}],"wp:attachment":[{"href":"https:\/\/blogsaverroes.juntadeandalucia.es\/iesjosecaballero\/wp-json\/wp\/v2\/media?parent=867"}],"curies":[{"name":"wp","href":"https:\/\/api.w.org\/{rel}","templated":true}]}}