{"id":113,"date":"2015-03-16T08:06:00","date_gmt":"2015-03-16T08:06:00","guid":{"rendered":"http:\/\/blogsaverroes.juntadeandalucia.es\/pre\/ceip\/?page_id=113"},"modified":"2021-01-27T10:03:33","modified_gmt":"2021-01-27T10:03:33","slug":"biblioteca","status":"publish","type":"page","link":"https:\/\/blogsaverroes.juntadeandalucia.es\/iesjosedemora\/biblioteca\/","title":{"rendered":"Biblioteca"},"content":{"rendered":"<h2 class=\"title\">Normativa de la biblioteca.<\/h2>\n<div class=\"widget-content\">\n<p id=\"aui_3_2_0_1162\">En la sociedad de la informaci\u00f3n y el conocimiento se requiere que las bibliotecas escolares se conviertan en centros de recursos para la ense\u00f1anza y el aprendizaje.<\/p>\n<p>Las bibliotecas escolares son un factor de compensaci\u00f3n social, que posibilitan el acceso a los recursos informativos y culturales a quienes carecen de ellos, procurando as\u00ed paliar la brecha digital y social.<\/p>\n<p>Como centros de recursos, deben permitir el acceso a materiales informativos actualizados, diversos, apropiados, suficientes en n\u00famero y calidad para todas las \u00e1reas del curr\u00edculo, as\u00ed como atender la diversidad y apoyar los planes y proyectos del centro.<\/p>\n<p>Entre sus tareas destaca la articulaci\u00f3n de programas de alfabetizaci\u00f3n informacional y digital as\u00ed como de programas de fomento de la lectura.<\/p>\n<p>Las bibliotecas escolares deben ser espacios f\u00edsicos y digitales abiertos a toda la comunidad educativa y espacios sociales abiertos para eventos culturales, profesionales y educativos. En este sentido, la colaboraci\u00f3n con las familias y otras entidades del entorno cobrar\u00e1n especial relevancia.<\/p>\n<p>Horario de pr\u00e9stamo y atenci\u00f3n es entre las 11.15 y las 11.45, de lunes a viernes (no festivos). Durante la tarde, la biblioteca se encuentra cerrada<\/p>\n<p>El pr\u00e9stamo de libros ser\u00e1 por un plazo de 14 d\u00edas y una vez devueltos, no se podr\u00e1n volver a prestar en el plazo de 14 d\u00edas (cuarentena Covid).<\/p>\n<\/div>\n<p>&nbsp;<\/p>\n<p>&nbsp;<\/p>\n","protected":false},"excerpt":{"rendered":"<p>Normativa de la biblioteca. En la sociedad de la informaci\u00f3n y el conocimiento se requiere que las bibliotecas escolares se conviertan en centros de recursos para la ense\u00f1anza y el aprendizaje. Las bibliotecas escolares son un factor de compensaci\u00f3n social, que posibilitan el acceso a los recursos informativos y culturales a quienes carecen de ellos, &hellip; <\/p>\n<p><a class=\"more-link btn\" href=\"https:\/\/blogsaverroes.juntadeandalucia.es\/iesjosedemora\/biblioteca\/\">Seguir leyendo<\/a><\/p>\n","protected":false},"author":1,"featured_media":0,"parent":0,"menu_order":0,"comment_status":"closed","ping_status":"open","template":"","meta":{"ngg_post_thumbnail":0,"footnotes":"","_mc_calendar":[]},"aioseo_notices":[],"_links":{"self":[{"href":"https:\/\/blogsaverroes.juntadeandalucia.es\/iesjosedemora\/wp-json\/wp\/v2\/pages\/113"}],"collection":[{"href":"https:\/\/blogsaverroes.juntadeandalucia.es\/iesjosedemora\/wp-json\/wp\/v2\/pages"}],"about":[{"href":"https:\/\/blogsaverroes.juntadeandalucia.es\/iesjosedemora\/wp-json\/wp\/v2\/types\/page"}],"author":[{"embeddable":true,"href":"https:\/\/blogsaverroes.juntadeandalucia.es\/iesjosedemora\/wp-json\/wp\/v2\/users\/1"}],"replies":[{"embeddable":true,"href":"https:\/\/blogsaverroes.juntadeandalucia.es\/iesjosedemora\/wp-json\/wp\/v2\/comments?post=113"}],"version-history":[{"count":8,"href":"https:\/\/blogsaverroes.juntadeandalucia.es\/iesjosedemora\/wp-json\/wp\/v2\/pages\/113\/revisions"}],"predecessor-version":[{"id":3207,"href":"https:\/\/blogsaverroes.juntadeandalucia.es\/iesjosedemora\/wp-json\/wp\/v2\/pages\/113\/revisions\/3207"}],"wp:attachment":[{"href":"https:\/\/blogsaverroes.juntadeandalucia.es\/iesjosedemora\/wp-json\/wp\/v2\/media?parent=113"}],"curies":[{"name":"wp","href":"https:\/\/api.w.org\/{rel}","templated":true}]}}