{"id":162,"date":"2015-03-17T07:51:10","date_gmt":"2015-03-17T07:51:10","guid":{"rendered":"http:\/\/blogsaverroes.juntadeandalucia.es\/pre\/ceip\/?page_id=162"},"modified":"2021-01-15T12:58:18","modified_gmt":"2021-01-15T12:58:18","slug":"tecnologia","status":"publish","type":"page","link":"https:\/\/blogsaverroes.juntadeandalucia.es\/iesjosedemora\/tecnologia\/","title":{"rendered":"Tecnolog\u00eda"},"content":{"rendered":"<p><img fetchpriority=\"high\" decoding=\"async\" class=\"aligncenter size-medium wp-image-2163\" src=\"http:\/\/blogsaverroes.juntadeandalucia.es\/iesjosedemora\/files\/2015\/03\/tecnologia-300x225.jpg\" alt=\"tecnologia\" width=\"300\" height=\"225\" srcset=\"https:\/\/blogsaverroes.juntadeandalucia.es\/iesjosedemora\/files\/2015\/03\/tecnologia-300x225.jpg 300w, https:\/\/blogsaverroes.juntadeandalucia.es\/iesjosedemora\/files\/2015\/03\/tecnologia.jpg 640w\" sizes=\"(max-width: 300px) 100vw, 300px\" \/><\/p>\n<p><strong><span style=\"font-family: sans-serif\"><span style=\"font-size: medium\">Composici\u00f3n del Departamento de Tecnolog\u00eda <\/span><\/span><\/strong><\/p>\n<p>Durante el curso escolar 2020\/21, el Departamento est\u00e1 integrado por los siguientes profesores:<\/p>\n<table>\n<tbody>\n<tr style=\"height: 44.5px\">\n<td style=\"height: 44.5px\">&nbsp;<\/td>\n<td style=\"height: 44.5px\">Grupos<\/td>\n<td style=\"height: 44.5px\">Contacto<\/td>\n<\/tr>\n<tr style=\"height: 68px\">\n<td style=\"height: 68px\">D. Juan Antonio Gonz\u00e1lez Garc\u00eda<\/td>\n<td style=\"height: 68px\">3ESO ( Tecnolog\u00eda)<\/p>\n<p>1\u00ba BTO&nbsp; (Tecn. Industrial I)<\/p>\n<p>2\u00ba BTO&nbsp; (Tecn. Industrial II)<\/td>\n<td style=\"height: 68px\"><a href=\"mailto:troonk@hotmail.com\">troonk@hotmail.com<\/a><\/td>\n<\/tr>\n<tr style=\"height: 22px\">\n<td style=\"height: 22px\">D. Antonio Contreras P\u00e9rez<\/td>\n<td style=\"height: 22px\">2\u00baESO (Tecnolog\u00eda)<\/p>\n<p>4\u00baESO (Tecnolog\u00eda)<\/p>\n<p>1\u00baBTO B (TIC)<\/p>\n<p>2\u00baBTO (Dise\u00f1o 3D)<\/p>\n<p>2\u00ba TSEAS (Inform\u00e1tica)<\/td>\n<td style=\"height: 22px\"><a href=\"mailto:drancope@gmail.com\">drancope@gmail.com<\/a><\/td>\n<\/tr>\n<tr style=\"height: 44px\">\n<td style=\"height: 44px\">D\u00f1a. Mar\u00eda del Mar Rodr\u00edguez Rodr\u00edguez<\/td>\n<td style=\"height: 44px\">1\u00ba ESO (Tecnolog\u00eda Aplicada)<\/p>\n<p>2\u00ba ESO (Tecn. PMAR)<\/p>\n<p>3\u00ba ESO (Tecn. PMAR)<\/p>\n<p>4\u00ba ESO (TIC)<\/p>\n<p>Bach. adultos (TIC)<\/td>\n<td style=\"height: 44px\">&nbsp;<\/td>\n<\/tr>\n<tr>\n<td>D. \u00c1ngel L. Ruiz Andr\u00e9s<\/td>\n<td>TIC (1\u00ba BTO, 2\u00ba BTO, 4\u00baESO)<\/td>\n<td>&nbsp;<\/td>\n<\/tr>\n<\/tbody>\n<\/table>\n<p>&nbsp;<\/p>\n","protected":false},"excerpt":{"rendered":"<p>Composici\u00f3n del Departamento de Tecnolog\u00eda Durante el curso escolar 2020\/21, el Departamento est\u00e1 integrado por los siguientes profesores: &nbsp; Grupos Contacto D. Juan Antonio Gonz\u00e1lez Garc\u00eda 3ESO ( Tecnolog\u00eda) 1\u00ba BTO&nbsp; (Tecn. Industrial I) 2\u00ba BTO&nbsp; (Tecn. Industrial II) troonk@hotmail.com D. Antonio Contreras P\u00e9rez 2\u00baESO (Tecnolog\u00eda) 4\u00baESO (Tecnolog\u00eda) 1\u00baBTO B (TIC) 2\u00baBTO (Dise\u00f1o 3D) 2\u00ba &hellip; <\/p>\n<p><a class=\"more-link btn\" href=\"https:\/\/blogsaverroes.juntadeandalucia.es\/iesjosedemora\/tecnologia\/\">Seguir leyendo<\/a><\/p>\n","protected":false},"author":1,"featured_media":0,"parent":0,"menu_order":0,"comment_status":"closed","ping_status":"open","template":"","meta":{"ngg_post_thumbnail":0,"footnotes":"","_mc_calendar":[]},"aioseo_notices":[],"_links":{"self":[{"href":"https:\/\/blogsaverroes.juntadeandalucia.es\/iesjosedemora\/wp-json\/wp\/v2\/pages\/162"}],"collection":[{"href":"https:\/\/blogsaverroes.juntadeandalucia.es\/iesjosedemora\/wp-json\/wp\/v2\/pages"}],"about":[{"href":"https:\/\/blogsaverroes.juntadeandalucia.es\/iesjosedemora\/wp-json\/wp\/v2\/types\/page"}],"author":[{"embeddable":true,"href":"https:\/\/blogsaverroes.juntadeandalucia.es\/iesjosedemora\/wp-json\/wp\/v2\/users\/1"}],"replies":[{"embeddable":true,"href":"https:\/\/blogsaverroes.juntadeandalucia.es\/iesjosedemora\/wp-json\/wp\/v2\/comments?post=162"}],"version-history":[{"count":7,"href":"https:\/\/blogsaverroes.juntadeandalucia.es\/iesjosedemora\/wp-json\/wp\/v2\/pages\/162\/revisions"}],"predecessor-version":[{"id":3202,"href":"https:\/\/blogsaverroes.juntadeandalucia.es\/iesjosedemora\/wp-json\/wp\/v2\/pages\/162\/revisions\/3202"}],"wp:attachment":[{"href":"https:\/\/blogsaverroes.juntadeandalucia.es\/iesjosedemora\/wp-json\/wp\/v2\/media?parent=162"}],"curies":[{"name":"wp","href":"https:\/\/api.w.org\/{rel}","templated":true}]}}