{"id":1806,"date":"2015-03-17T07:46:28","date_gmt":"2015-03-17T07:46:28","guid":{"rendered":"http:\/\/blogsaverroes.juntadeandalucia.es\/pre\/ceip\/?page_id=144"},"modified":"2021-03-07T13:33:28","modified_gmt":"2021-03-07T13:33:28","slug":"orientacion-2","status":"publish","type":"page","link":"https:\/\/blogsaverroes.juntadeandalucia.es\/iesjosedemora\/orientacion-2\/","title":{"rendered":"Orientaci\u00f3n"},"content":{"rendered":"<h2><img fetchpriority=\"high\" decoding=\"async\" class=\"aligncenter size-medium wp-image-2155\" src=\"http:\/\/blogsaverroes.juntadeandalucia.es\/iesjosedemora\/files\/2015\/03\/orientacion-300x221.jpg\" alt=\"orientacion\" width=\"300\" height=\"221\" srcset=\"https:\/\/blogsaverroes.juntadeandalucia.es\/iesjosedemora\/files\/2015\/03\/orientacion-300x221.jpg 300w, https:\/\/blogsaverroes.juntadeandalucia.es\/iesjosedemora\/files\/2015\/03\/orientacion.jpg 640w\" sizes=\"(max-width: 300px) 100vw, 300px\" \/><\/h2>\n<h4><a href=\"http:\/\/orientacionjosedemora.blogspot.com\/\" target=\"_blank\" rel=\"noopener noreferrer\">Acceso al blog \u00abORI\u00c9NTATE JOS\u00c9 DE MORA\u00bb<\/a><\/h4>\n<h4>Orientaci\u00f3n educativa<\/h4>\n<p>La orientaci\u00f3n contribuye al desarrollo de las facetas personal, acad\u00e9mica y profesional de los alumnos y alumnas. Es un proceso en el que deben involucrarse las familias y para el cual pueden acudir a los tutores y al asesoramiento y apoyo de los orientadores de los centros educativos. Entre sus objetivos principales se encuentran los siguientes:<\/p>\n<ul>\n<li>Resolver problemas de la vida acad\u00e9mica, como dificultades durante el proceso de aprendizaje, ausencia de motivaci\u00f3n, etc.<\/li>\n<li>Tomar decisiones sobre itinerarios de estudio e incorporaci\u00f3n al mundo laboral.<\/li>\n<li>Convivencia y educaci\u00f3n en valores.<\/li>\n<\/ul>\n","protected":false},"excerpt":{"rendered":"<p>Acceso al blog \u00abORI\u00c9NTATE JOS\u00c9 DE MORA\u00bb Orientaci\u00f3n educativa La orientaci\u00f3n contribuye al desarrollo de las facetas personal, acad\u00e9mica y profesional de los alumnos y alumnas. Es un proceso en el que deben involucrarse las familias y para el cual pueden acudir a los tutores y al asesoramiento y apoyo de los orientadores de los &hellip; <\/p>\n<p><a class=\"more-link btn\" href=\"https:\/\/blogsaverroes.juntadeandalucia.es\/iesjosedemora\/orientacion-2\/\">Seguir leyendo<\/a><\/p>\n","protected":false},"author":1,"featured_media":0,"parent":0,"menu_order":0,"comment_status":"closed","ping_status":"open","template":"page-template-full.php","meta":{"ngg_post_thumbnail":0,"footnotes":"","_mc_calendar":[]},"aioseo_notices":[],"_links":{"self":[{"href":"https:\/\/blogsaverroes.juntadeandalucia.es\/iesjosedemora\/wp-json\/wp\/v2\/pages\/1806"}],"collection":[{"href":"https:\/\/blogsaverroes.juntadeandalucia.es\/iesjosedemora\/wp-json\/wp\/v2\/pages"}],"about":[{"href":"https:\/\/blogsaverroes.juntadeandalucia.es\/iesjosedemora\/wp-json\/wp\/v2\/types\/page"}],"author":[{"embeddable":true,"href":"https:\/\/blogsaverroes.juntadeandalucia.es\/iesjosedemora\/wp-json\/wp\/v2\/users\/1"}],"replies":[{"embeddable":true,"href":"https:\/\/blogsaverroes.juntadeandalucia.es\/iesjosedemora\/wp-json\/wp\/v2\/comments?post=1806"}],"version-history":[{"count":6,"href":"https:\/\/blogsaverroes.juntadeandalucia.es\/iesjosedemora\/wp-json\/wp\/v2\/pages\/1806\/revisions"}],"predecessor-version":[{"id":3310,"href":"https:\/\/blogsaverroes.juntadeandalucia.es\/iesjosedemora\/wp-json\/wp\/v2\/pages\/1806\/revisions\/3310"}],"wp:attachment":[{"href":"https:\/\/blogsaverroes.juntadeandalucia.es\/iesjosedemora\/wp-json\/wp\/v2\/media?parent=1806"}],"curies":[{"name":"wp","href":"https:\/\/api.w.org\/{rel}","templated":true}]}}