{"id":2460,"date":"2016-02-17T11:18:12","date_gmt":"2016-02-17T11:18:12","guid":{"rendered":"http:\/\/blogsaverroes.juntadeandalucia.es\/iesjosedemora\/?page_id=2460"},"modified":"2016-02-17T11:32:53","modified_gmt":"2016-02-17T11:32:53","slug":"proyecto-bilingue","status":"publish","type":"page","link":"https:\/\/blogsaverroes.juntadeandalucia.es\/iesjosedemora\/ingles-2\/proyecto-bilingue\/","title":{"rendered":"Programa Biling\u00fce"},"content":{"rendered":"<p>El Programa de Biling\u00fcismo comenz\u00f3 en nuestro IES en el curso 2007\/08, con un \u00fanico grupo en 1\u00ba de ESO.<\/p>\n<p><span class=\"titulo\">En el presente curso contamos con nueve grupos biling\u00fces en la ESO y en Bachillerato. Los departamentos implicados en dicho proyecto son los de lenguas: Espa\u00f1ola, Inglesa y Francesa; y los de asignaturas no ling\u00fc\u00efsticas: Ciencias naturales, Educaci\u00f3n f\u00edsica, M\u00fasica, Tecnolog\u00eda e Historia <\/span><\/p>\n<p><span class=\"titulo\">Los alumnos y alumnas de\u00a0ESO biling\u00fce reciben formaci\u00f3n en ingl\u00e9s en dichas asignaturas. <\/span><\/p>\n<p>Todos los a\u00f1os se cuenta con personal de apoyo nativo, que asisten a las clases ofreciendo ayuda en cuestiones ling\u00fc\u00edsticas, tales como pronunciaci\u00f3n u ortograf\u00eda, o compartiendo su experiencia personal en los campos de estudio de las diferentes materias.<\/p>\n","protected":false},"excerpt":{"rendered":"<p>El Programa de Biling\u00fcismo comenz\u00f3 en nuestro IES en el curso 2007\/08, con un \u00fanico grupo en 1\u00ba de ESO. En el presente curso contamos con nueve grupos biling\u00fces en la ESO y en Bachillerato. Los departamentos implicados en dicho proyecto son los de lenguas: Espa\u00f1ola, Inglesa y Francesa; y los de asignaturas no ling\u00fc\u00efsticas: &hellip; <\/p>\n<p><a class=\"more-link btn\" href=\"https:\/\/blogsaverroes.juntadeandalucia.es\/iesjosedemora\/ingles-2\/proyecto-bilingue\/\">Seguir leyendo<\/a><\/p>\n","protected":false},"author":2651,"featured_media":0,"parent":164,"menu_order":0,"comment_status":"open","ping_status":"open","template":"","meta":{"ngg_post_thumbnail":0,"footnotes":"","_mc_calendar":[]},"aioseo_notices":[],"_links":{"self":[{"href":"https:\/\/blogsaverroes.juntadeandalucia.es\/iesjosedemora\/wp-json\/wp\/v2\/pages\/2460"}],"collection":[{"href":"https:\/\/blogsaverroes.juntadeandalucia.es\/iesjosedemora\/wp-json\/wp\/v2\/pages"}],"about":[{"href":"https:\/\/blogsaverroes.juntadeandalucia.es\/iesjosedemora\/wp-json\/wp\/v2\/types\/page"}],"author":[{"embeddable":true,"href":"https:\/\/blogsaverroes.juntadeandalucia.es\/iesjosedemora\/wp-json\/wp\/v2\/users\/2651"}],"replies":[{"embeddable":true,"href":"https:\/\/blogsaverroes.juntadeandalucia.es\/iesjosedemora\/wp-json\/wp\/v2\/comments?post=2460"}],"version-history":[{"count":2,"href":"https:\/\/blogsaverroes.juntadeandalucia.es\/iesjosedemora\/wp-json\/wp\/v2\/pages\/2460\/revisions"}],"predecessor-version":[{"id":2468,"href":"https:\/\/blogsaverroes.juntadeandalucia.es\/iesjosedemora\/wp-json\/wp\/v2\/pages\/2460\/revisions\/2468"}],"up":[{"embeddable":true,"href":"https:\/\/blogsaverroes.juntadeandalucia.es\/iesjosedemora\/wp-json\/wp\/v2\/pages\/164"}],"wp:attachment":[{"href":"https:\/\/blogsaverroes.juntadeandalucia.es\/iesjosedemora\/wp-json\/wp\/v2\/media?parent=2460"}],"curies":[{"name":"wp","href":"https:\/\/api.w.org\/{rel}","templated":true}]}}