{"id":2590,"date":"2017-12-15T10:28:28","date_gmt":"2017-12-15T10:28:28","guid":{"rendered":"http:\/\/blogsaverroes.juntadeandalucia.es\/iesjosedemora\/?page_id=2590"},"modified":"2017-12-15T10:28:28","modified_gmt":"2017-12-15T10:28:28","slug":"religion","status":"publish","type":"page","link":"https:\/\/blogsaverroes.juntadeandalucia.es\/iesjosedemora\/religion\/","title":{"rendered":"Religi\u00f3n"},"content":{"rendered":"<h1>Departamento de Religi\u00f3n<\/h1>\n<p>La asignatura trata de entender al hombre como ser moral. Somos libres y de nuestras&nbsp;decisiones depende el curso de este mundo y el destino eterno.<br \/>\nLos cristianos pensamos que las bases de la \u00e9tica son religiosas, y que sin estas,&nbsp;no se entiende suficientemente el mandato de hacer el bien y de evitar el mal. Detr\u00e1s del&nbsp;\u201cno matar\u201d estamos defendiendo el car\u00e1cter sagrado de la vida. Del \u201cno robar\u201d est\u00e1&nbsp;nuestro ser solidario, el respetar la propiedad ajena y la necesidad de compartir, etc.<br \/>\nUna educaci\u00f3n integral debe incluir esta dimensi\u00f3n moral. De poco servir\u00e1n la&nbsp;acumulaci\u00f3n de conceptos y t\u00e9cnicas si no hay un espacio espec\u00edfico en el que se&nbsp;eduque en la moral utilizaci\u00f3n de esos medios para alcanzar el fin debido.<\/p>\n","protected":false},"excerpt":{"rendered":"<p>Departamento de Religi\u00f3n La asignatura trata de entender al hombre como ser moral. Somos libres y de nuestras&nbsp;decisiones depende el curso de este mundo y el destino eterno. Los cristianos pensamos que las bases de la \u00e9tica son religiosas, y que sin estas,&nbsp;no se entiende suficientemente el mandato de hacer el bien y de evitar &hellip; <\/p>\n<p><a class=\"more-link btn\" href=\"https:\/\/blogsaverroes.juntadeandalucia.es\/iesjosedemora\/religion\/\">Seguir leyendo<\/a><\/p>\n","protected":false},"author":2651,"featured_media":0,"parent":0,"menu_order":0,"comment_status":"closed","ping_status":"closed","template":"","meta":{"ngg_post_thumbnail":0,"footnotes":"","_mc_calendar":[]},"aioseo_notices":[],"_links":{"self":[{"href":"https:\/\/blogsaverroes.juntadeandalucia.es\/iesjosedemora\/wp-json\/wp\/v2\/pages\/2590"}],"collection":[{"href":"https:\/\/blogsaverroes.juntadeandalucia.es\/iesjosedemora\/wp-json\/wp\/v2\/pages"}],"about":[{"href":"https:\/\/blogsaverroes.juntadeandalucia.es\/iesjosedemora\/wp-json\/wp\/v2\/types\/page"}],"author":[{"embeddable":true,"href":"https:\/\/blogsaverroes.juntadeandalucia.es\/iesjosedemora\/wp-json\/wp\/v2\/users\/2651"}],"replies":[{"embeddable":true,"href":"https:\/\/blogsaverroes.juntadeandalucia.es\/iesjosedemora\/wp-json\/wp\/v2\/comments?post=2590"}],"version-history":[{"count":1,"href":"https:\/\/blogsaverroes.juntadeandalucia.es\/iesjosedemora\/wp-json\/wp\/v2\/pages\/2590\/revisions"}],"predecessor-version":[{"id":2591,"href":"https:\/\/blogsaverroes.juntadeandalucia.es\/iesjosedemora\/wp-json\/wp\/v2\/pages\/2590\/revisions\/2591"}],"wp:attachment":[{"href":"https:\/\/blogsaverroes.juntadeandalucia.es\/iesjosedemora\/wp-json\/wp\/v2\/media?parent=2590"}],"curies":[{"name":"wp","href":"https:\/\/api.w.org\/{rel}","templated":true}]}}