{"id":2993,"date":"2019-11-25T11:02:50","date_gmt":"2019-11-25T11:02:50","guid":{"rendered":"https:\/\/blogsaverroes.juntadeandalucia.es\/iesjosedemora\/?page_id=2993"},"modified":"2023-06-30T17:45:50","modified_gmt":"2023-06-30T17:45:50","slug":"erasmus","status":"publish","type":"page","link":"https:\/\/blogsaverroes.juntadeandalucia.es\/iesjosedemora\/erasmus\/","title":{"rendered":"ERASMUS+"},"content":{"rendered":"<p><a href=\"https:\/\/blogsaverroes.juntadeandalucia.es\/iesjosedemora\/files\/2021\/11\/ES_H_Cofinanciado.jpg\"><img decoding=\"async\" class=\"alignnone wp-image-3485\" src=\"https:\/\/blogsaverroes.juntadeandalucia.es\/iesjosedemora\/files\/2021\/11\/ES_H_Cofinanciado-300x63.jpg\" alt=\"\" width=\"431\" height=\"90\" srcset=\"https:\/\/blogsaverroes.juntadeandalucia.es\/iesjosedemora\/files\/2021\/11\/ES_H_Cofinanciado-300x63.jpg 300w, https:\/\/blogsaverroes.juntadeandalucia.es\/iesjosedemora\/files\/2021\/11\/ES_H_Cofinanciado-768x160.jpg 768w, https:\/\/blogsaverroes.juntadeandalucia.es\/iesjosedemora\/files\/2021\/11\/ES_H_Cofinanciado.jpg 900w\" sizes=\"(max-width: 431px) 100vw, 431px\" \/><\/a><a href=\"http:\/\/www.sepie.es\"><img decoding=\"async\" class=\"alignnone wp-image-3192 size-full\" src=\"https:\/\/blogsaverroes.juntadeandalucia.es\/iesjosedemora\/files\/2021\/01\/SEPIE_erasmus_plus.gif\" alt=\"\" width=\"400\" height=\"100\"><\/a><\/p>\n<table style=\"width: 80%;border-collapse: collapse;border-style: solid;border-color: #292930\" cellspacing=\"2\" cellpadding=\"4\" border=\"1\">\n<tbody>\n<tr>\n<td style=\"width: 100%\">Los proyectos Erasmus+ de nuestro centro est\u00e1n cofinanciados por el programa Erasmus+ de la Uni\u00f3n Europea. El contenido de esta p\u00e1gina es responsabilidad exclusiva del IES Jos\u00e9 de Mora y ni la Comisi\u00f3n Europea, ni el Servicio Espa\u00f1ol para la Internacionalizaci\u00f3n de la Educaci\u00f3n (SEPIE) son responsables del uso que pueda hacerse de la informaci\u00f3n aqu\u00ed difundida.<\/td>\n<\/tr>\n<\/tbody>\n<\/table>\n<p>El IES Jos\u00e9 de Mora participa en los proyectos Erasmus+ \u00ab<strong>Unesco Culture Ambassadors<\/strong>\u00ab, \u00ab<span class=\"d2edcug0 hpfvmrgz qv66sw1b c1et5uql oi732d6d ik7dh3pa fgxwclzu a8c37x1j keod5gw0 nxhoafnm aigsh9s9 qg6bub1s fe6kdd0r mau55g9w c8b282yb hrzyx87i m6dqt4wy h7mekvxk hnhda86s oo9gr5id hzawbc8m\" dir=\"auto\"><strong>Smart choices for healthy lifestyle<\/strong>\u00bb y \u00ab<strong>Clean your environment to clean your soul<\/strong>\u00ab, junto con otros centros educativos de Turqu\u00eda, Portugal, Eslovaquia, Lituania, Grecia e Italia.<\/span><\/p>\n<h2><strong>UNESCO Culture Ambassadors<\/strong><\/h2>\n<p>Los pa\u00edses participantes son Portugal, Turqu\u00eda, Lituania, Eslovaquia y Espa\u00f1a.<\/p>\n<ul>\n<li>Son objetivos de este proyecto el reconocimiento de la diversidad cultural de la Uni\u00f3n Europea, promoviendo el respeto a la misma y la cooperaci\u00f3n y di\u00e1logo como garant\u00edas de paz y seguridad. Los alumnos podr\u00e1n adquirir sentido de la identidad europea, asimilando cultura y conocimiento del patrimonio mundial de la UNESCO. Se desarrollan habilidades esenciales relacionadas con el pensamiento cr\u00edtico, resoluci\u00f3n de problemas, creatividad, innovaci\u00f3n, colaboraci\u00f3n y comunicaci\u00f3n.<\/li>\n<li>El proyecto permite motivar al alumnado, mejorar habilidades en lenguas extranjeras y, con ello, sus resultados acad\u00e9micos, e incrementar la sensibilidad ante el patrimonio cultural, a trav\u00e9s de la expansi\u00f3n de los principios de la UNESCO.<\/li>\n<\/ul>\n<p>La participaci\u00f3n y selecci\u00f3n de participantes en este proyecto Eramus+ est\u00e1 sujeta a los siguientes <a href=\"https:\/\/blogsaverroes.juntadeandalucia.es\/iesjosedemora\/?page_id=3471&amp;preview=true\">criterios (click aqu\u00ed)<\/a><\/p>\n<p>M\u00e1s informaci\u00f3n en la web del proyecto: <a href=\"https:\/\/www.thecultureambassadors.com\">thecultureambassadors.com<\/a><\/p>\n<div style=\"text-align: center\">\n<table style=\"border-collapse: collapse;width: 75.0186%;height: 75px\">\n<tbody>\n<tr>\n<td style=\"width: 100%;text-align: justify\">El proyecto \u201c<span class=\"d2edcug0 hpfvmrgz qv66sw1b c1et5uql oi732d6d ik7dh3pa fgxwclzu a8c37x1j keod5gw0 nxhoafnm aigsh9s9 qg6bub1s fe6kdd0r mau55g9w c8b282yb hrzyx87i m6dqt4wy h7mekvxk hnhda86s oo9gr5id hzawbc8m\" dir=\"auto\"><strong>UNESCO Culture Ambassadors<\/strong><\/span>\u201d est\u00e1 cofinanciado por el programa Erasmus+ de la Uni\u00f3n Europea. El contenido de publicaci\u00f3n es responsabilidad exclusiva del IES Jos\u00e9 de Mora y ni la Comisi\u00f3n Europea, ni el Servicio Espa\u00f1ol para la Internacionalizaci\u00f3n de la Educaci\u00f3n (SEPIE) son responsables del uso que pueda hacerse de la informaci\u00f3n aqu\u00ed difundida.<\/td>\n<\/tr>\n<\/tbody>\n<\/table>\n<\/div>\n<h2><span class=\"d2edcug0 hpfvmrgz qv66sw1b c1et5uql oi732d6d ik7dh3pa fgxwclzu a8c37x1j keod5gw0 nxhoafnm aigsh9s9 qg6bub1s fe6kdd0r mau55g9w c8b282yb hrzyx87i m6dqt4wy h7mekvxk hnhda86s oo9gr5id hzawbc8m\" dir=\"auto\"><strong>Smart choices for healthy lifestyle<\/strong><\/span><\/h2>\n<p>Adem\u00e1s de Espa\u00f1a, participan en este proyecto Turqu\u00eda, Lituania, Grecia e Italia.<\/p>\n<p>Este proyecto pretende obtener resultados como los indicados a continuaci\u00f3n:<\/p>\n<ul>\n<li>Crear conciencia de la importancia de un estilo de vida saludable entre el alumnado de las escuelas socias.<\/li>\n<li>Empoderar las habilidades y el conocimiento de los participantes para que sean capaces de adoptar un estilo de vida equilibrado y saludable as\u00ed como h\u00e1bitos de alimentaci\u00f3n saludables&nbsp;<\/li>\n<li>Promocionar calidad y mejoras multidimensionales en el estilo de vida de los participantes.<\/li>\n<li>Crear el espacio para que los participantes aprendan en un ambiente multicultural.<\/li>\n<li>Intercambiar buenas pr\u00e1cticas a un nivel internacional.<\/li>\n<li>Desarrollar conciencia multicultural y sentido de la identidad.<\/li>\n<\/ul>\n<p>La participaci\u00f3n y selecci\u00f3n de participantes en este proyecto Eramus+ est\u00e1 sujeta a los siguientes <a href=\"https:\/\/blogsaverroes.juntadeandalucia.es\/iesjosedemora\/erasmus\/criterios-de-seleccion-del-alumnado-para-participar-en-smart-choices-for-healthy-lifestyle\/\">criterios (click aqu\u00ed)<\/a><\/p>\n<div style=\"text-align: center\">\n<table style=\"border-collapse: collapse;width: 75.0186%;height: 75px\">\n<tbody>\n<tr>\n<td style=\"width: 100%;text-align: justify\">El proyecto \u201c<span class=\"d2edcug0 hpfvmrgz qv66sw1b c1et5uql oi732d6d ik7dh3pa fgxwclzu a8c37x1j keod5gw0 nxhoafnm aigsh9s9 qg6bub1s fe6kdd0r mau55g9w c8b282yb hrzyx87i m6dqt4wy h7mekvxk hnhda86s oo9gr5id hzawbc8m\" dir=\"auto\"><strong>Smart choices for healthy lifestyle<\/strong><\/span>\u201d est\u00e1 cofinanciado por el programa Erasmus+ de la Uni\u00f3n Europea. El contenido de publicaci\u00f3n es responsabilidad exclusiva del IES Jos\u00e9 de Mora y ni la Comisi\u00f3n Europea, ni el Servicio Espa\u00f1ol para la Internacionalizaci\u00f3n de la Educaci\u00f3n (SEPIE) son responsables del uso que pueda hacerse de la informaci\u00f3n aqu\u00ed difundida.<\/td>\n<\/tr>\n<\/tbody>\n<\/table>\n<\/div>\n<h2><span class=\"d2edcug0 hpfvmrgz qv66sw1b c1et5uql oi732d6d ik7dh3pa fgxwclzu a8c37x1j keod5gw0 nxhoafnm aigsh9s9 qg6bub1s fe6kdd0r mau55g9w c8b282yb hrzyx87i m6dqt4wy h7mekvxk hnhda86s oo9gr5id hzawbc8m\" dir=\"auto\"><strong>Clean your environment to clean your soul<\/strong><\/span><\/h2>\n<p>Cuenta con la participaci\u00f3n de Francia, Ruman\u00eda, Turqu\u00eda, Italia y Espa\u00f1a.<\/p>\n<p>Con la Prioridad de Cooperaci\u00f3n Internacional para la Innovaci\u00f3n e intercambio de Buenas Pr\u00e1cticas entre las escuelas de diferentes regiones europeas, se pretenden conseguir los siguientes objetivos relativos al cuidado del medio ambiente:<\/p>\n<ul>\n<li>Familiarizar a los estudiantes con los diferentes temas medio ambientales y con conceptos como el desarrollo sostenible&nbsp; y las fuentes de energ\u00eda renovables.<\/li>\n<li>Aumentar la autonom\u00eda de los estudiantes y el auto aprendizaje por medio de la investigaci\u00f3n, reuniendo y presentando datos.<\/li>\n<li>Promover la creatividad de los estudiantes, el pensamiento anal\u00edtico y cr\u00edtico.<\/li>\n<li>Aumentar la autoconfianza en los estudiantes con relaci\u00f3n a nuevos ambientes, promover su flexibilidad y adaptabilidad.&nbsp;<\/li>\n<li>Promover el desarrollo de los participantes, su competencia intercultural y crear&nbsp; conciencia de valores europeos compartidos.<\/li>\n<li>Mejorar la comunicaci\u00f3n, las destrezas interpersonales y sociales en un contexto multicultural.&nbsp;<\/li>\n<li>Promocionar la inclusi\u00f3n social en t\u00e9rminos de estudiantes enfrent\u00e1ndose a todo tipo de dificultades.&nbsp;<\/li>\n<li>Empoderar y animar a los estudiantes para que se involucren en la vida de su comunidad.<\/li>\n<li>Promover el desarrollo del profesorado por medio de la comunicaci\u00f3n y las pr\u00e1cticas compartidas con sus colegas europeos.<\/li>\n<\/ul>\n<p>La participaci\u00f3n y selecci\u00f3n de participantes en este proyecto Eramus+ est\u00e1 sujeta a los siguientes <a href=\"https:\/\/blogsaverroes.juntadeandalucia.es\/iesjosedemora\/erasmus\/criterios-para-seleccion-de-estudiantes-clean-your-environment\/\">criterios (click aqu\u00ed)<\/a><\/p>\n<div style=\"text-align: center\">\n<table style=\"border-collapse: collapse;width: 75.0186%;height: 75px\">\n<tbody>\n<tr>\n<td style=\"width: 100%;text-align: justify\">El proyecto \u201c<span class=\"d2edcug0 hpfvmrgz qv66sw1b c1et5uql oi732d6d ik7dh3pa fgxwclzu a8c37x1j keod5gw0 nxhoafnm aigsh9s9 qg6bub1s fe6kdd0r mau55g9w c8b282yb hrzyx87i m6dqt4wy h7mekvxk hnhda86s oo9gr5id hzawbc8m\" dir=\"auto\"><strong>Clean your environment to clean your soul<\/strong><\/span>\u201d est\u00e1 cofinanciado por el programa Erasmus+ de la Uni\u00f3n Europea. El contenido de publicaci\u00f3n es responsabilidad exclusiva del IES Jos\u00e9 de Mora y ni la Comisi\u00f3n Europea, ni el Servicio Espa\u00f1ol para la Internacionalizaci\u00f3n de la Educaci\u00f3n (SEPIE) son responsables del uso que pueda hacerse de la informaci\u00f3n aqu\u00ed difundida.<\/td>\n<\/tr>\n<\/tbody>\n<\/table>\n<\/div>\n<h2>Tightening European Bonds<\/h2>\n<p>En las actividades de este proyecto tambi\u00e9n participan alumnos y alumnas de centros de Polonia, Holanda, Francia, Suecia y Letonia.<\/p>\n<p>Los objetivos que pretendemos conseguir son:<\/p>\n<ul>\n<li>Fomentar un conocimiento m\u00e1s concreto de la realidad europea y desarrollar el sentimiento de pertenencia a ella.<\/li>\n<li>Mejorar la competencia ling\u00fc\u00edstica en lenguas extranjeras ofreciendo entornos reales para su uso.<\/li>\n<li>Fomentar el pluriling\u00fcismo.<\/li>\n<li>Aumentar la motivaci\u00f3n del alumnado con necesidades educativas y alumnado desfavorecido socio-econ\u00f3micamente.<\/li>\n<\/ul>\n<p>Hay m\u00e1s informaci\u00f3n de este proyecto en la direcci\u00f3n:<\/p>\n<table id=\"m_-7552617546541107366LPContainer847294\" style=\"padding: 12px 36px 12px 12px;width: 100%;border-width: 1px;border-style: solid;border-radius: 2px\" role=\"presentation\">\n<tbody>\n<tr style=\"border-spacing: 0px\" valign=\"top\">\n<td>\n<div id=\"m_-7552617546541107366LPImageContainer847294\" style=\"margin-right: 12px;height: 134.4px;overflow: hidden;width: 240px\"><a id=\"m_-7552617546541107366LPImageAnchor847294\" href=\"https:\/\/sites.google.com\/g.educaand.es\/tighten-european-bonds?usp=sharing\" target=\"_blank\" rel=\"noopener noreferrer\" data-saferedirecturl=\"https:\/\/www.google.com\/url?hl=es&amp;q=https:\/\/sites.google.com\/g.educaand.es\/tighten-european-bonds?usp%3Dsharing&amp;source=gmail&amp;ust=1688233101805000&amp;usg=AOvVaw17MyQqIFg8_ek0iZAeB3zk\"><img decoding=\"async\" id=\"m_-7552617546541107366LPThumbnailImageId847294\" src=\"https:\/\/media.istockphoto.com\/id\/1158167771\/es\/foto\/los-estados-miembros-de-la-uni%C3%B3n-europea-abandera-uno-al-lado-de-otro.jpg?s=612x612&amp;w=0&amp;k=20&amp;c=LmSck33mtaDP3IS9TWVwPklD2bYNU8UwJjKUzJ5-Arc=\" alt=\"\" width=\"240\" height=\"134\"><\/a><\/div>\n<\/td>\n<td style=\"width: 100%\">\n<div id=\"m_-7552617546541107366LPTitle847294\" style=\"font-size: 21px;font-weight: 300;margin-right: 8px;,tahoma,arial,sans-serif;margin-bottom: 12px\"><a id=\"m_-7552617546541107366LPUrlAnchor847294\" style=\"text-decoration: none\" href=\"https:\/\/sites.google.com\/g.educaand.es\/tighten-european-bonds?usp=sharing\" target=\"_blank\" rel=\"noopener noreferrer\" data-saferedirecturl=\"https:\/\/www.google.com\/url?hl=es&amp;q=https:\/\/sites.google.com\/g.educaand.es\/tighten-european-bonds?usp%3Dsharing&amp;source=gmail&amp;ust=1688233101805000&amp;usg=AOvVaw17MyQqIFg8_ek0iZAeB3zk\">E+:Strenthening European ties<\/a><\/div>\n<div id=\"m_-7552617546541107366LPDescription847294\" style=\"font-size: 14px;max-height: 100px;,tahoma,arial,sans-serif;margin-bottom: 12px;margin-right: 8px;overflow: hidden\">How European do you feel? What does it mean to you to be an European citizen? Do you feel culturally European? Do you understand it in terms of rights and duties? What is the future of<\/div>\n<div id=\"m_-7552617546541107366LPMetadata847294\" style=\"font-size: 14px;font-weight: 400\"><a href=\"http:\/\/sites.google.com\" target=\"_blank\" rel=\"noopener noreferrer\" data-saferedirecturl=\"https:\/\/www.google.com\/url?hl=es&amp;q=http:\/\/sites.google.com&amp;source=gmail&amp;ust=1688233101805000&amp;usg=AOvVaw1mqFOtLtikGqkHwQycdnj1\">sites.google.com<\/a><\/div>\n<\/td>\n<\/tr>\n<\/tbody>\n<\/table>\n<p>Los criterios de selecci\u00f3n son los siguientes: <a href=\"https:\/\/blogsaverroes.juntadeandalucia.es\/iesjosedemora\/2022\/09\/21\/tightening-european-bonds-criterios-para-seleccion-del-alumnado\/\">pincha aqu\u00ed<\/a><\/p>\n<p>Para preguntar dudas, por favor, dirigirse al correo electr\u00f3nico <a href=\"mailto:mpilar.penalver.edu@juntadeandalucia.es\" target=\"_blank\" rel=\"noopener noreferrer\">mpilar.penalver.edu@juntadeandalucia.es<\/a><\/p>\n","protected":false},"excerpt":{"rendered":"<p>Los proyectos Erasmus+ de nuestro centro est\u00e1n cofinanciados por el programa Erasmus+ de la Uni\u00f3n Europea. El contenido de esta p\u00e1gina es responsabilidad exclusiva del IES Jos\u00e9 de Mora y ni la Comisi\u00f3n Europea, ni el Servicio Espa\u00f1ol para la Internacionalizaci\u00f3n de la Educaci\u00f3n (SEPIE) son responsables del uso que pueda hacerse de la informaci\u00f3n &hellip; <\/p>\n<p><a class=\"more-link btn\" href=\"https:\/\/blogsaverroes.juntadeandalucia.es\/iesjosedemora\/erasmus\/\">Seguir leyendo<\/a><\/p>\n","protected":false},"author":3291,"featured_media":0,"parent":0,"menu_order":0,"comment_status":"closed","ping_status":"closed","template":"","meta":{"ngg_post_thumbnail":0,"footnotes":"","_mc_calendar":[]},"aioseo_notices":[],"_links":{"self":[{"href":"https:\/\/blogsaverroes.juntadeandalucia.es\/iesjosedemora\/wp-json\/wp\/v2\/pages\/2993"}],"collection":[{"href":"https:\/\/blogsaverroes.juntadeandalucia.es\/iesjosedemora\/wp-json\/wp\/v2\/pages"}],"about":[{"href":"https:\/\/blogsaverroes.juntadeandalucia.es\/iesjosedemora\/wp-json\/wp\/v2\/types\/page"}],"author":[{"embeddable":true,"href":"https:\/\/blogsaverroes.juntadeandalucia.es\/iesjosedemora\/wp-json\/wp\/v2\/users\/3291"}],"replies":[{"embeddable":true,"href":"https:\/\/blogsaverroes.juntadeandalucia.es\/iesjosedemora\/wp-json\/wp\/v2\/comments?post=2993"}],"version-history":[{"count":27,"href":"https:\/\/blogsaverroes.juntadeandalucia.es\/iesjosedemora\/wp-json\/wp\/v2\/pages\/2993\/revisions"}],"predecessor-version":[{"id":3900,"href":"https:\/\/blogsaverroes.juntadeandalucia.es\/iesjosedemora\/wp-json\/wp\/v2\/pages\/2993\/revisions\/3900"}],"wp:attachment":[{"href":"https:\/\/blogsaverroes.juntadeandalucia.es\/iesjosedemora\/wp-json\/wp\/v2\/media?parent=2993"}],"curies":[{"name":"wp","href":"https:\/\/api.w.org\/{rel}","templated":true}]}}